{"id":9688,"date":"2021-08-20T09:29:17","date_gmt":"2021-08-20T07:29:17","guid":{"rendered":"https:\/\/www.jwl.ch\/?page_id=9688"},"modified":"2021-09-17T16:57:17","modified_gmt":"2021-09-17T14:57:17","slug":"jubla-chilbi-2021","status":"publish","type":"page","link":"https:\/\/www.jwl.ch\/?page_id=9688","title":{"rendered":"Jubla Chilbi 2021"},"content":{"rendered":"<p>Am\u00a0<strong>Samstag 18. September 2021<\/strong>\u00a0findet die Jubla Chilbi zum zweiten Mal statt.\u00a0Die \u00abChilbi\u00bb findet im\u00a0<strong>Zentrum St. Michael ab 11.00 Uhr bis 18.00 Uhr (Festwirschaft bis 19.00 Uhr)<\/strong>\u00a0statt. Es gibt eine grosse Auswahl an \u00ab<strong>Chilbi St\u00e4nd<\/strong>\u00bb und viele Leckereien in der\u00a0<strong>Festwirtschaft<\/strong>\u00a0oder am Zuckerwattenstand. Beim B\u00fcchsenschiessen seine Treffsicherheit unter Beweis stellen, beim\u00a0<strong>Jassturnier<\/strong>\u00a0alle \u00fcbertrumpfen, sich auf der H\u00fcpfburg austoben, bis zu seiner Kreativit\u00e4t freien Lauf lassen beim Lebkuchenherz verzieren. Ob f\u00fcr Gross oder Klein, es ist f\u00fcr alle etwas dabei!<\/p>\n<p>Am\u00a0<strong>Infostand<\/strong>\u00a0k\u00f6nnen\u00a0<strong>Bons\u00a0<\/strong>gekauft werden, mit welchen an den St\u00e4nden bezahlt wird. Ziel des Anlasses ist es das Gemeinschaftsgef\u00fchl des Stadtteil Littau zu st\u00e4rken und allen einen unterhaltsamen Tag zu bieten.\u00a0Ein allf\u00e4lliger Gewinn kommt den Kindern und Jugendlichen von Jungwacht und Blauring in einem Lager oder an einem Scharanlass zu Gute.<\/p>\n<p>Interessierte Jasser und Jasserinnen d\u00fcrfen sich gerne bei Manuel Haldi per Whatsapp (078 401 52 66) voranmelden. Das\u00a0<strong>Jassturnier<\/strong>\u00a0startet um\u00a0<strong>13.00 Uhr<\/strong>. Anmeldung w\u00e4hrend der Jublachilbi sind ebenfalls m\u00f6glich.<\/p>\n<h2><\/h2>\n<h2><strong>Unseres Covid-19 Schutzmassnahmen<\/strong><\/h2>\n<ol>\n<li style=\"font-weight: 400\"><strong>Gesund<\/strong>und\u00a0<strong>Symptomfrei<\/strong> an die Jublachilbi.<\/li>\n<li style=\"font-weight: 400\">Einhaltung der\u00a0<strong>Hygieneregeln<\/strong>. Es wird H\u00e4ndedesinfektionsmittel zur Verf\u00fcgung stehen und wir bitten euch dies regelm\u00e4ssig zu benutzen. Zus\u00e4tzlich werden die Tische in der Festwirtschaft und die Chilbi St\u00e4nde regelm\u00e4ssig mit Fl\u00e4chendesinfektionsmittel gereinigt.<\/li>\n<li style=\"font-weight: 400\">Alle Besucher m\u00fcssen das Gel\u00e4nde \u00fcber einen Haupteingang vis \u00e0 vis zur Luzernerstrasse betreten bzw. verlassen. Dabei werden die Besucher gez\u00e4hlt, so dass <strong>maximal 500 Besucher<\/strong> auf einmal anwesend sein werden.<\/li>\n<li style=\"font-weight: 400\">Die Jublachilbi findet <strong>im Freien<\/strong> statt und somit muss keine Maske getragen werden. F\u00fcr die Ben\u00fctzung der\u00a0<strong>Toilette<\/strong>in den Innenr\u00e4umen muss ab 12 Jahren eine\u00a0<strong>Maske<\/strong> getragen werden und ist auf maximal 2 Personen gleichzeitig beschr\u00e4nkt.<\/li>\n<li style=\"font-weight: 400\">Die Jublachilbi ist ein Anlass ohne Covid-Zertifikat. Wir empfehlen jedoch allen Personen ohne g\u00fcltiges Zertifikat vor dem Besuch zu Hause ein\u00a0<strong>Schnelltest <\/strong>zum Schutz aller Personen durchzuf\u00fchren.<\/li>\n<li style=\"font-weight: 400\">Wir bitten alle Chilbibesucher, wenn immer m\u00f6glich, den <strong>Abstand <\/strong>von\u00a0<strong>1.5 Meter<\/strong>\u00a0einzuhalten.<\/li>\n<li>Beim Eingang werden die <strong>Kontaktdaten<\/strong> erfasst, da der Mindestabstand nicht durchgehend eingehalten werden kann.<\/li>\n<li>Beim Festzelt verzichten wir auf Seitenw\u00e4nde, damit die Luft besser zirkulieren kann.<\/li>\n<li>Die Esstische werden regelm\u00e4ssig desinfiziert und mit einem Abstand von 1.5 m zum n\u00e4chsten Tisch aufgestellt.<\/li>\n<\/ol>\n<p>Bitte beachte, dass sich dieses Schutzkonzept je nach der weiteren Entwicklung der Pandemie \u00e4ndern kann. Wir werden allf\u00e4llige \u00c4nderungen auf unserer Homepage anpassen. Kurz vorbei schauen vor dem Anlass lohnt sich.<\/p>\n<p>Bei Fragen oder Unklarheiten zur Jublachilbi d\u00fcrft ihr euch gerne bei Larina W\u00fcst (larina.wuest@bluewin.ch) melden.<\/p>\n<p style=\"font-weight: 400\">Die Jungwacht und der Blauring Littau freut sich auf eine unvergessliche Chilbi voller Lebensfreu(n)de!<\/p>\n<div class=\"su-tabs su-tabs-style-default su-tabs-mobile-stack\" data-active=\"1\" data-scroll-offset=\"0\" data-anchor-in-url=\"no\"><div class=\"su-tabs-nav\"><span class=\"\" data-url=\"\" data-target=\"blank\" tabindex=\"0\" role=\"button\">Wann<\/span><span class=\"\" data-url=\"\" data-target=\"blank\" tabindex=\"0\" role=\"button\">Wo<\/span><span class=\"\" data-url=\"\" data-target=\"blank\" tabindex=\"0\" role=\"button\">Was<\/span><span class=\"\" data-url=\"\" data-target=\"blank\" tabindex=\"0\" role=\"button\">Wer<\/span><\/div><div class=\"su-tabs-panes\"><div class=\"su-tabs-pane su-u-clearfix su-u-trim\" data-title=\"Wann\">Samstag 18. September 2021<\/p>\n<p>11 &#8211; 18 Uhr Chilbist\u00e4nde<\/p>\n<p>11 &#8211; 19 Uhr Festwirtschaft<\/p>\n<p>13 Uhr Jassturnier<\/div>\n<div class=\"su-tabs-pane su-u-clearfix su-u-trim\" data-title=\"Wo\">Zentrum St. Michael<\/p>\n<p>Blattenmoosstrasse 8<\/p>\n<p>Buslinie 12 oder 30 bis Michaelshof<\/p>\n<div class=\"su-gmap su-u-responsive-media-yes\"><iframe loading=\"lazy\" width=\"520\" height=\"300\" src=\"\/\/maps.google.com\/maps?q=Zentrum%20St.%20Michael&amp;output=embed\" title=\"\"><\/iframe><\/div><\/div>\n<div class=\"su-tabs-pane su-u-clearfix su-u-trim\" data-title=\"Was\">Vielseitige Chilbist\u00e4nde<\/p>\n<p>Jubla-Welt entdecken<\/p>\n<p>Festwirtschaft mit Essen und Trinken<\/p>\n<p>Tombola<\/div>\n<div class=\"su-tabs-pane su-u-clearfix su-u-trim\" data-title=\"Wer\">F\u00fcr\u00a0Jung und Alt<\/div><\/div><\/div>\n<h1>Jungwacht Blauring sagt Danke<\/h1>\n<h2><strong>Karusselsponsoren<\/strong><\/h2>\n<div class=\"rl-gallery-container rl-loading\" id=\"rl-gallery-container-1\" data-gallery_id=\"9771\"> <div class=\"rl-gallery rl-basicmasonry-gallery \" id=\"rl-gallery-1\" data-gallery_no=\"1\"> <div class=\"rl-gutter-sizer\"><\/div><div class=\"rl-grid-sizer\"><\/div> <div class=\"rl-gallery-item rl-gallery-item-width-4\" > <div class=\"rl-gallery-item-content\"> <a href=\"https:\/\/www.jwl.ch\/wp-content\/uploads\/2021\/09\/wgl.png\" title=\"\" data-rl_title=\"\" class=\"rl-gallery-link\" data-rl_caption=\"\" data-rel=\"lightbox-gallery-1\"><img loading=\"lazy\" decoding=\"async\" src=\"https:\/\/www.jwl.ch\/wp-content\/uploads\/2021\/09\/wgl.png\" width=\"296\" height=\"170\" alt=\"\"\/><\/a> <\/div> <\/div> <div class=\"rl-gallery-item\" > <div class=\"rl-gallery-item-content\"> <a href=\"https:\/\/www.jwl.ch\/wp-content\/uploads\/2021\/09\/lotteriefonds.png\" title=\"\" data-rl_title=\"\" class=\"rl-gallery-link\" data-rl_caption=\"\" data-rel=\"lightbox-gallery-1\"><img loading=\"lazy\" decoding=\"async\" src=\"https:\/\/www.jwl.ch\/wp-content\/uploads\/2021\/09\/lotteriefonds.png\" width=\"755\" height=\"315\" alt=\"\"\/><\/a> <\/div> <\/div> <\/div> <\/div>\n<p><a href=\"https:\/\/www.wgl.lu\/\">Wohnbaugenossenschaft WGL<\/a> und <a href=\"https:\/\/disg.lu.ch\/\">Dienststelle Soziales und Gesellschaft<\/a><\/p>\n<p>&nbsp;<\/p>\n<h2><strong>B\u00fcchsenschiessensponsoring<\/strong><\/h2>\n<p><a href=\"https:\/\/www.striebig.com\/de\">Striebig AG<\/a> und Canlioez GmbH<\/p>\n<p>&nbsp;<\/p>\n<h2><strong>Tombolasponsoring<\/strong><\/h2>\n<p>Adventure Rooms Luzern<\/p>\n<p>Alpamare<\/p>\n<p>Bergbahnen Meiringen-Hasliberg<\/p>\n<p>Brunni-Bahnen<\/p>\n<p>Bucher Hair &amp; Styl<\/p>\n<p>Emmen Center<\/p>\n<p>EWL<\/p>\n<p>FIFA Museum<\/p>\n<p>Freilichtmuseum Ballenberg<\/p>\n<p>Gaby\u2019s Hofboutique<\/p>\n<p>Gasthaus Ochsen Littau<\/p>\n<p>Gonser<\/p>\n<p>Habermacher<\/p>\n<p>Hallenbad Allmend<\/p>\n<p>Heimwehfluh<\/p>\n<p>Hotel Thorenberg<\/p>\n<p>Hug<\/p>\n<p>Klewenalp<\/p>\n<p>Littauer-Metzg<\/p>\n<p>Ludothek Littau<\/p>\n<p>Maison Fleur<\/p>\n<p>Mall of Switzerland<\/p>\n<p>Melchsee Frutt<\/p>\n<p>Mueseum f\u00fcr Kommunikation<\/p>\n<p>My Leukerbad<\/p>\n<p>Papiliorama<\/p>\n<p>Pilatus-Bahnen<\/p>\n<p>Ravensburger<\/p>\n<p>S\u00e4ntis Schwebebahn<\/p>\n<p>Sattel-Hochstuckli<\/p>\n<p>Schifffahrtsgesellschaft des Vierwaldst\u00e4ttersees<\/p>\n<p>Seelisberg<\/p>\n<p>Sensorium R\u00fcttihubelbad<\/p>\n<p>Skillspark<\/p>\n<p>S\u00f6renberg<\/p>\n<p>S\u00fcdostbahn SOB<\/p>\n<p>Stanserhorn<\/p>\n<p>Stoosbahnen<\/p>\n<p>Swissminiatur<\/p>\n<p>The Lychee Thai Cuisine<\/p>\n<p>Tierpark Goldau<\/p>\n<p>Titlis Bergbahnen<\/p>\n<p>Verkehrsbetriebe Luzern VBL<\/p>\n<p>Verkehrshaus<\/p>\n<p>Zentralbahn zb<\/p>\n<p>Zermatt Bergbahnen<\/p>\n<p>&nbsp;<\/p>\n<p>&nbsp;<\/p>\n<a href=\"https:\/\/www.jwl.ch\/projekte\/jublachilbi-2019\/\" class=\"su-button su-button-style-default\" style=\"color:#FFFFFF;background-color:#333333;border-color:#292929;border-radius:17px\" target=\"_self\"><span style=\"color:#FFFFFF;padding:0px 40px;font-size:29px;line-height:58px;border-color:#717171;border-radius:17px;text-shadow:none\"> Impressionen von der letzten Chilbi<\/span><\/a>\n","protected":false},"excerpt":{"rendered":"<p>Am\u00a0Samstag 18. September 2021\u00a0findet die Jubla Chilbi zum zweiten Mal statt.\u00a0Die \u00abChilbi\u00bb findet im\u00a0Zentrum St. Michael ab 11.00 Uhr bis 18.00 Uhr (Festwirschaft bis 19.00 Uhr)\u00a0statt. Es gibt eine grosse &#8230; <a title=\"Jubla Chilbi 2021\" class=\"read-more\" href=\"https:\/\/www.jwl.ch\/?page_id=9688\" aria-label=\"Mehr Informationen \u00fcber Jubla Chilbi 2021\">Weiterlesen<\/a><\/p>\n","protected":false},"author":3,"featured_media":0,"parent":3530,"menu_order":0,"comment_status":"closed","ping_status":"closed","template":"","meta":{"footnotes":""},"class_list":["post-9688","page","type-page","status-publish"],"aioseo_notices":[],"_links":{"self":[{"href":"https:\/\/www.jwl.ch\/index.php?rest_route=\/wp\/v2\/pages\/9688","targetHints":{"allow":["GET"]}}],"collection":[{"href":"https:\/\/www.jwl.ch\/index.php?rest_route=\/wp\/v2\/pages"}],"about":[{"href":"https:\/\/www.jwl.ch\/index.php?rest_route=\/wp\/v2\/types\/page"}],"author":[{"embeddable":true,"href":"https:\/\/www.jwl.ch\/index.php?rest_route=\/wp\/v2\/users\/3"}],"replies":[{"embeddable":true,"href":"https:\/\/www.jwl.ch\/index.php?rest_route=%2Fwp%2Fv2%2Fcomments&post=9688"}],"version-history":[{"count":6,"href":"https:\/\/www.jwl.ch\/index.php?rest_route=\/wp\/v2\/pages\/9688\/revisions"}],"predecessor-version":[{"id":9770,"href":"https:\/\/www.jwl.ch\/index.php?rest_route=\/wp\/v2\/pages\/9688\/revisions\/9770"}],"up":[{"embeddable":true,"href":"https:\/\/www.jwl.ch\/index.php?rest_route=\/wp\/v2\/pages\/3530"}],"wp:attachment":[{"href":"https:\/\/www.jwl.ch\/index.php?rest_route=%2Fwp%2Fv2%2Fmedia&parent=9688"}],"curies":[{"name":"wp","href":"https:\/\/api.w.org\/{rel}","templated":true}]}}