{"id":9655,"date":"2021-05-11T17:30:43","date_gmt":"2021-05-11T15:30:43","guid":{"rendered":"https:\/\/www.jwl.ch\/?page_id=9655"},"modified":"2024-01-11T10:39:07","modified_gmt":"2024-01-11T09:39:07","slug":"kantonslager-2020","status":"publish","type":"page","link":"https:\/\/www.jwl.ch\/?page_id=9655","title":{"rendered":"Sola 2021 &#8211; Kantonslager"},"content":{"rendered":"<h2>News aus dem Lager<\/h2>\n\n\n<div class=\"su-posts su-posts-default-loop \">\n\n\t\n\t\t\t\t\t\n\t\t\t\n\t\t\t<div id=\"su-post-9680\" class=\"su-post \">\n\n\t\t\t\t\n\t\t\t\t<h2 class=\"su-post-title\"><a href=\"https:\/\/www.jwl.ch\/?p=9680\">Dienstag, 13.07.2021<\/a><\/h2>\n\n\t\t\t\t<div class=\"su-post-meta\">\n\t\t\t\t\tVer\u00f6ffentlicht: 13. Juli 2021\t\t\t\t<\/div>\n\n\t\t\t\t<div class=\"su-post-excerpt\">\n\t\t\t\t\t<p>Passend zum Kalamotto &#8222;tauch ih bes debii&#8220; sind wir heute fr\u00fch morgens in unseren See eingetaucht. Nach einem gem\u00fctlichen Spieleabend am Morgen mit dem Blauring, durften wir eine w\u00e4rmende Sp\u00e4tzlipfanne &#8230; <a title=\"Dienstag, 13.07.2021\" class=\"read-more\" href=\"https:\/\/www.jwl.ch\/?p=9680\" aria-label=\"Mehr Informationen \u00fcber Dienstag, 13.07.2021\">Weiterlesen<\/a><\/p>\n\t\t\t\t<\/div>\n\n\t\t\t\t\n\t\t\t<\/div>\n\n\t\t\t\t\t\n\t\t\t\n\t\t\t<div id=\"su-post-9677\" class=\"su-post \">\n\n\t\t\t\t\n\t\t\t\t<h2 class=\"su-post-title\"><a href=\"https:\/\/www.jwl.ch\/?p=9677\">Montag, 12.07.2021<\/a><\/h2>\n\n\t\t\t\t<div class=\"su-post-meta\">\n\t\t\t\t\tVer\u00f6ffentlicht: 13. Juli 2021\t\t\t\t<\/div>\n\n\t\t\t\t<div class=\"su-post-excerpt\">\n\t\t\t\t\t<p>Gleich am Anfang des Lagers wurden wir vertrieben von einem Reichen \u00bbSchn\u00f6su\u00bb der etwas dagegen hatte, dass wir auf seinem, eine Besprechung abhalten wollten. Auf dem Platz entdeckten wir, dass &#8230; <a title=\"Montag, 12.07.2021\" class=\"read-more\" href=\"https:\/\/www.jwl.ch\/?p=9677\" aria-label=\"Mehr Informationen \u00fcber Montag, 12.07.2021\">Weiterlesen<\/a><\/p>\n\t\t\t\t<\/div>\n\n\t\t\t\t\n\t\t\t<\/div>\n\n\t\t\n\t\n<\/div>\n\n<p>&nbsp;<\/p>\n","protected":false},"excerpt":{"rendered":"<p>News aus dem Lager &nbsp;<\/p>\n","protected":false},"author":3,"featured_media":0,"parent":594,"menu_order":0,"comment_status":"closed","ping_status":"closed","template":"","meta":{"footnotes":""},"class_list":["post-9655","page","type-page","status-publish","hentry"],"aioseo_notices":[],"_links":{"self":[{"href":"https:\/\/www.jwl.ch\/index.php?rest_route=\/wp\/v2\/pages\/9655","targetHints":{"allow":["GET"]}}],"collection":[{"href":"https:\/\/www.jwl.ch\/index.php?rest_route=\/wp\/v2\/pages"}],"about":[{"href":"https:\/\/www.jwl.ch\/index.php?rest_route=\/wp\/v2\/types\/page"}],"author":[{"embeddable":true,"href":"https:\/\/www.jwl.ch\/index.php?rest_route=\/wp\/v2\/users\/3"}],"replies":[{"embeddable":true,"href":"https:\/\/www.jwl.ch\/index.php?rest_route=%2Fwp%2Fv2%2Fcomments&post=9655"}],"version-history":[{"count":7,"href":"https:\/\/www.jwl.ch\/index.php?rest_route=\/wp\/v2\/pages\/9655\/revisions"}],"predecessor-version":[{"id":120420,"href":"https:\/\/www.jwl.ch\/index.php?rest_route=\/wp\/v2\/pages\/9655\/revisions\/120420"}],"up":[{"embeddable":true,"href":"https:\/\/www.jwl.ch\/index.php?rest_route=\/wp\/v2\/pages\/594"}],"wp:attachment":[{"href":"https:\/\/www.jwl.ch\/index.php?rest_route=%2Fwp%2Fv2%2Fmedia&parent=9655"}],"curies":[{"name":"wp","href":"https:\/\/api.w.org\/{rel}","templated":true}]}}