{"id":496,"date":"2018-07-29T20:31:22","date_gmt":"2018-07-29T18:31:22","guid":{"rendered":"http:\/\/134.255.237.185\/?page_id=496"},"modified":"2020-04-29T14:51:54","modified_gmt":"2020-04-29T12:51:54","slug":"jubla-schweiz","status":"publish","type":"page","link":"https:\/\/www.jwl.ch\/?page_id=496","title":{"rendered":"JUBLA Schweiz"},"content":{"rendered":"<p>Unsere Schar ist auf Kantonsebene ein Teil von <a href=\"https:\/\/www.jublaluzern.ch\/\">Jungwacht Blauring Kanton Luzern<\/a>, welche wiederum auch auf Bundesebene im Verein <a href=\"https:\/\/www.jubla.ch\/\">Jungwacht Blauring Schweiz<\/a> (kurz: Jubla) organisiert ist.<\/p>\n<h2>Das ist Jubla<\/h2>\n<p><img loading=\"lazy\" decoding=\"async\" class=\"size-medium wp-image-1585 alignright\" src=\"https:\/\/www.jwl.ch\/wp-content\/uploads\/2018\/08\/Logo_Jungwacht_Blauring_Schweiz-224x300.jpg\" alt=\"\" width=\"224\" height=\"300\" srcset=\"https:\/\/www.jwl.ch\/wp-content\/uploads\/2018\/08\/Logo_Jungwacht_Blauring_Schweiz-224x300.jpg 224w, https:\/\/www.jwl.ch\/wp-content\/uploads\/2018\/08\/Logo_Jungwacht_Blauring_Schweiz-400x536.jpg 400w, https:\/\/www.jwl.ch\/wp-content\/uploads\/2018\/08\/Logo_Jungwacht_Blauring_Schweiz.jpg 671w\" sizes=\"auto, (max-width: 224px) 100vw, 224px\" \/>Jungwacht Blauring ist mit rund 30&#8217;000 Mitgliedern der zweitgr\u00f6sste Kinder- und Jugendverband der Schweiz. Ein vielf\u00e4ltiges Angebot l\u00e4dt Kinder und Jugendliche ein,\u00a0Neues zu erleben und ihre eigenen F\u00e4higkeiten zu entdecken. Jungwacht Blauring ist mit der katholischen Kirche verbunden, jedoch offen f\u00fcr alle Kinder und Jugendlichen &#8211; unabh\u00e4ngig von Konfession oder Kultur.<\/p>\n<p>Rund 13&#8217;000 M\u00e4dchen und 9&#8217;000 Knaben werden auf Pfarreiebene von ungef\u00e4hr 8&#8217;000 jugendlichen Leiterinnen und Leitern ehrenamtlich betreut. M\u00e4dchen k\u00f6nnen im Blauring mitmachen, Knaben in der Jungwacht. In einigen Pfarreien haben sich Jungwacht und Blauring\u00a0zur Jubla zusammengeschlossen und treffen sich in gemischten Gruppen.<\/p>\n<p>Das Leben in Jungwacht Blauring spielt sich vorwiegend in der Kindergruppe mit Gleichaltrigen ab. Alle Kindergruppen einer Pfarrei bilden zusammen eine Schar. Die Scharleitung und das restliche Leitungsteam planen und koordinieren das gemeinsame Scharleben, welches jedes Jahr zahlreiche Aktivit\u00e4ten (Ausfl\u00fcge, Spiele, Lager&#8230;) bietet.<\/p>\n<p>Auf Kantonaler und Nationaler Ebene werden die einzelnen Scharen mit allen anderen verbunden und erleben gemeinsam Grossanl\u00e4sse wie das Kantonslager oder Jublaversum (Nationales Weekend).<\/p>\n<p>Kurz: Jungwacht Blauring schafft Lebensfreu(n)de!<\/p>\n<h2>Jungwacht Blauring bietet&#8230;<\/h2>\n<p>\u2026 einen Ort, an dem Kinder, Jugendliche und junge Erwachsene Gemeinschaft erleben und Wertsch\u00e4tzung erfahren.<\/p>\n<p>\u2026 eine M\u00f6glichkeit, sich zu engagieren, mitzubestimmen, gemeinsam Entscheide zu treffen und Verantwortung f\u00fcr sich und andere zu \u00fcbernehmen.<\/p>\n<p>\u2026 Raum Aktivit\u00e4ten im Freien und in der Natur, um sich zu bewegen und ohne Leistungsdruck Spass zu haben.<\/p>\n<p>\u2026 Freiraum, um Neues\u00a0 zu wagen und sich ganzheitlich zu entwickeln.<\/p>\n<p>\u2026 Sicherheit und Qualit\u00e4t durch anerkannte Ausbildung und Begleitung der Leitenden.<\/p>\n<p>\u2026 Lebensfreu(n)de.<\/p>\n<h2>Zahlen und Fakten<\/h2>\n<p style=\"text-align: center\">Jungwacht Blauring hat rund <b>30&#8217;000<\/b> Mitglieder. Es gibt die beiden Verb\u00e4nde Blauring und Jungwacht seit\u00a0<strong>80<\/strong> Jahren &#8211; 2009 haben sie fusioniert. Etwa <strong>8&#8217;000 <\/strong>Jugendliche und junge Erwachsene engagieren sich enhrenamtlich f\u00fcr die Jubla. Jungwacht Blauring ist in <strong>16<\/strong> Kantonen in insgesamt rund\u00a0<strong>450<\/strong> Scharen zu finden&#8230;<\/p>\n<h2>Die Grunds\u00e4tze von Jungwacht und Blauring<\/h2>\n<h3><em>zusammensein:<\/em><\/h3>\n<p style=\"padding-left: 30px\">Jungwacht Blauring bildet eine Gemeinschaft, in der alle mit ihren St\u00e4rken und Schw\u00e4chen akzeptiert werden. Zusammen setzen wir uns f\u00fcr Toleranz und Respekt ein. Wir haben gemeinsam Spass und sind uns der Verantwortung f\u00fcr uns und die anderen bewusst.<\/p>\n<h3><em>mitbestimmen:<\/em><\/h3>\n<p style=\"padding-left: 30px\">In Jungwacht Blauring d\u00fcrfen alle ihre eigenen Ideen und Ansichten einbringen. Wir nehmen die Meinungen aller ernst, treffen gemeinsam Entscheide und engagieren uns f\u00fcr unsere Werte und Haltung.<\/p>\n<h3><em>Glauben leben:<\/em><\/h3>\n<p style=\"padding-left: 30px\">In Jungwacht Blauring teilen und feiern wir besondere Momente in grosser Vielfalt und schaffen Raum f\u00fcr Fragen des Lebens. Wir setzen uns f\u00fcr ein friedliches, gerechtes und solidarisches Zusammenleben ein. So gestalten wir die Welt mit.<\/p>\n<h3><em>kreativ sein:<\/em><\/h3>\n<p style=\"padding-left: 30px\">In Jungwacht Blauring sind der Fantasie keine Grenzen gesetzt. Wir setzen gemeinsam kreative Ideen um und wagen Neues. <em>Dabei entdecken und entwickeln wir unsere F\u00e4higkeiten.<\/em><\/p>\n<h3><em>Natur erleben:<\/em><\/h3>\n<p style=\"padding-left: 30px\">In Jungwacht Blauring unternehmen wir viele Aktivit\u00e4ten im Freien. Wir entdecken und geniessen unsere Umwelt und erleben uns als Teil von ihr. Dabei achten wir die Natur und tragen Sorge zu ihr.<\/p>\n<p>&nbsp;<\/p>\n<h2>Unsere Haltung zu folgenden Themen:<\/h2>\n<h3><strong>Kinder- und Jugendpolitik:<\/strong><\/h3>\n<p>Kinder und Jugendliche sollen eine Stimme erhalten, um ihre Anliegen platzieren zu k\u00f6nnen.<\/p>\n<h3><strong>Extremismus und Rassismus:<\/strong><\/h3>\n<p>Kinder und Jugendliche sollen von extremistischem Auftreten oder Gedankengut fern bleiben.<\/p>\n<h3><strong>Umgang mit Suchtmitteln:<\/strong><\/h3>\n<p>Kinder und Jugendliche sollen einen bewussten und sinnvollen Umgang mit Suchtmitteln lernen.<\/p>\n<h3><strong>Glauben und Kirche:<\/strong><\/h3>\n<p>Kinder und Jugendliche sollen einen freien und offenen Zugang zu den Themen Glauben, Religion und Kirche finden.<\/p>\n<h3><strong>Gender:<\/strong><\/h3>\n<p>Kinder und Jugendliche sollen eine Vielfalt an Geschlechterrollen erleben und einen geschlechtergerechten Umgang miteinander \u00fcben.<\/p>\n<h3><strong>Grenzverletzungen und sexuelle Ausbeutung:<\/strong><\/h3>\n<p>Kinder und Jugendliche sollen sich vor Grenzverletzungen und sexueller Ausbeutung sicher f\u00fchlen.<\/p>\n<h3><strong>\u00d6ffnung und Integration:<\/strong><\/h3>\n<p>Kinder und Jugendliche sollen unabh\u00e4ngig von ihren Lebensbedingungen (Herkunft, Religion, Beeintr\u00e4chtigungen) einen Platz in der Gemeinschaft finden.<\/p>\n<p>Die dazugeh\u00f6rigen <a href=\"https:\/\/www.jubla.ch\/interessierte\/was-die-jubla-ist\/wie-die-jubla-denkt\/\">Haltungspapiere<\/a> findest du <a href=\"https:\/\/www.jubla.ch\/interessierte\/was-die-jubla-ist\/wie-die-jubla-denkt\/\">hier<\/a>!<\/p>\n<p>&nbsp;<\/p>\n<p>Quelle: <a href=\"http:\/\/www.jubla.ch\">Jungwacht Blauring Schweiz<\/a><\/p>\n","protected":false},"excerpt":{"rendered":"<p>Unsere Schar ist auf Kantonsebene ein Teil von Jungwacht Blauring Kanton Luzern, welche wiederum auch auf Bundesebene im Verein Jungwacht Blauring Schweiz (kurz: Jubla) organisiert ist. Das ist Jubla Jungwacht &#8230; <a title=\"JUBLA Schweiz\" class=\"read-more\" href=\"https:\/\/www.jwl.ch\/?page_id=496\" aria-label=\"Mehr Informationen \u00fcber JUBLA Schweiz\">Weiterlesen<\/a><\/p>\n","protected":false},"author":1,"featured_media":0,"parent":492,"menu_order":0,"comment_status":"closed","ping_status":"closed","template":"","meta":{"footnotes":""},"class_list":["post-496","page","type-page","status-publish"],"aioseo_notices":[],"_links":{"self":[{"href":"https:\/\/www.jwl.ch\/index.php?rest_route=\/wp\/v2\/pages\/496","targetHints":{"allow":["GET"]}}],"collection":[{"href":"https:\/\/www.jwl.ch\/index.php?rest_route=\/wp\/v2\/pages"}],"about":[{"href":"https:\/\/www.jwl.ch\/index.php?rest_route=\/wp\/v2\/types\/page"}],"author":[{"embeddable":true,"href":"https:\/\/www.jwl.ch\/index.php?rest_route=\/wp\/v2\/users\/1"}],"replies":[{"embeddable":true,"href":"https:\/\/www.jwl.ch\/index.php?rest_route=%2Fwp%2Fv2%2Fcomments&post=496"}],"version-history":[{"count":11,"href":"https:\/\/www.jwl.ch\/index.php?rest_route=\/wp\/v2\/pages\/496\/revisions"}],"predecessor-version":[{"id":4302,"href":"https:\/\/www.jwl.ch\/index.php?rest_route=\/wp\/v2\/pages\/496\/revisions\/4302"}],"up":[{"embeddable":true,"href":"https:\/\/www.jwl.ch\/index.php?rest_route=\/wp\/v2\/pages\/492"}],"wp:attachment":[{"href":"https:\/\/www.jwl.ch\/index.php?rest_route=%2Fwp%2Fv2%2Fmedia&parent=496"}],"curies":[{"name":"wp","href":"https:\/\/api.w.org\/{rel}","templated":true}]}}