{"id":494,"date":"2018-07-29T20:31:22","date_gmt":"2018-07-29T18:31:22","guid":{"rendered":"http:\/\/134.255.237.185\/?page_id=494"},"modified":"2019-06-12T11:00:32","modified_gmt":"2019-06-12T09:00:32","slug":"geschichte","status":"publish","type":"page","link":"https:\/\/www.jwl.ch\/?page_id=494","title":{"rendered":"Geschichte"},"content":{"rendered":"<div>\n<p>Als die Jungwacht Littau anno 1934 nach dem Vorbild von Don Bosco, dem Schutzpatron der Jungwacht, gegr\u00fcndet wurde, hatten die Gr\u00fcnder nur etwas im Sinne: Den Jungs aus dem Dorf eine gemeinsame, naturbezogene Besch\u00e4ftigung zu erm\u00f6glichen. Dies wurde bis heute weitergef\u00fchrt und wird auch so bleiben.<\/p>\n<h2 style=\"text-align: left\">Wie alles begann<\/h2>\n<p style=\"text-align: left\"><img loading=\"lazy\" decoding=\"async\" class=\" wp-image-1579 alignright\" src=\"https:\/\/www.jwl.ch\/wp-content\/uploads\/2018\/08\/Don-Bosco-218x300.jpg\" alt=\"\" width=\"197\" height=\"271\" srcset=\"https:\/\/www.jwl.ch\/wp-content\/uploads\/2018\/08\/Don-Bosco-218x300.jpg 218w, https:\/\/www.jwl.ch\/wp-content\/uploads\/2018\/08\/Don-Bosco-768x1058.jpg 768w, https:\/\/www.jwl.ch\/wp-content\/uploads\/2018\/08\/Don-Bosco-743x1024.jpg 743w, https:\/\/www.jwl.ch\/wp-content\/uploads\/2018\/08\/Don-Bosco-400x551.jpg 400w, https:\/\/www.jwl.ch\/wp-content\/uploads\/2018\/08\/Don-Bosco.jpg 1333w\" sizes=\"auto, (max-width: 197px) 100vw, 197px\" \/><\/p>\n<p>Um aber den Jungen etwas bieten zu k\u00f6nnen, muss auch etwas vorbereitet und organisiert werden. Da unsere Gr\u00fcnder dies jedoch nicht alleine tun konnten, baten sie ein paar Jugendliche aus dem Dorf zu einer Besprechung, in der sie mit ihnen einen Ausflug in den Wald mit anschliessendem \u201ebr\u00f6tle\u201c organisierten. Eigentlich war dies der erste von mittlerweile \u00fcber 1000 \u201eLeiterh\u00f6cks\u201c. Denn heute ist die Jungwacht immer noch gleich gegliedert: zwei Scharleiter, ein Pr\u00e4ses und mehrere Leiter. Da solche Dinge wie \u201ebr\u00f6tle\u201c etc. aber auch eine Menge Geld kosten und man die Eltern der Jungs nicht mit einem Mitgliederbeitrag belasten wollte, bat man die katholischen Kirche um Unterst\u00fctzung. Diese kam mit der Jungwacht zu einem Abkommen. Seither unterst\u00fctzt die Kirche die Jungwacht und die Jungwacht lehrte im Gegenzug Kindern den Christlichen Glauben. Damit dies auch richtig gemacht wurde, sandte die Kirche einen Helfer als Pr\u00e4ses zur Jungwacht. Seither begleitet dieser Pr\u00e4ses die Jungwacht \u00fcberall hin. Im Moment ist dies Res Wyler, der vor wenigen Jahrzehnten selbst Leiter und auch Scharleiter der Jungwacht Littau war. Heute ist die Jungwacht offen f\u00fcr alle Nationalit\u00e4ten und Religionen und ist somit auch im Thema \u201eMigration und Integration\u201c besonders aktiv.<\/p>\n<h2 style=\"text-align: left\">Das Highlight des Jahres<\/h2>\n<p>1944 kamen unsere Leiter auf die Idee, mit ihren Sch\u00fctzlingen w\u00e4hrend zwei Wochen in den Sommerferien ins Lagerhaus Steinetli bei S\u00f6renberg unter dem Lagerleiter Isidor Marbach zu verreisen. Man mietete ein Haus, kochte, machte Spiele, etc. Da allen dieses Lager so gut gefallen hatte, beschloss man dies jedes \u00a0Jahr zu wiederholen. Da die Jungwacht aber eine auf die Natur bezogene Gruppe war und auch heute noch ist, wollte man eines Jahres nicht mehr einfach irgendwo in ein Haus, nein, man wollte Mutter Natur m\u00f6glichst nahe sein. Also organisierte man Zelte, Kocht\u00f6pfe und einen Platz, wo man Zelte aufschlagen und wenn m\u00f6glich ein Feuer machen durfte. Und so brach dann in den ersten Sommerferienwochen eine Schar Jungs und Jugendliche unter der Leitung von Mathias Moritz zum ersten Zeltlager im Jahre 1996 auf.<\/p>\n<p>Schon fr\u00fch fand man es jedoch doof, ein ganzes Jahr auf zwei Wochen zu warten. So f\u00fchrte man 1991 noch ein Lager ein und zwar das Herbstlager (HELA). Auf dessen Durchf\u00fchrung wird jedoch auf Grund von Kindermangel seit 2002 verzichtet. Sp\u00e4ter kam dann noch ein Lager dazu, welches, wie k\u00f6nnte es anders sein, im Winter stattfand (WILA). Dieses findet aber nach wie vor im Haus statt. Man will ja keine Eisleichen nach Hause tragen.<\/p>\n<p>&nbsp;<\/p>\n<\/div>\n","protected":false},"excerpt":{"rendered":"<p>Als die Jungwacht Littau anno 1934 nach dem Vorbild von Don Bosco, dem Schutzpatron der Jungwacht, gegr\u00fcndet wurde, hatten die Gr\u00fcnder nur etwas im Sinne: Den Jungs aus dem Dorf &#8230; <a title=\"Geschichte\" class=\"read-more\" href=\"https:\/\/www.jwl.ch\/?page_id=494\" aria-label=\"Mehr Informationen \u00fcber Geschichte\">Weiterlesen<\/a><\/p>\n","protected":false},"author":1,"featured_media":0,"parent":492,"menu_order":0,"comment_status":"closed","ping_status":"closed","template":"","meta":{"footnotes":""},"class_list":["post-494","page","type-page","status-publish"],"aioseo_notices":[],"_links":{"self":[{"href":"https:\/\/www.jwl.ch\/index.php?rest_route=\/wp\/v2\/pages\/494","targetHints":{"allow":["GET"]}}],"collection":[{"href":"https:\/\/www.jwl.ch\/index.php?rest_route=\/wp\/v2\/pages"}],"about":[{"href":"https:\/\/www.jwl.ch\/index.php?rest_route=\/wp\/v2\/types\/page"}],"author":[{"embeddable":true,"href":"https:\/\/www.jwl.ch\/index.php?rest_route=\/wp\/v2\/users\/1"}],"replies":[{"embeddable":true,"href":"https:\/\/www.jwl.ch\/index.php?rest_route=%2Fwp%2Fv2%2Fcomments&post=494"}],"version-history":[{"count":11,"href":"https:\/\/www.jwl.ch\/index.php?rest_route=\/wp\/v2\/pages\/494\/revisions"}],"predecessor-version":[{"id":3027,"href":"https:\/\/www.jwl.ch\/index.php?rest_route=\/wp\/v2\/pages\/494\/revisions\/3027"}],"up":[{"embeddable":true,"href":"https:\/\/www.jwl.ch\/index.php?rest_route=\/wp\/v2\/pages\/492"}],"wp:attachment":[{"href":"https:\/\/www.jwl.ch\/index.php?rest_route=%2Fwp%2Fv2%2Fmedia&parent=494"}],"curies":[{"name":"wp","href":"https:\/\/api.w.org\/{rel}","templated":true}]}}