{"id":492,"date":"2018-07-29T20:31:21","date_gmt":"2018-07-29T18:31:21","guid":{"rendered":"http:\/\/134.255.237.185\/?page_id=492"},"modified":"2023-05-04T07:53:04","modified_gmt":"2023-05-04T05:53:04","slug":"das-ist-jungwacht","status":"publish","type":"page","link":"https:\/\/www.jwl.ch\/?page_id=492","title":{"rendered":"Das ist Jungwacht Littau"},"content":{"rendered":"<h2>Das ist Jungwacht<\/h2>\n<p>Die Jungwacht Littau ist ein Jugendverein, der Knaben ungeachtet ihrer Nationalit\u00e4t oder Herkunft eine abwechslungsreiche Freizeitgestaltung erm\u00f6glicht. Geleitet von ehrenamtlich arbeitenden Leiter bieten wir f\u00fcr Kinder und Jugendliche ab der 1. Klasse w\u00f6chentlich abenteuerliche und unvergessliche Gruppenstunden, zahlreiche \u00fcber das Jahr verteile Scharanl\u00e4sse und nat\u00fcrlich zwei absolut legend\u00e4re Lager.<\/p>\n<div class=\"su-youtube su-u-responsive-media-yes\"><iframe loading=\"lazy\" width=\"800\" height=\"400\" src=\"https:\/\/www.youtube.com\/embed\/5dq6DJGo-9E?\" frameborder=\"0\" allowfullscreen allow=\"autoplay; encrypted-media; picture-in-picture\" title=\"Entdecke die Jungwacht Littau\"><\/iframe><\/div>\n<h2>Die w\u00f6chentlichen Gruppenstunden<\/h2>\n<p>W\u00e4hrend der Schulzeit findet w\u00f6chentlich unsere sogenannten Gruppenstunden statt. W\u00e4hrend dieser Zeit, meist am Samstag von 13:30 bis 16:00, erleben die Kinder mit gleichaltrigen und ihren Leiter zusammen ein vielf\u00e4ltiges, attraktives und packendes Programm. Neben der Schoggi Banane machen \u00fcber dem Feuer, ein kreativer Sketch drehen oder einer Schnitzeljagd hat nat\u00fcrlich auch ein einfaches Versteckis, Fussballspiel mit extra Regeln oder ein Golfturnier auf selbstgebauten Minigolfbahnen platz. Mit einer Wasserschlacht im Sommer, dem Schlitteln im Winter, einer Olympiade bei gutem Wetter oder einem einfachen Spiele Stunden im Heim ist f\u00fcr jedes Wetter ein geeignetes Programm dabei. Zur Abwechslung gibt es auch das eine oder andere Mal ein Ausflug an die LUGA, in die Badi oder einen Seil Park. Doch dies sind nur wenige von vielen Ideen unseres Repertoire, komm vorbei und lass dich \u00fcberrasche, was du in der n\u00e4chsten Gruppenstunde erleben darfst, denn eins ist klar: Langweilig wird es in der Jungwacht nie! Dabei sind die Gruppenstunden inklusiv Verpflegung GRATIS!<\/p>\n<h2>Sommer- und Winterlager<\/h2>\n<p>Der H\u00f6hepunkt des Jahres bilden unsere zwei Lager. Zum einen erleben wir in der ersten Fasnachtsferien Woche gemeinsam mit dem Blauring verschiedene Spiele im Schnee, auf einer Wiese und im\/ums Lagerhaus , zum anderen gehen wir zu Beginn der Sommerferien zwei Wochen zelten. Dabei machen unvergessliche Tage und dauerndes Jungwachtfeeling die Lager zu einem freiwilligen Muss f\u00fcr jeden Jungw\u00e4chter. Dabei werden die Lager nach den Vorschriften von Jugend &amp; Sport geplant und von ausgebildeten Leitern durchgef\u00fchrt. Schlussendlich garantieren wir w\u00e4hrend drei Wochen in der Natur, im Zelt oder im Lagerhaus f\u00fcr Spass und eine abwechslungsreiche Zeit weg vom Elternhaus.<\/p>\n<p>Nat\u00fcrlich kann man nicht einfach irgendeine Zeit mit allen abmachen und so Drauflos marschieren. Nein. Dies alles braucht jemand, der alles organisiert. Das heisst, alle Wanderungen m\u00fcssen abgelaufen, der Zeltplatz begutachtet und der Men\u00fcplan erstellt werden. Alles Schriftliche f\u00fcr die Versicherungen und das ganze Wochenprogramm f\u00fcr die J&amp;S muss zusammengestellt und verschickt werden und alles Material welches vor Ort gebraucht wird muss bereitgestellt werden. So investiert das Leitungsteam einen grossen Teil ihrer Freizeit um den Kindern zwei erlebnisreche Wochen zu erm\u00f6glichen.<\/p>\n<div class=\"su-youtube su-u-responsive-media-yes\"><iframe loading=\"lazy\" width=\"800\" height=\"400\" src=\"https:\/\/www.youtube.com\/embed\/r5O5oLXEoRM?\" frameborder=\"0\" allowfullscreen allow=\"autoplay; encrypted-media; picture-in-picture\" title=\"\"><\/iframe><\/div>\n<h2>Doch was ist Jungwacht genau? Ein Freizeitangebot wie jedes andere auch?<\/h2>\n<p>Jungwacht ist sehr viel mehr. Im Zentrum steht der soziale Aspekt, das Zusammen sein in der Gruppe und etwas gemeinsam erleben. Man ist dabei nicht nur Mitglied einer Gruppe, man ist deren Bestandteil: Wer in der Jungwacht ist, kann mitbestimmen, seine Ideen, Gedanken mit den anderen Teilen, gemeinsam dar\u00fcber reden, Entscheide treffen und sich eigene Meinungen bilden. Man setzt gemeinsam kreativen Ideen um, versucht auch Neues zu wagen und entwickelt so neue F\u00e4higkeiten. Das ganze geschieht, in dem der Jungw\u00e4chter gemeinsam mit seinen Freunden die Umwelt \u2013 sei das der Gruppenraum, der Sportplatz oder auch die Natur \u2013 erlebt und mitgestaltet. Die Bedeutung der Jungwacht ist also ziemlich vielschichtig. Jungw\u00e4chter haben Qualit\u00e4ten, die einem das ganze Leben lang begleiten: Die Jungwacht kennt keine Ausgrenzung, ein Kind muss nichts Besonderes k\u00f6nnen oder eine bestimmte F\u00e4higkeit besitzen, keiner bestimmten Gruppierung oder Nationalit\u00e4t angeh\u00f6ren, um dazu zu geh\u00f6ren. In diesem Verband ist jeder mit seinem Charakter und seiner individuellen Begabung willkommen und wird akzeptiert.<br \/>\nJungwacht ist also viel mehr und bietet viel mehr als andere Freizeitbesch\u00e4ftigungen. Wer zur Jungwacht geh\u00f6rt, hat lebenslang Kontakt mit seinen Jugendbekanntschaften. Jungwacht endet nie. Jungwacht schafft Freude und Freunde f\u00fcrs Leben! Lebensfreu(n)de!<\/p>\n<h2>Vom Kind zum Leiter und schlussendlich zum Ehemaligen Jungw\u00e4chter<\/h2>\n<p>Als Kind in der Schar aufgenommen bleibst du lebenslang mit der Jungwacht in Verbindung. Du kommst mit 16 Jahren ins Leitungsteam und lernst dort Verantwortung \u00fcbernehmen, Programm planen und durchf\u00fchren so wie das Leiten einer Gruppe. Nach einer tollen Zeit, wo du vieles gemeinsam mit dem Leitungsteam erleben darfst, wirst auch du die Schar nach einigen Jahren verlassen. Doch damit ist nicht direkt Schluss mit der Jungwacht, denn die zahlreich gekn\u00fcpften Freundschaften bleiben weiterhin bestehen und man trifft sich privat, in einem der drei Ehemaligenvereinen (Club 91, Vollmondclub und Herti Ch\u00e4rn) oder beim Aufbau des Sommerlagers.<\/p>\n<h2>Grosses Engagement<\/h2>\n<p>Aber diese Lager sind nicht alles, wof\u00fcr sich die Jungwacht engagiert. Man denke nur an die zahlreichen Anl\u00e4sse wie Theaterabende, Kerzenziehen, Kartonsammlungen, und weitere Scharanl\u00e4sse. Da fragt man sich doch, weshalb all die Leiter die ganze Arbeit auf sich nehmen. Der Hauptpunkt sind sicher die Kinder. Doch es steckt viel mehr dahinter. Es ist das Gef\u00fchl etwas von sich aus auf die Beine gestellt zu haben, worauf jeder stolz sein kann und auch nach Jahren mit Stolz darauf zur\u00fcckblicken kann. Der Zusammenhalt im Leitungsteam tr\u00e4gt dazu bei. Nach jeder Veranstaltung geht man noch zusammen in ein Restaurant oder sonst wohin. An Wochenenden geht man manchmal zusammen in den Ausgang. Mit anderen Worten: In der Jungwacht l\u00e4uft immer etwas. Mit den drei Ehemaligenvereinen (Club91, Vollmondclub und Herti Ch\u00e4rn) ist die Jungwacht ein fester Bestandteil des Stadtteils Littau und nicht mehr wegzudenken. Wir hoffen dass wir auch in Zeiten von Computerspielen und Sportclubs immer noch viele Kinder begeistern k\u00f6nnen und es von der Jungwacht Littau noch viel Gutes zu h\u00f6ren gibt. Die Zeichen stehen bei uns immer positiv.<\/p>\n<div class=\"su-tabs su-tabs-style-default su-tabs-mobile-stack\" data-active=\"1\" data-scroll-offset=\"0\" data-anchor-in-url=\"no\"><div class=\"su-tabs-nav\"><span class=\"\" data-url=\"\" data-target=\"blank\" tabindex=\"0\" role=\"button\">Standort<\/span><\/div><div class=\"su-tabs-panes\"><div class=\"su-tabs-pane su-u-clearfix su-u-trim\" data-title=\"Standort\"><div class=\"su-gmap su-u-responsive-media-yes\"><iframe loading=\"lazy\" width=\"600\" height=\"400\" src=\"\/\/maps.google.com\/maps?q=Jungwacht%20Littau&amp;output=embed\" title=\"\"><\/iframe><\/div><\/div><\/div><\/div>\n","protected":false},"excerpt":{"rendered":"<p>Das ist Jungwacht Die Jungwacht Littau ist ein Jugendverein, der Knaben ungeachtet ihrer Nationalit\u00e4t oder Herkunft eine abwechslungsreiche Freizeitgestaltung erm\u00f6glicht. Geleitet von ehrenamtlich arbeitenden Leiter bieten wir f\u00fcr Kinder und &#8230; <a title=\"Das ist Jungwacht Littau\" class=\"read-more\" href=\"https:\/\/www.jwl.ch\/?page_id=492\" aria-label=\"Mehr Informationen \u00fcber Das ist Jungwacht Littau\">Weiterlesen<\/a><\/p>\n","protected":false},"author":1,"featured_media":0,"parent":0,"menu_order":0,"comment_status":"closed","ping_status":"closed","template":"","meta":{"footnotes":""},"class_list":["post-492","page","type-page","status-publish"],"aioseo_notices":[],"_links":{"self":[{"href":"https:\/\/www.jwl.ch\/index.php?rest_route=\/wp\/v2\/pages\/492","targetHints":{"allow":["GET"]}}],"collection":[{"href":"https:\/\/www.jwl.ch\/index.php?rest_route=\/wp\/v2\/pages"}],"about":[{"href":"https:\/\/www.jwl.ch\/index.php?rest_route=\/wp\/v2\/types\/page"}],"author":[{"embeddable":true,"href":"https:\/\/www.jwl.ch\/index.php?rest_route=\/wp\/v2\/users\/1"}],"replies":[{"embeddable":true,"href":"https:\/\/www.jwl.ch\/index.php?rest_route=%2Fwp%2Fv2%2Fcomments&post=492"}],"version-history":[{"count":19,"href":"https:\/\/www.jwl.ch\/index.php?rest_route=\/wp\/v2\/pages\/492\/revisions"}],"predecessor-version":[{"id":120227,"href":"https:\/\/www.jwl.ch\/index.php?rest_route=\/wp\/v2\/pages\/492\/revisions\/120227"}],"wp:attachment":[{"href":"https:\/\/www.jwl.ch\/index.php?rest_route=%2Fwp%2Fv2%2Fmedia&parent=492"}],"curies":[{"name":"wp","href":"https:\/\/api.w.org\/{rel}","templated":true}]}}