{"id":489,"date":"2018-07-29T20:31:21","date_gmt":"2018-07-29T18:31:21","guid":{"rendered":"http:\/\/134.255.237.185\/?page_id=489"},"modified":"2020-06-15T09:53:55","modified_gmt":"2020-06-15T07:53:55","slug":"aktuelles","status":"publish","type":"page","link":"https:\/\/www.jwl.ch\/","title":{"rendered":"Aktuelles"},"content":{"rendered":"\n\n<div class=\"su-posts su-posts-default-loop \">\n\n\t\n\t\t\t\t\t\n\t\t\t\n\t\t\t<div id=\"su-post-121097\" class=\"su-post \">\n\n\t\t\t\t\n\t\t\t\t<h2 class=\"su-post-title\"><a href=\"https:\/\/www.jwl.ch\/?p=121097\">SOLA 2026<\/a><\/h2>\n\n\t\t\t\t<div class=\"su-post-meta\">\n\t\t\t\t\tVer\u00f6ffentlicht: 6. April 2026\t\t\t\t<\/div>\n\n\t\t\t\t<div class=\"su-post-excerpt\">\n\t\t\t\t\t<p>Zeus\u2019 m\u00e4chtiger Herrscherblitz ist verschwunden und ohne ihn ger\u00e4t die Welt aus dem Gleichgewicht. Gewaltige St\u00fcrme ziehen \u00fcber die Menschenwelt und Chaos breitet sich aus. Die G\u00f6tter des Olymps sind &#8230; <a title=\"SOLA 2026\" class=\"read-more\" href=\"https:\/\/www.jwl.ch\/?p=121097\" aria-label=\"Mehr Informationen \u00fcber SOLA 2026\">Weiterlesen<\/a><\/p>\n\t\t\t\t<\/div>\n\n\t\t\t\t\n\t\t\t<\/div>\n\n\t\t\t\t\t\n\t\t\t\n\t\t\t<div id=\"su-post-121087\" class=\"su-post \">\n\n\t\t\t\t\n\t\t\t\t<h2 class=\"su-post-title\"><a href=\"https:\/\/www.jwl.ch\/?p=121087\">Pizzaservice 14.03.26 \ud83c\udf55\ud83c\udf55<\/a><\/h2>\n\n\t\t\t\t<div class=\"su-post-meta\">\n\t\t\t\t\tVer\u00f6ffentlicht: 6. M\u00e4rz 2026\t\t\t\t<\/div>\n\n\t\t\t\t<div class=\"su-post-excerpt\">\n\t\t\t\t\t<p>Pizzaservice der Jungwacht Littau Am Samstag, 14. M\u00e4rz ist es wieder so weit: Der beliebte Pizzaservice der Jungwacht Littau geht in die n\u00e4chste Runde! Nach zwei erfolgreichen Jahren \u00f6ffnet unsere &#8230; <a title=\"Pizzaservice 14.03.26 \ud83c\udf55\ud83c\udf55\" class=\"read-more\" href=\"https:\/\/www.jwl.ch\/?p=121087\" aria-label=\"Mehr Informationen \u00fcber Pizzaservice 14.03.26 \ud83c\udf55\ud83c\udf55\">Weiterlesen<\/a><\/p>\n\t\t\t\t<\/div>\n\n\t\t\t\t\n\t\t\t<\/div>\n\n\t\t\t\t\t\n\t\t\t\n\t\t\t<div id=\"su-post-121074\" class=\"su-post \">\n\n\t\t\t\t\n\t\t\t\t<h2 class=\"su-post-title\"><a href=\"https:\/\/www.jwl.ch\/?p=121074\">WILA 2026<\/a><\/h2>\n\n\t\t\t\t<div class=\"su-post-meta\">\n\t\t\t\t\tVer\u00f6ffentlicht: 2. Dezember 2025\t\t\t\t<\/div>\n\n\t\t\t\t<div class=\"su-post-excerpt\">\n\t\t\t\t\t<p>Es ist wider so weit, in den kommenden Fasnachtsferien findet wieder unser Wila zusammen mit dem Blauring statt. &nbsp; Nach Jahrhunderten des Schlafs erhebt sich die m\u00e4chtige K\u00f6nigin Kleopatra aus &#8230; <a title=\"WILA 2026\" class=\"read-more\" href=\"https:\/\/www.jwl.ch\/?p=121074\" aria-label=\"Mehr Informationen \u00fcber WILA 2026\">Weiterlesen<\/a><\/p>\n\t\t\t\t<\/div>\n\n\t\t\t\t\n\t\t\t<\/div>\n\n\t\t\t\t\t\n\t\t\t\n\t\t\t<div id=\"su-post-121033\" class=\"su-post \">\n\n\t\t\t\t\n\t\t\t\t<h2 class=\"su-post-title\"><a href=\"https:\/\/www.jwl.ch\/?p=121033\">Mittwoch, 16.07.25<\/a><\/h2>\n\n\t\t\t\t<div class=\"su-post-meta\">\n\t\t\t\t\tVer\u00f6ffentlicht: 16. Juli 2025\t\t\t\t<\/div>\n\n\t\t\t\t<div class=\"su-post-excerpt\">\n\t\t\t\t\t<p>Ein Tag voller Wettkampf Spannung und wohlverdienter Ruhe Heute ging es bei uns im Lager um Macht Mut und die Frage wer bei uns das Sagen hat Dabei wurde nicht &#8230; <a title=\"Mittwoch, 16.07.25\" class=\"read-more\" href=\"https:\/\/www.jwl.ch\/?p=121033\" aria-label=\"Mehr Informationen \u00fcber Mittwoch, 16.07.25\">Weiterlesen<\/a><\/p>\n\t\t\t\t<\/div>\n\n\t\t\t\t\n\t\t\t<\/div>\n\n\t\t\t\t\t\n\t\t\t\n\t\t\t<div id=\"su-post-121024\" class=\"su-post \">\n\n\t\t\t\t\n\t\t\t\t<h2 class=\"su-post-title\"><a href=\"https:\/\/www.jwl.ch\/?p=121024\">Dienstag, 15.07.25<\/a><\/h2>\n\n\t\t\t\t<div class=\"su-post-meta\">\n\t\t\t\t\tVer\u00f6ffentlicht: 15. Juli 2025\t\t\t\t<\/div>\n\n\t\t\t\t<div class=\"su-post-excerpt\">\n\t\t\t\t\t<p>Ein Schatz ein Abenteuer und ein wohlverdienter freier Abend Nach dem Mittagessen machten wir uns heute bereit um einer besonderen Spur zu folgen Schatzmeister Manuel hatte den Teilnehmenden Hinweise hinterlassen &#8230; <a title=\"Dienstag, 15.07.25\" class=\"read-more\" href=\"https:\/\/www.jwl.ch\/?p=121024\" aria-label=\"Mehr Informationen \u00fcber Dienstag, 15.07.25\">Weiterlesen<\/a><\/p>\n\t\t\t\t<\/div>\n\n\t\t\t\t\n\t\t\t<\/div>\n\n\t\t\n\t\n<\/div>\n\n","protected":false},"excerpt":{"rendered":"","protected":false},"author":1,"featured_media":0,"parent":0,"menu_order":0,"comment_status":"closed","ping_status":"closed","template":"","meta":{"footnotes":""},"class_list":["post-489","page","type-page","status-publish","hentry"],"aioseo_notices":[],"_links":{"self":[{"href":"https:\/\/www.jwl.ch\/index.php?rest_route=\/wp\/v2\/pages\/489","targetHints":{"allow":["GET"]}}],"collection":[{"href":"https:\/\/www.jwl.ch\/index.php?rest_route=\/wp\/v2\/pages"}],"about":[{"href":"https:\/\/www.jwl.ch\/index.php?rest_route=\/wp\/v2\/types\/page"}],"author":[{"embeddable":true,"href":"https:\/\/www.jwl.ch\/index.php?rest_route=\/wp\/v2\/users\/1"}],"replies":[{"embeddable":true,"href":"https:\/\/www.jwl.ch\/index.php?rest_route=%2Fwp%2Fv2%2Fcomments&post=489"}],"version-history":[{"count":18,"href":"https:\/\/www.jwl.ch\/index.php?rest_route=\/wp\/v2\/pages\/489\/revisions"}],"predecessor-version":[{"id":4340,"href":"https:\/\/www.jwl.ch\/index.php?rest_route=\/wp\/v2\/pages\/489\/revisions\/4340"}],"wp:attachment":[{"href":"https:\/\/www.jwl.ch\/index.php?rest_route=%2Fwp%2Fv2%2Fmedia&parent=489"}],"curies":[{"name":"wp","href":"https:\/\/api.w.org\/{rel}","templated":true}]}}