{"id":4605,"date":"2020-09-10T12:51:50","date_gmt":"2020-09-10T10:51:50","guid":{"rendered":"https:\/\/www.jwl.ch\/?page_id=4605"},"modified":"2020-09-10T12:51:50","modified_gmt":"2020-09-10T10:51:50","slug":"kontakt","status":"publish","type":"page","link":"https:\/\/www.jwl.ch\/?page_id=4605","title":{"rendered":"Kontakt"},"content":{"rendered":"<h2>Scharleiter<\/h2>\n        <div id=\"team-1994\" class=\"team-container\">\r\n                    <div class=\"team-items \">\r\n                <div class=\"item \">\r\n        <div class=\"elements-wrapper layout-4278\">\r\n                <div class=\"layer-media \" id=\"\">\r\n                <div class=\"team-thumb element-1\">\r\n                            <a href=\"https:\/\/www.jwl.ch\/?team_member=elia-colpi\">\r\n                    <img decoding=\"async\" src=\"https:\/\/www.jwl.ch\/wp-content\/uploads\/2022\/09\/IMG_9966-scaled-e1756569925489-590x1000.jpg\" \/>\r\n                <\/a>\r\n            \r\n\r\n        <\/div>\r\n        <\/div>\r\n    <div class=\"layer-content element-3\" id=\"\">\r\n        <div class=\"team-title element-5\">            <a href=\"https:\/\/www.jwl.ch\/?team_member=elia-colpi\">Elia Colpi<\/a>\r\n    \r\n<\/div>\r\n        <div class=\"team-position element-6\">Scharleiter<\/div>\r\n        <div class=\"team-content element-1596124013831\"><\/div>\r\n    <div class=\"team-meta element-1596124197347\"><\/div>\r\n        <div class=\"team-meta element-1596124111513\">Hobbys: Gym <\/div>\r\n        <div class=\"team-meta element-1596124966328\">In der Jungwacht seit: 2014<\/div>\r\n        <div class=\"team-meta element-1596124254546\">Lebensmotto: Can\u2018t do ordinary stuff and expect unique results.<\/div>\r\n        <div class=\"team-meta element-1596137380126\">Das ist die Jungwacht f\u00fcr mich: Familie, Fr\u00f6ndschaft, Z\u00e4mmehalt!!<\/div>\r\n        <div class=\"team-social element-8\">                <span class=\"image_icon\">\r\n                    <a href=\"mailto:elia.colpi@sunrise.ch\">\r\n                        <img decoding=\"async\" src=\"https:\/\/www.jwl.ch\/wp-content\/plugins\/team\/assets\/front\/css\/icons\/email.png\"><\/a>\r\n                <\/span>\r\n    <\/div>\r\n\r\n    <style type=\"text\/css\">\r\n        .team-social {\r\n            margin: 15px 0;\r\n        }\r\n\r\n        .team-social a {\r\n            font-size: ;\r\n            color: ;\r\n        }\r\n\r\n        .team-social .text_link {\r\n            display: block;\r\n        }\r\n\r\n        .team-social .text_link a {\r\n            text-decoration: none;\r\n        }\r\n\r\n        .team-social a img {\r\n            width: 25px;\r\n            height: 25px;\r\n            display: inline-block !important;\r\n            border-radius: 0;\r\n            box-shadow: none;\r\n        }\r\n    <\/style>\r\n\r\n\r\n    <\/div>\r\n        <\/div>\r\n    <\/div>\r\n    <div class=\"item \">\r\n        <div class=\"elements-wrapper layout-4278\">\r\n                <div class=\"layer-media \" id=\"\">\r\n                <div class=\"team-thumb element-1\">\r\n                            <a href=\"https:\/\/www.jwl.ch\/?team_member=jonas-hofstetter\">\r\n                    <img decoding=\"async\" src=\"https:\/\/www.jwl.ch\/wp-content\/uploads\/2022\/09\/IMG_9989-scaled-e1756572834151-590x1000.jpg\" \/>\r\n                <\/a>\r\n            \r\n\r\n        <\/div>\r\n        <\/div>\r\n    <div class=\"layer-content element-3\" id=\"\">\r\n        <div class=\"team-title element-5\">            <a href=\"https:\/\/www.jwl.ch\/?team_member=jonas-hofstetter\">Jonas Hofstetter<\/a>\r\n    \r\n<\/div>\r\n        <div class=\"team-position element-6\">Scharleiter <\/div>\r\n        <div class=\"team-content element-1596124013831\"><\/div>\r\n    <div class=\"team-meta element-1596124197347\"><\/div>\r\n        <div class=\"team-meta element-1596124111513\">Hobbys: Musik und Sport<\/div>\r\n        <div class=\"team-meta element-1596124966328\">In der Jungwacht seit: 2016<\/div>\r\n        <div class=\"team-meta element-1596124254546\">Lebensmotto: If it doesn't challenge you, it doesn't change you.<\/div>\r\n        <div class=\"team-meta element-1596137380126\">Das ist die Jungwacht f\u00fcr mich: Spass haben und neue Freundschaften schliessen<\/div>\r\n        <div class=\"team-social element-8\"><\/div>\r\n\r\n    <style type=\"text\/css\">\r\n        .team-social {\r\n            margin: 15px 0;\r\n        }\r\n\r\n        .team-social a {\r\n            font-size: ;\r\n            color: ;\r\n        }\r\n\r\n        .team-social .text_link {\r\n            display: block;\r\n        }\r\n\r\n        .team-social .text_link a {\r\n            text-decoration: none;\r\n        }\r\n\r\n        .team-social a img {\r\n            width: 25px;\r\n            height: 25px;\r\n            display: inline-block !important;\r\n            border-radius: 0;\r\n            box-shadow: none;\r\n        }\r\n    <\/style>\r\n\r\n\r\n    <\/div>\r\n        <\/div>\r\n    <\/div>\r\n        <\/div>\r\n\r\n        \r\n        <style type=\"text\/css\">\r\n        .team-container {\r\n            width: 100%\r\n        }\r\n\r\n        #team-1994 {\r\n            background:  url() repeat scroll 0 0;\r\n            text-align: left;\r\n        }\r\n\r\n        #team-1994 .item {\r\n            text-align: left;\r\n            margin: 13px;\r\n            display: inline-block;\r\n            vertical-align: top;\r\n        }\r\n\r\n        #team-1994 .layer-media .team-thumb {\r\n            overflow: hidden;\r\n        }\r\n\r\n        #team-1994 .layer-media img {\r\n            border-radius: 0;\r\n            box-shadow: none;\r\n            width: 100%;\r\n            margin: 0;\r\n            padding: 0;\r\n        }\r\n\r\n        @media only screen and (min-width: 0px) and (max-width: 767px) {\r\n            #team-1994 .item {\r\n                width: 90%            }\r\n        }\r\n\r\n        @media only screen and (min-width: 768px) and (max-width: 1023px) {\r\n            #team-1994 .item {\r\n                width: 45%            }\r\n        }\r\n\r\n        @media only screen and (min-width: 1024px) {\r\n            #team-1994 .item {\r\n                width: 240px            }\r\n        }\r\n\r\n        .team-container #team-1994{} .team-container #team-1994 .team-item{} .team-container #team-1994 .team-thumb{} .team-container #team-1994 .team-title{} .team-container #team-1994 .team-content{}.layout-4278 {vertical-align: top;}.layout-4278 .layer-media{}.layout-4278 .layer-content {padding: 5px 10px;}    <\/style>\r\n    <script>\r\n            <\/script>\r\n        <style type=\"text\/css\">\r\n        .layout-4278.element-1 {\r\n            overflow: hidden;\r\n            margin: ;\r\n        }\r\n\r\n        @media only screen and (min-width: 1024px) {\r\n            .layout-4278.element-1 {\r\n                            }\r\n        }\r\n\r\n        @media only screen and (min-width: 768px) and (max-width: 1023px) {\r\n            .layout-4278.element-1 {\r\n                            }\r\n        }\r\n\r\n        @media only screen and (min-width: 0px) and (max-width: 767px) {\r\n            .layout-4278.element-1 {\r\n                            }\r\n        }\r\n    <\/style>\r\n    <style type=\"text\/css\">\r\n        .layout-4278.element-5 {\r\n            color: #333;\r\n            font-size: 22 px;\r\n            font-family: ;\r\n            margin: 5px 0;\r\n\r\n        }\r\n    <\/style>\r\n    <style type=\"text\/css\">\r\n        .layout-4278.element-6 {\r\n            color: #7f7f7f;\r\n            font-size: 16 px;\r\n            font-family: ;\r\n            margin: 5px 0;\r\n\r\n        }\r\n    <\/style>\r\n    <style type=\"text\/css\">\r\n        .layout-4278.element-1596124013831 {\r\n            color: #7f7f7f;\r\n            font-size: ;\r\n            font-family: ;\r\n            margin: ;\r\n\r\n        }\r\n\r\n        .layout-4278.element-1596124013831a {\r\n            color: ;\r\n\r\n        }\r\n    <\/style>\r\n    <style type=\"text\/css\">\r\n        .layout-4278.element-1596124197347 {\r\n            color: #7f7f7f;\r\n            font-size: 13 px;\r\n            font-family: ;\r\n            margin: 5 px 0;\r\n\r\n        }\r\n    <\/style>\r\n    <style type=\"text\/css\">\r\n        .layout-4278.element-1596124111513 {\r\n            color: #7f7f7f;\r\n            font-size: 13 px;\r\n            font-family: ;\r\n            margin: 5 px 0;\r\n\r\n        }\r\n    <\/style>\r\n    <style type=\"text\/css\">\r\n        .layout-4278.element-1596124966328 {\r\n            color: #7f7f7f;\r\n            font-size: 13 px;\r\n            font-family: ;\r\n            margin: 5 px 0;\r\n\r\n        }\r\n    <\/style>\r\n    <style type=\"text\/css\">\r\n        .layout-4278.element-1596124254546 {\r\n            color: #7f7f7f;\r\n            font-size: 13 px;\r\n            font-family: ;\r\n            margin: 5 px 0;\r\n\r\n        }\r\n    <\/style>\r\n    <style type=\"text\/css\">\r\n        .layout-4278.element-1596137380126 {\r\n            color: #7f7f7f;\r\n            font-size: ;\r\n            font-family: ;\r\n            margin: ;\r\n\r\n        }\r\n    <\/style>\r\n        <\/div>\r\n\n","protected":false},"excerpt":{"rendered":"<p>Scharleiter<\/p>\n","protected":false},"author":3,"featured_media":0,"parent":498,"menu_order":0,"comment_status":"closed","ping_status":"closed","template":"","meta":{"footnotes":""},"class_list":["post-4605","page","type-page","status-publish","hentry"],"aioseo_notices":[],"_links":{"self":[{"href":"https:\/\/www.jwl.ch\/index.php?rest_route=\/wp\/v2\/pages\/4605","targetHints":{"allow":["GET"]}}],"collection":[{"href":"https:\/\/www.jwl.ch\/index.php?rest_route=\/wp\/v2\/pages"}],"about":[{"href":"https:\/\/www.jwl.ch\/index.php?rest_route=\/wp\/v2\/types\/page"}],"author":[{"embeddable":true,"href":"https:\/\/www.jwl.ch\/index.php?rest_route=\/wp\/v2\/users\/3"}],"replies":[{"embeddable":true,"href":"https:\/\/www.jwl.ch\/index.php?rest_route=%2Fwp%2Fv2%2Fcomments&post=4605"}],"version-history":[{"count":1,"href":"https:\/\/www.jwl.ch\/index.php?rest_route=\/wp\/v2\/pages\/4605\/revisions"}],"predecessor-version":[{"id":4606,"href":"https:\/\/www.jwl.ch\/index.php?rest_route=\/wp\/v2\/pages\/4605\/revisions\/4606"}],"up":[{"embeddable":true,"href":"https:\/\/www.jwl.ch\/index.php?rest_route=\/wp\/v2\/pages\/498"}],"wp:attachment":[{"href":"https:\/\/www.jwl.ch\/index.php?rest_route=%2Fwp%2Fv2%2Fmedia&parent=4605"}],"curies":[{"name":"wp","href":"https:\/\/api.w.org\/{rel}","templated":true}]}}