{"id":4293,"date":"2020-04-28T09:09:27","date_gmt":"2020-04-28T07:09:27","guid":{"rendered":"https:\/\/www.jwl.ch\/?page_id=4293"},"modified":"2020-08-31T17:24:43","modified_gmt":"2020-08-31T15:24:43","slug":"jublachilbi-2020","status":"publish","type":"page","link":"https:\/\/www.jwl.ch\/?page_id=4293","title":{"rendered":"Jublachilbi 2020"},"content":{"rendered":"<p><img loading=\"lazy\" decoding=\"async\" class=\"size-thumbnail wp-image-2880 aligncenter\" src=\"https:\/\/www.jwl.ch\/wp-content\/uploads\/2019\/05\/Jublachilbi-Logo-final-803x1000.png\" alt=\"\" width=\"803\" height=\"1000\" srcset=\"https:\/\/www.jwl.ch\/wp-content\/uploads\/2019\/05\/Jublachilbi-Logo-final-803x1000.png 803w, https:\/\/www.jwl.ch\/wp-content\/uploads\/2019\/05\/Jublachilbi-Logo-final-964x1200.png 964w, https:\/\/www.jwl.ch\/wp-content\/uploads\/2019\/05\/Jublachilbi-Logo-final-768x956.png 768w, https:\/\/www.jwl.ch\/wp-content\/uploads\/2019\/05\/Jublachilbi-Logo-final-400x498.png 400w, https:\/\/www.jwl.ch\/wp-content\/uploads\/2019\/05\/Jublachilbi-Logo-final.png 1285w\" sizes=\"auto, (max-width: 803px) 100vw, 803px\" \/><\/p>\n<p>Die diesj\u00e4hrige Jublachilbi musste aufgrund der Corona-Massnahmen abgesagt werden. Unsere Jublakinder werden aber trotzdem nicht ganz auf das Chilbifeeling verzichten m\u00fcssen. Am Samstag, 19. September, werden wir einen Scharanlass mit Zuckerwatte, B\u00fcchsenschiessen und spassigem Zusammensein durchf\u00fchren. Dieser wird von 13:00 &#8211; 16:00 Uhr bei der Kirche St. Theodul in Littau stattfinden. Um die Teilnehmeranzahl kontrollieren zu k\u00f6nnen bitten wir euch um eine kurze Anmeldung an <a href=\"mailto:jubla.chilbi@gmail.com\">jubla.chilbi@gmail.com<\/a>.<\/p>\n<p><img loading=\"lazy\" decoding=\"async\" class=\"size-full wp-image-3403 aligncenter\" src=\"https:\/\/www.jwl.ch\/wp-content\/uploads\/2019\/09\/image-1.jpg\" alt=\"\" width=\"600\" height=\"400\" srcset=\"https:\/\/www.jwl.ch\/wp-content\/uploads\/2019\/09\/image-1.jpg 600w, https:\/\/www.jwl.ch\/wp-content\/uploads\/2019\/09\/image-1-400x267.jpg 400w\" sizes=\"auto, (max-width: 600px) 100vw, 600px\" \/><\/p>\n","protected":false},"excerpt":{"rendered":"<p>Die diesj\u00e4hrige Jublachilbi musste aufgrund der Corona-Massnahmen abgesagt werden. Unsere Jublakinder werden aber trotzdem nicht ganz auf das Chilbifeeling verzichten m\u00fcssen. Am Samstag, 19. September, werden wir einen Scharanlass mit &#8230; <a title=\"Jublachilbi 2020\" class=\"read-more\" href=\"https:\/\/www.jwl.ch\/?page_id=4293\" aria-label=\"Mehr Informationen \u00fcber Jublachilbi 2020\">Weiterlesen<\/a><\/p>\n","protected":false},"author":3,"featured_media":0,"parent":3530,"menu_order":0,"comment_status":"closed","ping_status":"closed","template":"","meta":{"footnotes":""},"class_list":["post-4293","page","type-page","status-publish"],"aioseo_notices":[],"_links":{"self":[{"href":"https:\/\/www.jwl.ch\/index.php?rest_route=\/wp\/v2\/pages\/4293","targetHints":{"allow":["GET"]}}],"collection":[{"href":"https:\/\/www.jwl.ch\/index.php?rest_route=\/wp\/v2\/pages"}],"about":[{"href":"https:\/\/www.jwl.ch\/index.php?rest_route=\/wp\/v2\/types\/page"}],"author":[{"embeddable":true,"href":"https:\/\/www.jwl.ch\/index.php?rest_route=\/wp\/v2\/users\/3"}],"replies":[{"embeddable":true,"href":"https:\/\/www.jwl.ch\/index.php?rest_route=%2Fwp%2Fv2%2Fcomments&post=4293"}],"version-history":[{"count":2,"href":"https:\/\/www.jwl.ch\/index.php?rest_route=\/wp\/v2\/pages\/4293\/revisions"}],"predecessor-version":[{"id":4598,"href":"https:\/\/www.jwl.ch\/index.php?rest_route=\/wp\/v2\/pages\/4293\/revisions\/4598"}],"up":[{"embeddable":true,"href":"https:\/\/www.jwl.ch\/index.php?rest_route=\/wp\/v2\/pages\/3530"}],"wp:attachment":[{"href":"https:\/\/www.jwl.ch\/index.php?rest_route=%2Fwp%2Fv2%2Fmedia&parent=4293"}],"curies":[{"name":"wp","href":"https:\/\/api.w.org\/{rel}","templated":true}]}}