{"id":4283,"date":"2020-04-26T17:08:43","date_gmt":"2020-04-26T15:08:43","guid":{"rendered":"https:\/\/www.jwl.ch\/?page_id=4283"},"modified":"2024-01-11T10:37:13","modified_gmt":"2024-01-11T09:37:13","slug":"sola-2020","status":"publish","type":"page","link":"https:\/\/www.jwl.ch\/?page_id=4283","title":{"rendered":"Sola 2020"},"content":{"rendered":"<h2><img loading=\"lazy\" decoding=\"async\" class=\"wp-image-4332 alignright\" src=\"https:\/\/www.jwl.ch\/wp-content\/uploads\/2020\/06\/sola20_Bild_Page-707x1000.png\" alt=\"\" width=\"254\" height=\"360\" srcset=\"https:\/\/www.jwl.ch\/wp-content\/uploads\/2020\/06\/sola20_Bild_Page-707x1000.png 707w, https:\/\/www.jwl.ch\/wp-content\/uploads\/2020\/06\/sola20_Bild_Page-849x1200.png 849w, https:\/\/www.jwl.ch\/wp-content\/uploads\/2020\/06\/sola20_Bild_Page-768x1086.png 768w, https:\/\/www.jwl.ch\/wp-content\/uploads\/2020\/06\/sola20_Bild_Page-1086x1536.png 1086w, https:\/\/www.jwl.ch\/wp-content\/uploads\/2020\/06\/sola20_Bild_Page-1449x2048.png 1449w, https:\/\/www.jwl.ch\/wp-content\/uploads\/2020\/06\/sola20_Bild_Page-400x566.png 400w, https:\/\/www.jwl.ch\/wp-content\/uploads\/2020\/06\/sola20_Bild_Page.png 1600w\" sizes=\"auto, (max-width: 254px) 100vw, 254px\" \/><\/h2>\n<h2>Tagesr\u00fcckblick<\/h2>\n\n\n<div class=\"su-posts su-posts-default-loop \">\n\n\t\n\t\t\t\t\t\n\t\t\t\n\t\t\t<div id=\"su-post-44485\" class=\"su-post \">\n\n\t\t\t\t\n\t\t\t\t<h2 class=\"su-post-title\"><a href=\"https:\/\/www.jwl.ch\/?p=44485\">Montag, 11.07.2022<\/a><\/h2>\n\n\t\t\t\t<div class=\"su-post-meta\">\n\t\t\t\t\tVer\u00f6ffentlicht: 11. Juli 2022\t\t\t\t<\/div>\n\n\t\t\t\t<div class=\"su-post-excerpt\">\n\t\t\t\t\t<p>Heute haben wir 27 junge M\u00e4nner gefunden, die mit uns gegen die R\u00f6mer antreten, um dem ewigen Streit um Gallien ein Ende zu setzen. Nach einer dreist\u00fcndigen Anreise mit Car &#8230; <a title=\"Montag, 11.07.2022\" class=\"read-more\" href=\"https:\/\/www.jwl.ch\/?p=44485\" aria-label=\"Mehr Informationen \u00fcber Montag, 11.07.2022\">Weiterlesen<\/a><\/p>\n\t\t\t\t<\/div>\n\n\t\t\t\t\n\t\t\t<\/div>\n\n\t\t\t\t\t\n\t\t\t\n\t\t\t<div id=\"su-post-4480\" class=\"su-post \">\n\n\t\t\t\t\n\t\t\t\t<h2 class=\"su-post-title\"><a href=\"https:\/\/www.jwl.ch\/?p=4480\">Donnerstag, 16.07.2020<\/a><\/h2>\n\n\t\t\t\t<div class=\"su-post-meta\">\n\t\t\t\t\tVer\u00f6ffentlicht: 16. Juli 2020\t\t\t\t<\/div>\n\n\t\t\t\t<div class=\"su-post-excerpt\">\n\t\t\t\t\t<p>Wir haben nach dem gestrigen Wirtschaftsabend nun genug Geld um unseren K\u00e4pten zur\u00fcck zu kaufen. Den ganzen Tag widmen wir dem Abbauen der ersten Hochbaute, dem Leuchtturm und einem Grossteil &#8230; <a title=\"Donnerstag, 16.07.2020\" class=\"read-more\" href=\"https:\/\/www.jwl.ch\/?p=4480\" aria-label=\"Mehr Informationen \u00fcber Donnerstag, 16.07.2020\">Weiterlesen<\/a><\/p>\n\t\t\t\t<\/div>\n\n\t\t\t\t\n\t\t\t<\/div>\n\n\t\t\t\t\t\n\t\t\t\n\t\t\t<div id=\"su-post-4450\" class=\"su-post \">\n\n\t\t\t\t\n\t\t\t\t<h2 class=\"su-post-title\"><a href=\"https:\/\/www.jwl.ch\/?p=4450\">Mittwoch, 15.07.2020<\/a><\/h2>\n\n\t\t\t\t<div class=\"su-post-meta\">\n\t\t\t\t\tVer\u00f6ffentlicht: 15. Juli 2020\t\t\t\t<\/div>\n\n\t\t\t\t<div class=\"su-post-excerpt\">\n\t\t\t\t\t<p>Nachdem gestern unser Lagerleiter von Piraten entf\u00fchrt worden war,\u00a0 m\u00fcssen wir heute in Sachen Fitness noch einmal alles geben. Am Nachmittag versuchten wir, uns bei einem Capture the Flag im &#8230; <a title=\"Mittwoch, 15.07.2020\" class=\"read-more\" href=\"https:\/\/www.jwl.ch\/?p=4450\" aria-label=\"Mehr Informationen \u00fcber Mittwoch, 15.07.2020\">Weiterlesen<\/a><\/p>\n\t\t\t\t<\/div>\n\n\t\t\t\t\n\t\t\t<\/div>\n\n\t\t\t\t\t\n\t\t\t\n\t\t\t<div id=\"su-post-4446\" class=\"su-post \">\n\n\t\t\t\t\n\t\t\t\t<h2 class=\"su-post-title\"><a href=\"https:\/\/www.jwl.ch\/?p=4446\">Dienstag, 14.07.2020<\/a><\/h2>\n\n\t\t\t\t<div class=\"su-post-meta\">\n\t\t\t\t\tVer\u00f6ffentlicht: 14. Juli 2020\t\t\t\t<\/div>\n\n\t\t\t\t<div class=\"su-post-excerpt\">\n\t\t\t\t\t<p>Die \u00c4ltesten haben das Leitungsteam super vertreten und wir glauben dass sie nun bereit f\u00fcr das Leitungsteam sind. Nach dem leckeren Mittagessen kamen wenige Leiter von der Verkaufstour zur\u00fcck. V\u00f6llig &#8230; <a title=\"Dienstag, 14.07.2020\" class=\"read-more\" href=\"https:\/\/www.jwl.ch\/?p=4446\" aria-label=\"Mehr Informationen \u00fcber Dienstag, 14.07.2020\">Weiterlesen<\/a><\/p>\n\t\t\t\t<\/div>\n\n\t\t\t\t\n\t\t\t<\/div>\n\n\t\t\t\t\t\n\t\t\t\n\t\t\t<div id=\"su-post-4438\" class=\"su-post \">\n\n\t\t\t\t\n\t\t\t\t<h2 class=\"su-post-title\"><a href=\"https:\/\/www.jwl.ch\/?p=4438\">Montag, 13.07.2020<\/a><\/h2>\n\n\t\t\t\t<div class=\"su-post-meta\">\n\t\t\t\t\tVer\u00f6ffentlicht: 13. Juli 2020\t\t\t\t<\/div>\n\n\t\t\t\t<div class=\"su-post-excerpt\">\n\t\t\t\t\t<p>Die zweite Lagerwoche ist gestartet! Nach der verdienten Pause geht es jetzt um die Vermarktung der Pastillen. Morgens haben alle Mottogruppen super um die Packungen gek\u00e4mpft. Gerade als sich die &#8230; <a title=\"Montag, 13.07.2020\" class=\"read-more\" href=\"https:\/\/www.jwl.ch\/?p=4438\" aria-label=\"Mehr Informationen \u00fcber Montag, 13.07.2020\">Weiterlesen<\/a><\/p>\n\t\t\t\t<\/div>\n\n\t\t\t\t\n\t\t\t<\/div>\n\n\t\t\t\t\t\n\t\t\t\n\t\t\t<div id=\"su-post-4436\" class=\"su-post \">\n\n\t\t\t\t\n\t\t\t\t<h2 class=\"su-post-title\"><a href=\"https:\/\/www.jwl.ch\/?p=4436\">Sonntag, 12.07.2020<\/a><\/h2>\n\n\t\t\t\t<div class=\"su-post-meta\">\n\t\t\t\t\tVer\u00f6ffentlicht: 13. Juli 2020\t\t\t\t<\/div>\n\n\t\t\t\t<div class=\"su-post-excerpt\">\n\t\t\t\t\t<p>Heute Morgen sind wir mit einem fantastischen Brunch in den Tag gestartet. Kurz darauf gab es eine Wanderung durch den G\u00fctschwald zum Weiher und anschliessend zur G\u00fctschh\u00fctte, wo wir eine &#8230; <a title=\"Sonntag, 12.07.2020\" class=\"read-more\" href=\"https:\/\/www.jwl.ch\/?p=4436\" aria-label=\"Mehr Informationen \u00fcber Sonntag, 12.07.2020\">Weiterlesen<\/a><\/p>\n\t\t\t\t<\/div>\n\n\t\t\t\t\n\t\t\t<\/div>\n\n\t\t\t\t\t\n\t\t\t\n\t\t\t<div id=\"su-post-4433\" class=\"su-post \">\n\n\t\t\t\t\n\t\t\t\t<h2 class=\"su-post-title\"><a href=\"https:\/\/www.jwl.ch\/?p=4433\">Samstag, 11.07.2020<\/a><\/h2>\n\n\t\t\t\t<div class=\"su-post-meta\">\n\t\t\t\t\tVer\u00f6ffentlicht: 13. Juli 2020\t\t\t\t<\/div>\n\n\t\t\t\t<div class=\"su-post-excerpt\">\n\t\t\t\t\t<p>Heute morgen lassen wir es langsam angehen und starten mit einem gem\u00fctlichem Postenlauf. Am Nachmittag probieren wir einen m\u00f6glichst hohen Betrag von den Investornen zu bekommen, f\u00fcr unsere Leitung beim &#8230; <a title=\"Samstag, 11.07.2020\" class=\"read-more\" href=\"https:\/\/www.jwl.ch\/?p=4433\" aria-label=\"Mehr Informationen \u00fcber Samstag, 11.07.2020\">Weiterlesen<\/a><\/p>\n\t\t\t\t<\/div>\n\n\t\t\t\t\n\t\t\t<\/div>\n\n\t\t\t\t\t\n\t\t\t\n\t\t\t<div id=\"su-post-4367\" class=\"su-post \">\n\n\t\t\t\t\n\t\t\t\t<h2 class=\"su-post-title\"><a href=\"https:\/\/www.jwl.ch\/?p=4367\">Freitag, 10.07.2020<\/a><\/h2>\n\n\t\t\t\t<div class=\"su-post-meta\">\n\t\t\t\t\tVer\u00f6ffentlicht: 10. Juli 2020\t\t\t\t<\/div>\n\n\t\t\t\t<div class=\"su-post-excerpt\">\n\t\t\t\t\t<p>Gestern konnten wir die ersten Pastillen herstellen und waren so begeistert, dass sogar in der Nachtschicht noch einige weitere hergestellt wurden. Jetzt geht es um die Vermarktung der Pastillen &#8211; &#8230; <a title=\"Freitag, 10.07.2020\" class=\"read-more\" href=\"https:\/\/www.jwl.ch\/?p=4367\" aria-label=\"Mehr Informationen \u00fcber Freitag, 10.07.2020\">Weiterlesen<\/a><\/p>\n\t\t\t\t<\/div>\n\n\t\t\t\t\n\t\t\t<\/div>\n\n\t\t\t\t\t\n\t\t\t\n\t\t\t<div id=\"su-post-4365\" class=\"su-post \">\n\n\t\t\t\t\n\t\t\t\t<h2 class=\"su-post-title\"><a href=\"https:\/\/www.jwl.ch\/?p=4365\">Donnerstag, 09.07.2020<\/a><\/h2>\n\n\t\t\t\t<div class=\"su-post-meta\">\n\t\t\t\t\tVer\u00f6ffentlicht: 10. Juli 2020\t\t\t\t<\/div>\n\n\t\t\t\t<div class=\"su-post-excerpt\">\n\t\t\t\t\t<p>Heute gingen wir in zwei Gruppen auf die Suche nach den Zutaten f\u00fcr unsere Pastillen und erlebten verschiedene Highlights wie Rodeln oder ein grosser Spielplatz. In der Zwischenzeit haben die &#8230; <a title=\"Donnerstag, 09.07.2020\" class=\"read-more\" href=\"https:\/\/www.jwl.ch\/?p=4365\" aria-label=\"Mehr Informationen \u00fcber Donnerstag, 09.07.2020\">Weiterlesen<\/a><\/p>\n\t\t\t\t<\/div>\n\n\t\t\t\t\n\t\t\t<\/div>\n\n\t\t\t\t\t\n\t\t\t\n\t\t\t<div id=\"su-post-4363\" class=\"su-post \">\n\n\t\t\t\t\n\t\t\t\t<h2 class=\"su-post-title\"><a href=\"https:\/\/www.jwl.ch\/?p=4363\">Mittwoch, 08.07.2020<\/a><\/h2>\n\n\t\t\t\t<div class=\"su-post-meta\">\n\t\t\t\t\tVer\u00f6ffentlicht: 10. Juli 2020\t\t\t\t<\/div>\n\n\t\t\t\t<div class=\"su-post-excerpt\">\n\t\t\t\t\t<p>Um w\u00e4hrend der Arbeit die n\u00f6tige St\u00e4rke zu haben, bet\u00e4tigten wir uns sehr sportlich. Am Nachmittag lernten wir einige Outdoortechniken, um ohne Probleme zu \u00fcberleben. Am Abend wurden wir von &#8230; <a title=\"Mittwoch, 08.07.2020\" class=\"read-more\" href=\"https:\/\/www.jwl.ch\/?p=4363\" aria-label=\"Mehr Informationen \u00fcber Mittwoch, 08.07.2020\">Weiterlesen<\/a><\/p>\n\t\t\t\t<\/div>\n\n\t\t\t\t\n\t\t\t<\/div>\n\n\t\t\t\t\t\n\t\t\t\n\t\t\t<div id=\"su-post-4361\" class=\"su-post \">\n\n\t\t\t\t\n\t\t\t\t<h2 class=\"su-post-title\"><a href=\"https:\/\/www.jwl.ch\/?p=4361\">Dienstag, 07.07.2020<\/a><\/h2>\n\n\t\t\t\t<div class=\"su-post-meta\">\n\t\t\t\t\tVer\u00f6ffentlicht: 8. Juli 2020\t\t\t\t<\/div>\n\n\t\t\t\t<div class=\"su-post-excerpt\">\n\t\t\t\t\t<p>Am Morgen lernten die Kinder wie man(n) mit dem Werkzeug umzugehen hat, und welche Gefahren es gibt. Damit bei einem Betriebsunfall richtig vorgegangen wird. Nach dem Mittagessen haben wir unsere &#8230; <a title=\"Dienstag, 07.07.2020\" class=\"read-more\" href=\"https:\/\/www.jwl.ch\/?p=4361\" aria-label=\"Mehr Informationen \u00fcber Dienstag, 07.07.2020\">Weiterlesen<\/a><\/p>\n\t\t\t\t<\/div>\n\n\t\t\t\t\n\t\t\t<\/div>\n\n\t\t\t\t\t\n\t\t\t\n\t\t\t<div id=\"su-post-4354\" class=\"su-post \">\n\n\t\t\t\t\n\t\t\t\t<h2 class=\"su-post-title\"><a href=\"https:\/\/www.jwl.ch\/?p=4354\">Montag, 06.07.2020<\/a><\/h2>\n\n\t\t\t\t<div class=\"su-post-meta\">\n\t\t\t\t\tVer\u00f6ffentlicht: 8. Juli 2020\t\t\t\t<\/div>\n\n\t\t\t\t<div class=\"su-post-excerpt\">\n\t\t\t\t\t<p>Sind wir zu stark, bist du zu schwach! Heute ging das grosse Abenteuer los. Alle sind gespannt wo die grosse Fabrik steht, die unsere zwei Kapit\u00e4ne gekauft haben. Gemeinsam sind &#8230; <a title=\"Montag, 06.07.2020\" class=\"read-more\" href=\"https:\/\/www.jwl.ch\/?p=4354\" aria-label=\"Mehr Informationen \u00fcber Montag, 06.07.2020\">Weiterlesen<\/a><\/p>\n\t\t\t\t<\/div>\n\n\t\t\t\t\n\t\t\t<\/div>\n\n\t\t\n\t\n<\/div>\n\n<p>&nbsp;<\/p>\n","protected":false},"excerpt":{"rendered":"<p>Tagesr\u00fcckblick &nbsp;<\/p>\n","protected":false},"author":3,"featured_media":2401,"parent":594,"menu_order":0,"comment_status":"closed","ping_status":"closed","template":"","meta":{"footnotes":""},"class_list":["post-4283","page","type-page","status-publish","has-post-thumbnail","hentry"],"aioseo_notices":[],"_links":{"self":[{"href":"https:\/\/www.jwl.ch\/index.php?rest_route=\/wp\/v2\/pages\/4283","targetHints":{"allow":["GET"]}}],"collection":[{"href":"https:\/\/www.jwl.ch\/index.php?rest_route=\/wp\/v2\/pages"}],"about":[{"href":"https:\/\/www.jwl.ch\/index.php?rest_route=\/wp\/v2\/types\/page"}],"author":[{"embeddable":true,"href":"https:\/\/www.jwl.ch\/index.php?rest_route=\/wp\/v2\/users\/3"}],"replies":[{"embeddable":true,"href":"https:\/\/www.jwl.ch\/index.php?rest_route=%2Fwp%2Fv2%2Fcomments&post=4283"}],"version-history":[{"count":14,"href":"https:\/\/www.jwl.ch\/index.php?rest_route=\/wp\/v2\/pages\/4283\/revisions"}],"predecessor-version":[{"id":4317,"href":"https:\/\/www.jwl.ch\/index.php?rest_route=\/wp\/v2\/pages\/4283\/revisions\/4317"}],"up":[{"embeddable":true,"href":"https:\/\/www.jwl.ch\/index.php?rest_route=\/wp\/v2\/pages\/594"}],"wp:featuredmedia":[{"embeddable":true,"href":"https:\/\/www.jwl.ch\/index.php?rest_route=\/wp\/v2\/media\/2401"}],"wp:attachment":[{"href":"https:\/\/www.jwl.ch\/index.php?rest_route=%2Fwp%2Fv2%2Fmedia&parent=4283"}],"curies":[{"name":"wp","href":"https:\/\/api.w.org\/{rel}","templated":true}]}}