{"id":3969,"date":"2020-04-18T21:47:56","date_gmt":"2020-04-18T19:47:56","guid":{"rendered":"https:\/\/www.jwl.ch\/?page_id=3969"},"modified":"2020-04-18T21:48:19","modified_gmt":"2020-04-18T19:48:19","slug":"rueckblicke-2017","status":"publish","type":"page","link":"https:\/\/www.jwl.ch\/?page_id=3969","title":{"rendered":"R\u00fcckblicke 2017"},"content":{"rendered":"\n\n<div class=\"su-posts su-posts-default-loop \">\n\n\t\n\t\t\t\t\t\n\t\t\t\n\t\t\t<div id=\"su-post-3934\" class=\"su-post \">\n\n\t\t\t\t\n\t\t\t\t<h2 class=\"su-post-title\"><a href=\"https:\/\/www.jwl.ch\/?p=3934\">RB Don Bosco 2017<\/a><\/h2>\n\n\t\t\t\t<div class=\"su-post-meta\">\n\t\t\t\t\tVer\u00f6ffentlicht: 18. April 2020\t\t\t\t<\/div>\n\n\t\t\t\t<div class=\"su-post-excerpt\">\n\t\t\t\t\t<p>An der Don Bosco-Feier Ende Januar konnten wir ganze 14 neue Jungw\u00e4chter in die Schar aufnehmen, welche nun die Freiheiten und Freir\u00e4ume in Gruppenstunden, Scharanl\u00e4ssen und im Lager geniessen k\u00f6nnen. &#8230; <a title=\"RB Don Bosco 2017\" class=\"read-more\" href=\"https:\/\/www.jwl.ch\/?p=3934\" aria-label=\"Mehr Informationen \u00fcber RB Don Bosco 2017\">Weiterlesen<\/a><\/p>\n\t\t\t\t<\/div>\n\n\t\t\t\t\n\t\t\t<\/div>\n\n\t\t\t\t\t\n\t\t\t\n\t\t\t<div id=\"su-post-3941\" class=\"su-post \">\n\n\t\t\t\t\n\t\t\t\t<h2 class=\"su-post-title\"><a href=\"https:\/\/www.jwl.ch\/?p=3941\">RB Zunftanlass 2017<\/a><\/h2>\n\n\t\t\t\t<div class=\"su-post-meta\">\n\t\t\t\t\tVer\u00f6ffentlicht: 18. April 2020\t\t\t\t<\/div>\n\n\t\t\t\t<div class=\"su-post-excerpt\">\n\t\t\t\t\t<p>Wer h\u00e4tte das gedacht&#8230; Es ist tats\u00e4chlich passiert! Nach sechs Niederlagen in den vergangenen sechs Jahren gewinnt die M\u00e4ttli-Zunft zum ersten Mal im Spielturnier gegen die Jungwacht. Dazu herzlichen Gl\u00fcckwunsch! &#8230; <a title=\"RB Zunftanlass 2017\" class=\"read-more\" href=\"https:\/\/www.jwl.ch\/?p=3941\" aria-label=\"Mehr Informationen \u00fcber RB Zunftanlass 2017\">Weiterlesen<\/a><\/p>\n\t\t\t\t<\/div>\n\n\t\t\t\t\n\t\t\t<\/div>\n\n\t\t\t\t\t\n\t\t\t\n\t\t\t<div id=\"su-post-3948\" class=\"su-post \">\n\n\t\t\t\t\n\t\t\t\t<h2 class=\"su-post-title\"><a href=\"https:\/\/www.jwl.ch\/?p=3948\">RB Jublaball 2017<\/a><\/h2>\n\n\t\t\t\t<div class=\"su-post-meta\">\n\t\t\t\t\tVer\u00f6ffentlicht: 18. April 2020\t\t\t\t<\/div>\n\n\t\t\t\t<div class=\"su-post-excerpt\">\n\t\t\t\t\t<p>Mit coolen Verkleidungen der Kinder zum Thema Geisterhaus durften wir zusammen einen unvergesslichen Abend verbringen. Trotz verschiedenen gruseligen Spielen im Heim wie zum Beispiel das Spinnensuchen oder Gegenst\u00e4nde erraten, kam &#8230; <a title=\"RB Jublaball 2017\" class=\"read-more\" href=\"https:\/\/www.jwl.ch\/?p=3948\" aria-label=\"Mehr Informationen \u00fcber RB Jublaball 2017\">Weiterlesen<\/a><\/p>\n\t\t\t\t<\/div>\n\n\t\t\t\t\n\t\t\t<\/div>\n\n\t\t\t\t\t\n\t\t\t\n\t\t\t<div id=\"su-post-3950\" class=\"su-post \">\n\n\t\t\t\t\n\t\t\t\t<h2 class=\"su-post-title\"><a href=\"https:\/\/www.jwl.ch\/?p=3950\">RB Winterlager 2017<\/a><\/h2>\n\n\t\t\t\t<div class=\"su-post-meta\">\n\t\t\t\t\tVer\u00f6ffentlicht: 18. April 2020\t\t\t\t<\/div>\n\n\t\t\t\t<div class=\"su-post-excerpt\">\n\t\t\t\t\t<p>Lagerbericht Als wir uns auf die Suche nach dem Geisterhaus begaben, waren wir bereits voller Tatendrang. Anschliessend erlebten wir in einer ereignisreichen Woche viel Spiel und Spass zusammen mit dem &#8230; <a title=\"RB Winterlager 2017\" class=\"read-more\" href=\"https:\/\/www.jwl.ch\/?p=3950\" aria-label=\"Mehr Informationen \u00fcber RB Winterlager 2017\">Weiterlesen<\/a><\/p>\n\t\t\t\t<\/div>\n\n\t\t\t\t\n\t\t\t<\/div>\n\n\t\t\t\t\t\n\t\t\t\n\t\t\t<div id=\"su-post-3957\" class=\"su-post \">\n\n\t\t\t\t\n\t\t\t\t<h2 class=\"su-post-title\"><a href=\"https:\/\/www.jwl.ch\/?p=3957\">RB Osterscharanlass 2017<\/a><\/h2>\n\n\t\t\t\t<div class=\"su-post-meta\">\n\t\t\t\t\tVer\u00f6ffentlicht: 18. April 2020\t\t\t\t<\/div>\n\n\t\t\t\t<div class=\"su-post-excerpt\">\n\t\t\t\t\t<p>Der Osterhase wurde beklaut! Er hat den Osterschatz mit all seinen Eiern und Schokohasen verloren. Deshalb machten sich am 25.03.2017 etwa 30 Jungwachtbuben auf den Weg ins \u201eParadiesli\u201c im Schachenwald, &#8230; <a title=\"RB Osterscharanlass 2017\" class=\"read-more\" href=\"https:\/\/www.jwl.ch\/?p=3957\" aria-label=\"Mehr Informationen \u00fcber RB Osterscharanlass 2017\">Weiterlesen<\/a><\/p>\n\t\t\t\t<\/div>\n\n\t\t\t\t\n\t\t\t<\/div>\n\n\t\t\t\t\t\n\t\t\t\n\t\t\t<div id=\"su-post-3967\" class=\"su-post \">\n\n\t\t\t\t\n\t\t\t\t<h2 class=\"su-post-title\"><a href=\"https:\/\/www.jwl.ch\/?p=3967\">RB Sommerlager 2017<\/a><\/h2>\n\n\t\t\t\t<div class=\"su-post-meta\">\n\t\t\t\t\tVer\u00f6ffentlicht: 18. April 2020\t\t\t\t<\/div>\n\n\t\t\t\t<div class=\"su-post-excerpt\">\n\t\t\t\t\t<p>R\u00fcckblick der Lagerleitung Unser Ziel ist erreicht. Der B\u00f6sewicht Professor Moriarty wurde weggesperrt. Also Sherlock Holmes. Irgendwie doch Beide. Oder wie war das jetzt schon wieder? Das gr\u00f6sste R\u00e4tsel der &#8230; <a title=\"RB Sommerlager 2017\" class=\"read-more\" href=\"https:\/\/www.jwl.ch\/?p=3967\" aria-label=\"Mehr Informationen \u00fcber RB Sommerlager 2017\">Weiterlesen<\/a><\/p>\n\t\t\t\t<\/div>\n\n\t\t\t\t\n\t\t\t<\/div>\n\n\t\t\n\t\n<\/div>\n\n<p>&nbsp;<\/p>\n","protected":false},"excerpt":{"rendered":"<p>&nbsp;<\/p>\n","protected":false},"author":3,"featured_media":0,"parent":3786,"menu_order":0,"comment_status":"closed","ping_status":"closed","template":"","meta":{"footnotes":""},"class_list":["post-3969","page","type-page","status-publish","hentry"],"aioseo_notices":[],"_links":{"self":[{"href":"https:\/\/www.jwl.ch\/index.php?rest_route=\/wp\/v2\/pages\/3969","targetHints":{"allow":["GET"]}}],"collection":[{"href":"https:\/\/www.jwl.ch\/index.php?rest_route=\/wp\/v2\/pages"}],"about":[{"href":"https:\/\/www.jwl.ch\/index.php?rest_route=\/wp\/v2\/types\/page"}],"author":[{"embeddable":true,"href":"https:\/\/www.jwl.ch\/index.php?rest_route=\/wp\/v2\/users\/3"}],"replies":[{"embeddable":true,"href":"https:\/\/www.jwl.ch\/index.php?rest_route=%2Fwp%2Fv2%2Fcomments&post=3969"}],"version-history":[{"count":1,"href":"https:\/\/www.jwl.ch\/index.php?rest_route=\/wp\/v2\/pages\/3969\/revisions"}],"predecessor-version":[{"id":3970,"href":"https:\/\/www.jwl.ch\/index.php?rest_route=\/wp\/v2\/pages\/3969\/revisions\/3970"}],"up":[{"embeddable":true,"href":"https:\/\/www.jwl.ch\/index.php?rest_route=\/wp\/v2\/pages\/3786"}],"wp:attachment":[{"href":"https:\/\/www.jwl.ch\/index.php?rest_route=%2Fwp%2Fv2%2Fmedia&parent=3969"}],"curies":[{"name":"wp","href":"https:\/\/api.w.org\/{rel}","templated":true}]}}