{"id":3929,"date":"2020-04-18T21:10:40","date_gmt":"2020-04-18T19:10:40","guid":{"rendered":"https:\/\/www.jwl.ch\/?page_id=3929"},"modified":"2020-04-18T21:10:40","modified_gmt":"2020-04-18T19:10:40","slug":"rueckblicke-2018","status":"publish","type":"page","link":"https:\/\/www.jwl.ch\/?page_id=3929","title":{"rendered":"R\u00fcckblicke 2018"},"content":{"rendered":"\n\n<div class=\"su-posts su-posts-default-loop \">\n\n\t\n\t\t\t\t\t\n\t\t\t\n\t\t\t<div id=\"su-post-3883\" class=\"su-post \">\n\n\t\t\t\t\n\t\t\t\t<h2 class=\"su-post-title\"><a href=\"https:\/\/www.jwl.ch\/?p=3883\">RB Don Bosco 2018<\/a><\/h2>\n\n\t\t\t\t<div class=\"su-post-meta\">\n\t\t\t\t\tVer\u00f6ffentlicht: 18. April 2020\t\t\t\t<\/div>\n\n\t\t\t\t<div class=\"su-post-excerpt\">\n\t\t\t\t\t<p>Die Don Bosco-Feier 2018 hatte es in sich. Nicht nur, weil die ganze Schar rund um den Altar ein &#8222;Tschi-ei-ei&#8220; gemacht hat. Auch der Jungwacht-Chor und das Theater der Kandidaten, &#8230; <a title=\"RB Don Bosco 2018\" class=\"read-more\" href=\"https:\/\/www.jwl.ch\/?p=3883\" aria-label=\"Mehr Informationen \u00fcber RB Don Bosco 2018\">Weiterlesen<\/a><\/p>\n\t\t\t\t<\/div>\n\n\t\t\t\t\n\t\t\t<\/div>\n\n\t\t\t\t\t\n\t\t\t\n\t\t\t<div id=\"su-post-3885\" class=\"su-post \">\n\n\t\t\t\t\n\t\t\t\t<h2 class=\"su-post-title\"><a href=\"https:\/\/www.jwl.ch\/?p=3885\">RB Zunftanlass 2018<\/a><\/h2>\n\n\t\t\t\t<div class=\"su-post-meta\">\n\t\t\t\t\tVer\u00f6ffentlicht: 18. April 2020\t\t\t\t<\/div>\n\n\t\t\t\t<div class=\"su-post-excerpt\">\n\t\t\t\t\t<p>Wie jedes Jahr haben wir auch dieses Jahr wieder unsere Kr\u00e4fte mit der M\u00e4ttli-Zunft gemessen. Nach der Niederlage im vergangenen Jahr, konnten wir dieses Jahr auf die Unterst\u00fctzung des Blaurings &#8230; <a title=\"RB Zunftanlass 2018\" class=\"read-more\" href=\"https:\/\/www.jwl.ch\/?p=3885\" aria-label=\"Mehr Informationen \u00fcber RB Zunftanlass 2018\">Weiterlesen<\/a><\/p>\n\t\t\t\t<\/div>\n\n\t\t\t\t\n\t\t\t<\/div>\n\n\t\t\t\t\t\n\t\t\t\n\t\t\t<div id=\"su-post-3890\" class=\"su-post \">\n\n\t\t\t\t\n\t\t\t\t<h2 class=\"su-post-title\"><a href=\"https:\/\/www.jwl.ch\/?p=3890\">RB Jublaball 2018<\/a><\/h2>\n\n\t\t\t\t<div class=\"su-post-meta\">\n\t\t\t\t\tVer\u00f6ffentlicht: 18. April 2020\t\t\t\t<\/div>\n\n\t\t\t\t<div class=\"su-post-excerpt\">\n\t\t\t\t\t<p>Am diesj\u00e4hrigen Jublaball konnten die Kinder T\u00e4nze lernen oder sich einen Sirup an der Sirup-Bar holen. Aber auch diverse Spiele kamen nicht zu kurz. Das grosse Highlight des Abends war &#8230; <a title=\"RB Jublaball 2018\" class=\"read-more\" href=\"https:\/\/www.jwl.ch\/?p=3890\" aria-label=\"Mehr Informationen \u00fcber RB Jublaball 2018\">Weiterlesen<\/a><\/p>\n\t\t\t\t<\/div>\n\n\t\t\t\t\n\t\t\t<\/div>\n\n\t\t\t\t\t\n\t\t\t\n\t\t\t<div id=\"su-post-3896\" class=\"su-post \">\n\n\t\t\t\t\n\t\t\t\t<h2 class=\"su-post-title\"><a href=\"https:\/\/www.jwl.ch\/?p=3896\">RB Winterlager 2018<\/a><\/h2>\n\n\t\t\t\t<div class=\"su-post-meta\">\n\t\t\t\t\tVer\u00f6ffentlicht: 18. April 2020\t\t\t\t<\/div>\n\n\t\t\t\t<div class=\"su-post-excerpt\">\n\t\t\t\t\t<p>Lagerbericht An einem k\u00fchlen Samstagmorgen traf sich Globi mit Geri Gerster zu einer seiner legend\u00e4ren M\u00e4rchenstunden auf dem Schulhausplatz in Littau. Doch kaum wurde das Buch mit dem vielsagenden Titel &#8230; <a title=\"RB Winterlager 2018\" class=\"read-more\" href=\"https:\/\/www.jwl.ch\/?p=3896\" aria-label=\"Mehr Informationen \u00fcber RB Winterlager 2018\">Weiterlesen<\/a><\/p>\n\t\t\t\t<\/div>\n\n\t\t\t\t\n\t\t\t<\/div>\n\n\t\t\t\t\t\n\t\t\t\n\t\t\t<div id=\"su-post-3903\" class=\"su-post \">\n\n\t\t\t\t\n\t\t\t\t<h2 class=\"su-post-title\"><a href=\"https:\/\/www.jwl.ch\/?p=3903\">RB Funsportnight 2018<\/a><\/h2>\n\n\t\t\t\t<div class=\"su-post-meta\">\n\t\t\t\t\tVer\u00f6ffentlicht: 18. April 2020\t\t\t\t<\/div>\n\n\t\t\t\t<div class=\"su-post-excerpt\">\n\t\t\t\t\t<p>Am 24. Februar 2018 fand die legend\u00e4re Funsportnight statt. An diesem Abend im Jahr versammeln sich alle Jublanerinnen und Jublaner von Littau in der Turnhalle Littau Dorf, um sich in &#8230; <a title=\"RB Funsportnight 2018\" class=\"read-more\" href=\"https:\/\/www.jwl.ch\/?p=3903\" aria-label=\"Mehr Informationen \u00fcber RB Funsportnight 2018\">Weiterlesen<\/a><\/p>\n\t\t\t\t<\/div>\n\n\t\t\t\t\n\t\t\t<\/div>\n\n\t\t\t\t\t\n\t\t\t\n\t\t\t<div id=\"su-post-3908\" class=\"su-post \">\n\n\t\t\t\t\n\t\t\t\t<h2 class=\"su-post-title\"><a href=\"https:\/\/www.jwl.ch\/?p=3908\">RB Osterscharanlass 2018<\/a><\/h2>\n\n\t\t\t\t<div class=\"su-post-meta\">\n\t\t\t\t\tVer\u00f6ffentlicht: 18. April 2020\t\t\t\t<\/div>\n\n\t\t\t\t<div class=\"su-post-excerpt\">\n\t\t\t\t\t<p>Am diesj\u00e4hrigen Osterscharanlass halfen wir dem Osterhasen Ostern vorzubereiten, weil er zu lange im Winterschlaf war. Dies wurde mit einem spielerischen Postenlauf umgesetzt. Es gab f\u00fcnf verschiedene Posten mit je &#8230; <a title=\"RB Osterscharanlass 2018\" class=\"read-more\" href=\"https:\/\/www.jwl.ch\/?p=3908\" aria-label=\"Mehr Informationen \u00fcber RB Osterscharanlass 2018\">Weiterlesen<\/a><\/p>\n\t\t\t\t<\/div>\n\n\t\t\t\t\n\t\t\t<\/div>\n\n\t\t\t\t\t\n\t\t\t\n\t\t\t<div id=\"su-post-3917\" class=\"su-post \">\n\n\t\t\t\t\n\t\t\t\t<h2 class=\"su-post-title\"><a href=\"https:\/\/www.jwl.ch\/?p=3917\">RB Sommerlager 2018<\/a><\/h2>\n\n\t\t\t\t<div class=\"su-post-meta\">\n\t\t\t\t\tVer\u00f6ffentlicht: 18. April 2020\t\t\t\t<\/div>\n\n\t\t\t\t<div class=\"su-post-excerpt\">\n\t\t\t\t\t<p>R\u00fcckblick Lagerleitung Wow, was ein Sommerlager, zwei Wochen voller Action und gro\u00dfartigen Erlebnissen. Aber fangen wir vorne an. Am Montag 09. Juli 2018, startete HP Armstrong mit 27 Buben in &#8230; <a title=\"RB Sommerlager 2018\" class=\"read-more\" href=\"https:\/\/www.jwl.ch\/?p=3917\" aria-label=\"Mehr Informationen \u00fcber RB Sommerlager 2018\">Weiterlesen<\/a><\/p>\n\t\t\t\t<\/div>\n\n\t\t\t\t\n\t\t\t<\/div>\n\n\t\t\t\t\t\n\t\t\t\n\t\t\t<div id=\"su-post-3921\" class=\"su-post \">\n\n\t\t\t\t\n\t\t\t\t<h2 class=\"su-post-title\"><a href=\"https:\/\/www.jwl.ch\/?p=3921\">RB Jublatag 2018<\/a><\/h2>\n\n\t\t\t\t<div class=\"su-post-meta\">\n\t\t\t\t\tVer\u00f6ffentlicht: 18. April 2020\t\t\t\t<\/div>\n\n\t\t\t\t<div class=\"su-post-excerpt\">\n\t\t\t\t\t<p>Bei sch\u00f6nstem Sommerwetter verbrachten wir den Jublatag 2018 am \u00c4mmelauf in Littau. Beim Jonglierb\u00e4lle basteln im Indianertippi, Hosensackspielen auf dem Schulhausplatz oder beim Ballonwettbewerb durften wir den vielen sportbegeisterten Kindern &#8230; <a title=\"RB Jublatag 2018\" class=\"read-more\" href=\"https:\/\/www.jwl.ch\/?p=3921\" aria-label=\"Mehr Informationen \u00fcber RB Jublatag 2018\">Weiterlesen<\/a><\/p>\n\t\t\t\t<\/div>\n\n\t\t\t\t\n\t\t\t<\/div>\n\n\t\t\n\t\n<\/div>\n\n<p>&nbsp;<\/p>\n","protected":false},"excerpt":{"rendered":"<p>&nbsp;<\/p>\n","protected":false},"author":3,"featured_media":0,"parent":3786,"menu_order":0,"comment_status":"closed","ping_status":"closed","template":"","meta":{"footnotes":""},"class_list":["post-3929","page","type-page","status-publish","hentry"],"aioseo_notices":[],"_links":{"self":[{"href":"https:\/\/www.jwl.ch\/index.php?rest_route=\/wp\/v2\/pages\/3929","targetHints":{"allow":["GET"]}}],"collection":[{"href":"https:\/\/www.jwl.ch\/index.php?rest_route=\/wp\/v2\/pages"}],"about":[{"href":"https:\/\/www.jwl.ch\/index.php?rest_route=\/wp\/v2\/types\/page"}],"author":[{"embeddable":true,"href":"https:\/\/www.jwl.ch\/index.php?rest_route=\/wp\/v2\/users\/3"}],"replies":[{"embeddable":true,"href":"https:\/\/www.jwl.ch\/index.php?rest_route=%2Fwp%2Fv2%2Fcomments&post=3929"}],"version-history":[{"count":1,"href":"https:\/\/www.jwl.ch\/index.php?rest_route=\/wp\/v2\/pages\/3929\/revisions"}],"predecessor-version":[{"id":3930,"href":"https:\/\/www.jwl.ch\/index.php?rest_route=\/wp\/v2\/pages\/3929\/revisions\/3930"}],"up":[{"embeddable":true,"href":"https:\/\/www.jwl.ch\/index.php?rest_route=\/wp\/v2\/pages\/3786"}],"wp:attachment":[{"href":"https:\/\/www.jwl.ch\/index.php?rest_route=%2Fwp%2Fv2%2Fmedia&parent=3929"}],"curies":[{"name":"wp","href":"https:\/\/api.w.org\/{rel}","templated":true}]}}