{"id":3872,"date":"2020-04-18T17:07:17","date_gmt":"2020-04-18T15:07:17","guid":{"rendered":"https:\/\/www.jwl.ch\/?page_id=3872"},"modified":"2020-04-18T17:07:17","modified_gmt":"2020-04-18T15:07:17","slug":"rueckblicke-2019","status":"publish","type":"page","link":"https:\/\/www.jwl.ch\/?page_id=3872","title":{"rendered":"R\u00fcckblicke 2019"},"content":{"rendered":"<p><span style=\"float: none;background-color: #ffffff;color: #333333;cursor: text;font-family: Georgia,'Times New Roman','Bitstream Charter',Times,serif;font-size: 16px;font-style: normal;font-variant: normal;font-weight: 400;letter-spacing: normal;text-align: left;text-decoration: none;text-indent: 0px;text-transform: none\">\n\n<div class=\"su-posts su-posts-default-loop \">\n\n\t\n\t\t\t\t\t\n\t\t\t\n\t\t\t<div id=\"su-post-3805\" class=\"su-post \">\n\n\t\t\t\t\n\t\t\t\t<h2 class=\"su-post-title\"><a href=\"https:\/\/www.jwl.ch\/?p=3805\">RB Zunftanlass 2019<\/a><\/h2>\n\n\t\t\t\t<div class=\"su-post-meta\">\n\t\t\t\t\tVer\u00f6ffentlicht: 17. April 2020\t\t\t\t<\/div>\n\n\t\t\t\t<div class=\"su-post-excerpt\">\n\t\t\t\t\t<p>Zusammen mit dem Blauring versuchten unsere Jungs am Samstag 26.01.2019 die M\u00e4ttli Zunft von Littau zu schlagen und den Wanderpokal zu verteidigen. Bei verschiedenen Spielen wie dem Gummistiefel-Weitwurf, Pantomime, Wo &#8230; <a title=\"RB Zunftanlass 2019\" class=\"read-more\" href=\"https:\/\/www.jwl.ch\/?p=3805\" aria-label=\"Mehr Informationen \u00fcber RB Zunftanlass 2019\">Weiterlesen<\/a><\/p>\n\t\t\t\t<\/div>\n\n\t\t\t\t\n\t\t\t<\/div>\n\n\t\t\t\t\t\n\t\t\t\n\t\t\t<div id=\"su-post-3808\" class=\"su-post \">\n\n\t\t\t\t\n\t\t\t\t<h2 class=\"su-post-title\"><a href=\"https:\/\/www.jwl.ch\/?p=3808\">RB Don Bosco 2019<\/a><\/h2>\n\n\t\t\t\t<div class=\"su-post-meta\">\n\t\t\t\t\tVer\u00f6ffentlicht: 17. April 2020\t\t\t\t<\/div>\n\n\t\t\t\t<div class=\"su-post-excerpt\">\n\t\t\t\t\t<p>Das Logo von Jungwacht und Blauring Schweiz bildet mit den Figuren die f\u00fcnf Grunds\u00e4tze ab. Es sieht etwas aus wie ein &#8222;Spaghetti-Teller&#8220; und tr\u00e4gt deshalb auch diesen \u00fcbernahmen. Die j\u00fcngsten &#8230; <a title=\"RB Don Bosco 2019\" class=\"read-more\" href=\"https:\/\/www.jwl.ch\/?p=3808\" aria-label=\"Mehr Informationen \u00fcber RB Don Bosco 2019\">Weiterlesen<\/a><\/p>\n\t\t\t\t<\/div>\n\n\t\t\t\t\n\t\t\t<\/div>\n\n\t\t\t\t\t\n\t\t\t\n\t\t\t<div id=\"su-post-3816\" class=\"su-post \">\n\n\t\t\t\t\n\t\t\t\t<h2 class=\"su-post-title\"><a href=\"https:\/\/www.jwl.ch\/?p=3816\">RB Jublaball 2019<\/a><\/h2>\n\n\t\t\t\t<div class=\"su-post-meta\">\n\t\t\t\t\tVer\u00f6ffentlicht: 17. April 2020\t\t\t\t<\/div>\n\n\t\t\t\t<div class=\"su-post-excerpt\">\n\t\t\t\t\t<p>Bevor wir uns am Samstagmorgen ins Abenteuer Winterlager 2019 st\u00fcrtzten, liessen wir es am Jublaball nochmals richtig krachen! Im Pfarrsaal trafen sich rund 30 Jungwachtsknaben und Blauringm\u00e4dchen um zusammen mit &#8230; <a title=\"RB Jublaball 2019\" class=\"read-more\" href=\"https:\/\/www.jwl.ch\/?p=3816\" aria-label=\"Mehr Informationen \u00fcber RB Jublaball 2019\">Weiterlesen<\/a><\/p>\n\t\t\t\t<\/div>\n\n\t\t\t\t\n\t\t\t<\/div>\n\n\t\t\t\t\t\n\t\t\t\n\t\t\t<div id=\"su-post-3818\" class=\"su-post \">\n\n\t\t\t\t\n\t\t\t\t<h2 class=\"su-post-title\"><a href=\"https:\/\/www.jwl.ch\/?p=3818\">RB Winterlager 2019<\/a><\/h2>\n\n\t\t\t\t<div class=\"su-post-meta\">\n\t\t\t\t\tVer\u00f6ffentlicht: 18. April 2020\t\t\t\t<\/div>\n\n\t\t\t\t<div class=\"su-post-excerpt\">\n\t\t\t\t\t<p>R\u00fcckblick der Lagerleitung Ahoi Matrosen Alles war bereit f\u00fcr eine Traumwoche auf dem Kreuzfahrtschiff, jeder hatte die Badehose und die Sonnecreme eingepackt, das Portmonnaie f\u00fcr Shoppingtouren in anderen L\u00e4nder gef\u00fcllt &#8230; <a title=\"RB Winterlager 2019\" class=\"read-more\" href=\"https:\/\/www.jwl.ch\/?p=3818\" aria-label=\"Mehr Informationen \u00fcber RB Winterlager 2019\">Weiterlesen<\/a><\/p>\n\t\t\t\t<\/div>\n\n\t\t\t\t\n\t\t\t<\/div>\n\n\t\t\t\t\t\n\t\t\t\n\t\t\t<div id=\"su-post-3860\" class=\"su-post \">\n\n\t\t\t\t\n\t\t\t\t<h2 class=\"su-post-title\"><a href=\"https:\/\/www.jwl.ch\/?p=3860\">RB Osterscharanlass 2019<\/a><\/h2>\n\n\t\t\t\t<div class=\"su-post-meta\">\n\t\t\t\t\tVer\u00f6ffentlicht: 18. April 2020\t\t\t\t<\/div>\n\n\t\t\t\t<div class=\"su-post-excerpt\">\n\t\t\t\t\t<p>Der Osterhase hatte wieder einmal gerufen. Er verlangte ein ebenb\u00fcrtiges Duell zwischen zwei Jungwachtsscharen. Zusammen mit der Jungwacht Riffig, lieferten wir uns deshalb ein spannendes Firefight-Duell. Beide Scharen bauten ein &#8230; <a title=\"RB Osterscharanlass 2019\" class=\"read-more\" href=\"https:\/\/www.jwl.ch\/?p=3860\" aria-label=\"Mehr Informationen \u00fcber RB Osterscharanlass 2019\">Weiterlesen<\/a><\/p>\n\t\t\t\t<\/div>\n\n\t\t\t\t\n\t\t\t<\/div>\n\n\t\t\t\t\t\n\t\t\t\n\t\t\t<div id=\"su-post-3863\" class=\"su-post \">\n\n\t\t\t\t\n\t\t\t\t<h2 class=\"su-post-title\"><a href=\"https:\/\/www.jwl.ch\/?p=3863\">RB Sommerlager 2019<\/a><\/h2>\n\n\t\t\t\t<div class=\"su-post-meta\">\n\t\t\t\t\tVer\u00f6ffentlicht: 18. April 2020\t\t\t\t<\/div>\n\n\t\t\t\t<div class=\"su-post-excerpt\">\n\t\t\t\t\t<p>R\u00fcckblick Lagerleitung Sommerlager 2019 &#8211; Die rote Bruderschaft 50 Millionen, eine Menge Geld, welches wir w\u00e4hrend den zwei Wochen aus dem Casino geklaut haben. Nicht immer ging alles nach Plan, &#8230; <a title=\"RB Sommerlager 2019\" class=\"read-more\" href=\"https:\/\/www.jwl.ch\/?p=3863\" aria-label=\"Mehr Informationen \u00fcber RB Sommerlager 2019\">Weiterlesen<\/a><\/p>\n\t\t\t\t<\/div>\n\n\t\t\t\t\n\t\t\t<\/div>\n\n\t\t\t\t\t\n\t\t\t\n\t\t\t<div id=\"su-post-3865\" class=\"su-post \">\n\n\t\t\t\t\n\t\t\t\t<h2 class=\"su-post-title\"><a href=\"https:\/\/www.jwl.ch\/?p=3865\">RB Jublachilbi 2019<\/a><\/h2>\n\n\t\t\t\t<div class=\"su-post-meta\">\n\t\t\t\t\tVer\u00f6ffentlicht: 18. April 2020\t\t\t\t<\/div>\n\n\t\t\t\t<div class=\"su-post-excerpt\">\n\t\t\t\t\t<p>Die Chilbi war zur\u00fcck! &nbsp; Die Jubla Chilbi ist bereits wieder vorbei und wir d\u00fcrfen auf einen erfolgreichen Tag zur\u00fcckblicken. Es freut uns, dass das Comeback der Littauer Chilbi nach &#8230; <a title=\"RB Jublachilbi 2019\" class=\"read-more\" href=\"https:\/\/www.jwl.ch\/?p=3865\" aria-label=\"Mehr Informationen \u00fcber RB Jublachilbi 2019\">Weiterlesen<\/a><\/p>\n\t\t\t\t<\/div>\n\n\t\t\t\t\n\t\t\t<\/div>\n\n\t\t\t\t\t\n\t\t\t\n\t\t\t<div id=\"su-post-3867\" class=\"su-post \">\n\n\t\t\t\t\n\t\t\t\t<h2 class=\"su-post-title\"><a href=\"https:\/\/www.jwl.ch\/?p=3867\">RB Horrornight 2019<\/a><\/h2>\n\n\t\t\t\t<div class=\"su-post-meta\">\n\t\t\t\t\tVer\u00f6ffentlicht: 18. April 2020\t\t\t\t<\/div>\n\n\t\t\t\t<div class=\"su-post-excerpt\">\n\t\t\t\t\t<p>Der Gruselabend des Jahres stand wieder vor der T\u00fcr. Die zahlreichen M\u00e4dchen und Jungs wanderten mit uns in das Tal der Gruselkreaturen. Bei Tag sieht der Wald bei der Emme &#8230; <a title=\"RB Horrornight 2019\" class=\"read-more\" href=\"https:\/\/www.jwl.ch\/?p=3867\" aria-label=\"Mehr Informationen \u00fcber RB Horrornight 2019\">Weiterlesen<\/a><\/p>\n\t\t\t\t<\/div>\n\n\t\t\t\t\n\t\t\t<\/div>\n\n\t\t\t\t\t\n\t\t\t\n\t\t\t<div id=\"su-post-3869\" class=\"su-post \">\n\n\t\t\t\t\n\t\t\t\t<h2 class=\"su-post-title\"><a href=\"https:\/\/www.jwl.ch\/?p=3869\">RB JWL Escape<\/a><\/h2>\n\n\t\t\t\t<div class=\"su-post-meta\">\n\t\t\t\t\tVer\u00f6ffentlicht: 18. April 2020\t\t\t\t<\/div>\n\n\t\t\t\t<div class=\"su-post-excerpt\">\n\t\t\t\t\t<p>JWL Escape \u2013 Erfolgreich gefl\u00fcchtet!\u00a0 Unz\u00e4hlige R\u00e4tsel durften die 36 motivierten Kinder am Samstag 9. November 2019 am Jubi-Scharanlass l\u00f6sen. In einem Postenlauf haben sie unter anderem einen Foxtrail absolviert, &#8230; <a title=\"RB JWL Escape\" class=\"read-more\" href=\"https:\/\/www.jwl.ch\/?p=3869\" aria-label=\"Mehr Informationen \u00fcber RB JWL Escape\">Weiterlesen<\/a><\/p>\n\t\t\t\t<\/div>\n\n\t\t\t\t\n\t\t\t<\/div>\n\n\t\t\n\t\n<\/div>\n<\/span><\/p>\n","protected":false},"excerpt":{"rendered":"","protected":false},"author":3,"featured_media":0,"parent":3786,"menu_order":0,"comment_status":"closed","ping_status":"closed","template":"","meta":{"footnotes":""},"class_list":["post-3872","page","type-page","status-publish","hentry"],"aioseo_notices":[],"_links":{"self":[{"href":"https:\/\/www.jwl.ch\/index.php?rest_route=\/wp\/v2\/pages\/3872","targetHints":{"allow":["GET"]}}],"collection":[{"href":"https:\/\/www.jwl.ch\/index.php?rest_route=\/wp\/v2\/pages"}],"about":[{"href":"https:\/\/www.jwl.ch\/index.php?rest_route=\/wp\/v2\/types\/page"}],"author":[{"embeddable":true,"href":"https:\/\/www.jwl.ch\/index.php?rest_route=\/wp\/v2\/users\/3"}],"replies":[{"embeddable":true,"href":"https:\/\/www.jwl.ch\/index.php?rest_route=%2Fwp%2Fv2%2Fcomments&post=3872"}],"version-history":[{"count":1,"href":"https:\/\/www.jwl.ch\/index.php?rest_route=\/wp\/v2\/pages\/3872\/revisions"}],"predecessor-version":[{"id":3873,"href":"https:\/\/www.jwl.ch\/index.php?rest_route=\/wp\/v2\/pages\/3872\/revisions\/3873"}],"up":[{"embeddable":true,"href":"https:\/\/www.jwl.ch\/index.php?rest_route=\/wp\/v2\/pages\/3786"}],"wp:attachment":[{"href":"https:\/\/www.jwl.ch\/index.php?rest_route=%2Fwp%2Fv2%2Fmedia&parent=3872"}],"curies":[{"name":"wp","href":"https:\/\/api.w.org\/{rel}","templated":true}]}}