{"id":3530,"date":"2019-12-20T16:46:30","date_gmt":"2019-12-20T15:46:30","guid":{"rendered":"https:\/\/www.jwl.ch\/?page_id=3530"},"modified":"2020-03-08T17:47:29","modified_gmt":"2020-03-08T16:47:29","slug":"projekte","status":"publish","type":"page","link":"https:\/\/www.jwl.ch\/?page_id=3530","title":{"rendered":"Projekte"},"content":{"rendered":"<h2>Jungwacht Littau &#8211; viel mehr als nur ein Jugendverein<\/h2>\n<p>Unser Leitungsteam ist stehts bem\u00fcht, ein abwechslungsreiches Programm f\u00fcr die Kinder und Jugendlichen von Littau auf die Beine zu stellen. Dabei entstehen des \u00d6fteren Projekte, welche \u00fcber den &#8222;normalen&#8220; Jungwachtsalltag hinaus gehen. Neben Jubil\u00e4um, der Aktion 72 Stunden oder auch der zur\u00fcckgeholten Chilbi durften wir schon viele Projekte gemeinsam mit euch durchf\u00fchren und erleben. Auf dieser Seite bekommt ihr einen \u00dcberblick \u00fcber die vielen verschiedenen gr\u00f6sseren Projekte unserer Schar.<\/p>\n<div class=\"su-box su-box-style-default\" id=\"\" style=\"border-color:#000000;border-radius:3px\"><div class=\"su-box-title\" style=\"background-color:#333333;color:#FFFFFF;border-top-left-radius:1px;border-top-right-radius:1px\">Jubla Chilbi<\/div><div class=\"su-box-content su-u-clearfix su-u-trim\" style=\"border-bottom-left-radius:1px;border-bottom-right-radius:1px\">Am Samstag, 07. September 2019 haben wir gemeinsam mit dem Blauring Littau die Chilbi zur\u00fcckgeholt. Einige Impressionen vom Anlass findet ihr <a href=\"https:\/\/www.jwl.ch\/jublachilbi\/\">hier<\/a>.<\/div><\/div>\n<p><span style=\"float: none;background-color: #ffffff;color: #333333;cursor: text;font-family: Georgia,'Times New Roman','Bitstream Charter',Times,serif;font-size: 16px;font-style: normal;font-variant: normal;font-weight: 400;letter-spacing: normal;text-align: left;text-decoration: none;text-indent: 0px;text-transform: none\"><div class=\"su-box su-box-style-default\" id=\"\" style=\"border-color:#000000;border-radius:3px\"><div class=\"su-box-title\" style=\"background-color:#333333;color:#FFFFFF;border-top-left-radius:1px;border-top-right-radius:1px\">Aktion 72 Stunden<\/div><div class=\"su-box-content su-u-clearfix su-u-trim\" style=\"border-bottom-left-radius:1px;border-bottom-right-radius:1px\">Alle f\u00fcnf Jahre findet schweizweit die Aktion 72 Stunden statt, bei welcher es darum geht, auf Basis von freiwilligenarbeit eine gemeinn\u00fctzige Aktion zu machen. So hat die JWL zum Beispiel eine Feuerstelle erstellt, Pizzalieferdienst gemacht und viele weitere tolle Aktivit\u00e4ten zu gunsten der Littauer Bev\u00f6lkerung. Informationen zur aktuellen Aktion 72 Stunden findet ihr <a href=\"http:\/\/www.jwl.ch\/72-stunden\">hier<\/a>.<\/span><span style=\"float: none;background-color: #ffffff;color: #333333;cursor: text;font-family: Georgia,'Times New Roman','Bitstream Charter',Times,serif;font-size: 16px;font-style: normal;font-variant: normal;font-weight: 400;letter-spacing: normal;text-align: left;text-decoration: none;text-indent: 0px;text-transform: none\"><\/div><\/div><\/span><\/p>\n<p><span style=\"float: none;background-color: #ffffff;color: #333333;cursor: text;font-family: Georgia,'Times New Roman','Bitstream Charter',Times,serif;font-size: 16px;font-style: normal;font-variant: normal;font-weight: 400;letter-spacing: normal;text-align: left;text-decoration: none;text-indent: 0px;text-transform: none\"><div class=\"su-box su-box-style-default\" id=\"\" style=\"border-color:#000000;border-radius:3px\"><div class=\"su-box-title\" style=\"background-color:#333333;color:#FFFFFF;border-top-left-radius:1px;border-top-right-radius:1px\">85 Jahre Jubil\u00e4um<\/div><div class=\"su-box-content su-u-clearfix su-u-trim\" style=\"border-bottom-left-radius:1px;border-bottom-right-radius:1px\">1934 wurde die Jungwacht Littau gegr\u00fcndet und durfte seit damals mehrere Jubil\u00e4ums feiern wie unteranderem das 85-Jahre Jubil\u00e4um. Informationen dazu findet ihr <a href=\"https:\/\/www.jwl.ch\/jubilaeum-85-jahre\/\">hier<\/a>.<\/span><span style=\"float: none;background-color: #ffffff;color: #333333;cursor: text;font-family: Georgia,'Times New Roman','Bitstream Charter',Times,serif;font-size: 16px;font-style: normal;font-variant: normal;font-weight: 400;letter-spacing: normal;text-align: left;text-decoration: none;text-indent: 0px;text-transform: none\"><\/div><\/div><\/span><\/p>\n<div class=\"su-box su-box-style-default\" id=\"\" style=\"border-color:#000000;border-radius:3px\"><div class=\"su-box-title\" style=\"background-color:#333333;color:#FFFFFF;border-top-left-radius:1px;border-top-right-radius:1px\">Solaranlage<\/div><div class=\"su-box-content su-u-clearfix su-u-trim\" style=\"border-bottom-left-radius:1px;border-bottom-right-radius:1px\">2013 erstellten wir gemeinsam mit dem Blauring Littau auf dem Dach des Pfarrsaals eine Solaranlage mithilfe von Sponsorengelder, so dass die JWL und der BRL eine zus\u00e4tzliche finanzielle Absicherung haben. Mehr Informationen findet ihr <a href=\"https:\/\/www.jwl.ch\/solaranlage7\/\">hier<\/a>.<\/div><\/div>\n<p>&nbsp;<\/p>\n","protected":false},"excerpt":{"rendered":"<p>Jungwacht Littau &#8211; viel mehr als nur ein Jugendverein Unser Leitungsteam ist stehts bem\u00fcht, ein abwechslungsreiches Programm f\u00fcr die Kinder und Jugendlichen von Littau auf die Beine zu stellen. Dabei &#8230; <a title=\"Projekte\" class=\"read-more\" href=\"https:\/\/www.jwl.ch\/?page_id=3530\" aria-label=\"Mehr Informationen \u00fcber Projekte\">Weiterlesen<\/a><\/p>\n","protected":false},"author":3,"featured_media":0,"parent":0,"menu_order":0,"comment_status":"closed","ping_status":"closed","template":"","meta":{"footnotes":""},"class_list":["post-3530","page","type-page","status-publish"],"aioseo_notices":[],"_links":{"self":[{"href":"https:\/\/www.jwl.ch\/index.php?rest_route=\/wp\/v2\/pages\/3530","targetHints":{"allow":["GET"]}}],"collection":[{"href":"https:\/\/www.jwl.ch\/index.php?rest_route=\/wp\/v2\/pages"}],"about":[{"href":"https:\/\/www.jwl.ch\/index.php?rest_route=\/wp\/v2\/types\/page"}],"author":[{"embeddable":true,"href":"https:\/\/www.jwl.ch\/index.php?rest_route=\/wp\/v2\/users\/3"}],"replies":[{"embeddable":true,"href":"https:\/\/www.jwl.ch\/index.php?rest_route=%2Fwp%2Fv2%2Fcomments&post=3530"}],"version-history":[{"count":4,"href":"https:\/\/www.jwl.ch\/index.php?rest_route=\/wp\/v2\/pages\/3530\/revisions"}],"predecessor-version":[{"id":120728,"href":"https:\/\/www.jwl.ch\/index.php?rest_route=\/wp\/v2\/pages\/3530\/revisions\/120728"}],"wp:attachment":[{"href":"https:\/\/www.jwl.ch\/index.php?rest_route=%2Fwp%2Fv2%2Fmedia&parent=3530"}],"curies":[{"name":"wp","href":"https:\/\/api.w.org\/{rel}","templated":true}]}}