{"id":3512,"date":"2019-11-29T09:56:34","date_gmt":"2019-11-29T08:56:34","guid":{"rendered":"https:\/\/www.jwl.ch\/?page_id=3512"},"modified":"2019-11-29T09:59:09","modified_gmt":"2019-11-29T08:59:09","slug":"jubilaeum-85-jahre","status":"publish","type":"page","link":"https:\/\/www.jwl.ch\/?page_id=3512","title":{"rendered":"Jubil\u00e4um 85 Jahre"},"content":{"rendered":"<h2><strong>Unser Jubil\u00e4um<\/strong><\/h2>\n<p>Die Jungwacht Littau wurde 1934 gegr\u00fcndet und erm\u00f6glicht nun seit <strong>stolzen 85 Jahren<\/strong> den Knaben von Littau ein abwechslungsreiches Freizeitangebot. Diese stolze Zahl soll gefeiert werden! Wie unser Jubil\u00e4ums-Jahr genau aussieht und wie du ein Teil von unserem Jubil\u00e4um oder der Jungwacht werden kannst, erf\u00e4hrst du hier sowie in unserer Brosch\u00fcre, welche an diversen Anl\u00e4ssen der Jungwacht Littau erh\u00e4ltlich ist.<\/p>\n<h2><strong>Gestaltung des Jubil\u00e4ums<\/strong><\/h2>\n<p>Da wir unser Jubil\u00e4um nicht nur an einem Anlass, sondern \u00fcber das ganze Jungwachtsjahr verteilt feiern, gibt es bei jedem unten aufgelisteten Anlass einen <strong>Button<\/strong> (\u00e4hnlich wie Abzeichen) f\u00fcr die Kinder. Diese Buttons k\u00f6nnen gesammelt werden und zusammen mit dem <strong>Jubil\u00e4ums-T-Shirt<\/strong> getragen werden. Dieses T-Shirt ist f\u00fcr die Kinder an jedem unten erw\u00e4hnten Anlass gratis erh\u00e4ltlich.<\/p>\n<p><strong><img loading=\"lazy\" decoding=\"async\" class=\"wp-image-3513 aligncenter\" src=\"https:\/\/www.jwl.ch\/wp-content\/uploads\/2019\/11\/jubi85anl\u00e4sse.png\" alt=\"\" width=\"800\" height=\"790\" srcset=\"https:\/\/www.jwl.ch\/wp-content\/uploads\/2019\/11\/jubi85anl\u00e4sse.png 878w, https:\/\/www.jwl.ch\/wp-content\/uploads\/2019\/11\/jubi85anl\u00e4sse-768x758.png 768w, https:\/\/www.jwl.ch\/wp-content\/uploads\/2019\/11\/jubi85anl\u00e4sse-400x395.png 400w\" sizes=\"auto, (max-width: 800px) 100vw, 800px\" \/><\/strong><\/p>\n<p>Informationen zu den einzelnen Anl\u00e4sse sind in der Jubil\u00e4ums-Brosch\u00fcre ersichtlich und werden jeweils kurz vorher bekannt gegeben.<\/p>\n","protected":false},"excerpt":{"rendered":"<p>Unser Jubil\u00e4um Die Jungwacht Littau wurde 1934 gegr\u00fcndet und erm\u00f6glicht nun seit stolzen 85 Jahren den Knaben von Littau ein abwechslungsreiches Freizeitangebot. Diese stolze Zahl soll gefeiert werden! Wie unser &#8230; <a title=\"Jubil\u00e4um 85 Jahre\" class=\"read-more\" href=\"https:\/\/www.jwl.ch\/?page_id=3512\" aria-label=\"Mehr Informationen \u00fcber Jubil\u00e4um 85 Jahre\">Weiterlesen<\/a><\/p>\n","protected":false},"author":3,"featured_media":0,"parent":0,"menu_order":0,"comment_status":"closed","ping_status":"closed","template":"","meta":{"footnotes":""},"class_list":["post-3512","page","type-page","status-publish"],"aioseo_notices":[],"_links":{"self":[{"href":"https:\/\/www.jwl.ch\/index.php?rest_route=\/wp\/v2\/pages\/3512","targetHints":{"allow":["GET"]}}],"collection":[{"href":"https:\/\/www.jwl.ch\/index.php?rest_route=\/wp\/v2\/pages"}],"about":[{"href":"https:\/\/www.jwl.ch\/index.php?rest_route=\/wp\/v2\/types\/page"}],"author":[{"embeddable":true,"href":"https:\/\/www.jwl.ch\/index.php?rest_route=\/wp\/v2\/users\/3"}],"replies":[{"embeddable":true,"href":"https:\/\/www.jwl.ch\/index.php?rest_route=%2Fwp%2Fv2%2Fcomments&post=3512"}],"version-history":[{"count":3,"href":"https:\/\/www.jwl.ch\/index.php?rest_route=\/wp\/v2\/pages\/3512\/revisions"}],"predecessor-version":[{"id":3516,"href":"https:\/\/www.jwl.ch\/index.php?rest_route=\/wp\/v2\/pages\/3512\/revisions\/3516"}],"wp:attachment":[{"href":"https:\/\/www.jwl.ch\/index.php?rest_route=%2Fwp%2Fv2%2Fmedia&parent=3512"}],"curies":[{"name":"wp","href":"https:\/\/api.w.org\/{rel}","templated":true}]}}