{"id":3498,"date":"2019-11-23T09:41:14","date_gmt":"2019-11-23T08:41:14","guid":{"rendered":"https:\/\/www.jwl.ch\/?page_id=3498"},"modified":"2020-03-08T17:42:27","modified_gmt":"2020-03-08T16:42:27","slug":"72-stunden","status":"publish","type":"page","link":"https:\/\/www.jwl.ch\/?page_id=3498","title":{"rendered":"72-Stunden 2020"},"content":{"rendered":"<h2><img loading=\"lazy\" decoding=\"async\" class=\"alignright wp-image-3503\" style=\"color: #333333;float: right;quot;quot;quot;quot;,times,serif;font-size: 24px;font-style: normal;font-variant: normal;font-weight: bold;height: auto;letter-spacing: normal;max-width: 100%;text-align: left;text-decoration: none;text-indent: 0px;text-transform: none;margin: 0.5em 0px 0.5em 1em\" src=\"https:\/\/www.jwl.ch\/wp-content\/uploads\/2019\/11\/logo.png\" alt=\"\" width=\"300\" height=\"172\" srcset=\"https:\/\/www.jwl.ch\/wp-content\/uploads\/2019\/11\/logo.png 500w, https:\/\/www.jwl.ch\/wp-content\/uploads\/2019\/11\/logo-400x230.png 400w\" sizes=\"auto, (max-width: 300px) 100vw, 300px\" \/><i><\/i><u><\/u><\/h2>\n<h2><\/h2>\n<h2>Aktion 72 Stunden<br \/>\nBlauring und Jungwacht Littau sind dabei!<\/h2>\n<p>&nbsp;<\/p>\n<h2>Aktion 72 Stunden \u2013 Was ist das genau?<\/h2>\n<p>Die Aktion 72 Stunden l\u00e4uft alle 5 Jahre in der ganzen Schweiz. Es werden tausende Kinder und Jugendliche \u00fcberall in der Schweiz mitmachen und ebenfalls gute Projekte umsetzen.\u00a0<a href=\"https:\/\/72h.ch\/de\">Hier<\/a>\u00a0findest du weitere Informationen dazu was die\u00a0<a href=\"https:\/\/72h.ch\/de\">Aktion 72 Stunden<\/a>\u00a0genau ist und was andere machen.<\/p>\n<h2>Gemeinn\u00fctzig?<\/h2>\n<p>Wir tun was f\u00fcr die Umwelt, f\u00fcr die Kinder und Jugendlichen in Littau und in einem Dorf in der Ukraine sowie f\u00fcr Leute im Altersheim. Selbstverst\u00e4ndlich haben wir dazu ein abwechslungsreiches Programm zusammengestellt. Es wird Spass machen!<\/p>\n<h2>Programm<\/h2>\n<p>Kaum hat die 72 Stunden Aktion gestartet, war sie auch wieder schnell vorbei. Diese 72 Stunden kamen der Jubla Littau extrem kurzweilig vor. Es wurde viel gemacht: Der Wald wurde ges\u00e4ubert, es wurde im Heim \u00fcbernachtet, Altersheimbesuche und eine B\u00fcsliaktion wurden auf die Beine gestellt, wir haben gegen die Zunft gek\u00e4mpft und anschliessend mit den Fonduegabeln angestossen und zu guter Letzt haben wir uns am Sonntag einen Ausflug ins Verkehrshaus geg\u00f6nnt.<\/p>\n<p>Sie waren sch\u00f6n, einzigartig, lehrreich und einfach nur genial.<\/p>\n<p>Wir m\u00f6chten uns bei allen bedanken, die an den diesj\u00e4hrigen 72 Stunden Aktion mitgeholfen haben und wir blicken schon sehns\u00fcchtig auf die n\u00e4chste Aktion im Jahr 2025!<\/p>\n<p>Genauere Informationen findest du <a href=\"https:\/\/www.jwl.ch\/wp-content\/uploads\/2020\/01\/72-h-letzte-Infos.pdf\">hier<\/a>!<\/p>\n<p>Bei Fragen wende dich bitte an <a href=\"mailto:res.wyler@pfarrei-littau.ch\" target=\"_blank\" rel=\"noopener noreferrer\">Res Wyler<\/a>, <a href=\"mailto:janafurrer@hotmail.com &lt;janafurrer@hotmail.com&gt;;\">Jana Furrer<\/a> oder <a href=\"mailto:c.meierhans@weiherhus.ch\">Caroline Meierhans<\/a>.<\/p>\n<div class=\"rl-gallery-container rl-loading\" id=\"rl-gallery-container-1\" data-gallery_id=\"3698\"> <div class=\"rl-gallery rl-basicmasonry-gallery \" id=\"rl-gallery-1\" data-gallery_no=\"1\"> <div class=\"rl-gutter-sizer\"><\/div><div class=\"rl-grid-sizer\"><\/div> <div class=\"rl-gallery-item rl-gallery-item-width-4\" > <div class=\"rl-gallery-item-content\"> <a href=\"https:\/\/www.jwl.ch\/wp-content\/uploads\/2020\/03\/72h1.jpg\" title=\"\" data-rl_title=\"\" class=\"rl-gallery-link\" data-rl_caption=\"\" data-rel=\"lightbox-gallery-1\"><img loading=\"lazy\" decoding=\"async\" src=\"https:\/\/www.jwl.ch\/wp-content\/uploads\/2020\/03\/72h1.jpg\" width=\"533\" height=\"400\" alt=\"\"\/><\/a> <\/div> <\/div> <div class=\"rl-gallery-item\" > <div class=\"rl-gallery-item-content\"> <a href=\"https:\/\/www.jwl.ch\/wp-content\/uploads\/2020\/03\/72h2.jpg\" title=\"\" data-rl_title=\"\" class=\"rl-gallery-link\" data-rl_caption=\"\" data-rel=\"lightbox-gallery-1\"><img loading=\"lazy\" decoding=\"async\" src=\"https:\/\/www.jwl.ch\/wp-content\/uploads\/2020\/03\/72h2.jpg\" width=\"225\" height=\"400\" alt=\"\"\/><\/a> <\/div> <\/div> <div class=\"rl-gallery-item\" > <div class=\"rl-gallery-item-content\"> <a href=\"https:\/\/www.jwl.ch\/wp-content\/uploads\/2020\/03\/72h3.jpg\" title=\"\" data-rl_title=\"\" class=\"rl-gallery-link\" data-rl_caption=\"\" data-rel=\"lightbox-gallery-1\"><img loading=\"lazy\" decoding=\"async\" src=\"https:\/\/www.jwl.ch\/wp-content\/uploads\/2020\/03\/72h3.jpg\" width=\"533\" height=\"400\" alt=\"\"\/><\/a> <\/div> <\/div> <div class=\"rl-gallery-item\" > <div class=\"rl-gallery-item-content\"> <a href=\"https:\/\/www.jwl.ch\/wp-content\/uploads\/2020\/03\/72h4.jpg\" title=\"\" data-rl_title=\"\" class=\"rl-gallery-link\" data-rl_caption=\"\" data-rel=\"lightbox-gallery-1\"><img loading=\"lazy\" decoding=\"async\" src=\"https:\/\/www.jwl.ch\/wp-content\/uploads\/2020\/03\/72h4.jpg\" width=\"533\" height=\"400\" alt=\"\"\/><\/a> <\/div> <\/div> <div class=\"rl-gallery-item\" > <div class=\"rl-gallery-item-content\"> <a href=\"https:\/\/www.jwl.ch\/wp-content\/uploads\/2020\/03\/72h5.jpg\" title=\"\" data-rl_title=\"\" class=\"rl-gallery-link\" data-rl_caption=\"\" data-rel=\"lightbox-gallery-1\"><img loading=\"lazy\" decoding=\"async\" src=\"https:\/\/www.jwl.ch\/wp-content\/uploads\/2020\/03\/72h5.jpg\" width=\"533\" height=\"400\" alt=\"\"\/><\/a> <\/div> <\/div> <div class=\"rl-gallery-item\" > <div class=\"rl-gallery-item-content\"> <a href=\"https:\/\/www.jwl.ch\/wp-content\/uploads\/2020\/03\/72h6.jpg\" title=\"\" data-rl_title=\"\" class=\"rl-gallery-link\" data-rl_caption=\"\" data-rel=\"lightbox-gallery-1\"><img loading=\"lazy\" decoding=\"async\" src=\"https:\/\/www.jwl.ch\/wp-content\/uploads\/2020\/03\/72h6.jpg\" width=\"533\" height=\"400\" alt=\"\"\/><\/a> <\/div> <\/div> <div class=\"rl-gallery-item\" > <div class=\"rl-gallery-item-content\"> <a href=\"https:\/\/www.jwl.ch\/wp-content\/uploads\/2020\/03\/72h7.jpg\" title=\"\" data-rl_title=\"\" class=\"rl-gallery-link\" data-rl_caption=\"\" data-rel=\"lightbox-gallery-1\"><img loading=\"lazy\" decoding=\"async\" src=\"https:\/\/www.jwl.ch\/wp-content\/uploads\/2020\/03\/72h7.jpg\" width=\"300\" height=\"400\" alt=\"\"\/><\/a> <\/div> <\/div> <\/div> <\/div>\n<p>&nbsp;<\/p>\n","protected":false},"excerpt":{"rendered":"<p>Aktion 72 Stunden Blauring und Jungwacht Littau sind dabei! &nbsp; Aktion 72 Stunden \u2013 Was ist das genau? Die Aktion 72 Stunden l\u00e4uft alle 5 Jahre in der ganzen Schweiz. &#8230; <a title=\"72-Stunden 2020\" class=\"read-more\" href=\"https:\/\/www.jwl.ch\/?page_id=3498\" aria-label=\"Mehr Informationen \u00fcber 72-Stunden 2020\">Weiterlesen<\/a><\/p>\n","protected":false},"author":3,"featured_media":0,"parent":0,"menu_order":0,"comment_status":"closed","ping_status":"closed","template":"","meta":{"footnotes":""},"class_list":["post-3498","page","type-page","status-publish"],"aioseo_notices":[],"_links":{"self":[{"href":"https:\/\/www.jwl.ch\/index.php?rest_route=\/wp\/v2\/pages\/3498","targetHints":{"allow":["GET"]}}],"collection":[{"href":"https:\/\/www.jwl.ch\/index.php?rest_route=\/wp\/v2\/pages"}],"about":[{"href":"https:\/\/www.jwl.ch\/index.php?rest_route=\/wp\/v2\/types\/page"}],"author":[{"embeddable":true,"href":"https:\/\/www.jwl.ch\/index.php?rest_route=\/wp\/v2\/users\/3"}],"replies":[{"embeddable":true,"href":"https:\/\/www.jwl.ch\/index.php?rest_route=%2Fwp%2Fv2%2Fcomments&post=3498"}],"version-history":[{"count":10,"href":"https:\/\/www.jwl.ch\/index.php?rest_route=\/wp\/v2\/pages\/3498\/revisions"}],"predecessor-version":[{"id":3706,"href":"https:\/\/www.jwl.ch\/index.php?rest_route=\/wp\/v2\/pages\/3498\/revisions\/3706"}],"wp:attachment":[{"href":"https:\/\/www.jwl.ch\/index.php?rest_route=%2Fwp%2Fv2%2Fmedia&parent=3498"}],"curies":[{"name":"wp","href":"https:\/\/api.w.org\/{rel}","templated":true}]}}