{"id":3488,"date":"2019-11-08T13:19:43","date_gmt":"2019-11-08T12:19:43","guid":{"rendered":"https:\/\/www.jwl.ch\/?page_id=3488"},"modified":"2020-04-18T16:50:33","modified_gmt":"2020-04-18T14:50:33","slug":"wila-2020","status":"publish","type":"page","link":"https:\/\/www.jwl.ch\/?page_id=3488","title":{"rendered":"Wila 2020"},"content":{"rendered":"<h2>R\u00fcckblick der Lagerleitung<\/h2>\n<p>\u00dcber Umwege kamen wir gut in Pr\u00eales an und machten uns an die Aufgabe, die M\u00e4rchenwelt wieder in Ordnung zu bringen. Egal ob wir den B\u00f6sen Zauberer Abraxas beim V\u00f6lkerball besiegen, die goldene Kugel f\u00fcr die Prinzessin finden oder dem tapferen Schneiderlein bei seinen drei Aufgaben helfen mussten, wir konnten jede Herausforderung mit Bravour meistern und somit die M\u00e4rchenwelt wieder in Ordnung bringen.<\/p>\n<p>Auch der unberechenbare Wind oder die dunkle Nacht waren f\u00fcr uns kein all zu grosses Problem, so dass wir trotz den Challenges die Woche mit dem gr\u00f6sstenteils sch\u00f6nen Wetter geniessen konnten.<\/p>\n<p>Der Grundsatz kreativ sein darf in unserem Lager auf keinen Fall fehlen, weshalb sch\u00f6ne Masken gebastelt, T\u00fcrme mit Kappla gebaut und Kleider verziert wurden.<br \/>\nWieder einmal mehr wurden wir von unseren ehemaligen Leitern und dem Pr\u00e4ses im K\u00fcchenteam kulinarisch verw\u00f6hnt, auch wenn die Mengenberechnung nicht immer eins A war.<\/p>\n<p>Jede Menge Spass und Lebensfreu(n)de hatten wir erlebt, so dass das Lager im nu vorbei ging. Nicht von kurzer Dauer war dann allerdings die Heimreise, so dass wir erst mit einiges an Versp\u00e4tung zur\u00fcck nach Hause kamen. Voller Vorfreude auf die Fasnacht und die kommenden Jublaaktivit\u00e4ten wie der Funsportnight verabschiedeten sich alle m\u00fcde, ohne zu wissen, dass dies einer der letzten gemeinsamen Momente f\u00fcr eine l\u00e4ngere Zeit war&#8230;<\/p>\n<p>Zum Schluss m\u00f6chten wir uns noch bei allen Eltern f\u00fcr euer Vertrauen in uns bedanken, denn ohne dies w\u00e4re eine solch erlebnisreiche Woche nicht m\u00f6glich gewesen.<\/p>\n<div class=\"rl-gallery-container rl-loading\" id=\"rl-gallery-container-1\" data-gallery_id=\"3797\"> <div class=\"rl-gallery rl-basicmasonry-gallery \" id=\"rl-gallery-1\" data-gallery_no=\"1\"> <div class=\"rl-gutter-sizer\"><\/div><div class=\"rl-grid-sizer\"><\/div> <div class=\"rl-gallery-item rl-gallery-item-width-4\" > <div class=\"rl-gallery-item-content\"> <a href=\"https:\/\/www.jwl.ch\/wp-content\/uploads\/2020\/04\/IMG_6466-scaled.jpg\" title=\"\" data-rl_title=\"\" class=\"rl-gallery-link\" data-rl_caption=\"\" data-rel=\"lightbox-gallery-1\"><img loading=\"lazy\" decoding=\"async\" src=\"https:\/\/www.jwl.ch\/wp-content\/uploads\/2020\/04\/IMG_6466-1200x800.jpg\" width=\"1200\" height=\"800\" alt=\"\"\/><\/a> <\/div> <\/div> <div class=\"rl-gallery-item\" > <div class=\"rl-gallery-item-content\"> <a href=\"https:\/\/www.jwl.ch\/wp-content\/uploads\/2020\/04\/IMG_6363-scaled.jpg\" title=\"\" data-rl_title=\"\" class=\"rl-gallery-link\" data-rl_caption=\"\" data-rel=\"lightbox-gallery-1\"><img loading=\"lazy\" decoding=\"async\" src=\"https:\/\/www.jwl.ch\/wp-content\/uploads\/2020\/04\/IMG_6363-1200x800.jpg\" width=\"1200\" height=\"800\" alt=\"\"\/><\/a> <\/div> <\/div> <div class=\"rl-gallery-item\" > <div class=\"rl-gallery-item-content\"> <a href=\"https:\/\/www.jwl.ch\/wp-content\/uploads\/2020\/03\/IMG_5924-scaled.jpg\" title=\"\" data-rl_title=\"\" class=\"rl-gallery-link\" data-rl_caption=\"\" data-rel=\"lightbox-gallery-1\"><img loading=\"lazy\" decoding=\"async\" src=\"https:\/\/www.jwl.ch\/wp-content\/uploads\/2020\/03\/IMG_5924-800x1200.jpg\" width=\"800\" height=\"1200\" alt=\"\"\/><\/a> <\/div> <\/div> <div class=\"rl-gallery-item\" > <div class=\"rl-gallery-item-content\"> <a href=\"https:\/\/www.jwl.ch\/wp-content\/uploads\/2020\/03\/IMG_9901-scaled.jpg\" title=\"\" data-rl_title=\"\" class=\"rl-gallery-link\" data-rl_caption=\"\" data-rel=\"lightbox-gallery-1\"><img loading=\"lazy\" decoding=\"async\" src=\"https:\/\/www.jwl.ch\/wp-content\/uploads\/2020\/03\/IMG_9901-1200x900.jpg\" width=\"1200\" height=\"900\" alt=\"\"\/><\/a> <\/div> <\/div> <div class=\"rl-gallery-item\" > <div class=\"rl-gallery-item-content\"> <a href=\"https:\/\/www.jwl.ch\/wp-content\/uploads\/2020\/03\/IMG_7241-scaled.jpg\" title=\"\" data-rl_title=\"\" class=\"rl-gallery-link\" data-rl_caption=\"\" data-rel=\"lightbox-gallery-1\"><img loading=\"lazy\" decoding=\"async\" src=\"https:\/\/www.jwl.ch\/wp-content\/uploads\/2020\/03\/IMG_7241-1200x800.jpg\" width=\"1200\" height=\"800\" alt=\"\"\/><\/a> <\/div> <\/div> <div class=\"rl-gallery-item\" > <div class=\"rl-gallery-item-content\"> <a href=\"https:\/\/www.jwl.ch\/wp-content\/uploads\/2020\/02\/Scharfoto.jpeg\" title=\"\" data-rl_title=\"\" class=\"rl-gallery-link\" data-rl_caption=\"\" data-rel=\"lightbox-gallery-1\"><img loading=\"lazy\" decoding=\"async\" src=\"https:\/\/www.jwl.ch\/wp-content\/uploads\/2020\/02\/Scharfoto.jpeg\" width=\"640\" height=\"427\" alt=\"\"\/><\/a> <\/div> <\/div> <div class=\"rl-gallery-item\" > <div class=\"rl-gallery-item-content\"> <a href=\"https:\/\/www.jwl.ch\/wp-content\/uploads\/2020\/02\/Leiterfoti.jpeg\" title=\"\" data-rl_title=\"\" class=\"rl-gallery-link\" data-rl_caption=\"\" data-rel=\"lightbox-gallery-1\"><img loading=\"lazy\" decoding=\"async\" src=\"https:\/\/www.jwl.ch\/wp-content\/uploads\/2020\/02\/Leiterfoti.jpeg\" width=\"745\" height=\"497\" alt=\"\"\/><\/a> <\/div> <\/div> <div class=\"rl-gallery-item\" > <div class=\"rl-gallery-item-content\"> <a href=\"https:\/\/www.jwl.ch\/wp-content\/uploads\/2020\/02\/Spielturnier.jpeg\" title=\"\" data-rl_title=\"\" class=\"rl-gallery-link\" data-rl_caption=\"\" data-rel=\"lightbox-gallery-1\"><img loading=\"lazy\" decoding=\"async\" src=\"https:\/\/www.jwl.ch\/wp-content\/uploads\/2020\/02\/Spielturnier.jpeg\" width=\"1024\" height=\"732\" alt=\"\"\/><\/a> <\/div> <\/div> <div class=\"rl-gallery-item\" > <div class=\"rl-gallery-item-content\"> <a href=\"https:\/\/www.jwl.ch\/wp-content\/uploads\/2020\/02\/Bunter-Abend.jpeg\" title=\"\" data-rl_title=\"\" class=\"rl-gallery-link\" data-rl_caption=\"\" data-rel=\"lightbox-gallery-1\"><img loading=\"lazy\" decoding=\"async\" src=\"https:\/\/www.jwl.ch\/wp-content\/uploads\/2020\/02\/Bunter-Abend.jpeg\" width=\"1024\" height=\"682\" alt=\"\"\/><\/a> <\/div> <\/div> <div class=\"rl-gallery-item\" > <div class=\"rl-gallery-item-content\"> <a href=\"https:\/\/www.jwl.ch\/wp-content\/uploads\/2020\/02\/IMG_6673-scaled.jpg\" title=\"\" data-rl_title=\"\" class=\"rl-gallery-link\" data-rl_caption=\"\" data-rel=\"lightbox-gallery-1\"><img loading=\"lazy\" decoding=\"async\" src=\"https:\/\/www.jwl.ch\/wp-content\/uploads\/2020\/02\/IMG_6673-1200x800.jpg\" width=\"1200\" height=\"800\" alt=\"\"\/><\/a> <\/div> <\/div> <div class=\"rl-gallery-item\" > <div class=\"rl-gallery-item-content\"> <a href=\"https:\/\/www.jwl.ch\/wp-content\/uploads\/2020\/02\/IMG_6879-1-scaled.jpg\" title=\"\" data-rl_title=\"\" class=\"rl-gallery-link\" data-rl_caption=\"\" data-rel=\"lightbox-gallery-1\"><img loading=\"lazy\" decoding=\"async\" src=\"https:\/\/www.jwl.ch\/wp-content\/uploads\/2020\/02\/IMG_6879-1-1200x800.jpg\" width=\"1200\" height=\"800\" alt=\"\"\/><\/a> <\/div> <\/div> <div class=\"rl-gallery-item\" > <div class=\"rl-gallery-item-content\"> <a href=\"https:\/\/www.jwl.ch\/wp-content\/uploads\/2020\/02\/IMG_7196-scaled.jpg\" title=\"\" data-rl_title=\"\" class=\"rl-gallery-link\" data-rl_caption=\"\" data-rel=\"lightbox-gallery-1\"><img loading=\"lazy\" decoding=\"async\" src=\"https:\/\/www.jwl.ch\/wp-content\/uploads\/2020\/02\/IMG_7196-1200x800.jpg\" width=\"1200\" height=\"800\" alt=\"\"\/><\/a> <\/div> <\/div> <div class=\"rl-gallery-item\" > <div class=\"rl-gallery-item-content\"> <a href=\"https:\/\/www.jwl.ch\/wp-content\/uploads\/2020\/02\/IMG_6879-scaled.jpg\" title=\"\" data-rl_title=\"\" class=\"rl-gallery-link\" data-rl_caption=\"\" data-rel=\"lightbox-gallery-1\"><img loading=\"lazy\" decoding=\"async\" src=\"https:\/\/www.jwl.ch\/wp-content\/uploads\/2020\/02\/IMG_6879-1200x800.jpg\" width=\"1200\" height=\"800\" alt=\"\"\/><\/a> <\/div> <\/div> <div class=\"rl-gallery-item\" > <div class=\"rl-gallery-item-content\"> <a href=\"https:\/\/www.jwl.ch\/wp-content\/uploads\/2020\/02\/IMG_6732-scaled.jpg\" title=\"\" data-rl_title=\"\" class=\"rl-gallery-link\" data-rl_caption=\"\" data-rel=\"lightbox-gallery-1\"><img loading=\"lazy\" decoding=\"async\" src=\"https:\/\/www.jwl.ch\/wp-content\/uploads\/2020\/02\/IMG_6732-1200x800.jpg\" width=\"1200\" height=\"800\" alt=\"\"\/><\/a> <\/div> <\/div> <div class=\"rl-gallery-item\" > <div class=\"rl-gallery-item-content\"> <a href=\"https:\/\/www.jwl.ch\/wp-content\/uploads\/2020\/02\/IMG_7255-scaled.jpg\" title=\"\" data-rl_title=\"\" class=\"rl-gallery-link\" data-rl_caption=\"\" data-rel=\"lightbox-gallery-1\"><img loading=\"lazy\" decoding=\"async\" src=\"https:\/\/www.jwl.ch\/wp-content\/uploads\/2020\/02\/IMG_7255-1200x800.jpg\" width=\"1200\" height=\"800\" alt=\"\"\/><\/a> <\/div> <\/div> <div class=\"rl-gallery-item\" > <div class=\"rl-gallery-item-content\"> <a href=\"https:\/\/www.jwl.ch\/wp-content\/uploads\/2020\/02\/IMG_6289-scaled.jpg\" title=\"\" data-rl_title=\"\" class=\"rl-gallery-link\" data-rl_caption=\"\" data-rel=\"lightbox-gallery-1\"><img loading=\"lazy\" decoding=\"async\" src=\"https:\/\/www.jwl.ch\/wp-content\/uploads\/2020\/02\/IMG_6289-1200x800.jpg\" width=\"1200\" height=\"800\" alt=\"\"\/><\/a> <\/div> <\/div> <div class=\"rl-gallery-item\" > <div class=\"rl-gallery-item-content\"> <a href=\"https:\/\/www.jwl.ch\/wp-content\/uploads\/2020\/02\/IMG_6631-scaled.jpg\" title=\"\" data-rl_title=\"\" class=\"rl-gallery-link\" data-rl_caption=\"\" data-rel=\"lightbox-gallery-1\"><img loading=\"lazy\" decoding=\"async\" src=\"https:\/\/www.jwl.ch\/wp-content\/uploads\/2020\/02\/IMG_6631-1200x800.jpg\" width=\"1200\" height=\"800\" alt=\"\"\/><\/a> <\/div> <\/div> <div class=\"rl-gallery-item\" > <div class=\"rl-gallery-item-content\"> <a href=\"https:\/\/www.jwl.ch\/wp-content\/uploads\/2020\/02\/IMG_6365-scaled.jpg\" title=\"\" data-rl_title=\"\" class=\"rl-gallery-link\" data-rl_caption=\"\" data-rel=\"lightbox-gallery-1\"><img loading=\"lazy\" decoding=\"async\" src=\"https:\/\/www.jwl.ch\/wp-content\/uploads\/2020\/02\/IMG_6365-1200x800.jpg\" width=\"1200\" height=\"800\" alt=\"\"\/><\/a> <\/div> <\/div> <div class=\"rl-gallery-item\" > <div class=\"rl-gallery-item-content\"> <a href=\"https:\/\/www.jwl.ch\/wp-content\/uploads\/2020\/02\/IMG_6633-scaled.jpg\" title=\"\" data-rl_title=\"\" class=\"rl-gallery-link\" data-rl_caption=\"\" data-rel=\"lightbox-gallery-1\"><img loading=\"lazy\" decoding=\"async\" src=\"https:\/\/www.jwl.ch\/wp-content\/uploads\/2020\/02\/IMG_6633-1200x800.jpg\" width=\"1200\" height=\"800\" alt=\"\"\/><\/a> <\/div> <\/div> <div class=\"rl-gallery-item\" > <div class=\"rl-gallery-item-content\"> <a href=\"https:\/\/www.jwl.ch\/wp-content\/uploads\/2020\/02\/IMG_6634-scaled.jpg\" title=\"\" data-rl_title=\"\" class=\"rl-gallery-link\" data-rl_caption=\"\" data-rel=\"lightbox-gallery-1\"><img loading=\"lazy\" decoding=\"async\" src=\"https:\/\/www.jwl.ch\/wp-content\/uploads\/2020\/02\/IMG_6634-1200x800.jpg\" width=\"1200\" height=\"800\" alt=\"\"\/><\/a> <\/div> <\/div> <div class=\"rl-gallery-item\" > <div class=\"rl-gallery-item-content\"> <a href=\"https:\/\/www.jwl.ch\/wp-content\/uploads\/2020\/02\/IMG_6473-scaled.jpg\" title=\"\" data-rl_title=\"\" class=\"rl-gallery-link\" data-rl_caption=\"\" data-rel=\"lightbox-gallery-1\"><img loading=\"lazy\" decoding=\"async\" src=\"https:\/\/www.jwl.ch\/wp-content\/uploads\/2020\/02\/IMG_6473-1200x800.jpg\" width=\"1200\" height=\"800\" alt=\"\"\/><\/a> <\/div> <\/div> <div class=\"rl-gallery-item\" > <div class=\"rl-gallery-item-content\"> <a href=\"https:\/\/www.jwl.ch\/wp-content\/uploads\/2020\/02\/IMG_7082-scaled.jpg\" title=\"\" data-rl_title=\"\" class=\"rl-gallery-link\" data-rl_caption=\"\" data-rel=\"lightbox-gallery-1\"><img loading=\"lazy\" decoding=\"async\" src=\"https:\/\/www.jwl.ch\/wp-content\/uploads\/2020\/02\/IMG_7082-1200x800.jpg\" width=\"1200\" height=\"800\" alt=\"\"\/><\/a> <\/div> <\/div> <div class=\"rl-gallery-item\" > <div class=\"rl-gallery-item-content\"> <a href=\"https:\/\/www.jwl.ch\/wp-content\/uploads\/2020\/02\/IMG_6238-scaled.jpg\" title=\"\" data-rl_title=\"\" class=\"rl-gallery-link\" data-rl_caption=\"\" data-rel=\"lightbox-gallery-1\"><img loading=\"lazy\" decoding=\"async\" src=\"https:\/\/www.jwl.ch\/wp-content\/uploads\/2020\/02\/IMG_6238-1200x800.jpg\" width=\"1200\" height=\"800\" alt=\"\"\/><\/a> <\/div> <\/div> <div class=\"rl-gallery-item\" > <div class=\"rl-gallery-item-content\"> <a href=\"https:\/\/www.jwl.ch\/wp-content\/uploads\/2020\/02\/IMG_6178-scaled.jpg\" title=\"\" data-rl_title=\"\" class=\"rl-gallery-link\" data-rl_caption=\"\" data-rel=\"lightbox-gallery-1\"><img loading=\"lazy\" decoding=\"async\" src=\"https:\/\/www.jwl.ch\/wp-content\/uploads\/2020\/02\/IMG_6178-1200x800.jpg\" width=\"1200\" height=\"800\" alt=\"\"\/><\/a> <\/div> <\/div> <div class=\"rl-gallery-item\" > <div class=\"rl-gallery-item-content\"> <a href=\"https:\/\/www.jwl.ch\/wp-content\/uploads\/2020\/02\/IMG_5973-scaled.jpg\" title=\"\" data-rl_title=\"\" class=\"rl-gallery-link\" data-rl_caption=\"\" data-rel=\"lightbox-gallery-1\"><img loading=\"lazy\" decoding=\"async\" src=\"https:\/\/www.jwl.ch\/wp-content\/uploads\/2020\/02\/IMG_5973-800x1200.jpg\" width=\"800\" height=\"1200\" alt=\"\"\/><\/a> <\/div> <\/div> <div class=\"rl-gallery-item\" > <div class=\"rl-gallery-item-content\"> <a href=\"https:\/\/www.jwl.ch\/wp-content\/uploads\/2020\/02\/IMG_5931-scaled.jpg\" title=\"\" data-rl_title=\"\" class=\"rl-gallery-link\" data-rl_caption=\"\" data-rel=\"lightbox-gallery-1\"><img loading=\"lazy\" decoding=\"async\" src=\"https:\/\/www.jwl.ch\/wp-content\/uploads\/2020\/02\/IMG_5931-1200x800.jpg\" width=\"1200\" height=\"800\" alt=\"\"\/><\/a> <\/div> <\/div> <\/div> <\/div>\n\n\n<div class=\"su-posts su-posts-default-loop \">\n\n\t\n\t\t\t\t\t\n\t\t\t\n\t\t\t<div id=\"su-post-3611\" class=\"su-post \">\n\n\t\t\t\t\n\t\t\t\t<h2 class=\"su-post-title\"><a href=\"https:\/\/www.jwl.ch\/?p=3611\">Samstag, 15.02.2020<\/a><\/h2>\n\n\t\t\t\t<div class=\"su-post-meta\">\n\t\t\t\t\tVer\u00f6ffentlicht: 16. Februar 2020\t\t\t\t<\/div>\n\n\t\t\t\t<div class=\"su-post-excerpt\">\n\t\t\t\t\t<p>Heute morgen haben wir gemerkt, dass bei allen M\u00e4rchen ein riesen Durcheinander herrscht. Der gestiefelte Kater suchte sogar seinen Schuh. Motiviert stiegen wir in den Car und kamen trotz Umwegen &#8230; <a title=\"Samstag, 15.02.2020\" class=\"read-more\" href=\"https:\/\/www.jwl.ch\/?p=3611\" aria-label=\"Mehr Informationen \u00fcber Samstag, 15.02.2020\">Weiterlesen<\/a><\/p>\n\t\t\t\t<\/div>\n\n\t\t\t\t\n\t\t\t<\/div>\n\n\t\t\t\t\t\n\t\t\t\n\t\t\t<div id=\"su-post-3623\" class=\"su-post \">\n\n\t\t\t\t\n\t\t\t\t<h2 class=\"su-post-title\"><a href=\"https:\/\/www.jwl.ch\/?p=3623\">Sonntag, 16.02.2020<\/a><\/h2>\n\n\t\t\t\t<div class=\"su-post-meta\">\n\t\t\t\t\tVer\u00f6ffentlicht: 16. Februar 2020\t\t\t\t<\/div>\n\n\t\t\t\t<div class=\"su-post-excerpt\">\n\t\t\t\t\t<p>Nach einer turbulenten Nacht mit wenig Schlaf starteten wir mit diversen Spielen. Ob Volley, Basketball, Fangnis oder Kubb, es hatte f\u00fcr alle etwas dabei.\u00a0Auch der Wind spielte fleissig mit und &#8230; <a title=\"Sonntag, 16.02.2020\" class=\"read-more\" href=\"https:\/\/www.jwl.ch\/?p=3623\" aria-label=\"Mehr Informationen \u00fcber Sonntag, 16.02.2020\">Weiterlesen<\/a><\/p>\n\t\t\t\t<\/div>\n\n\t\t\t\t\n\t\t\t<\/div>\n\n\t\t\t\t\t\n\t\t\t\n\t\t\t<div id=\"su-post-3634\" class=\"su-post \">\n\n\t\t\t\t\n\t\t\t\t<h2 class=\"su-post-title\"><a href=\"https:\/\/www.jwl.ch\/?p=3634\">Montag, 17.02.2020<\/a><\/h2>\n\n\t\t\t\t<div class=\"su-post-meta\">\n\t\t\t\t\tVer\u00f6ffentlicht: 17. Februar 2020\t\t\t\t<\/div>\n\n\t\t\t\t<div class=\"su-post-excerpt\">\n\t\t\t\t\t<p>Nach der Nachtaktion vom Vortag durften heute alle etwas l\u00e4nger schlafen. Bei Wind und Regen k\u00e4mpften sich die Jublaner durch das Spielturnier. Der Wind war so energiegeladen, dass auch die &#8230; <a title=\"Montag, 17.02.2020\" class=\"read-more\" href=\"https:\/\/www.jwl.ch\/?p=3634\" aria-label=\"Mehr Informationen \u00fcber Montag, 17.02.2020\">Weiterlesen<\/a><\/p>\n\t\t\t\t<\/div>\n\n\t\t\t\t\n\t\t\t<\/div>\n\n\t\t\t\t\t\n\t\t\t\n\t\t\t<div id=\"su-post-3647\" class=\"su-post \">\n\n\t\t\t\t\n\t\t\t\t<h2 class=\"su-post-title\"><a href=\"https:\/\/www.jwl.ch\/?p=3647\">Dienstag, 18.02.2020<\/a><\/h2>\n\n\t\t\t\t<div class=\"su-post-meta\">\n\t\t\t\t\tVer\u00f6ffentlicht: 18. Februar 2020\t\t\t\t<\/div>\n\n\t\t\t\t<div class=\"su-post-excerpt\">\n\t\t\t\t\t<p>Da wir gestern vom Rumpelstilzchen eine Karte von Biel bekommen haben, machten wir uns heute fr\u00fch auf den Weg mit der Hoffnung, die goldene Kugel zu finden. Die Wanderrute f\u00fchrte &#8230; <a title=\"Dienstag, 18.02.2020\" class=\"read-more\" href=\"https:\/\/www.jwl.ch\/?p=3647\" aria-label=\"Mehr Informationen \u00fcber Dienstag, 18.02.2020\">Weiterlesen<\/a><\/p>\n\t\t\t\t<\/div>\n\n\t\t\t\t\n\t\t\t<\/div>\n\n\t\t\t\t\t\n\t\t\t\n\t\t\t<div id=\"su-post-3652\" class=\"su-post \">\n\n\t\t\t\t\n\t\t\t\t<h2 class=\"su-post-title\"><a href=\"https:\/\/www.jwl.ch\/?p=3652\">Mittwoch, 19.02.2020<\/a><\/h2>\n\n\t\t\t\t<div class=\"su-post-meta\">\n\t\t\t\t\tVer\u00f6ffentlicht: 19. Februar 2020\t\t\t\t<\/div>\n\n\t\t\t\t<div class=\"su-post-excerpt\">\n\t\t\t\t\t<p>Heute Morgen kam das tapfere Schneiderlein zu uns und erz\u00e4hlte von drei Aufgaben, die ihm der K\u00f6nig aufgetragen hat. Damit das Schneiderlein den Aufgaben gewachsen ist, lernten wir mit ihm &#8230; <a title=\"Mittwoch, 19.02.2020\" class=\"read-more\" href=\"https:\/\/www.jwl.ch\/?p=3652\" aria-label=\"Mehr Informationen \u00fcber Mittwoch, 19.02.2020\">Weiterlesen<\/a><\/p>\n\t\t\t\t<\/div>\n\n\t\t\t\t\n\t\t\t<\/div>\n\n\t\t\t\t\t\n\t\t\t\n\t\t\t<div id=\"su-post-3663\" class=\"su-post \">\n\n\t\t\t\t\n\t\t\t\t<h2 class=\"su-post-title\"><a href=\"https:\/\/www.jwl.ch\/?p=3663\">Donnerstag, 20.02.2020<\/a><\/h2>\n\n\t\t\t\t<div class=\"su-post-meta\">\n\t\t\t\t\tVer\u00f6ffentlicht: 20. Februar 2020\t\t\t\t<\/div>\n\n\t\t\t\t<div class=\"su-post-excerpt\">\n\t\t\t\t\t<p>Das Lager neigt sich dem Ende zu und es werden immer mehr m\u00fcde Gesichter. Dies h\u00e4lt uns aber nicht davon ab am morgen alles beim Spielturnier zu geben. So verlor &#8230; <a title=\"Donnerstag, 20.02.2020\" class=\"read-more\" href=\"https:\/\/www.jwl.ch\/?p=3663\" aria-label=\"Mehr Informationen \u00fcber Donnerstag, 20.02.2020\">Weiterlesen<\/a><\/p>\n\t\t\t\t<\/div>\n\n\t\t\t\t\n\t\t\t<\/div>\n\n\t\t\t\t\t\n\t\t\t\n\t\t\t<div id=\"su-post-3667\" class=\"su-post \">\n\n\t\t\t\t\n\t\t\t\t<h2 class=\"su-post-title\"><a href=\"https:\/\/www.jwl.ch\/?p=3667\">Freitag, 21.02.2020<\/a><\/h2>\n\n\t\t\t\t<div class=\"su-post-meta\">\n\t\t\t\t\tVer\u00f6ffentlicht: 21. Februar 2020\t\t\t\t<\/div>\n\n\t\t\t\t<div class=\"su-post-excerpt\">\n\t\t\t\t\t<p>Nach einer kurzen Nacht ging es heute schon fr\u00fch los. Als letzte Tat hier im M\u00e4rliland helfen wir dem alten Geppeto seine Werkstadt auf Hochglanz zu bringen. W\u00e4hrend die \u00c4lteren &#8230; <a title=\"Freitag, 21.02.2020\" class=\"read-more\" href=\"https:\/\/www.jwl.ch\/?p=3667\" aria-label=\"Mehr Informationen \u00fcber Freitag, 21.02.2020\">Weiterlesen<\/a><\/p>\n\t\t\t\t<\/div>\n\n\t\t\t\t\n\t\t\t<\/div>\n\n\t\t\n\t\n<\/div>\n\n","protected":false},"excerpt":{"rendered":"<p>Ort: Pr\u00eales (Kt. Bern)<br \/>\nLagerleitung: Flavia Rebsamen, Christof Meyer<br \/>\nMotto: M\u00e4rliwelt<\/p>\n","protected":false},"author":3,"featured_media":0,"parent":1648,"menu_order":0,"comment_status":"closed","ping_status":"closed","template":"","meta":{"footnotes":""},"class_list":["post-3488","page","type-page","status-publish","hentry"],"aioseo_notices":[],"_links":{"self":[{"href":"https:\/\/www.jwl.ch\/index.php?rest_route=\/wp\/v2\/pages\/3488","targetHints":{"allow":["GET"]}}],"collection":[{"href":"https:\/\/www.jwl.ch\/index.php?rest_route=\/wp\/v2\/pages"}],"about":[{"href":"https:\/\/www.jwl.ch\/index.php?rest_route=\/wp\/v2\/types\/page"}],"author":[{"embeddable":true,"href":"https:\/\/www.jwl.ch\/index.php?rest_route=\/wp\/v2\/users\/3"}],"replies":[{"embeddable":true,"href":"https:\/\/www.jwl.ch\/index.php?rest_route=%2Fwp%2Fv2%2Fcomments&post=3488"}],"version-history":[{"count":10,"href":"https:\/\/www.jwl.ch\/index.php?rest_route=\/wp\/v2\/pages\/3488\/revisions"}],"predecessor-version":[{"id":3858,"href":"https:\/\/www.jwl.ch\/index.php?rest_route=\/wp\/v2\/pages\/3488\/revisions\/3858"}],"up":[{"embeddable":true,"href":"https:\/\/www.jwl.ch\/index.php?rest_route=\/wp\/v2\/pages\/1648"}],"wp:attachment":[{"href":"https:\/\/www.jwl.ch\/index.php?rest_route=%2Fwp%2Fv2%2Fmedia&parent=3488"}],"curies":[{"name":"wp","href":"https:\/\/api.w.org\/{rel}","templated":true}]}}