{"id":2893,"date":"2019-05-16T20:40:04","date_gmt":"2019-05-16T18:40:04","guid":{"rendered":"https:\/\/jwl.raphael-schaerli.ch\/?page_id=2893"},"modified":"2020-03-08T18:33:38","modified_gmt":"2020-03-08T17:33:38","slug":"solaranlage7","status":"publish","type":"page","link":"https:\/\/www.jwl.ch\/?page_id=2893","title":{"rendered":"Solaranlage"},"content":{"rendered":"<h2><img loading=\"lazy\" decoding=\"async\" class=\"wp-image-2894 alignright\" src=\"https:\/\/www.jwl.ch\/wp-content\/uploads\/2019\/05\/Logo-Solaranlage-transparent-1200x853.png\" alt=\"\" width=\"300\" height=\"213\" srcset=\"https:\/\/www.jwl.ch\/wp-content\/uploads\/2019\/05\/Logo-Solaranlage-transparent-1200x853.png 1200w, https:\/\/www.jwl.ch\/wp-content\/uploads\/2019\/05\/Logo-Solaranlage-transparent-1000x711.png 1000w, https:\/\/www.jwl.ch\/wp-content\/uploads\/2019\/05\/Logo-Solaranlage-transparent-768x546.png 768w, https:\/\/www.jwl.ch\/wp-content\/uploads\/2019\/05\/Logo-Solaranlage-transparent-400x284.png 400w\" sizes=\"auto, (max-width: 300px) 100vw, 300px\" \/><\/h2>\n<h2>Unser Projekt<\/h2>\n<p>Die beiden Jugendvereine Jungwacht und Blauring Littau hatten Anfang Januar 2013 entschieden, auf dem Dach des Pfarrsaals der Pfarrei Littau eine Solaranlage (Photovoltaik) zu bauen. Ziel war es, durch den Verkauf von Solarstrom Geld zu verdienen, welches direkt f\u00fcr das Wohl der Vereine &#8211; sprich f\u00fcr die Durchf\u00fchrung von Lagern, Anl\u00e4ssen und Gruppenstunden mit den Kindern der Gemeinde &#8211; eingesetzt wird. F\u00fcr die Finanzierung der Anlage erarbeiteten die beiden Vereine ein Fundraising-Konzept.<\/p>\n<p>Wir setzten so in Zusammenarbeit mit unseren Ehemaligen und nat\u00fcrlich den Kindern von Littau ein Zeichen in Richtung eines gemeinsamen, \u00f6kologisch sinnvollen Projektes. Es war uns deshalb ein zentrales Anliegen, die Mithelfenden (insbesondere die Kinder), wie auch andere Scharen und Organisationen, f\u00fcr diese Form der erneuerbaren Energien zu sensibilisieren und wollen auch in Zukunft als vorbildliches, zusammenhaltendes Team dastehen, welches es geschafft hat innerhalb von nur wenigen Monaten ein solch grosses Projekt auf die Beine zu stellen.<\/p>\n<p>&nbsp;<\/p>\n<h2>25. Mai 2013 &#8211; Erfolgreich Einweihung der Anlage am Solarfest<\/h2>\n<p>Am 25. Mai war es soweit. Mit Hilfe von einigen \u00e4lteren Kinder und Ehemaligen Jungw\u00e4chtern wurde die Solaranlage auf dem Dach des Pfarrsaals installiert. Dazu wurde das ganze Dorf zu einem feierlichen Tag eingeladen. Neben einem k\u00f6stlichen Brunch verw\u00f6hntenen wir die zahlreichen Besucher am Nachmittag mit Kaffee und Kuchen. Zudem wurde f\u00fcr die kleinen Besucher ein Solarpostenlauf angeboten und zahlreiche Fachpersonen aus der Energieberatung waren anwesend.<\/p>\n<p>Wir k\u00f6nnen auf ein gelungenes Fest zur\u00fcckblicken und durften tolle R\u00fcckmeldungen von unseren Besucher und Besucherinnen erhalten. An dieser Stelle ein herzliches Dankesch\u00f6n an unsere grossz\u00fcgigen Sponsoren und Spendern sowie an die vielen tatkr\u00e4ftigen Helfer und Unterst\u00fctzer!<\/p>\n<h2><\/h2>\n<h2><strong>Unsere Sponsoren <\/strong><\/h2>\n<p><strong>Sonnensystemsponsoren (ab CHF 3000.-)<\/strong><\/p>\n<p>Baugenossenschaft Matt, BE Netz AG, Bundesamt f\u00fcr Sozialversicherungen BSV, Buob Holzbau AG, ewl energie wasser Luzern, L\u00f6tscher Tiefbau AG, Kanton Luzern, Dienststelle Soziales und Gesellschaft, Katholische Kirchgemeinde Littau, Katholische Kirche Stadt Luzern, Romano &amp; Christen, Schmid Unternehmersstiftung, Stadt Luzern Energiefonds, Wohnbaugenossenschaft WGL Littau<\/p>\n<p><strong>Sonnenk\u00f6nigsponsoren (ab CHF 1500.-)<\/strong><\/p>\n<p>Ab\u00e4cherli Druck AG, Sarnen, Kanton Luzern Umwelt und Energie, Lungenliga Luzern-Zug, R\u00f6misch-katholische Landeskirche des Kantons Luzern, Sch\u00e4rli Elektro.com AG, Stadt Luzern Fonds f\u00fcr Kinder- und Jugendfreizeit<\/p>\n<p><strong>Sonnentanzsponsor (ab CHF 1\u2019000.\u2013)<\/strong><\/p>\n<p>Club 91 (Ehemaligenverein JW Littau), Dr. med. Florian Buck, Efeu Design Feuz Erwin, Hess Taxi &amp; Car AG, Kantonsleitung Jubla Luzern, Lawil Ger\u00fcste AG, m &amp; m public design AG, Pro Juventute, Roth Stefan, Sankt Nikolausgesellschaft Littau, Swissolar, Studer Innenausbau AG, Tanner Kitty, TRIPOL Architekten AG, Vollmondclub (Ehemaligenverein JW Littau)<\/p>\n<p><strong>Sonnenbergsponsoren (ab CHF 500.\u2013)<\/strong><\/p>\n<p>Anliker AG Immobilien, Arnold Philip, Baumeler Franz und Priska, Bernez AG, BDO AG, Bussmann Getr\u00e4nke GmbH, Debrunner Acifer AG, Emmen Center AG, Feuz Astrid, Gasthaus Ochsen, Gadient Ueli, Haldi Erich Bedachungen AG, Herzog Haustechnik AG, Jato-D\u00fcsenbau AG, Kirchenchor Littau, Littauer Metzg Hans-J\u00f6rg M\u00fcller, Matter Metalbau AG, M\u00fcller Hans Dorfgarage, Partnerplan AG, Reformierte Kirche Littau-Reussb\u00fchl, Sch\u00e4tzle AG, Schmidt Gabriela, Stirnimann Ueli, Striebig AG, Tosec AG, UBS AG, Ulmi AG, QV Matt, Wyler Res, Stutz AG<\/p>\n<p><strong>Sonnenstrahlsponsoren (ab CHF 250.\u2013)<\/strong><\/p>\n<p>Alpinofen Zentralschweiz AG, Auriga Bar, AXA Winterthur, Baumeler Claudia, Betschart Klemens, Betschart Thomas, Buhler Josef, B\u00fchlmann Andreas, Camenzind Fusspflege, Canlioez GmbH, Capra Jacqueline &amp; Remo, Claude Bucher AG, Christen Elisabeth, Della Torre GmbH, Ettlin- Camenzind Cornelia und Roland, Lutz AG, Fanger AG, Fluder Pascal, Furrer Brigitte, Garage Amb\u00fchl Paul, Gisler Hanspeter, Grimm Xaver, Gr\u00fcter Suter, Haegeli AG, Hess Armin, Hodel Partner AG, H\u00fcgi Emi und Felix, H\u00fcsler Jakob, Ideplan AG, Imgr\u00fcth Daniel und Sybille, Kempf Metallbau AG, Keynet AG, Kn\u00fcsel + Sohn AG, Lindenmann Reklamen, Meyer Peter und Andrea, Meyer Stefan, M\u00fcller Erwin, Nadig Parkett, Pascal HairTrend, PeZe Informatik GmbH, Portmann Josef, Raiffeisenbank Littau-Reussb\u00fchl, Restaurant Caravelle, Ruopigen Optik, Sch\u00f6pfer Fredy und Madeleine, Schuler Michael, Simon Manfred und Ruth, Steiger Erwin, Quartierverein Littau Dorf, Zemp Sanit\u00e4r AG, Zumb\u00fchl Thomas, 5vor8ti Club (Ehemaligenverein BR Littau)<\/p>\n<p><strong>Sonnenaufgangssponsoren (ab CHF 100.\u2013)<\/strong><\/p>\n<p>Albisser Hans, Albori Andre und Heidi, Albori Sandra, Amrein Marius und Andrea, Amrein Paul, Automaten Meyer AG, B\u00e4chinger Christian, B\u00e4chli Daniel, Banz Christina, B\u00e4rtschi Lisbeth, Balmer-Etienne AG, Baumeler-Balmer Marie-Louise, B\u00e4ttig A. Baltermi, B\u00e4ttig Ruth, Bieri Karin, Bieri Sandra, Binggeli D\u00e4mmtechnik AG, Blaser Ernst, Bl\u00e4ttler Josef, Bollhalder-Elmer Walter, Britschgi Priska, Britschgi Rosmarine, Brunner-Fuchs Elisabeth, Bucher Bruno, Bucher Josef, Chamoulaud Samson, Chevalley Andr\u00e9, Collins-F\u00e4h Margot, Colpi Silvan, Deicher Patrick, Elmiger Ali, Felder Jules, Fries Josef und Adelheid, Fussen Martin und Rosmarie, Fussen Melanie, Garage Schmidli, Geisseler Beat und Monika, Geisseler Heidi, Geisseler Stefan und Andrea, Gut Bernhard, Gourmet Gonzalez, Haas Iris, Haag Bea, Haldi Heinz, Helfenstein Markus, Helfenstein Urs, Hengartner Architekturb\u00fcro, Hofstetter AG, Hofstetter-Keller Susi, Husmann Erich, Hunkeler Irene, Huwiler Ernst, Imgr\u00fcth Roland, Jenni Fridolin, Jost AG Metallisierung, Julen Franz, K\u00e4lin Paul und Rosmarine, K\u00e4ppeli Margrith, Kaufmann Pirmin, Keller Ivo, Koch Daniel, Kn\u00fcsel Ramona, K\u00fcng Daniel, Lisibach Hans, Lorenc Christoph, Luternauer Martin, Malergesch\u00e4ft Lotter GmbH, Marbach S., Marbach-Meier Gertrud, Marbacher Peter, Mattle Fredy, Messe Luzern, M\u00fchlebach Markus, M\u00fcller Sibylle, Mumenthaler Rudolf, Notter Domenica, Pica Mouralinho Monika, Radmall, Rebsamen Bruno, Roth Hans, Ruiz Daniela und Fabian, Salaorni-Bisch Marie Luise, Sch\u00e4rli Thomas, Scheiwiller Moritz, Schmid Peter, Sch\u00f6pfer Cornelia, Sch\u00f6pfer Manuela, Sch\u00f6pfer Stefan, Sonderegger Ruedi, Stocker Aline, Thurnherr Hansruedi, Togni Sandrine, Troxler Daniel u. Monika, Vassali Mathias und Belinda, Von Prunner Alfons und Ritta, Von Holzen Gody, Walter Graf GmbH, Wechsler Daniela, Wittinger Janine, Wyler Marc, Wyss Markus, Wyss Urs, Zenklusen GmbH<\/p>\n<p><strong>Sonnenbadsponsoren (ab CHF 50.\u2013)<\/strong><\/p>\n<p>Aregger Marcel, Arnold Rita, Bl\u00e4ttler Joseph, Borgula Adrian, Brun AG, Bruno Felice, Buck Willi, B\u00fcrgisser Angela, B\u00fcrgisser Titus, Christen Josef, Dr. med. Hofmann, Felder Stefan, Furger Flavio, Furrer A. K\u00fcttel, Geisseler Josefine und Josef, Geisseler Patrick und Sandra, Himmelsbach Monika, Hofstetter Gido, Ineichen Beat, Jubla, Regioteam Pilatus, Kaufmann Felix, Kruegel- Bucher Karin, Kurt-Schmidiger Iris, Lindegger Werner, Lingg Gabriela, Lingg Leo und Hilde, Meisser P., Oberholzer H., Pauger Markus, Preier Michele, R\u00f6lli Alois, Roth Daniel, Schaliibaum Hans, Schatzmann-K\u00fcng Daniel, Scherer Karl, Schmidiger Hermann, Schmidli Peter, Schmidt Margrit, Schumacher Ivan, Servian Margrith, Steiger Antoinette, Thurnherr Pius, Wiss Verena, Wey Beck, Wicki Pia, Wyler Josy, Zurm\u00fchle Lilly<\/p>\n<p>&nbsp;<\/p>\n<p><strong><em>Herzlichen Dank!!!<\/em><\/strong><\/p>\n","protected":false},"excerpt":{"rendered":"<p>Unser Projekt Die beiden Jugendvereine Jungwacht und Blauring Littau hatten Anfang Januar 2013 entschieden, auf dem Dach des Pfarrsaals der Pfarrei Littau eine Solaranlage (Photovoltaik) zu bauen. Ziel war es, &#8230; <a title=\"Solaranlage\" class=\"read-more\" href=\"https:\/\/www.jwl.ch\/?page_id=2893\" aria-label=\"Mehr Informationen \u00fcber Solaranlage\">Weiterlesen<\/a><\/p>\n","protected":false},"author":3,"featured_media":0,"parent":0,"menu_order":0,"comment_status":"closed","ping_status":"closed","template":"","meta":{"footnotes":""},"class_list":["post-2893","page","type-page","status-publish"],"aioseo_notices":[],"_links":{"self":[{"href":"https:\/\/www.jwl.ch\/index.php?rest_route=\/wp\/v2\/pages\/2893","targetHints":{"allow":["GET"]}}],"collection":[{"href":"https:\/\/www.jwl.ch\/index.php?rest_route=\/wp\/v2\/pages"}],"about":[{"href":"https:\/\/www.jwl.ch\/index.php?rest_route=\/wp\/v2\/types\/page"}],"author":[{"embeddable":true,"href":"https:\/\/www.jwl.ch\/index.php?rest_route=\/wp\/v2\/users\/3"}],"replies":[{"embeddable":true,"href":"https:\/\/www.jwl.ch\/index.php?rest_route=%2Fwp%2Fv2%2Fcomments&post=2893"}],"version-history":[{"count":7,"href":"https:\/\/www.jwl.ch\/index.php?rest_route=\/wp\/v2\/pages\/2893\/revisions"}],"predecessor-version":[{"id":3713,"href":"https:\/\/www.jwl.ch\/index.php?rest_route=\/wp\/v2\/pages\/2893\/revisions\/3713"}],"wp:attachment":[{"href":"https:\/\/www.jwl.ch\/index.php?rest_route=%2Fwp%2Fv2%2Fmedia&parent=2893"}],"curies":[{"name":"wp","href":"https:\/\/api.w.org\/{rel}","templated":true}]}}