{"id":2800,"date":"2019-03-28T19:56:01","date_gmt":"2019-03-28T18:56:01","guid":{"rendered":"https:\/\/jwl.raphael-schaerli.ch\/?page_id=2800"},"modified":"2020-03-05T09:54:30","modified_gmt":"2020-03-05T08:54:30","slug":"sola-2019","status":"publish","type":"page","link":"https:\/\/www.jwl.ch\/?page_id=2800","title":{"rendered":"Sola 2019"},"content":{"rendered":"<h2>R\u00fcckblick Lagerleitung<\/h2>\n<p>Sommerlager 2019 &#8211; Die rote Bruderschaft<\/p>\n<p>50 Millionen, eine Menge Geld, welches wir w\u00e4hrend den zwei Wochen aus dem Casino geklaut haben. Nicht immer ging alles nach Plan, so dass wir sogar uns f\u00fcr einige Tage zur\u00fcckziehen mussten. Doch am Ende nach vielen Schweissperlen und verbrannten Hirnzellen beim L\u00f6sen der R\u00e4tsel haben wir es doch noch geschafft!<\/p>\n<p>32 Kinder schlossen sich der roten Bruderschaft an und hatten alle nur eins im Kopf: Gemeinsam unter der Leitung von den beiden Professoren und einem einzigartigen Leitungsteam ins Grand Casino T\u00e4sch einzubrechen und mit einer Menge Geld nach Hause zu kommen. Dabei wurden alle nach ihren F\u00e4higkeiten in vier verschiedene Gruppen eingeteilt: Denver unser Schlossknacker, Rio unser Spezialist f\u00fcr Fallen und \u00e4hnliches, Berlin unser schlaues K\u00f6pfchen und Helsinki unser menschlicher Vorschlaghammer. Jeder einzelne gab sein bestes, so dass wir gemeinsam die vielen anspruchsvollen R\u00e4tsel mit Bravour meistern konnten.<\/p>\n<p>Neben all den Bem\u00fchungen f\u00fcr den erfolgreichen Einbruch konnten wir die beiden mehrheitlich sonnigen Wochen in T\u00e4sch geniessen. Mit Gel\u00e4ndespielen, Spielturnier oder Ateliers war immer f\u00fcr Spass, Unterhaltung und Lebensfreude gesorgt. An heissen Sonnentagen genossen wir ein abk\u00fchlendes Bad im Schalisee, so dass wir uns jeweils am Abend erholt und voller Motivation an den n\u00e4chsten Schritt f\u00fcr den Einbruch wagten.<\/p>\n<p>Ein Lagerhighlight war sicherlich die 3-t\u00e4gige Unternehmung, bei welcher die l\u00e4ngste H\u00e4ngebr\u00fccke der Welt \u00fcberwunden, Air Zermatt besichtigt und das weltbekannte Matterhorn betrachtet wurde.<\/p>\n<p>Dies ist nur eins von vielen Highlights, welche noch lange in Erinnerung bleiben werden, weshalb wir auf ein erfolgreiches Lager zur\u00fcckblicken. Zur\u00fcckblicken, dass kannst auch du mit uns am 16.10.2019 mit vielen eindrucksvollen Impressionen aus dem Lager. An dieser Stelle m\u00f6chten wir uns noch einmal bei allen Eltern f\u00fcr das Vertrauen, dem Leitungsteam f\u00fcr den unerm\u00fcdlichen Einsatz und allen andern, welche dieses tolle Sommerlager erm\u00f6glicht haben, bedanken.<\/p>\n<div class=\"rl-gallery-container rl-loading\" id=\"rl-gallery-container-1\" data-gallery_id=\"3521\"> <div class=\"rl-gallery rl-basicmasonry-gallery \" id=\"rl-gallery-1\" data-gallery_no=\"1\"> <div class=\"rl-gutter-sizer\"><\/div><div class=\"rl-grid-sizer\"><\/div> <div class=\"rl-gallery-item rl-gallery-item-width-4\" > <div class=\"rl-gallery-item-content\"> <a href=\"https:\/\/www.jwl.ch\/wp-content\/uploads\/2019\/10\/Sola19-Tag11-14.jpg\" title=\"\" data-rl_title=\"\" class=\"rl-gallery-link\" data-rl_caption=\"\" data-rel=\"lightbox-gallery-1\"><img loading=\"lazy\" decoding=\"async\" src=\"https:\/\/www.jwl.ch\/wp-content\/uploads\/2019\/10\/Sola19-Tag11-14-1200x800.jpg\" width=\"1200\" height=\"800\" alt=\"\"\/><\/a> <\/div> <\/div> <div class=\"rl-gallery-item\" > <div class=\"rl-gallery-item-content\"> <a href=\"https:\/\/www.jwl.ch\/wp-content\/uploads\/2019\/10\/Sola19-Tag3-4.jpg\" title=\"\" data-rl_title=\"\" class=\"rl-gallery-link\" data-rl_caption=\"\" data-rel=\"lightbox-gallery-1\"><img loading=\"lazy\" decoding=\"async\" src=\"https:\/\/www.jwl.ch\/wp-content\/uploads\/2019\/10\/Sola19-Tag3-4-1200x800.jpg\" width=\"1200\" height=\"800\" alt=\"\"\/><\/a> <\/div> <\/div> <div class=\"rl-gallery-item\" > <div class=\"rl-gallery-item-content\"> <a href=\"https:\/\/www.jwl.ch\/wp-content\/uploads\/2019\/10\/Sola19-Tag11-133.jpg\" title=\"\" data-rl_title=\"\" class=\"rl-gallery-link\" data-rl_caption=\"\" data-rel=\"lightbox-gallery-1\"><img loading=\"lazy\" decoding=\"async\" src=\"https:\/\/www.jwl.ch\/wp-content\/uploads\/2019\/10\/Sola19-Tag11-133-1200x800.jpg\" width=\"1200\" height=\"800\" alt=\"\"\/><\/a> <\/div> <\/div> <div class=\"rl-gallery-item\" > <div class=\"rl-gallery-item-content\"> <a href=\"https:\/\/www.jwl.ch\/wp-content\/uploads\/2019\/10\/Sola19-Tag12-108-1.jpg\" title=\"\" data-rl_title=\"\" class=\"rl-gallery-link\" data-rl_caption=\"\" data-rel=\"lightbox-gallery-1\"><img loading=\"lazy\" decoding=\"async\" src=\"https:\/\/www.jwl.ch\/wp-content\/uploads\/2019\/10\/Sola19-Tag12-108-1.jpg\" width=\"800\" height=\"533\" alt=\"\"\/><\/a> <\/div> <\/div> <\/div> <\/div>\n<h2>Tagesr\u00fcckblick<\/h2>\n\n\n<div class=\"su-posts su-posts-default-loop \">\n\n\t\n\t\t\t\t\t\n\t\t\t\n\t\t\t<div id=\"su-post-3104\" class=\"su-post \">\n\n\t\t\t\t\n\t\t\t\t<h2 class=\"su-post-title\"><a href=\"https:\/\/www.jwl.ch\/?p=3104\">08.07.2019, Montag<\/a><\/h2>\n\n\t\t\t\t<div class=\"su-post-meta\">\n\t\t\t\t\tVer\u00f6ffentlicht: 8. Juli 2019\t\t\t\t<\/div>\n\n\t\t\t\t<div class=\"su-post-excerpt\">\n\t\t\t\t\t<p>Nach der langen, aber sch\u00f6nen Fahrt \u00fcber den Grimselpass sind wir schlussendlich in T\u00e4sch angekommen. Nach dem Unterschreiben des Geheimhaltungsvertrages haben wir die Zeit gen\u00fctzt, um unsere Zentrale aufzuwerten und &#8230; <a title=\"08.07.2019, Montag\" class=\"read-more\" href=\"https:\/\/www.jwl.ch\/?p=3104\" aria-label=\"Mehr Informationen \u00fcber 08.07.2019, Montag\">Weiterlesen<\/a><\/p>\n\t\t\t\t<\/div>\n\n\t\t\t\t\n\t\t\t<\/div>\n\n\t\t\t\t\t\n\t\t\t\n\t\t\t<div id=\"su-post-3120\" class=\"su-post \">\n\n\t\t\t\t\n\t\t\t\t<h2 class=\"su-post-title\"><a href=\"https:\/\/www.jwl.ch\/?p=3120\">09.07.2019, Dienstag<\/a><\/h2>\n\n\t\t\t\t<div class=\"su-post-meta\">\n\t\t\t\t\tVer\u00f6ffentlicht: 9. Juli 2019\t\t\t\t<\/div>\n\n\t\t\t\t<div class=\"su-post-excerpt\">\n\t\t\t\t\t<p>Nachdem wir die Zentrale mit Launch, Volleyballfeld und diversen kleinen Sachen wie Wegweiser fertig eingerichtet haben, ging es an die Vorbereitungen f\u00fcr den morgigen Einbruch. Um dabei unerkannt zu bleiben, &#8230; <a title=\"09.07.2019, Dienstag\" class=\"read-more\" href=\"https:\/\/www.jwl.ch\/?p=3120\" aria-label=\"Mehr Informationen \u00fcber 09.07.2019, Dienstag\">Weiterlesen<\/a><\/p>\n\t\t\t\t<\/div>\n\n\t\t\t\t\n\t\t\t<\/div>\n\n\t\t\t\t\t\n\t\t\t\n\t\t\t<div id=\"su-post-3130\" class=\"su-post \">\n\n\t\t\t\t\n\t\t\t\t<h2 class=\"su-post-title\"><a href=\"https:\/\/www.jwl.ch\/?p=3130\">10.07.2019, Mittwoch<\/a><\/h2>\n\n\t\t\t\t<div class=\"su-post-meta\">\n\t\t\t\t\tVer\u00f6ffentlicht: 10. Juli 2019\t\t\t\t<\/div>\n\n\t\t\t\t<div class=\"su-post-excerpt\">\n\t\t\t\t\t<p>Bei gem\u00fctlichen Gruppenstunden konnten wir noch einmal die Zeit in der Gruppe geniessen, bevor es ums Eingemachte geht. Nachmittags halten wir uns mit einem kleinen aber anstrengenden Sportturnier fit gehalten &#8230; <a title=\"10.07.2019, Mittwoch\" class=\"read-more\" href=\"https:\/\/www.jwl.ch\/?p=3130\" aria-label=\"Mehr Informationen \u00fcber 10.07.2019, Mittwoch\">Weiterlesen<\/a><\/p>\n\t\t\t\t<\/div>\n\n\t\t\t\t\n\t\t\t<\/div>\n\n\t\t\t\t\t\n\t\t\t\n\t\t\t<div id=\"su-post-3143\" class=\"su-post \">\n\n\t\t\t\t\n\t\t\t\t<h2 class=\"su-post-title\"><a href=\"https:\/\/www.jwl.ch\/?p=3143\">11.07.2019, Donnerstag<\/a><\/h2>\n\n\t\t\t\t<div class=\"su-post-meta\">\n\t\t\t\t\tVer\u00f6ffentlicht: 11. Juli 2019\t\t\t\t<\/div>\n\n\t\t\t\t<div class=\"su-post-excerpt\">\n\t\t\t\t\t<p>Nachdem fehlgeschlagenen Einbruchsversuch am Vortag, als die Alarmanlage anging, mussten wir uns heute in verschiedene Geheimverstecke zur\u00fcckziehen und abwarten, bis Grass \u00fcber das Ganze gewachsen ist. Fazit aus der Geschichte: &#8230; <a title=\"11.07.2019, Donnerstag\" class=\"read-more\" href=\"https:\/\/www.jwl.ch\/?p=3143\" aria-label=\"Mehr Informationen \u00fcber 11.07.2019, Donnerstag\">Weiterlesen<\/a><\/p>\n\t\t\t\t<\/div>\n\n\t\t\t\t\n\t\t\t<\/div>\n\n\t\t\t\t\t\n\t\t\t\n\t\t\t<div id=\"su-post-3155\" class=\"su-post \">\n\n\t\t\t\t\n\t\t\t\t<h2 class=\"su-post-title\"><a href=\"https:\/\/www.jwl.ch\/?p=3155\">12.07.2019, Freitag<\/a><\/h2>\n\n\t\t\t\t<div class=\"su-post-meta\">\n\t\t\t\t\tVer\u00f6ffentlicht: 12. Juli 2019\t\t\t\t<\/div>\n\n\t\t\t\t<div class=\"su-post-excerpt\">\n\t\t\t\t\t<p>Auch heute mussten sich die Gruppen zur\u00fcckziehen, dabei erprobten sie neue M\u00f6glichkeiten einzubrechen und lernten ihre Grenzen kennen. Gruppe Alpha besuchte Air Zermatt, um einen Einbruchsweg \u00fcber die Luft in &#8230; <a title=\"12.07.2019, Freitag\" class=\"read-more\" href=\"https:\/\/www.jwl.ch\/?p=3155\" aria-label=\"Mehr Informationen \u00fcber 12.07.2019, Freitag\">Weiterlesen<\/a><\/p>\n\t\t\t\t<\/div>\n\n\t\t\t\t\n\t\t\t<\/div>\n\n\t\t\t\t\t\n\t\t\t\n\t\t\t<div id=\"su-post-3167\" class=\"su-post \">\n\n\t\t\t\t\n\t\t\t\t<h2 class=\"su-post-title\"><a href=\"https:\/\/www.jwl.ch\/?p=3167\">13.07.2019, Samstag<\/a><\/h2>\n\n\t\t\t\t<div class=\"su-post-meta\">\n\t\t\t\t\tVer\u00f6ffentlicht: 13. Juli 2019\t\t\t\t<\/div>\n\n\t\t\t\t<div class=\"su-post-excerpt\">\n\t\t\t\t\t<p>Am letzten Tag der Wanderungen durften alle etwas l\u00e4nger schlafen, bevor es an die gem\u00fctliche Wanderung zur\u00fcck auf den Lagerplatz ging. Zur\u00fcck auf dem Platz war die Polizei noch vor &#8230; <a title=\"13.07.2019, Samstag\" class=\"read-more\" href=\"https:\/\/www.jwl.ch\/?p=3167\" aria-label=\"Mehr Informationen \u00fcber 13.07.2019, Samstag\">Weiterlesen<\/a><\/p>\n\t\t\t\t<\/div>\n\n\t\t\t\t\n\t\t\t<\/div>\n\n\t\t\t\t\t\n\t\t\t\n\t\t\t<div id=\"su-post-3176\" class=\"su-post \">\n\n\t\t\t\t\n\t\t\t\t<h2 class=\"su-post-title\"><a href=\"https:\/\/www.jwl.ch\/?p=3176\">14.07.2019, Sonntag<\/a><\/h2>\n\n\t\t\t\t<div class=\"su-post-meta\">\n\t\t\t\t\tVer\u00f6ffentlicht: 14. Juli 2019\t\t\t\t<\/div>\n\n\t\t\t\t<div class=\"su-post-excerpt\">\n\t\t\t\t\t<p>Die H\u00e4lfte des Lagers ist schon um und der Tag startete mit dem Traditionellen Brunch mit Spiegelei, Speck und R\u00f6sti. Nach dem ausgiebigen Fr\u00fchst\u00fcck stand ein gem\u00fctliches Spielturnier bestehend aus &#8230; <a title=\"14.07.2019, Sonntag\" class=\"read-more\" href=\"https:\/\/www.jwl.ch\/?p=3176\" aria-label=\"Mehr Informationen \u00fcber 14.07.2019, Sonntag\">Weiterlesen<\/a><\/p>\n\t\t\t\t<\/div>\n\n\t\t\t\t\n\t\t\t<\/div>\n\n\t\t\t\t\t\n\t\t\t\n\t\t\t<div id=\"su-post-3193\" class=\"su-post \">\n\n\t\t\t\t\n\t\t\t\t<h2 class=\"su-post-title\"><a href=\"https:\/\/www.jwl.ch\/?p=3193\">15.07.2019, Montag<\/a><\/h2>\n\n\t\t\t\t<div class=\"su-post-meta\">\n\t\t\t\t\tVer\u00f6ffentlicht: 15. Juli 2019\t\t\t\t<\/div>\n\n\t\t\t\t<div class=\"su-post-excerpt\">\n\t\t\t\t\t<p>Zu Beginn der zweiten Woche st\u00e4rkten wir unser Wissen in den Bereichen Kartenkunde und Orientierung und pr\u00fcften dies bei einem Quiz. In der Zwischenzeit planten die Professoren das weitere Vorgehen &#8230; <a title=\"15.07.2019, Montag\" class=\"read-more\" href=\"https:\/\/www.jwl.ch\/?p=3193\" aria-label=\"Mehr Informationen \u00fcber 15.07.2019, Montag\">Weiterlesen<\/a><\/p>\n\t\t\t\t<\/div>\n\n\t\t\t\t\n\t\t\t<\/div>\n\n\t\t\t\t\t\n\t\t\t\n\t\t\t<div id=\"su-post-3207\" class=\"su-post \">\n\n\t\t\t\t\n\t\t\t\t<h2 class=\"su-post-title\"><a href=\"https:\/\/www.jwl.ch\/?p=3207\">16.07.2019, Dienstag<\/a><\/h2>\n\n\t\t\t\t<div class=\"su-post-meta\">\n\t\t\t\t\tVer\u00f6ffentlicht: 16. Juli 2019\t\t\t\t<\/div>\n\n\t\t\t\t<div class=\"su-post-excerpt\">\n\t\t\t\t\t<p>Bei einem sportlichen Postenlauf zu Tagesbegin hatten die \u00c4ltesten, welche ihre Aufgabe souver\u00e4n gemeistert haben, noch einmal das Sagen, bevor die Leiter zur\u00fcck kamen. Doch das Leitungsteam war zu eigenn\u00fctzig &#8230; <a title=\"16.07.2019, Dienstag\" class=\"read-more\" href=\"https:\/\/www.jwl.ch\/?p=3207\" aria-label=\"Mehr Informationen \u00fcber 16.07.2019, Dienstag\">Weiterlesen<\/a><\/p>\n\t\t\t\t<\/div>\n\n\t\t\t\t\n\t\t\t<\/div>\n\n\t\t\t\t\t\n\t\t\t\n\t\t\t<div id=\"su-post-3223\" class=\"su-post \">\n\n\t\t\t\t\n\t\t\t\t<h2 class=\"su-post-title\"><a href=\"https:\/\/www.jwl.ch\/?p=3223\">17.07.2019, Mittwoch<\/a><\/h2>\n\n\t\t\t\t<div class=\"su-post-meta\">\n\t\t\t\t\tVer\u00f6ffentlicht: 17. Juli 2019\t\t\t\t<\/div>\n\n\t\t\t\t<div class=\"su-post-excerpt\">\n\t\t\t\t\t<p>Mit dem Teilerfolg vom Vortag haben wir uns Spiel und Spass verdient, welcher wir bei einem freien Spielen am Morgen mit Netzball, Fussball, Kubb, Fangis, Tischtennis und diversen Hosesackspielen gehabt &#8230; <a title=\"17.07.2019, Mittwoch\" class=\"read-more\" href=\"https:\/\/www.jwl.ch\/?p=3223\" aria-label=\"Mehr Informationen \u00fcber 17.07.2019, Mittwoch\">Weiterlesen<\/a><\/p>\n\t\t\t\t<\/div>\n\n\t\t\t\t\n\t\t\t<\/div>\n\n\t\t\t\t\t\n\t\t\t\n\t\t\t<div id=\"su-post-3234\" class=\"su-post \">\n\n\t\t\t\t\n\t\t\t\t<h2 class=\"su-post-title\"><a href=\"https:\/\/www.jwl.ch\/?p=3234\">18.07.2019, Donnerstag<\/a><\/h2>\n\n\t\t\t\t<div class=\"su-post-meta\">\n\t\t\t\t\tVer\u00f6ffentlicht: 18. Juli 2019\t\t\t\t<\/div>\n\n\t\t\t\t<div class=\"su-post-excerpt\">\n\t\t\t\t\t<p>Mit diversen Ateliers wie R\u00fcckw\u00e4rtstheater, Schnitzen, Bowlen und Experimenten begann der Tag, um uns von der bitteren Entt\u00e4uschung des Vortages zu erholen. Am Nachmittag galt die Lebensfreu(n)de zu erhalten durch &#8230; <a title=\"18.07.2019, Donnerstag\" class=\"read-more\" href=\"https:\/\/www.jwl.ch\/?p=3234\" aria-label=\"Mehr Informationen \u00fcber 18.07.2019, Donnerstag\">Weiterlesen<\/a><\/p>\n\t\t\t\t<\/div>\n\n\t\t\t\t\n\t\t\t<\/div>\n\n\t\t\t\t\t\n\t\t\t\n\t\t\t<div id=\"su-post-3245\" class=\"su-post \">\n\n\t\t\t\t\n\t\t\t\t<h2 class=\"su-post-title\"><a href=\"https:\/\/www.jwl.ch\/?p=3245\">19.07.2019, Freitag<\/a><\/h2>\n\n\t\t\t\t<div class=\"su-post-meta\">\n\t\t\t\t\tVer\u00f6ffentlicht: 19. Juli 2019\t\t\t\t<\/div>\n\n\t\t\t\t<div class=\"su-post-excerpt\">\n\t\t\t\t\t<p>Mit Foto-OL und gem\u00fctlichen Baden am See wird der letzte richtige Tag genossen. In der Zwischenzeit ging es bereits an den Lagerabbau. Das Casino musste abgerissen werden, da es aufgrund &#8230; <a title=\"19.07.2019, Freitag\" class=\"read-more\" href=\"https:\/\/www.jwl.ch\/?p=3245\" aria-label=\"Mehr Informationen \u00fcber 19.07.2019, Freitag\">Weiterlesen<\/a><\/p>\n\t\t\t\t<\/div>\n\n\t\t\t\t\n\t\t\t<\/div>\n\n\t\t\t\t\t\n\t\t\t\n\t\t\t<div id=\"su-post-3247\" class=\"su-post \">\n\n\t\t\t\t\n\t\t\t\t<h2 class=\"su-post-title\"><a href=\"https:\/\/www.jwl.ch\/?p=3247\">20.07.2019, Samstag<\/a><\/h2>\n\n\t\t\t\t<div class=\"su-post-meta\">\n\t\t\t\t\tVer\u00f6ffentlicht: 20. Juli 2019\t\t\t\t<\/div>\n\n\t\t\t\t<div class=\"su-post-excerpt\">\n\t\t\t\t\t<p>Wie jedes Lager endet auch unseres mit anstrengendem Lagerabbau, bevor es an die fast ewige Fahrt zur\u00fcck nach Luzern geht. Ersch\u00f6pft aber gl\u00fccklich kamen alle auf dem Schulhausplatz an und &#8230; <a title=\"20.07.2019, Samstag\" class=\"read-more\" href=\"https:\/\/www.jwl.ch\/?p=3247\" aria-label=\"Mehr Informationen \u00fcber 20.07.2019, Samstag\">Weiterlesen<\/a><\/p>\n\t\t\t\t<\/div>\n\n\t\t\t\t\n\t\t\t<\/div>\n\n\t\t\n\t\n<\/div>\n\n<p>&nbsp;<\/p>\n","protected":false},"excerpt":{"rendered":"<p>Ort: T\u00e4sch VS<br \/>\nLagerleiter: Cyrill Hefti &#038; Christof Meyer<br \/>\nMotto: Die rote Bruderschaft<\/p>\n","protected":false},"author":1,"featured_media":2401,"parent":594,"menu_order":0,"comment_status":"closed","ping_status":"closed","template":"","meta":{"footnotes":""},"class_list":["post-2800","page","type-page","status-publish","has-post-thumbnail","hentry"],"aioseo_notices":[],"_links":{"self":[{"href":"https:\/\/www.jwl.ch\/index.php?rest_route=\/wp\/v2\/pages\/2800","targetHints":{"allow":["GET"]}}],"collection":[{"href":"https:\/\/www.jwl.ch\/index.php?rest_route=\/wp\/v2\/pages"}],"about":[{"href":"https:\/\/www.jwl.ch\/index.php?rest_route=\/wp\/v2\/types\/page"}],"author":[{"embeddable":true,"href":"https:\/\/www.jwl.ch\/index.php?rest_route=\/wp\/v2\/users\/1"}],"replies":[{"embeddable":true,"href":"https:\/\/www.jwl.ch\/index.php?rest_route=%2Fwp%2Fv2%2Fcomments&post=2800"}],"version-history":[{"count":24,"href":"https:\/\/www.jwl.ch\/index.php?rest_route=\/wp\/v2\/pages\/2800\/revisions"}],"predecessor-version":[{"id":9790,"href":"https:\/\/www.jwl.ch\/index.php?rest_route=\/wp\/v2\/pages\/2800\/revisions\/9790"}],"up":[{"embeddable":true,"href":"https:\/\/www.jwl.ch\/index.php?rest_route=\/wp\/v2\/pages\/594"}],"wp:featuredmedia":[{"embeddable":true,"href":"https:\/\/www.jwl.ch\/index.php?rest_route=\/wp\/v2\/media\/2401"}],"wp:attachment":[{"href":"https:\/\/www.jwl.ch\/index.php?rest_route=%2Fwp%2Fv2%2Fmedia&parent=2800"}],"curies":[{"name":"wp","href":"https:\/\/api.w.org\/{rel}","templated":true}]}}