{"id":2370,"date":"2017-04-29T18:46:02","date_gmt":"2017-04-29T16:46:02","guid":{"rendered":"https:\/\/jwl.raphael-schaerli.ch\/?page_id=2370"},"modified":"2019-01-29T18:46:14","modified_gmt":"2019-01-29T17:46:14","slug":"wila-2017-2","status":"publish","type":"page","link":"https:\/\/www.jwl.ch\/?page_id=2370","title":{"rendered":"Wila 2017"},"content":{"rendered":"<h2>Lagerbericht<\/h2>\n<p>Als wir uns auf die Suche nach dem Geisterhaus begaben, waren wir bereits voller Tatendrang. Anschliessend erlebten wir in einer ereignisreichen Woche viel Spiel und Spass zusammen mit dem Blauring. Das Lagerhaus hat uns daf\u00fcr verschiedenste R\u00e4umlichkeiten geboten. Ein cooler Spielraum mit Tischfussball, Billard und Tischtennis, der Ess- und Aufenthaltsraum mit Sofas, oder die diversen Schlafzimmer. Auch einen Spielplatz und eine Feuerstelle gab es draussen. Was will man also mehr? Durch verschiedenen Erlebnisse draussen, wie sportliche Postenl\u00e4ufe, kampfbetonte Wettk\u00e4mpfe oder ein Spielturnier fanden wir immer eine ideale Besch\u00e4ftigung. Auch dank der St\u00e4rkungen des K\u00fcchenteams waren wir immer guter Laune und bereit f\u00fcr die kommenden Taten.<\/p>\n<p>Am diesj\u00e4hrigen Ausflugstag sind wir nach Schwarzenberg gewandert. In der Turnhalle konnten wir dann Spiele machen. Dank den Turnger\u00e4ten waren die M\u00f6glichkeiten beinahe Grenzenlos.\u00a0 Nach einer tollen Woche bei gutem Wetter reisten wir dann schliesslich ersch\u00f6pft mit Bus und der Bahn nach Hause.<\/p>\n<p>Robin Chevalley<\/p>\n","protected":false},"excerpt":{"rendered":"<p>Ort: Eigenthal<br \/>\nLagerleiter: Robin CHevalley<br \/>\nMotto: Ghostbusters: Unheimliches Abenteuer im Geisterhaus<\/p>\n","protected":false},"author":1,"featured_media":0,"parent":1648,"menu_order":0,"comment_status":"closed","ping_status":"closed","template":"","meta":{"footnotes":""},"class_list":["post-2370","page","type-page","status-publish"],"aioseo_notices":[],"_links":{"self":[{"href":"https:\/\/www.jwl.ch\/index.php?rest_route=\/wp\/v2\/pages\/2370","targetHints":{"allow":["GET"]}}],"collection":[{"href":"https:\/\/www.jwl.ch\/index.php?rest_route=\/wp\/v2\/pages"}],"about":[{"href":"https:\/\/www.jwl.ch\/index.php?rest_route=\/wp\/v2\/types\/page"}],"author":[{"embeddable":true,"href":"https:\/\/www.jwl.ch\/index.php?rest_route=\/wp\/v2\/users\/1"}],"replies":[{"embeddable":true,"href":"https:\/\/www.jwl.ch\/index.php?rest_route=%2Fwp%2Fv2%2Fcomments&post=2370"}],"version-history":[{"count":1,"href":"https:\/\/www.jwl.ch\/index.php?rest_route=\/wp\/v2\/pages\/2370\/revisions"}],"predecessor-version":[{"id":2371,"href":"https:\/\/www.jwl.ch\/index.php?rest_route=\/wp\/v2\/pages\/2370\/revisions\/2371"}],"up":[{"embeddable":true,"href":"https:\/\/www.jwl.ch\/index.php?rest_route=\/wp\/v2\/pages\/1648"}],"wp:attachment":[{"href":"https:\/\/www.jwl.ch\/index.php?rest_route=%2Fwp%2Fv2%2Fmedia&parent=2370"}],"curies":[{"name":"wp","href":"https:\/\/api.w.org\/{rel}","templated":true}]}}