{"id":2337,"date":"2015-04-29T14:13:06","date_gmt":"2015-04-29T12:13:06","guid":{"rendered":"https:\/\/jwl.raphael-schaerli.ch\/?page_id=2337"},"modified":"2020-04-21T13:25:02","modified_gmt":"2020-04-21T11:25:02","slug":"wila-2015","status":"publish","type":"page","link":"https:\/\/www.jwl.ch\/?page_id=2337","title":{"rendered":"Wila 2015"},"content":{"rendered":"<h2>Lagerbericht<\/h2>\n<p>Mit \u00fcber 60 gut gelaunten Kindern und Leitungspersonen begab sich die Jungwacht und Blauring Littau Anfangs der Fasnachtsferien ins streng gef\u00fchrte Internat bei R\u00fcschegg Heubach. Doch schon bei der Begr\u00fcssungsrede durch Dr. Prof. Nicolas Carlen wurde klar, dass es f\u00fcr den Internatsleiter keine einfache Aufgabe wird, diese aufgeweckte und lebensfrohe Meute zu b\u00e4ndigen. Und so \u00fcberraschte es nicht, dass sich bereits am ersten Abend die feierw\u00fctige Sch\u00fclerschaft gegen den strengen Internatsleiter\u00a0 durchsetzte und sich somit doch noch eine Woche voller Festlichkeiten erm\u00f6glichte.<\/p>\n<p>Wie im Fluge verging die Lagerwoche bei sch\u00f6nstem Wetter und abwechslungsreichem Programm. Wie jedes Jahr durften wir auch dieses Mal viele unvergessliche Momente erleben:\u00a0 Ein romantisches Candle-Light-Dinner am Valentinstag, ein Treffen mit dem &#8222;Samichlaus&#8220; aber auch eine actionreiche Jagd nach den entlaufenen Stieren &#8211; es war f\u00fcr alle etwas dabei!<\/p>\n<p>&nbsp;<\/p>\n<p>Wir bedanken uns bei allen Kindern und Eltern f\u00fcr ihre Teilnahme und hoffen, euch auch bei unserem n\u00e4chsten Abenteuer wieder mit dabei zu haben!<\/p>\n<p><img loading=\"lazy\" decoding=\"async\" class=\"aligncenter wp-image-4055\" src=\"https:\/\/www.jwl.ch\/wp-content\/uploads\/2020\/04\/wila_15_1-1000x666.jpg\" alt=\"\" width=\"750\" height=\"499\" srcset=\"https:\/\/www.jwl.ch\/wp-content\/uploads\/2020\/04\/wila_15_1-1000x666.jpg 1000w, https:\/\/www.jwl.ch\/wp-content\/uploads\/2020\/04\/wila_15_1-1200x799.jpg 1200w, https:\/\/www.jwl.ch\/wp-content\/uploads\/2020\/04\/wila_15_1-768x511.jpg 768w, https:\/\/www.jwl.ch\/wp-content\/uploads\/2020\/04\/wila_15_1-1536x1022.jpg 1536w, https:\/\/www.jwl.ch\/wp-content\/uploads\/2020\/04\/wila_15_1-2048x1363.jpg 2048w, https:\/\/www.jwl.ch\/wp-content\/uploads\/2020\/04\/wila_15_1-400x266.jpg 400w\" sizes=\"auto, (max-width: 750px) 100vw, 750px\" \/><\/p>\n","protected":false},"excerpt":{"rendered":"<p>Ort: R\u00fcschegg Heubach (BE)<br \/>\nLagerleiter: Nicolas Carlen<br \/>\nMotto:<\/p>\n","protected":false},"author":1,"featured_media":0,"parent":1648,"menu_order":0,"comment_status":"closed","ping_status":"closed","template":"","meta":{"footnotes":""},"class_list":["post-2337","page","type-page","status-publish"],"aioseo_notices":[],"_links":{"self":[{"href":"https:\/\/www.jwl.ch\/index.php?rest_route=\/wp\/v2\/pages\/2337","targetHints":{"allow":["GET"]}}],"collection":[{"href":"https:\/\/www.jwl.ch\/index.php?rest_route=\/wp\/v2\/pages"}],"about":[{"href":"https:\/\/www.jwl.ch\/index.php?rest_route=\/wp\/v2\/types\/page"}],"author":[{"embeddable":true,"href":"https:\/\/www.jwl.ch\/index.php?rest_route=\/wp\/v2\/users\/1"}],"replies":[{"embeddable":true,"href":"https:\/\/www.jwl.ch\/index.php?rest_route=%2Fwp%2Fv2%2Fcomments&post=2337"}],"version-history":[{"count":4,"href":"https:\/\/www.jwl.ch\/index.php?rest_route=\/wp\/v2\/pages\/2337\/revisions"}],"predecessor-version":[{"id":4057,"href":"https:\/\/www.jwl.ch\/index.php?rest_route=\/wp\/v2\/pages\/2337\/revisions\/4057"}],"up":[{"embeddable":true,"href":"https:\/\/www.jwl.ch\/index.php?rest_route=\/wp\/v2\/pages\/1648"}],"wp:attachment":[{"href":"https:\/\/www.jwl.ch\/index.php?rest_route=%2Fwp%2Fv2%2Fmedia&parent=2337"}],"curies":[{"name":"wp","href":"https:\/\/api.w.org\/{rel}","templated":true}]}}