{"id":2333,"date":"2013-04-29T14:09:42","date_gmt":"2013-04-29T12:09:42","guid":{"rendered":"https:\/\/jwl.raphael-schaerli.ch\/?page_id=2333"},"modified":"2020-04-21T15:27:10","modified_gmt":"2020-04-21T13:27:10","slug":"wila-2013","status":"publish","type":"page","link":"https:\/\/www.jwl.ch\/?page_id=2333","title":{"rendered":"Wila 2013"},"content":{"rendered":"<h2>Lagerbericht<\/h2>\n<p>Als bei den Kinder und Jugendlichen aus Littau bei Luzern Anfangs Jahr unverhofft ein Zeitungsartikel ins Haus flatterte, war jedem Jungw\u00e4chter und jedem Blauringm\u00e4dchen sofort klar, dass die erste Woche der Fasnachtsferien nicht in der vertrauten heimeligen Umgebung stattfinden wird. Indiana Jones n\u00e4mlich war es h\u00f6chstpers\u00f6nlich, der zu Beginn des Jahres tatkr\u00e4ftige Hilfe f\u00fcr eine winterliche, h\u00f6chst heikle Mission suchte. Und zwar f\u00fcr eine Expedition nach Russland. Denn dort war zuvor ein geheimnisvoller, bomben\u00e4hnlicher Gegenstand gefunden worden, der als \u201egef\u00e4hrlich mit weltweiten Folgen\u201c eingestuft wurde. Indiana Jones suchte sich also ein geeignetes Team und wurde in Littau f\u00fcndig: 35 Kinder und Leiter von Jungwacht und Blauring r\u00fcsteten sich f\u00fcr die \u201eMission Russland\u201c und erschienen wohlauf und voller Begeisterung am Sonntag 3. Februar zum Expeditionsstart.<\/p>\n<p>&nbsp;<\/p>\n<p>Nach einer zweist\u00fcndigen Carfahrt nach Andwil im Kanton St. Gallen (Russische Provinz im Herzen Sibiriens) hatten wir unser Lagerhaus erreicht, wo sich die Buben und M\u00e4dchen sofort in ihre Zimmer einquartieren konnten. Die unvergesslich tolle Woche nahm mit einem ersten Fightgame auf dem von Schneegest\u00f6ber erf\u00fcllten Gel\u00e4nde ihren Anfang, bei dem schon mal die ersten Hinweise f\u00fcr den Standort des gesuchten Gegenstandes erspielt wurden. Diese Hinweise h\u00e4uften sich gegen Ende der Woche und halfen den Teilnehmer und Teilnehmerinnen schlussendlich, die Bombe zu finden und zu entsch\u00e4rfen. Doch diese weltrettende und erfolgreiche Tat war nur durch eine ausgewogene abwechslungsreiche Gestaltung des Lageralltages m\u00f6glich: Die Wechsel zwischen actionreichen Spielen im Schnee \u2013 und wenn dieser halt f\u00fcr einen Tag pl\u00f6tzlich verschwunden war, im dreckigen Matsch \u2013 und gem\u00fctlichen Aufenthalten im Lagerhaus machten die gute Stimmung in der Schar aus. Des Weiteren waren auch die Nachtwanderung im Fackellicht, auf der wir einen entf\u00fchrten Leiter suchten und tats\u00e4chlich auch aufsp\u00fcren konnten, das Schlittschuhlaufen in der n\u00e4chstgelegenen Stadt, die entspannenden Wellnessateliers am Abend im Lagerehaus und auch die Leiterjagt und Hinweissuche durch das ganze Dorf alles unvergessliche Highlights.<\/p>\n<p>&nbsp;<\/p>\n<p>Nat\u00fcrlich haben wir noch viel, viel mehr erlebt, doch um dies alles aufzuz\u00e4hlen w\u00fcrde diese Seite wohl bei weitem nicht ausreichen, weshalb ich mich hier am Schluss nur noch auf das wirklich zentrale beschr\u00e4nken m\u00f6chte: Die sechs Tage im Schnee gingen so schnell vor\u00fcber, dass wir als Leiter und Leiterinnen erst jetzt im Nachhinein wieder zur\u00fccklehnen k\u00f6nnen, und auch auf unsere Arbeit Stolz sein d\u00fcrfen, einer solch fr\u00f6hliche Kinderschar eine unvergessliche Woche im Schnee angeboten vermocht zu haben und wir weit weg vom standardm\u00e4ssigem Skifahren und Snowboarden ein enorm abwechslungsreiches Lagerprogramm erm\u00f6glichen konnten. Das Lager war super, unfallfrei und nat\u00fcrlich \u2013 wie jedes andere Jungwacht- oder Blauringlager \u2013 nat\u00fcrlich zu 100 Prozent wiederholungsw\u00fcrdig.<\/p>\n<div class=\"rl-gallery-container rl-loading\" id=\"rl-gallery-container-1\" data-gallery_id=\"4181\"> <div class=\"rl-gallery rl-basicmasonry-gallery \" id=\"rl-gallery-1\" data-gallery_no=\"1\"> <div class=\"rl-gutter-sizer\"><\/div><div class=\"rl-grid-sizer\"><\/div> <div class=\"rl-gallery-item rl-gallery-item-width-4\" > <div class=\"rl-gallery-item-content\"> <a href=\"https:\/\/www.jwl.ch\/wp-content\/uploads\/2020\/04\/wila_13_1.jpg\" title=\"\" data-rl_title=\"\" class=\"rl-gallery-link\" data-rl_caption=\"\" data-rel=\"lightbox-gallery-1\"><img loading=\"lazy\" decoding=\"async\" src=\"https:\/\/www.jwl.ch\/wp-content\/uploads\/2020\/04\/wila_13_1.jpg\" width=\"524\" height=\"348\" alt=\"\"\/><\/a> <\/div> <\/div> <div class=\"rl-gallery-item\" > <div class=\"rl-gallery-item-content\"> <a href=\"https:\/\/www.jwl.ch\/wp-content\/uploads\/2020\/04\/wila_13_2.jpg\" title=\"\" data-rl_title=\"\" class=\"rl-gallery-link\" data-rl_caption=\"\" data-rel=\"lightbox-gallery-1\"><img loading=\"lazy\" decoding=\"async\" src=\"https:\/\/www.jwl.ch\/wp-content\/uploads\/2020\/04\/wila_13_2.jpg\" width=\"524\" height=\"348\" alt=\"\"\/><\/a> <\/div> <\/div> <div class=\"rl-gallery-item\" > <div class=\"rl-gallery-item-content\"> <a href=\"https:\/\/www.jwl.ch\/wp-content\/uploads\/2020\/04\/wila_13_3.jpg\" title=\"\" data-rl_title=\"\" class=\"rl-gallery-link\" data-rl_caption=\"\" data-rel=\"lightbox-gallery-1\"><img loading=\"lazy\" decoding=\"async\" src=\"https:\/\/www.jwl.ch\/wp-content\/uploads\/2020\/04\/wila_13_3.jpg\" width=\"581\" height=\"327\" alt=\"\"\/><\/a> <\/div> <\/div> <\/div> <\/div>\n<p>&nbsp;<\/p>\n<p><em><strong>SO, 3.2.2013<\/strong><\/em><\/p>\n<p>Da es zum Gl\u00fcck viel Schnee hat in Andwil, mussten wir dank schlechten Strassenverh\u00e4ltnissen, die restliche Strecke zu Fuss laufen. Zum Gl\u00fcck hatten wir nette Nachbarn die mit dem Traktor unser Material\u00a0 hinauf transportierten. Nach diesem kleinen Marsch konnten alle ins warme Haus und ihre Schl\u00e4ge beziehen.\u00a0 Der Spion hat mit den Kinder ein Testlauf durchgef\u00fchrt. Sie mussten die Leiter und Leiterinnen fangen und auf den R\u00fcckendrehen. Nach einem sehr feinen Nachtessen von der tollen K\u00fcche, stelltesich das Leiterteam voll vertauscht vor. Danach wurden noch gem\u00fctliche Gruppenstunden durchgef\u00fchrt.<\/p>\n<p>&nbsp;<\/p>\n<p><em><strong>MO, 4.2.2013<\/strong><\/em><\/p>\n<p>&nbsp;<\/p>\n<p>&nbsp;<\/p>\n<p>Wenn der Morgen mit Schnee und Wind anbricht<\/p>\n<p>Und die Sonne den Nebel nicht durchsticht<\/p>\n<p>Dann hat der Kampftag bereits begonnen<\/p>\n<p>Doch der ist noch lange nicht gewonnen<\/p>\n<p>Speerwurf, Kugelstoss und Tarnkunst<\/p>\n<p>Verrichten wir ebenfalls\u00a0 im Nebeldunst<\/p>\n<p>Nun sind die Spezialeinheiten komplett<\/p>\n<p>Dann gabs Fischst\u00e4bchen mit viel Fett<\/p>\n<p>Schlimme Sachen sind bereits geschehen<\/p>\n<p>&nbsp;<\/p>\n<p>Dat wurde entf\u00fchrt und seither nicht gesehen<\/p>\n<p>Den Entf\u00fchrern mit Fackel auf der Spur<\/p>\n<p>So eine Verfolgungsjagd ist eben keine Kur.<\/p>\n<p>Im Dunkeln und bei kalter Biese<\/p>\n<p>Fanden wir Dat auf einer verschneiten Wiese.<\/p>\n<p>Endlich im Lagerhaus angekommen<\/p>\n<p>Waren die Kinder wieder gut gesonnen.<\/p>\n<p>Nach Gutnachtgeschichten schliefen alle ein<\/p>\n<p>So sollten sie wieder fit f\u00fcr morgen sein.<\/p>\n<p>&nbsp;<\/p>\n<p><em><strong>DI, 5.02.2013<\/strong><\/em><\/p>\n<p>Nach einer erholsamen Nacht ging es am Morgen mit vollem Elan, ans Basteln f\u00fcr den Fasnachtsumzug.<\/p>\n<p>Nach dem Motto Sonne und Solaranlage die wir im Mai 2013 auf dem Pfarrsaaldach bauen werden machten sich die Kinder und Jugendlichen an die kreative Arbeit.<\/p>\n<p>Damit wir die Russen bezwingen und ihre Bombe vernichten k\u00f6nnen, bauten verschiedene Teams eine Bombenvernichtungsmaschine. Dies wurde allerdings vom tobenden Wind leicht erschwert.<\/p>\n<p>Am Abend konnten sich alle in verschiedenen Wellnessateliers entspannen und neue Kraft tanken f\u00fcr den morgigen Tag.<\/p>\n<p>&nbsp;<\/p>\n<p><em><strong>MI, 6.2.2013<\/strong><\/em><\/p>\n<p>Nachdem sich die verschiedenen Spezialgruppen in einem Turnier unter Beweis stellten, widmeten wir uns am Nachmittag den Gruppenstunden. Am Abend ging ein weiterer wichtiger Schritt in unserer Mission vor: Die Spezialgruppen mussten sich Kartenst\u00fccke erkaufen, welche uns morgen hoffentlich zur geheimnisvollen Bombe f\u00fchren werden.<\/p>\n<p>&nbsp;<\/p>\n<p><em><strong>DO, 7.2.2013<\/strong><\/em><\/p>\n<p>Nachdem wir am Vorabend die erkauften Kartenst\u00fccke zusammengesetzt haben, packten wir unseren Lunch und machten uns auf den Weg zur Atombombe. Mit viel Geschick, M\u00fche, Spass und Neugier erreichten wir den besagten Platz. Der Weg war streng, eisig, steil und verschneit. Auf dem Weg kontaktierte uns der Russische Spion und gab uns neue Infos. Nach der vielen Arbeit durften wie aufs Eisfeld und auch etwas \u201echr\u00f6mlen\u201c. Die R\u00fcckreise lief wie geplant und das Essen war bereit. Sp\u00e4ter am Abend gab es als Belohnung f\u00fcr den strengen Tag tonnenweise Popcorn und einen guten Film.<\/p>\n<p>&nbsp;<\/p>\n<p><em><strong>FR, 8.2.2013<\/strong><\/em><\/p>\n<p>Der verschl\u00fcsselte Brief vom gestrigen Tag liess uns heute Morgen keine Ruhe. Bei verschiedenen Aktivit\u00e4ten wie Filmdrehen und Fasnachtswagen basteln und beim Herumtollen im frisch gefallenen Schnee (es hat ca. 70 cm Neuschnee J ) haben wir tatkr\u00e4ftig versucht den Brief zu entschl\u00fcsseln. Nachdem wir dies tapfer geschafft hatten, machten wir uns auf den Weg ins Dorf. Ein sich dort versteckender Informant konnte uns, nachdem wir seine sechs im Dorf herumrennenden Komplizen gefangen hatten, Fotohinweise geben die uns zur gef\u00e4hrlichen Bombe f\u00fchrten. Diese wurde sofort von den Spezialkr\u00e4ften konfisziert und am Abend erfolgreich entsch\u00e4rft. Unsere Mission ist somit erfolgreich verlaufen und wir k\u00f6nnen morgen mit gutem Gef\u00fchl nach Littau zur\u00fcckkehren.<\/p>\n<p>&nbsp;<\/p>\n<p><em>Somit war das Lager zu Ende und das Leitungsteam kann auf ein gelungenen Programm zur\u00fcckblicken und was wohl den Eltern am wichtigsten ist: Wir haben ein unfallfreies, arztbesuchfreies und spitalloses Lager hinter uns und sind froh auch in Zukunft tolle Lager auf die Beine stellen zu k\u00f6nnen. Wir freuen uns deshalb alle aufs n\u00e4chste Lager und w\u00fcnschen nun allen Kindern noch eine sch\u00f6ne Zeit!!<\/em><\/p>\n<p>&nbsp;<\/p>\n<p><em>Mit Lieben Gr\u00fcssen<\/em><\/p>\n<p><em>Leitungsteam Winterlager 2013<\/em><\/p>\n<p>&nbsp;<\/p>\n","protected":false},"excerpt":{"rendered":"<p>Ort: Andwil SG<br \/>\nLagerleiter: Fabienne Huber<br \/>\nMotto: Indiana Jones &#8211; Mission Russland<\/p>\n","protected":false},"author":1,"featured_media":0,"parent":1648,"menu_order":0,"comment_status":"closed","ping_status":"closed","template":"","meta":{"footnotes":""},"class_list":["post-2333","page","type-page","status-publish"],"aioseo_notices":[],"_links":{"self":[{"href":"https:\/\/www.jwl.ch\/index.php?rest_route=\/wp\/v2\/pages\/2333","targetHints":{"allow":["GET"]}}],"collection":[{"href":"https:\/\/www.jwl.ch\/index.php?rest_route=\/wp\/v2\/pages"}],"about":[{"href":"https:\/\/www.jwl.ch\/index.php?rest_route=\/wp\/v2\/types\/page"}],"author":[{"embeddable":true,"href":"https:\/\/www.jwl.ch\/index.php?rest_route=\/wp\/v2\/users\/1"}],"replies":[{"embeddable":true,"href":"https:\/\/www.jwl.ch\/index.php?rest_route=%2Fwp%2Fv2%2Fcomments&post=2333"}],"version-history":[{"count":3,"href":"https:\/\/www.jwl.ch\/index.php?rest_route=\/wp\/v2\/pages\/2333\/revisions"}],"predecessor-version":[{"id":4185,"href":"https:\/\/www.jwl.ch\/index.php?rest_route=\/wp\/v2\/pages\/2333\/revisions\/4185"}],"up":[{"embeddable":true,"href":"https:\/\/www.jwl.ch\/index.php?rest_route=\/wp\/v2\/pages\/1648"}],"wp:attachment":[{"href":"https:\/\/www.jwl.ch\/index.php?rest_route=%2Fwp%2Fv2%2Fmedia&parent=2333"}],"curies":[{"name":"wp","href":"https:\/\/api.w.org\/{rel}","templated":true}]}}