{"id":2331,"date":"2012-04-29T14:07:57","date_gmt":"2012-04-29T12:07:57","guid":{"rendered":"https:\/\/jwl.raphael-schaerli.ch\/?page_id=2331"},"modified":"2020-04-21T16:15:33","modified_gmt":"2020-04-21T14:15:33","slug":"wila-2012","status":"publish","type":"page","link":"https:\/\/www.jwl.ch\/?page_id=2331","title":{"rendered":"Wila 2012"},"content":{"rendered":"<h4>Lagerbericht<\/h4>\n<p>Das vergangene Winterlager war ein voller Erfolg. Das schneebedeckte Muotathal, die tollen Spiele und lustigen Theater oder Fernsehauff\u00fchrungen der einzelnen Gruppen, eine unvergesslichen Expedition ins H\u00f6lloch oder einen abenteuerreichen Ausflug auf die Schlittelpiste,\u2026 Wie viele Highlights haben die rund 30 Kinder und etwas mehr als 10 Leiter und Leiterinnen wohl sonst noch zu erz\u00e4hlen?<\/p>\n<p>Kurz gesagt: Die Sender haben gut gearbeitet und der Aufwand hat sich gelohnt um das TV-Business am Leben zu halten. Und genau dies gilt auch f\u00fcr uns Lagerleiter (Raphi &amp; H\u00fcgi): Der grosse Aufwand mit Planung und Organisation des Lagers hat sich 100prozentig gelohnt. Die Stimmung im Lagerhaus war toll und die gl\u00fcckliche Kinderschar wird uns mit vielen wunderbaren Momenten in bester Erinnerung blei-ben. Wir danken deshalb ganz speziell den Eltern f\u00fcr Ihr Vertrauen in unsere Ju-gendarbeit und hoffen auf ein baldiges Wiedersehen in der Jungwacht oder im Blau-ring.<\/p>\n<p>Eine schlechte finanzielle Situation liess zu Jahresbeginn auch die TV-Sender zittern. Jeder bangte um seine Lizenz und tat m\u00f6glichst viel um seine Einschaltsquoten zu steigern. Doch so hart es auch war, mussten per Anfang Februar 2012 einige Sender das Feld r\u00e4umen. Deshalb organisierte der noch gut platzierte TV-Sender SF1 ein einw\u00f6chiges Treffen f\u00fcr die Vertreter der 6 wichtigsten TV-Sender Mitteleuropas. An einem geheimen Ort im Muotathal widmeten sich diese hochqualifizierten F\u00fchrungskr\u00e4fte dem Thema &#8222;Wie k\u00f6nnen wir unsere Einschaltquoten steigern?&#8220; und hatten zudem noch ein ernsthaft bedrohliches Problem zu l\u00f6sen&#8230; Mehr dazu im unten aufgef\u00fchrten, neu ver\u00f6ffentlichten Tagebuch der SF-Chefs Raphael Lingg und Flurin H\u00fcgi:<\/p>\n<p><img loading=\"lazy\" decoding=\"async\" class=\"size-full wp-image-4222 aligncenter\" src=\"https:\/\/www.jwl.ch\/wp-content\/uploads\/2020\/04\/wila_12_1.jpg\" alt=\"\" width=\"614\" height=\"408\" srcset=\"https:\/\/www.jwl.ch\/wp-content\/uploads\/2020\/04\/wila_12_1.jpg 614w, https:\/\/www.jwl.ch\/wp-content\/uploads\/2020\/04\/wila_12_1-400x266.jpg 400w\" sizes=\"auto, (max-width: 614px) 100vw, 614px\" \/><\/p>\n<p>&nbsp;<\/p>\n<p><em><strong>SO, 12.2.2012<\/strong><\/em><\/p>\n<p>Dank dem w\u00e4rmespendenden Frequenzh\u00fcpfen konnten alle TeilnehmerInnen auf Sendung gehen und so bereits die ersten Nachrichten verk\u00fcnden. Die Moderatoren haben sich bereits alle in ihren Stationen eingefunden und stellten sich am Abend einander vor.\u00a0Radio Muotathal l\u00e4uft in allen Zimmern und die Liederw\u00fcnsche sind bereits registriert.<\/p>\n<p>&nbsp;<\/p>\n<p><em><strong>MO, 13.2.2012<\/strong><\/em><\/p>\n<p>Nach der gestrigen &#8222;Gut-Nacht-Geschichte&#8220; schliefen die Kinder,\u00a0mit wenigen Ausnahmen,\u00a0fr\u00fch ein.<\/p>\n<p>Dank den sch\u00f6nen TV Namensschilder, welche die Moderatoren am Morgen in einer Gruppenstunde gebastelt haben, kommt bereits eine gem\u00fctliche Atmosph\u00e4re im Lagerhaus auf. Trotz versalzter Sauce und angebrannten Zwiebeln herrscht allgemein eine gute Kameradschaft zur K\u00fcche. Am Nachmittag b\u00fcndelte man seine Energie f\u00fcr einen klassischen B\u00e4ndelikampf wobei dies, in einer Schatzsuche endete. Die TV Sender stehen permanent unter grossem Druck, denn RTL \u00fcberholt alle anderen Genossen und steht somit, nach dem heutigen Tag, an der Spitze.<\/p>\n<p><em><strong>DI, 14.2.2012<\/strong><\/em><\/p>\n<p>Der Konflikt zwischen den TV-Sendern hat seinen bisherigen H\u00f6chststand erreicht. Die Sender wurden heute morgen in Form eines Sportturnieres handgreiflich und gaben alles um ihre Einschaltquoten zu erh\u00f6hen. Dabei zeigte sich der Sender MTV \u00e4usserst dominant und gewann das Turnier. MTV war auch die Fernsehstation, welche eine neue besonders erfolgreiche Talkshow ins Leben ruften, welche am heutigen Abend zum ersten Mal ausgestrahlt wurde. \u00a0Die anderen Sender konnten ihre Quoten &#8211; bis aus eine selbstverschuldete Ausnahme bei VIVA &#8211; nur geringf\u00fcgig steigern.<\/p>\n<p>Der Funky Kitchen Club zeigte heute ebenfalls grosse Erfolge im TV-Business und zauberte zum Schluss der Sendezeit k\u00f6stliche schokoladige Fruchtspiesse auf den Bildschirm.<\/p>\n<p>&nbsp;<\/p>\n<p><em><strong>MI, 15.2.2012<\/strong><\/em><\/p>\n<p>Als der Kampf um die Vormacht im TV-Business heute morgen im vollen Gange war, tauchte pl\u00f6tzlich ein mysteri\u00f6ser Brief auf. Unbekannte kritisierten das verhalten der TV-Sender und drohten mit harten Konsequenzen, wenn diesem Streit nicht\u00a0bald ein Ende gesetzt wird. Die 6 TV-Sender zeigten keine Reue und machten sich tatkr\u00e4ftig auf den Weg ins nahegelegenen Dorf, um die dort vermuteten Verschw\u00f6rer und Verfasser des Drohbriefes zu finden. Leider fanden die Kinder im ganzen Dorf nur Leiter und Leiterinnen, welche \u00fcber \u00e4usserst wichtigen Informationen verf\u00fcgten, von den Verschw\u00f6rern fehlte jedoch jede Spur.<\/p>\n<p>Pl\u00f6tzlich um genau 21:21 Uhr fiel \u00a0im ganzen TV-Studio \u2013\u00a0\u00a0von den Schlafzimmern, \u00fcber die Toiletten, den Essaal bis hin zur K\u00fcche \u2013 der Strom aus. \u00a0Die Drohungen haben sich also best\u00e4tigt und die Verschw\u00f6rer schlugen nicht nur mit leeren Worten um sich. Im Dunkeln verdienten die Kinder an unserem Casino Abend\u00a0die geforderte L\u00f6segeldsumme, so dass um 22:30 Uhr Nici und Troxler die 20&#8217;000 $ ans vereinbarte Ort brachten. Leider sind diese bis heute noch nicht zur\u00fcckgekehrt und wohl an die Luzerner Fasnacht verschleppt worden. Der Strom ging wieder an und Sportresultate aus Championsleague, Staumeldungen von der A2 und die aktuelle Wetterlage waren zentrale Gesichtspunkte der Sp\u00e4tausgabe der Tagesschau. Hammergeile Stimmung am Abend bei den Kinder endete in einem riesen Gruppenkuscheln bevor dann alle in ihren Schlafsack schl\u00fcpften.<\/p>\n<p><em><strong>DO, 16.2.2012<\/strong><\/em><\/p>\n<p>Heute feierte man im Muotathal den j\u00e4hrlich stattfindenden offiziellen Sendefreitag. Die Kameras wurden ausgeschaltet, die Mikrofone auf Stumm geschaltet und der Beamer heruntergefahren. Die Neumoderatoren hatten einen freien Tag und begaben sich in zwei Gruppen zum Schlitteln auf den Stoos beziehungsweise auf eine H\u00f6hlentour ins nahegelegenen H\u00f6llloch.<\/p>\n<p>Am Abend konnten sich die Fernsehstationen zur\u00fccklehnen und einen \u00e4usserst unterhaltsamen Comedy Film anschauen, ohne selbst vor der Kamera zu stehen oder Regie zu f\u00fchren.<\/p>\n<p>&nbsp;<\/p>\n<p><em><strong>FR, 17.2.2012<\/strong><\/em><\/p>\n<p>Die Fernsehleute erwachten heute morgen mit vielen Gedanken: Der Aufenthalt im Muotathal dauerte noch genau einen Tag und in dieser Zeit musstennoch zwei grosse Probleme behoben werden. Zum einen startete jeder Sender zum Schlussspurt, um seine Einschaltsquoten zu er\u00f6hen und zum anderen waren da noch die Verschw\u00f6rer, welche noch zu schnappen waren&#8230;<\/p>\n<p>Deshalb entschieden die TV-Sender den Morgen damit zu verbringen, eine neue zu ihrem Sender passende Sendung zu kreieren und diese zu drehen, w\u00e4hrenddessen sich im Haus das Ger\u00fccht verbreitete, der Sender SF, sprich das gesamte Leitungsteam, stehe hinter den Drohbriefen und dem Stromausfall. Doch gl\u00fccklicherweise wurde das Vertrauen dem Schweizer Fernsehen gegen\u00fcber wieder hergestellt und am Nachmittag versuchten die 6 Stationen gemeinsam den mutmasslichen Verschw\u00f6rern auf die Spur zu kommen. Und tats\u00e4chlich: 3 Mitarbeiter des SF-Teams entpuppten sich als b\u00f6se und wurden von den anderen \u00fcberf\u00fchrt.<\/p>\n<p>Am Abend galt es ernst f\u00fcr die Sender: Die am Morgen gedrehten Kurzfilme hatten nun ihre Erstaustrahlung und f\u00fcllten so gemeinsam mit dem renommierten &#8222;Wetten, dass&#8220; den Fernsehabend, welcher noch von zwei ziemlich seltsamen Gestalten gest\u00f6rt wurde.<\/p>\n<p>Im Verlaufe der kommenden Nacht werden nun schweizweit die Einschaltquoten der 6 Sender errechnet und morgen bei der Ankunft in Littau bekanntgegeben. Experten von SF B\u00f6rse tippen auf einen enormen Anstieg des Senders Pro 7, doch auch der seit Tagen andauernde H\u00f6henflug von MTV scheint sich nicht zu \u00e4ndern. Ebenso zeigten auch die anderen Sender solide Anstiege ihrer Einschaltquoten. Es bleibt also weiterhin spannend, wenn es um die Vorherrschaft im Tv-Business geht.<\/p>\n<p><strong><em>SA, 18.2.2012<\/em><\/strong><\/p>\n<p>Nach abgeschlossenen Reinigungsarbeiten in den TV-Studios machten wir uns voller Spannung auf den R\u00fcckweg nach Littau. Im Zentrum stand nun die Frage &#8222;Wer hat in der vergangenen Woche die h\u00f6chsten Einschaltquoten erreicht?&#8220;, welche nach der Ankunft in der Tagesschau Spezial-Ausgabe beantwortet wurde. Die Gewinner des Konflikts sind die Sender MTV und Pro 7, welche die h\u00f6chsten Quoten erreichten.\u00a0 Doch Sieger waren auch alle anderen Sender, denn gemeinsam haben sie es souver\u00e4n geschafft, die mutmasslichen TV-Gegner und Saboteuren zu fangen und so die Fernsehwelt zu retten, zudem haben alle 6 Sender den Weg &#8211; mehr oder weniger schnell &#8211; aus der finanziellen Krise geschafft und sind nun weiterhin auf direkten Weg Richtung steigenden Einschaltsquoten. Und wer weiss wie sich die Situation ins Zukunft \u00e4ndern wird?<\/p>\n<p>Auf jeden Fall, die Sender haben gut gearbeitet und der Aufwand hat sich gelohnt um das TV-Business am Leben zu halten. Und genau dies gilt auch f\u00fcr uns: Der grosse Aufwand mit Planung und Organisation des Lagers hat sich 100prozentig gelohnt. Die Stimmung im Lagerhaus war toll und die gl\u00fcckliche Kinderschar wird uns mit vielen wunderbaren Momenten in bester Erinnerung bleiben. Wir danken deshalb ganz speziell den Eltern f\u00fcr Ihr Vertrauen in unsere Jugendarbeit und hoffen auf ein baldiges Wiedersehen in der Jungwacht oder im Blauring.<\/p>\n<p>&nbsp;<\/p>\n<p>Liebe Gr\u00fcsse<\/p>\n<p>&nbsp;<\/p>\n<p>Die Lagerleitung<br \/>\nRaphael Lingg &amp; Flurin H\u00fcgi<\/p>\n","protected":false},"excerpt":{"rendered":"<p>Ort: Muotathal SZ<br \/>\nLagerleiter: Raphael Lingg &amp; Flurin H\u00fcgi<br \/>\nMotto: Im Rampenlicht &#8211; Der Kampf der TV-Giganten<\/p>\n","protected":false},"author":1,"featured_media":0,"parent":1648,"menu_order":0,"comment_status":"closed","ping_status":"closed","template":"","meta":{"footnotes":""},"class_list":["post-2331","page","type-page","status-publish"],"aioseo_notices":[],"_links":{"self":[{"href":"https:\/\/www.jwl.ch\/index.php?rest_route=\/wp\/v2\/pages\/2331","targetHints":{"allow":["GET"]}}],"collection":[{"href":"https:\/\/www.jwl.ch\/index.php?rest_route=\/wp\/v2\/pages"}],"about":[{"href":"https:\/\/www.jwl.ch\/index.php?rest_route=\/wp\/v2\/types\/page"}],"author":[{"embeddable":true,"href":"https:\/\/www.jwl.ch\/index.php?rest_route=\/wp\/v2\/users\/1"}],"replies":[{"embeddable":true,"href":"https:\/\/www.jwl.ch\/index.php?rest_route=%2Fwp%2Fv2%2Fcomments&post=2331"}],"version-history":[{"count":3,"href":"https:\/\/www.jwl.ch\/index.php?rest_route=\/wp\/v2\/pages\/2331\/revisions"}],"predecessor-version":[{"id":4223,"href":"https:\/\/www.jwl.ch\/index.php?rest_route=\/wp\/v2\/pages\/2331\/revisions\/4223"}],"up":[{"embeddable":true,"href":"https:\/\/www.jwl.ch\/index.php?rest_route=\/wp\/v2\/pages\/1648"}],"wp:attachment":[{"href":"https:\/\/www.jwl.ch\/index.php?rest_route=%2Fwp%2Fv2%2Fmedia&parent=2331"}],"curies":[{"name":"wp","href":"https:\/\/api.w.org\/{rel}","templated":true}]}}