{"id":2329,"date":"2019-01-29T14:07:01","date_gmt":"2019-01-29T13:07:01","guid":{"rendered":"https:\/\/jwl.raphael-schaerli.ch\/?page_id=2329"},"modified":"2019-01-29T14:07:01","modified_gmt":"2019-01-29T13:07:01","slug":"wila-2011","status":"publish","type":"page","link":"https:\/\/www.jwl.ch\/?page_id=2329","title":{"rendered":"Wila 2011"},"content":{"rendered":"<h4>Lagerbericht<\/h4>\n<p>Zum ersten. zum zweiten. zum dritten&#8230; SCHULDIG<\/p>\n<p>Brandstifter, Diebe und Schmugler alle sitzen nun hinter Gitter. Dank dem Schwarzenegger Gerichtssaal herrscht nun Ordnung und Gerechtigkeit, wenn manchmal sogar das Urteil gegen uns selbst gesprochen wurde und wir strafen wie Theater spielen, Lied vorsingen oder ganz orginell, den Erlk\u00f6nig nachahmen mussten. Die K\u00fcche war spizenm\u00e4ssig und sorgte stets f\u00fcr gute Laune und dies obwohl Ananasdose und Schokolade geklaut wurde. Ein legend\u00e4res Winterlager, von welchem man sicherlich noch lange reden wird.<\/p>\n<p>Robert Habijan<br \/>\nLagerleiter WiLa 2011<\/p>\n","protected":false},"excerpt":{"rendered":"<p>Ort: Schwarzenegg BE<br \/>\nLagerleiter: Robert Habijan<br \/>\nMotto: Tatort Schwarzenegg<\/p>\n","protected":false},"author":1,"featured_media":0,"parent":1648,"menu_order":0,"comment_status":"closed","ping_status":"closed","template":"","meta":{"footnotes":""},"class_list":["post-2329","page","type-page","status-publish"],"aioseo_notices":[],"_links":{"self":[{"href":"https:\/\/www.jwl.ch\/index.php?rest_route=\/wp\/v2\/pages\/2329","targetHints":{"allow":["GET"]}}],"collection":[{"href":"https:\/\/www.jwl.ch\/index.php?rest_route=\/wp\/v2\/pages"}],"about":[{"href":"https:\/\/www.jwl.ch\/index.php?rest_route=\/wp\/v2\/types\/page"}],"author":[{"embeddable":true,"href":"https:\/\/www.jwl.ch\/index.php?rest_route=\/wp\/v2\/users\/1"}],"replies":[{"embeddable":true,"href":"https:\/\/www.jwl.ch\/index.php?rest_route=%2Fwp%2Fv2%2Fcomments&post=2329"}],"version-history":[{"count":1,"href":"https:\/\/www.jwl.ch\/index.php?rest_route=\/wp\/v2\/pages\/2329\/revisions"}],"predecessor-version":[{"id":2330,"href":"https:\/\/www.jwl.ch\/index.php?rest_route=\/wp\/v2\/pages\/2329\/revisions\/2330"}],"up":[{"embeddable":true,"href":"https:\/\/www.jwl.ch\/index.php?rest_route=\/wp\/v2\/pages\/1648"}],"wp:attachment":[{"href":"https:\/\/www.jwl.ch\/index.php?rest_route=%2Fwp%2Fv2%2Fmedia&parent=2329"}],"curies":[{"name":"wp","href":"https:\/\/api.w.org\/{rel}","templated":true}]}}