{"id":2325,"date":"2009-04-29T14:05:06","date_gmt":"2009-04-29T12:05:06","guid":{"rendered":"https:\/\/jwl.raphael-schaerli.ch\/?page_id=2325"},"modified":"2019-01-29T14:05:16","modified_gmt":"2019-01-29T13:05:16","slug":"wila-2009","status":"publish","type":"page","link":"https:\/\/www.jwl.ch\/?page_id=2325","title":{"rendered":"Wila 2009"},"content":{"rendered":"<h4>Lagerbericht<\/h4>\n<p>Am Sonntag 15.2.2009 versammelten sich gegen die 40 Kinder und deren Eltern auf dem Pausenplatz des Schulhauses Dorf, um endlich ins \u201eKamp Krusty\u201c in S\u00f6renberg aufzubrechen. Nach einem kurzen Auftritt der Simpsons hie\u00df es Abschied nehmen von den Eltern und Geschwistern, denn der Car wartete schon.<\/p>\n<p>In Fl\u00fchli angekommen, erlebten wir unser wei\u00dfes Wunder: Der Car konnte nicht bis zum Lagerhaus fahren, weil die Strasse verschneit war. So musste alles Gep\u00e4ck ausgeladen und zu Fu\u00df zum Haus gebracht werden.<\/p>\n<p>Die Lagerwoche verging dank dem abwechslungsreichen Programm wie im Fluge. Gest\u00e4rkt durch die Mahlzeiten des K\u00fcchenteams konnten wir uns immer wieder aufs Neue den zahlreichen Herausforderungen stellen, die Krusty f\u00fcr uns vorbereitet hatte.<\/p>\n<p>Das Highlight der Woche war zweifelsohne der Besuch im Hallenbad am Freitag. M\u00fcde, aber daf\u00fcr frisch gewaschen, galt es schon bald wieder die Koffer zu packen, denn das Lager neigte sich dem Ende zu. Am Abend \u00fcberraschte uns die K\u00fcche mit einem 5-Gang-Abschiedsdinner.<\/p>\n<p>Am Samstag musste noch das ganze Haus geputzt werden, ehe wir am Mittag den Car in Richtung Littau besteigen konnten. Mit einer kleinen Versp\u00e4tung trafen wir dann auch wieder vor dem Schulhaus ein, wo die Eltern bereits gespannt warteten.<\/p>\n<p>Wir bedanken uns f\u00fcr das Vertrauen der Eltern und hoffen, einige Kinder wieder einmal in einem unserer Lager begr\u00fc\u00dfen zu d\u00fcrfen<\/p>\n<p>Dominik Fasnacht (Schmudo)<br \/>\nLagerleiter WiLa 2009<\/p>\n","protected":false},"excerpt":{"rendered":"<p>Ort: Fl\u00fchli LU<br \/>\nLagerleiter: Dominik &#8222;Schmudo&#8220; Fasnacht<br \/>\nMotto: Camp Krusty<\/p>\n","protected":false},"author":1,"featured_media":0,"parent":1648,"menu_order":0,"comment_status":"closed","ping_status":"closed","template":"","meta":{"footnotes":""},"class_list":["post-2325","page","type-page","status-publish"],"aioseo_notices":[],"_links":{"self":[{"href":"https:\/\/www.jwl.ch\/index.php?rest_route=\/wp\/v2\/pages\/2325","targetHints":{"allow":["GET"]}}],"collection":[{"href":"https:\/\/www.jwl.ch\/index.php?rest_route=\/wp\/v2\/pages"}],"about":[{"href":"https:\/\/www.jwl.ch\/index.php?rest_route=\/wp\/v2\/types\/page"}],"author":[{"embeddable":true,"href":"https:\/\/www.jwl.ch\/index.php?rest_route=\/wp\/v2\/users\/1"}],"replies":[{"embeddable":true,"href":"https:\/\/www.jwl.ch\/index.php?rest_route=%2Fwp%2Fv2%2Fcomments&post=2325"}],"version-history":[{"count":1,"href":"https:\/\/www.jwl.ch\/index.php?rest_route=\/wp\/v2\/pages\/2325\/revisions"}],"predecessor-version":[{"id":2326,"href":"https:\/\/www.jwl.ch\/index.php?rest_route=\/wp\/v2\/pages\/2325\/revisions\/2326"}],"up":[{"embeddable":true,"href":"https:\/\/www.jwl.ch\/index.php?rest_route=\/wp\/v2\/pages\/1648"}],"wp:attachment":[{"href":"https:\/\/www.jwl.ch\/index.php?rest_route=%2Fwp%2Fv2%2Fmedia&parent=2325"}],"curies":[{"name":"wp","href":"https:\/\/api.w.org\/{rel}","templated":true}]}}