{"id":2323,"date":"2008-04-29T13:07:12","date_gmt":"2008-04-29T11:07:12","guid":{"rendered":"https:\/\/jwl.raphael-schaerli.ch\/?page_id=2323"},"modified":"2019-01-29T13:10:43","modified_gmt":"2019-01-29T12:10:43","slug":"wila-2008","status":"publish","type":"page","link":"https:\/\/www.jwl.ch\/?page_id=2323","title":{"rendered":"Wila 2008"},"content":{"rendered":"<h4>Lagerbericht<\/h4>\n<p>Schon bei der Abfahrt beim Schulhausplatz beginnt die d\u00fcstere M\u00e4rchenstunde. Pinoccio wurde entf\u00fchrt, nur seine lange Nase hinterliess der mysteri\u00f6se Entf\u00fchrer. Die ganze M\u00e4rchenwelt war in Aufruhr, wer war der hinterh\u00e4ltige Verbrecher? 36 mutige M\u00e4rchengestalten, Zwerge, Geissen, H\u00e4nsel und Gretel und etliche andere Figuren, machten sich auf ins sonnige, schneefreie R\u00fcschegg um den Kidnapper zu suchen. T\u00e4glich wurden dank in Spielen gewonnenen und gefundenen Hinweise M\u00e4rchenfiguren vom M\u00e4rchengericht frei gesprochen. Schon am Sonntag hatten die Kinder in den Gruppenstunden Gelegenheit sich gegenseitig kennenzulernen, um dann am Abend bei einem R\u00e4tselspiel mit den Leitern noch Bekanntschaft zu machen. Am Montag eiferten die Kinder bei der M\u00e4rchenolympiade um die Wette, um dann am Abend bei einem unvergesslichen Fightgame einen Schutztrank zu erhalten um selber nicht entf\u00fchrt zu werden. Danach folgte ein glamour\u00f6ser Abend in Grimm\u2019s Casino. Am n\u00e4chsten Tag gaben aber alle wieder Vollgas beim Naturv\u00f6lki, bei dem die einen den Ball h\u00e4rter zu sp\u00fcren bekamen als andere\u2026Am SchmuDo begann der Tag mit Fasnachtsmusik und einem farbig fr\u00f6hlichen Fasnachtsatelier, bei dem alle geschminkt und frisiert wurden. Selbst Faro kam nicht drum herum. Nun kamen wir zum Highlight des Lagers. Da sich unsere Kinder nicht ganz so wanderfreudig ausgaben, konnten wir das Hallenbad sogar noch l\u00e4nger geniessen, um dann am Abend dem Showdown entgegenzublicken. Alle Verd\u00e4chtigen waren aus der Verbecherkartei gestrichen worden\u2026ausser dem Richter, der die ganze Zeit den Scheinheiligen gespielt hat und den es aber am Schluss doch noch erwischt hat. Doch Pinoccio konnte schon vorher fliehen und verbringt nun sonnige, erholsame Tage in den Ferien. Als wir am n\u00e4chsten Tag erwachten, dachten wir dann wirklich wir seien in einem M\u00e4rchen. Der lang ersehnte Schnee begr\u00fcsste uns mit einer 15 cm Schneedecke vor der Haust\u00fcre und in den Schuhen einiger Kinder.<\/p>\n<p>T\u00e4glich wurden wir mit m\u00e4rchenhaften Gerichten bedient. Diese wurden von unserer eifrigen K\u00fcche Mathias Furrer, D\u00e9nise Steiger und Mich\u00e9le Distel zubereitet. Auch meinem genialen Leitungsteam gilt ein grosses Dankesch\u00f6n, weil es ein Hammerprogramm auf die Beine gestellt hat, super Einsatz gezeigt hat und w\u00e4hrend der Woche die Kinder gut betreut hat. Danken m\u00f6chte ich auch allen Eltern, die uns ihr Vertrauen geschenkt haben, sowie allen die uns sonst auf eine Weise unterst\u00fctzt haben.<\/p>\n<p>Hex, Hex\u2026Uri Geller\u2026und wenn sie nicht gestorben sind, so gehen sie noch heute ins Lager!!!<\/p>\n<p>Claudio Lussi<br \/>\nLagerleiter WiLa 2008<\/p>\n","protected":false},"excerpt":{"rendered":"<p>Ort: R\u00fcschegg Heubach BE<br \/>\nLagerleiter: Claudio Lussi<br \/>\nMotto: Grimm&#8217;s d\u00fcstere M\u00e4rchenstunde<\/p>\n","protected":false},"author":1,"featured_media":0,"parent":1648,"menu_order":0,"comment_status":"closed","ping_status":"closed","template":"","meta":{"footnotes":""},"class_list":["post-2323","page","type-page","status-publish"],"aioseo_notices":[],"_links":{"self":[{"href":"https:\/\/www.jwl.ch\/index.php?rest_route=\/wp\/v2\/pages\/2323","targetHints":{"allow":["GET"]}}],"collection":[{"href":"https:\/\/www.jwl.ch\/index.php?rest_route=\/wp\/v2\/pages"}],"about":[{"href":"https:\/\/www.jwl.ch\/index.php?rest_route=\/wp\/v2\/types\/page"}],"author":[{"embeddable":true,"href":"https:\/\/www.jwl.ch\/index.php?rest_route=\/wp\/v2\/users\/1"}],"replies":[{"embeddable":true,"href":"https:\/\/www.jwl.ch\/index.php?rest_route=%2Fwp%2Fv2%2Fcomments&post=2323"}],"version-history":[{"count":1,"href":"https:\/\/www.jwl.ch\/index.php?rest_route=\/wp\/v2\/pages\/2323\/revisions"}],"predecessor-version":[{"id":2324,"href":"https:\/\/www.jwl.ch\/index.php?rest_route=\/wp\/v2\/pages\/2323\/revisions\/2324"}],"up":[{"embeddable":true,"href":"https:\/\/www.jwl.ch\/index.php?rest_route=\/wp\/v2\/pages\/1648"}],"wp:attachment":[{"href":"https:\/\/www.jwl.ch\/index.php?rest_route=%2Fwp%2Fv2%2Fmedia&parent=2323"}],"curies":[{"name":"wp","href":"https:\/\/api.w.org\/{rel}","templated":true}]}}