{"id":2321,"date":"0207-04-29T13:06:38","date_gmt":"0207-04-29T12:06:38","guid":{"rendered":"https:\/\/jwl.raphael-schaerli.ch\/?page_id=2321"},"modified":"2019-01-29T13:11:11","modified_gmt":"2019-01-29T12:11:11","slug":"wila-2007","status":"publish","type":"page","link":"https:\/\/www.jwl.ch\/?page_id=2321","title":{"rendered":"Wila 2007"},"content":{"rendered":"<h4>Lagerbericht<\/h4>\n<p>Walchwil war der Austragungsort dieser ganz speziellen Olympiade. Die Teilnehmer kamen aus Cuba, Frankreich, Jamaica, Schweiz und &#8230; nat\u00fcrlich Schweden! Die Nationen haben sich in den verschiedensten Disziplinen gemessen, vom Massieren bis zum Schlamm-Rugby! Als Sieger dieser Olympiade gingen schliesslich die vier Kubanerinnen hervor. Wir gratulieren! Nat\u00fcrlich standen nicht nur die Wettk\u00e4mpfe im Vordergrund: Ein relaxter Hallenbadbesuch oder ein glamour\u00f6ser Casino-Abend brachten Abwechslung! Das Highlight der Woche stand aber erst am letzten Abend auf dem Programm: Die weltbekannte Boygroup &#8222;The Boyz&#8220; liess bei ihrem fulminanten Auftritt nicht nur Frauenherzen schneller schlagen, auch das m\u00e4nnliche Publikum war hin und weg! Verst\u00e4ndlich bei diesen drei Burschen&#8230; Alle Teilnehmer sind wieder heil in ihren L\u00e4ndern angekommen, die einen etwas verspannt, weil sie schon fast zu viel massiert wurden, die anderen ein paar Kilos schwerer&#8230; Dank sei den meisterhaften Sportk\u00f6chen, die beso<br \/>\nnders auf eine ausgewogene Ern\u00e4hrung achteten! WiLa 07 &#8211; die olympische Fackel brennt weiter!!! Azzo!!!<\/p>\n<p>Lagerleiter<br \/>\nPhilipp Imhof<\/p>\n","protected":false},"excerpt":{"rendered":"<p>Ort: Walchwil ZG<br \/>\nLagerleiter: Philipp Imhof<br \/>\nMotto: Olympia mal anders&#8230;<\/p>\n","protected":false},"author":1,"featured_media":0,"parent":1648,"menu_order":0,"comment_status":"closed","ping_status":"closed","template":"","meta":{"footnotes":""},"class_list":["post-2321","page","type-page","status-publish"],"aioseo_notices":[],"_links":{"self":[{"href":"https:\/\/www.jwl.ch\/index.php?rest_route=\/wp\/v2\/pages\/2321","targetHints":{"allow":["GET"]}}],"collection":[{"href":"https:\/\/www.jwl.ch\/index.php?rest_route=\/wp\/v2\/pages"}],"about":[{"href":"https:\/\/www.jwl.ch\/index.php?rest_route=\/wp\/v2\/types\/page"}],"author":[{"embeddable":true,"href":"https:\/\/www.jwl.ch\/index.php?rest_route=\/wp\/v2\/users\/1"}],"replies":[{"embeddable":true,"href":"https:\/\/www.jwl.ch\/index.php?rest_route=%2Fwp%2Fv2%2Fcomments&post=2321"}],"version-history":[{"count":1,"href":"https:\/\/www.jwl.ch\/index.php?rest_route=\/wp\/v2\/pages\/2321\/revisions"}],"predecessor-version":[{"id":2322,"href":"https:\/\/www.jwl.ch\/index.php?rest_route=\/wp\/v2\/pages\/2321\/revisions\/2322"}],"up":[{"embeddable":true,"href":"https:\/\/www.jwl.ch\/index.php?rest_route=\/wp\/v2\/pages\/1648"}],"wp:attachment":[{"href":"https:\/\/www.jwl.ch\/index.php?rest_route=%2Fwp%2Fv2%2Fmedia&parent=2321"}],"curies":[{"name":"wp","href":"https:\/\/api.w.org\/{rel}","templated":true}]}}