{"id":2319,"date":"2006-04-29T13:05:46","date_gmt":"2006-04-29T11:05:46","guid":{"rendered":"https:\/\/jwl.raphael-schaerli.ch\/?page_id=2319"},"modified":"2019-01-29T13:25:24","modified_gmt":"2019-01-29T12:25:24","slug":"wila-2006","status":"publish","type":"page","link":"https:\/\/www.jwl.ch\/?page_id=2319","title":{"rendered":"Wila 2006"},"content":{"rendered":"<h4>Lagerbericht<\/h4>\n<p>Am 19.02.2006 trafen sich 32 lernwillige Zauberer, 8 Zauberlehrer und 2 K\u00fcchenhilfen am Gleis 9 \u00be am Schulhausplatz Littau Dorf. Mit unserem Zaubercar fuhren wir ins entlegene M\u00fcmliswil auf den Brunnersberg. Dort behausten wir w\u00e4hrend 6 Tagen sehr angenehm. Neben unz\u00e4hligen Aufenthaltsr\u00e4umen hatten wir einen extra Fussball- wie Volleyballplatz. Als wir ankamen hatte es ungef\u00e4hr 70 cm Schnee \u2013 ideale Bedingungen f\u00fcr ein WiLa.<\/p>\n<p>Nachdem die Kinder am Sonntag in ihre Hausgruppen Gryffindor, Slytherin, Ravenclaw und Hufflepuff eingeteilt wurden, erwartete sie am Montag ein Quidditchturnier sondergleichen. Am Abend wurde in einem spannenden Zonenfightgame der richtige Zaubertrank gebraut. Am Dienstag f\u00fchrten wir das hart umk\u00e4mpfte Trimagische Turnier durch. Am Mittwoch kam der langersehnte Ausflug nach Hogsmeade (Balsthal), wo die Kinder ihren Bade- und \u201eChr\u00f6\u00f6mmli\u201cspass hatten. Am Donnerstag wurde eifrig Verteidigung gegen die dunklen K\u00fcnste mittels Postenlauf geprobt. Die ganze Woche hindurch besuchten uns Wikinger, die versuchten ins Haus einzudringen um unsere magischen Gegenst\u00e4nde zu klauen. Dies wurde nat\u00fcrlich jedes Mal vereitelt. Am Freitag wurde der Tagesscharanlass durchgef\u00fchrt, bei dem endlich das Geheimnis der Wikinger gel\u00f6st wurde. Es besteht darin, dass sie alle nur so gross, stark und mutig sind, weil sie ein Zauberamulett haben. Nat\u00fcrlich wurde ein solches von uns imitiert und nun waren auch unsere Zauberlehrlinge halbe Wikinger. Am Abend war der bunte Abend in Form einer Show, bei der jede Gruppe ihren Teil beitragen konnte. So sahen wir \u201eDeal or no Deal\u201c, Musicakts, eine Harry Potter Filmverarschung oder einen R\u00fcckblick \u00fcber die Leiter. Den Hauspokal, der \u00fcber Punkte ermittelt wurde, die man \u00fcber die Woche gewinnen konnte, gewannen die Ravenclaws.<\/p>\n<p>Wir wurden die ganze Woche \u00fcber von unserem genialen K\u00fcchenteam Iris Haas und Diego Mathis verw\u00f6hnt, an dieser stelle ein grosses Dankesch\u00f6n an die beiden. Nat\u00fcrlich m\u00f6chte ich auch dem ganzen Leitungsteam danken, das einen un\u00fcbertrefflichen Einsatz gegeben hat und ein super Programm auf die Beine gestellt hat und die Kinder w\u00e4hrend der Woche sehr gut betreut hat. Auch m\u00f6chte ich den Eltern f\u00fcr ihr Vertrauen danken, sowie allen die uns unterst\u00fctzt haben.<\/p>\n<p>Claudio Lussi<br \/>\nLagerleiter WiLa 06<\/p>\n","protected":false},"excerpt":{"rendered":"<p>Ort: Bruunersberg SO<br \/>\nLagerleiter: Claudio Lussi<br \/>\nMotto: Harry Potter<\/p>\n","protected":false},"author":1,"featured_media":0,"parent":1648,"menu_order":0,"comment_status":"closed","ping_status":"closed","template":"","meta":{"footnotes":""},"class_list":["post-2319","page","type-page","status-publish"],"aioseo_notices":[],"_links":{"self":[{"href":"https:\/\/www.jwl.ch\/index.php?rest_route=\/wp\/v2\/pages\/2319","targetHints":{"allow":["GET"]}}],"collection":[{"href":"https:\/\/www.jwl.ch\/index.php?rest_route=\/wp\/v2\/pages"}],"about":[{"href":"https:\/\/www.jwl.ch\/index.php?rest_route=\/wp\/v2\/types\/page"}],"author":[{"embeddable":true,"href":"https:\/\/www.jwl.ch\/index.php?rest_route=\/wp\/v2\/users\/1"}],"replies":[{"embeddable":true,"href":"https:\/\/www.jwl.ch\/index.php?rest_route=%2Fwp%2Fv2%2Fcomments&post=2319"}],"version-history":[{"count":1,"href":"https:\/\/www.jwl.ch\/index.php?rest_route=\/wp\/v2\/pages\/2319\/revisions"}],"predecessor-version":[{"id":2320,"href":"https:\/\/www.jwl.ch\/index.php?rest_route=\/wp\/v2\/pages\/2319\/revisions\/2320"}],"up":[{"embeddable":true,"href":"https:\/\/www.jwl.ch\/index.php?rest_route=\/wp\/v2\/pages\/1648"}],"wp:attachment":[{"href":"https:\/\/www.jwl.ch\/index.php?rest_route=%2Fwp%2Fv2%2Fmedia&parent=2319"}],"curies":[{"name":"wp","href":"https:\/\/api.w.org\/{rel}","templated":true}]}}