{"id":2062,"date":"2018-10-17T10:26:25","date_gmt":"2018-10-17T08:26:25","guid":{"rendered":"https:\/\/jwl.raphael-schaerli.ch\/?page_id=2062"},"modified":"2026-03-10T11:47:16","modified_gmt":"2026-03-10T10:47:16","slug":"materialvermietung-und-fanartikel","status":"publish","type":"page","link":"https:\/\/www.jwl.ch\/?page_id=2062","title":{"rendered":"Materialvermietung und Fanartikel"},"content":{"rendered":"<p>Planst du ein Zeltweekend? Dann wirst du leider unweigerlich mit dem Problem des Organisierens der Zelte konfrontiert &#8211; oder besser gesagt wurdest. Denn die Jungwacht Littau vermietet ihre Zelte an Schulklassen, Vereine und alle Anderen, die gerne einmal in einem Zelt schlafen m\u00f6chten. Die Zelte, welche vermietet werden, sind in einem guten Zustand und eignen sich durch ihre Gr\u00f6sse bestens f\u00fcr mehrere Personen. Neben den Zelten vermieten wir auch weiteres n\u00fctzliches Material, welches man f\u00fcr ein gelungenes Zeltweekend etc. braucht. Des weiteren k\u00f6nnen Kinder bei uns ein Jungwachtsshirt oder eine Jungwachtbadehose kaufen.<\/p>\n<h2>Fanartikel<\/h2>\n<p>Bei Interesse an einem Fanartikel steht die f\u00fcr Fanartikel verantwortlichen Leiter zur Verf\u00fcgung: <a href=\"mailto:raphael.lisibach05@gmail.com\">Raphael Lisibach<\/a><div class=\"su-accordion su-u-trim\"><div class=\"su-spoiler su-spoiler-style-default su-spoiler-icon-plus su-spoiler-closed\" data-scroll-offset=\"0\" data-anchor-in-url=\"no\"><div class=\"su-spoiler-title\" tabindex=\"0\" role=\"button\"><span class=\"su-spoiler-icon\"><\/span>JW-Shirt Kinder<\/div><div class=\"su-spoiler-content su-u-clearfix su-u-trim\">F\u00fcr die Kinder sind unsere JW-Shirts in Gr\u00fcn f\u00fcr 25.- erh\u00e4ltlich.<\/p>\n<p><img loading=\"lazy\" decoding=\"async\" class=\"alignnone size-medium wp-image-2199\" src=\"https:\/\/www.jwl.ch\/wp-content\/uploads\/2018\/12\/Shirt-Kinder-300x137.png\" alt=\"\" width=\"300\" height=\"137\" srcset=\"https:\/\/www.jwl.ch\/wp-content\/uploads\/2018\/12\/Shirt-Kinder-300x137.png 300w, https:\/\/www.jwl.ch\/wp-content\/uploads\/2018\/12\/Shirt-Kinder-150x68.png 150w, https:\/\/www.jwl.ch\/wp-content\/uploads\/2018\/12\/Shirt-Kinder-768x350.png 768w, https:\/\/www.jwl.ch\/wp-content\/uploads\/2018\/12\/Shirt-Kinder-400x183.png 400w, https:\/\/www.jwl.ch\/wp-content\/uploads\/2018\/12\/Shirt-Kinder.png 938w\" sizes=\"auto, (max-width: 300px) 100vw, 300px\" \/><\/div><\/div> <div class=\"su-spoiler su-spoiler-style-default su-spoiler-icon-plus su-spoiler-closed\" data-scroll-offset=\"0\" data-anchor-in-url=\"no\"><div class=\"su-spoiler-title\" tabindex=\"0\" role=\"button\"><span class=\"su-spoiler-icon\"><\/span>JW-Badehose Kinder<\/div><div class=\"su-spoiler-content su-u-clearfix su-u-trim\">F\u00fcr die Kinder sind unsere JW-Badehosen f\u00fcr 40.- erh\u00e4ltlich.<\/p>\n<p><img loading=\"lazy\" decoding=\"async\" class=\"alignnone size-medium wp-image-2200\" src=\"https:\/\/www.jwl.ch\/wp-content\/uploads\/2018\/12\/badehose-kind-300x105.png\" alt=\"\" width=\"300\" height=\"105\" srcset=\"https:\/\/www.jwl.ch\/wp-content\/uploads\/2018\/12\/badehose-kind-300x105.png 300w, https:\/\/www.jwl.ch\/wp-content\/uploads\/2018\/12\/badehose-kind-150x53.png 150w, https:\/\/www.jwl.ch\/wp-content\/uploads\/2018\/12\/badehose-kind-768x269.png 768w, https:\/\/www.jwl.ch\/wp-content\/uploads\/2018\/12\/badehose-kind-1024x359.png 1024w, https:\/\/www.jwl.ch\/wp-content\/uploads\/2018\/12\/badehose-kind-400x140.png 400w, https:\/\/www.jwl.ch\/wp-content\/uploads\/2018\/12\/badehose-kind.png 1882w\" sizes=\"auto, (max-width: 300px) 100vw, 300px\" \/><\/div><\/div> <\/div>\n<h2>Materialvermietung<\/h2>\n<p>Weitere Informationen und Offerten gibt es bei unseren Schaarleitern <a href=\"jonashofstetter1@gmail.com\">Jonas Hofstetter<\/a> und <a href=\"elia.colpi@sunrise.ch\">Elia Colpi<\/a>, <div class=\"su-accordion su-u-trim\"><div class=\"su-spoiler su-spoiler-style-default su-spoiler-icon-plus su-spoiler-closed\" data-scroll-offset=\"0\" data-anchor-in-url=\"no\"><div class=\"su-spoiler-title\" tabindex=\"0\" role=\"button\"><span class=\"su-spoiler-icon\"><\/span>Gruppenzelte verschiedenster Arten<\/div><div class=\"su-spoiler-content su-u-clearfix su-u-trim\">\n<h3>Spatz<\/h3>\n<p>Ein zweckm\u00e4ssiges Zelt, welches einfach und schnell aufgestellt werden kann.<br \/>\nAnticorrodalstangen (auch Firststange), Innenzelt 400x225cm, zwei Reissverschlusseing\u00e4nge, bequemer Zugang, gute L\u00fcftung, Boden STAMOID, ringsum 10 cm hochgen\u00e4ht, 16.6kg; insgesamt stehen 6 Spatzen (5x 8er, 1x 10er) zur Verf\u00fcgung.<br \/>\nDazu sind Apsisen und Vorzelte vorhanden, die je nach Wunsch auch ausgeliehen werden k\u00f6nnen.<\/p>\n<p><img loading=\"lazy\" decoding=\"async\" class=\"alignnone size-full wp-image-2826\" src=\"https:\/\/www.jwl.ch\/wp-content\/uploads\/2019\/03\/spatz.png\" alt=\"\" width=\"562\" height=\"330\" srcset=\"https:\/\/www.jwl.ch\/wp-content\/uploads\/2019\/03\/spatz.png 562w, https:\/\/www.jwl.ch\/wp-content\/uploads\/2019\/03\/spatz-400x235.png 400w\" sizes=\"auto, (max-width: 562px) 100vw, 562px\" \/><\/p>\n<h3>Tipi<\/h3>\n<p><span class=\"text\">Erlebniszelt f\u00fcr 10 Personen<br \/>\nEin Zelt welches keine W\u00fcnsche offen l\u00e4sst. Es ist ger\u00e4umig und bietet die M\u00f6glichkeit einer Feuerstelle im Zeltinnern zu erstellen.<br \/>\nDa dieses Zelt nicht sehr einfach aufzustellen ist, k\u00f6nnen auf Anfrage JW-Leiter beim Aufbau mithelfen.<\/span><\/p>\n<p><span class=\"text\">16 Tipi-Stangen, Aussenzelt, Eingangabdeckung, Pfl\u00f6cke zum Spannen, Schaufel, insgesamt stehen 3 Tipis zur Verf\u00fcgung<\/span><\/p>\n<p><img loading=\"lazy\" decoding=\"async\" class=\"alignnone wp-image-2827 size-full\" src=\"https:\/\/www.jwl.ch\/wp-content\/uploads\/2019\/03\/tippis.jpg\" alt=\"\" width=\"193\" height=\"145\" \/><\/p>\n<h3>Rundzelt<\/h3>\n<p>Ein Rundzelt bestehend aus Metallstangen, Dach und Seitenw\u00e4nden. Man kann im gesamten Zelt stehen. Bietet Platz f\u00fcr ca. 8-10 Personen oder eignet sich auch als kleines Aufenthaltszelt (z.B. hat ein Pingpong Tisch platz&#8230;).<\/p>\n<\/div><\/div>\n<div class=\"su-spoiler su-spoiler-style-default su-spoiler-icon-plus su-spoiler-closed\" data-scroll-offset=\"0\" data-anchor-in-url=\"no\"><div class=\"su-spoiler-title\" tabindex=\"0\" role=\"button\"><span class=\"su-spoiler-icon\"><\/span>K\u00fcchenmaterial<\/div><div class=\"su-spoiler-content su-u-clearfix su-u-trim\">Verschiedenstes K\u00fcchenmaterial, vom Gasgrill \u00fcber Friteuse bis Essgeschirr ist vieles Verf\u00fcgbar.<\/p>\n<p>Hier einige Beispiele<\/p>\n<ul>\n<li>Becher<\/li>\n<li>Teller<\/li>\n<li>Suppenteller<\/li>\n<li>Besteck<\/li>\n<li>grosse Messer und diverses Kochbesteck<\/li>\n<li>Milchkannen gross<\/li>\n<li>grosse Wasserbeh\u00e4lter<\/li>\n<li>Metallsch\u00fcssel<\/li>\n<li>Chromstahlkr\u00fcge 1.5L<\/li>\n<li>Schneidebretter<\/li>\n<li>Pfannen und T\u00f6pfe<\/li>\n<li>W\u00e4rmebeh\u00e4lter: f\u00fcr Esswaren (isoliert) und f\u00fcr Fl\u00fcssigkeiten 27L (elektrisch)<\/li>\n<li>Pfaditopf mit Deckel<\/li>\n<li>Serviertabletts<\/li>\n<li>Gaskocher (f\u00fcr Pfannen\/Pfaditopf) inkl. Kochstation und Gaskocher f\u00fcr Paella Pfanne mit 3-Bein<\/li>\n<li>Salatschleuder<\/li>\n<li>Friteuse<\/div><\/div><\/li>\n<\/ul>\n<div class=\"su-spoiler su-spoiler-style-default su-spoiler-icon-plus su-spoiler-closed\" data-scroll-offset=\"0\" data-anchor-in-url=\"no\"><div class=\"su-spoiler-title\" tabindex=\"0\" role=\"button\"><span class=\"su-spoiler-icon\"><\/span>Kerzenziehen<\/div><div class=\"su-spoiler-content su-u-clearfix su-u-trim\">\n<p>M\u00f6chtet ihr euer eigenes Kerzenziehen organisieren? Wir haben eine komplette Ausr\u00fcstung mit 6 Brenner.<\/div><\/div>\n<div class=\"su-spoiler su-spoiler-style-default su-spoiler-icon-plus su-spoiler-closed\" data-scroll-offset=\"0\" data-anchor-in-url=\"no\"><div class=\"su-spoiler-title\" tabindex=\"0\" role=\"button\"><span class=\"su-spoiler-icon\"><\/span>Seile, Kletterausr\u00fcstung, Blachen und mehr zum Thema Pioniertechnik<\/div><div class=\"su-spoiler-content su-u-clearfix su-u-trim\">\n<p>Wir haben eine Vielzahl an Material aus dem Bereich Pioniertechnik.<\/p>\n<ul>\n<li>Seile verschiedenster Arten und L\u00e4ngen<\/li>\n<li>Kletterausr\u00fcstung Kind\/Erwachsen<\/li>\n<li>Material um eigene Seilbahn zu Bauen<\/li>\n<li>Material f\u00fcr Harassenstapeln<\/li>\n<li>Hilfsger\u00e4te wie Karabiner (Einfach\/Doppel\/Dreifach gesicherte), Achter, Seilrollen, Grigri, Bandschlingen&#8230;<\/li>\n<li>100 Milit\u00e4rblachen<\/li>\n<li>20 Ausschussblachen<\/li>\n<li>Plastikblachen<\/li>\n<li>&#8230;<\/div><\/div><\/li>\n<\/ul>\n<div class=\"su-spoiler su-spoiler-style-default su-spoiler-icon-plus su-spoiler-closed\" data-scroll-offset=\"0\" data-anchor-in-url=\"no\"><div class=\"su-spoiler-title\" tabindex=\"0\" role=\"button\"><span class=\"su-spoiler-icon\"><\/span>Eimerspritzen und Schokokussschleuder<\/div><div class=\"su-spoiler-content su-u-clearfix su-u-trim\">\n<p>Geeignet f\u00fcr einen Anlass wie Chilbi aber auch f\u00fcr eine Geburtstagsparty oder Gruppenstunde.<\/p>\n<\/div><\/div> <\/div>\n<div class=\"su-spoiler su-spoiler-style-default su-spoiler-icon-plus su-spoiler-closed\" data-scroll-offset=\"0\" data-anchor-in-url=\"no\"><div class=\"su-spoiler-title\" tabindex=\"0\" role=\"button\"><span class=\"su-spoiler-icon\"><\/span>Diverses<\/div><div class=\"su-spoiler-content su-u-clearfix su-u-trim\">\n<ul>\n<li>Gaslampen<\/li>\n<li>Scheinwerfer<\/li>\n<li>Schl\u00e4uche, Wasserhahn, Duschbrausen, Verzweigungen&#8230;<\/li>\n<li>Gummireifen zum Schlitteln<\/li>\n<li>Tierzaun<\/li>\n<li>Kabelrollen und Verl\u00e4ngerungskabel<\/li>\n<li>Motors\u00e4gen<\/li>\n<\/ul>\n<\/div><\/div>\n<p>&nbsp;<\/p>\n","protected":false},"excerpt":{"rendered":"<p>Planst du ein Zeltweekend? Dann wirst du leider unweigerlich mit dem Problem des Organisierens der Zelte konfrontiert &#8211; oder besser gesagt wurdest. Denn die Jungwacht Littau vermietet ihre Zelte an &#8230; <a title=\"Materialvermietung und Fanartikel\" class=\"read-more\" href=\"https:\/\/www.jwl.ch\/?page_id=2062\" aria-label=\"Mehr Informationen \u00fcber Materialvermietung und Fanartikel\">Weiterlesen<\/a><\/p>\n","protected":false},"author":3,"featured_media":0,"parent":498,"menu_order":0,"comment_status":"closed","ping_status":"closed","template":"","meta":{"footnotes":""},"class_list":["post-2062","page","type-page","status-publish"],"aioseo_notices":[],"_links":{"self":[{"href":"https:\/\/www.jwl.ch\/index.php?rest_route=\/wp\/v2\/pages\/2062","targetHints":{"allow":["GET"]}}],"collection":[{"href":"https:\/\/www.jwl.ch\/index.php?rest_route=\/wp\/v2\/pages"}],"about":[{"href":"https:\/\/www.jwl.ch\/index.php?rest_route=\/wp\/v2\/types\/page"}],"author":[{"embeddable":true,"href":"https:\/\/www.jwl.ch\/index.php?rest_route=\/wp\/v2\/users\/3"}],"replies":[{"embeddable":true,"href":"https:\/\/www.jwl.ch\/index.php?rest_route=%2Fwp%2Fv2%2Fcomments&post=2062"}],"version-history":[{"count":19,"href":"https:\/\/www.jwl.ch\/index.php?rest_route=\/wp\/v2\/pages\/2062\/revisions"}],"predecessor-version":[{"id":121093,"href":"https:\/\/www.jwl.ch\/index.php?rest_route=\/wp\/v2\/pages\/2062\/revisions\/121093"}],"up":[{"embeddable":true,"href":"https:\/\/www.jwl.ch\/index.php?rest_route=\/wp\/v2\/pages\/498"}],"wp:attachment":[{"href":"https:\/\/www.jwl.ch\/index.php?rest_route=%2Fwp%2Fv2%2Fmedia&parent=2062"}],"curies":[{"name":"wp","href":"https:\/\/api.w.org\/{rel}","templated":true}]}}