{"id":2054,"date":"2018-10-10T14:49:10","date_gmt":"2018-10-10T12:49:10","guid":{"rendered":"https:\/\/jwl.raphael-schaerli.ch\/?page_id=2054"},"modified":"2019-05-20T17:32:18","modified_gmt":"2019-05-20T15:32:18","slug":"ehemalige","status":"publish","type":"page","link":"https:\/\/www.jwl.ch\/?page_id=2054","title":{"rendered":"Ehemalige"},"content":{"rendered":"<h2>Allgemeine Infos<img loading=\"lazy\" decoding=\"async\" class=\"alignright wp-image-2939\" src=\"https:\/\/www.jwl.ch\/wp-content\/uploads\/2019\/05\/shirt_ex.png\" alt=\"\" width=\"250\" height=\"258\" srcset=\"https:\/\/www.jwl.ch\/wp-content\/uploads\/2019\/05\/shirt_ex.png 500w, https:\/\/www.jwl.ch\/wp-content\/uploads\/2019\/05\/shirt_ex-400x413.png 400w\" sizes=\"auto, (max-width: 250px) 100vw, 250px\" \/><\/h2>\n<p>Nach einer \u00fcber 80-j\u00e4hrigen Geschichte der Jungwacht Littau hat sich eine stattliche Anzahl an Ehemaligen Leiter angeh\u00e4uft. Diese treffen sich mehrmals j\u00e4hrlich innerhalb der drei bestehenden Ehemaligenvereinen <strong>&#8222;Vollmondclub&#8220;<\/strong>,<strong>&#8222;Club91&#8220; <\/strong>und<strong> &#8222;Herti Ch\u00e4rn&#8220;<\/strong>. Ein weiteres Highlight ist der j\u00e4hrlich stattfindende Vortrupp (Aufbau-Weekend f\u00fcr das Sommerlager): Ohne die Hilfe der Ex-Leiter beim Aufbau des Lagerplatzes w\u00e4ren die imposanten T\u00fcrme, das m\u00e4chtige Sarsani, die idylischen WC-Anlagen, etc. kaum vorstellbar.<\/p>\n<p>Wir sind Stolz einen solch wundervollen Zusammenhalt mit unseren Ehemaligen pflegen zu d\u00fcrfen und waren auch beim Solaranlage-Projekt \u00e4usserst froh, von dieser hilfsbereiten St\u00fctze Gebrauch machen zu d\u00fcrfen.<\/p>\n<p>&nbsp;<\/p>\n","protected":false},"excerpt":{"rendered":"<p>Allgemeine Infos Nach einer \u00fcber 80-j\u00e4hrigen Geschichte der Jungwacht Littau hat sich eine stattliche Anzahl an Ehemaligen Leiter angeh\u00e4uft. Diese treffen sich mehrmals j\u00e4hrlich innerhalb der drei bestehenden Ehemaligenvereinen &#8222;Vollmondclub&#8220;,&#8222;Club91&#8220; &#8230; <a title=\"Ehemalige\" class=\"read-more\" href=\"https:\/\/www.jwl.ch\/?page_id=2054\" aria-label=\"Mehr Informationen \u00fcber Ehemalige\">Weiterlesen<\/a><\/p>\n","protected":false},"author":3,"featured_media":0,"parent":498,"menu_order":0,"comment_status":"closed","ping_status":"closed","template":"","meta":{"footnotes":""},"class_list":["post-2054","page","type-page","status-publish"],"aioseo_notices":[],"_links":{"self":[{"href":"https:\/\/www.jwl.ch\/index.php?rest_route=\/wp\/v2\/pages\/2054","targetHints":{"allow":["GET"]}}],"collection":[{"href":"https:\/\/www.jwl.ch\/index.php?rest_route=\/wp\/v2\/pages"}],"about":[{"href":"https:\/\/www.jwl.ch\/index.php?rest_route=\/wp\/v2\/types\/page"}],"author":[{"embeddable":true,"href":"https:\/\/www.jwl.ch\/index.php?rest_route=\/wp\/v2\/users\/3"}],"replies":[{"embeddable":true,"href":"https:\/\/www.jwl.ch\/index.php?rest_route=%2Fwp%2Fv2%2Fcomments&post=2054"}],"version-history":[{"count":7,"href":"https:\/\/www.jwl.ch\/index.php?rest_route=\/wp\/v2\/pages\/2054\/revisions"}],"predecessor-version":[{"id":2940,"href":"https:\/\/www.jwl.ch\/index.php?rest_route=\/wp\/v2\/pages\/2054\/revisions\/2940"}],"up":[{"embeddable":true,"href":"https:\/\/www.jwl.ch\/index.php?rest_route=\/wp\/v2\/pages\/498"}],"wp:attachment":[{"href":"https:\/\/www.jwl.ch\/index.php?rest_route=%2Fwp%2Fv2%2Fmedia&parent=2054"}],"curies":[{"name":"wp","href":"https:\/\/api.w.org\/{rel}","templated":true}]}}