{"id":2052,"date":"2018-10-10T14:45:24","date_gmt":"2018-10-10T12:45:24","guid":{"rendered":"https:\/\/jwl.raphael-schaerli.ch\/?page_id=2052"},"modified":"2019-06-29T15:39:00","modified_gmt":"2019-06-29T13:39:00","slug":"newsletter","status":"publish","type":"page","link":"https:\/\/www.jwl.ch\/?page_id=2052","title":{"rendered":"Newsletter"},"content":{"rendered":"<h2><em>Was ist ein Newsletter?<\/em><\/h2>\n<p>Ein Newsletter ist ein Informationsmail der Jungwacht Littau. In diesem sind Informationen zu Lager, aktuellen Anl\u00e4ssen, R\u00fcckblicke zu Anl\u00e4ssen und Lagern sowie alle wichtigen Informationen, die die Eltern der Jungwachtkinder ben\u00f6tigen und\/oder interessieren k\u00f6nnen. Der Newsletter erscheint 3-4 mal pro Jahr und wird von der Scharleitung geschrieben, wobei einige Beitr\u00e4ge durch Leiter verfasst werden. Der Newsletter dient zur schnellen Verbreitung von Informationen unsererseits. Werbung wird nur in eigener Sache gemacht. Da heisst nur f\u00fcr Anl\u00e4sse der Jungwacht Littau.<\/p>\n<h2><em>Wie bekomme ich einen Newsletter?<\/em><\/h2>\n<form method=\"post\" action=\"https:\/\/www.jwl.ch\/wp-admin\/admin-ajax.php?action=tnp&amp;na=s\"><input type=\"hidden\" name=\"nlang\" value=\"\">\r\n<div class=\"tnp-field tnp-field-firstname\"><label>Vorname<\/label><input class=\"tnp-firstname\" type=\"text\" name=\"nn\" required><\/div>\r\n<div class=\"tnp-field tnp-field-lastname\"><label>Nachname<\/label><input class=\"tnp-lastname\" type=\"text\" name=\"ns\" required><\/div>\r\n<div class=\"tnp-field tnp-field-gender\"><label>Ich bin<\/label><select name=\"nx\" class=\"tnp-gender\" required><option value=\"\"><\/option><option value=\"m\">M\u00e4nlich<\/option><option value=\"f\">Weiblich<\/option><\/select><\/div>\r\n<div class=\"tnp-field tnp-field-email\"><label class=\"tnp-label-email\">Email<\/label><input class=\"tnp-email\" type=\"email\" name=\"ne\" required><\/div>\r\n<div class=\"tnp-field tnp-field-privacy\"><label class=\"tnp-new-container\"><input type=\"checkbox\" name=\"ny\" required class=\"tnp-privacy\">\u00a0<a target=\"_blank\" href=\"https:\/\/www.jwl.ch\/privacy-policy\/\">Indem Du fortf\u00e4hrst, akzeptierst Du unsere Datenschutzerkl\u00e4rung.<\/a><span class=\"checkmark\"><\/span><\/label><\/div>\r\n<div class=\"tnp-field tnp-field-button\"><input class=\"tnp-submit\" type=\"submit\" value=\"Abonnieren\">\r\n<\/form>\n","protected":false},"excerpt":{"rendered":"<p>Was ist ein Newsletter? Ein Newsletter ist ein Informationsmail der Jungwacht Littau. In diesem sind Informationen zu Lager, aktuellen Anl\u00e4ssen, R\u00fcckblicke zu Anl\u00e4ssen und Lagern sowie alle wichtigen Informationen, die &#8230; <a title=\"Newsletter\" class=\"read-more\" href=\"https:\/\/www.jwl.ch\/?page_id=2052\" aria-label=\"Mehr Informationen \u00fcber Newsletter\">Weiterlesen<\/a><\/p>\n","protected":false},"author":3,"featured_media":0,"parent":498,"menu_order":0,"comment_status":"closed","ping_status":"closed","template":"","meta":{"footnotes":""},"class_list":["post-2052","page","type-page","status-publish"],"aioseo_notices":[],"_links":{"self":[{"href":"https:\/\/www.jwl.ch\/index.php?rest_route=\/wp\/v2\/pages\/2052","targetHints":{"allow":["GET"]}}],"collection":[{"href":"https:\/\/www.jwl.ch\/index.php?rest_route=\/wp\/v2\/pages"}],"about":[{"href":"https:\/\/www.jwl.ch\/index.php?rest_route=\/wp\/v2\/types\/page"}],"author":[{"embeddable":true,"href":"https:\/\/www.jwl.ch\/index.php?rest_route=\/wp\/v2\/users\/3"}],"replies":[{"embeddable":true,"href":"https:\/\/www.jwl.ch\/index.php?rest_route=%2Fwp%2Fv2%2Fcomments&post=2052"}],"version-history":[{"count":5,"href":"https:\/\/www.jwl.ch\/index.php?rest_route=\/wp\/v2\/pages\/2052\/revisions"}],"predecessor-version":[{"id":3049,"href":"https:\/\/www.jwl.ch\/index.php?rest_route=\/wp\/v2\/pages\/2052\/revisions\/3049"}],"up":[{"embeddable":true,"href":"https:\/\/www.jwl.ch\/index.php?rest_route=\/wp\/v2\/pages\/498"}],"wp:attachment":[{"href":"https:\/\/www.jwl.ch\/index.php?rest_route=%2Fwp%2Fv2%2Fmedia&parent=2052"}],"curies":[{"name":"wp","href":"https:\/\/api.w.org\/{rel}","templated":true}]}}