{"id":2042,"date":"2018-09-24T12:41:45","date_gmt":"2018-09-24T10:41:45","guid":{"rendered":"https:\/\/jwl.raphael-schaerli.ch\/?page_id=2042"},"modified":"2023-10-16T19:41:50","modified_gmt":"2023-10-16T17:41:50","slug":"mitmachen","status":"publish","type":"page","link":"https:\/\/www.jwl.ch\/?page_id=2042","title":{"rendered":"Mitmachen"},"content":{"rendered":"<h2>Jungwacht Littau<\/h2>\n<p>Seit \u00fcber 80 Jahren bietet die Jungwacht Littau spannende Freizeitprogramme und Ferienlager f\u00fcr Littauer Jungs an. Meistens sind die Kinder zusammen mit Freunden der gleichen Altersstufen unterwegs (Gruppenstunden). Manchmal erlebt die ganze Jungwachtschar gemeinsam einen abenteuerlichen Scharanlass und als H\u00f6hepunkt des Jungwachtjahres d\u00fcrfen die Jungs das zweiw\u00f6chige Sommerlager im Zelt und\/oder das einw\u00f6chige Winterlager in einem Ferienlagerhaus geniessen.<\/p>\n<p>Bei uns ist jeder ab der ersten Klasse herzlich Willkommen, unabh\u00e4ngig von Religion oder Herkunft.<\/p>\n<p>&gt; <a title=\"Das ist Jungwacht Littau\" href=\"https:\/\/www.jwl.ch\/das-ist-jungwacht\/\">hier erf\u00e4hrst du mehr Details<\/a><\/p>\n<h2>Wann kann ich in die Jungwacht kommen?<\/h2>\n<p>Die meisten Gruppenstunden finden am Samstagnachmittag von 13:30 Uhr &#8211; 16:00 Uhr statt. Es gibt allerdings auch Gruppenstunden an Wochentagen.<\/p>\n<h2>Was kostet die Jungwacht?<\/h2>\n<p><strong>Gruppenstunden und Scharanl\u00e4sse:<\/strong><\/p>\n<p>Die Mitgliedschaft in der Jungwacht Littau ist grunds\u00e4tzlich GRATIS! Es kann aber sein, dass beispielsweise bei einem Badi-Besuch ein kleiner Betrag anf\u00e4llt.<\/p>\n<p><strong>Ferienlager:<\/strong><\/p>\n<p>Ein Lagerbeitrag ist n\u00f6tig, damit ein Lager \u00fcberhaupt realisiert werden kann. Wenn eine Familie den Beitrag nicht aufbringen kann, gibt es diverse M\u00f6glichkeiten verg\u00fcnstigt oder vollkommen gratis ins Lager mitzukommen.<\/p>\n<p><strong>Fanartikel:<\/strong><\/p>\n<p><a href=\"https:\/\/www.jwl.ch\/unsere-schar\/materialvermietung-und-fanartikel\/\">Findest du hier!<\/a><\/p>\n<h2>Wo trifft man sich?<\/h2>\n<p>Treffpunkt ist jeweils das Jungwachtheim unterhalb des Pfarrsaales bei der kath. Kirche mitten in Littau.<\/p>\n<div class=\"su-gmap su-u-responsive-media-yes\"><iframe loading=\"lazy\" width=\"520\" height=\"200\" src=\"\/\/maps.google.com\/maps?q=Jungwacht%20Littau&amp;output=embed\" title=\"\"><\/iframe><\/div>\n<h2>Wie kann ich in die Jungwacht kommen?<\/h2>\n<p>Melde dich am besten bei einem unserer beiden Scharleiter! Sie beantworten gerne offene Fragen oder sagen dir, wann du am besten vorbeikommst. Wenn dir das zu umst\u00e4ndlich ist, kannst du gerne einfach in eine Gruppenstunde kommen oder dich gleich f\u00fcr das Lager anmelden (daf\u00fcr musst du nicht in der Jungwacht sein).<\/p>\n<p>Den Kontakt der Scharleitung findest du &gt; <a href=\"http:\/\/www.jwl.ch\/unsere-schar\/kontakt\">hier<\/a>!<\/p>\n<h2>Einfach ausprobieren!<\/h2>\n<p>Die spezielle Stimmung in der Jungwacht ist nur schwer in Worte oder Bilder zu fassen. Daher gibt es nur eine M\u00f6glichkeit. Probiere es einfach aus! Komm vorbei und lass dich vom Jungwacht-Fieber anstecken. Es ist gratis, unverbindlich und du hast die M\u00f6glichkeit neue Freunde zu treffen. Was gibt es also zu verlieren?<\/p>\n<p>Hast du die Jungwacht einmal entdeckt, bleibt sie f\u00fcr immer ein Teil deines Lebens. Auch nach deiner Zeit als Jungwachtkind und als Leiter bleibt die Bindung zur Jungwacht und somit auch die Bindungen zu den Freunden und Bekanntschaften. Man trifft sich privat, in Ehemaligenvereinen oder beim Aufbau des Sommerlagers. Hier findest du Freu(n)de f\u00fcr&#8217;s Leben!<\/p>\n","protected":false},"excerpt":{"rendered":"<p>Jungwacht Littau Seit \u00fcber 80 Jahren bietet die Jungwacht Littau spannende Freizeitprogramme und Ferienlager f\u00fcr Littauer Jungs an. Meistens sind die Kinder zusammen mit Freunden der gleichen Altersstufen unterwegs (Gruppenstunden). &#8230; <a title=\"Mitmachen\" class=\"read-more\" href=\"https:\/\/www.jwl.ch\/?page_id=2042\" aria-label=\"Mehr Informationen \u00fcber Mitmachen\">Weiterlesen<\/a><\/p>\n","protected":false},"author":3,"featured_media":0,"parent":498,"menu_order":0,"comment_status":"closed","ping_status":"closed","template":"","meta":{"footnotes":""},"class_list":["post-2042","page","type-page","status-publish"],"aioseo_notices":[],"_links":{"self":[{"href":"https:\/\/www.jwl.ch\/index.php?rest_route=\/wp\/v2\/pages\/2042","targetHints":{"allow":["GET"]}}],"collection":[{"href":"https:\/\/www.jwl.ch\/index.php?rest_route=\/wp\/v2\/pages"}],"about":[{"href":"https:\/\/www.jwl.ch\/index.php?rest_route=\/wp\/v2\/types\/page"}],"author":[{"embeddable":true,"href":"https:\/\/www.jwl.ch\/index.php?rest_route=\/wp\/v2\/users\/3"}],"replies":[{"embeddable":true,"href":"https:\/\/www.jwl.ch\/index.php?rest_route=%2Fwp%2Fv2%2Fcomments&post=2042"}],"version-history":[{"count":19,"href":"https:\/\/www.jwl.ch\/index.php?rest_route=\/wp\/v2\/pages\/2042\/revisions"}],"predecessor-version":[{"id":120384,"href":"https:\/\/www.jwl.ch\/index.php?rest_route=\/wp\/v2\/pages\/2042\/revisions\/120384"}],"up":[{"embeddable":true,"href":"https:\/\/www.jwl.ch\/index.php?rest_route=\/wp\/v2\/pages\/498"}],"wp:attachment":[{"href":"https:\/\/www.jwl.ch\/index.php?rest_route=%2Fwp%2Fv2%2Fmedia&parent=2042"}],"curies":[{"name":"wp","href":"https:\/\/api.w.org\/{rel}","templated":true}]}}