{"id":19484,"date":"2022-03-27T19:23:28","date_gmt":"2022-03-27T17:23:28","guid":{"rendered":"https:\/\/www.jwl.ch\/?page_id=19484"},"modified":"2024-01-11T10:37:16","modified_gmt":"2024-01-11T09:37:16","slug":"sommerlager-2022","status":"publish","type":"page","link":"https:\/\/www.jwl.ch\/?page_id=19484","title":{"rendered":"Sola 2022"},"content":{"rendered":"<h2>News aus dem Lager<\/h2>\n\n\n<div class=\"su-posts su-posts-default-loop \">\n\n\t\n\t\t\t\t\t\n\t\t\t\n\t\t\t<div id=\"su-post-44756\" class=\"su-post \">\n\n\t\t\t\t\n\t\t\t\t<h2 class=\"su-post-title\"><a href=\"https:\/\/www.jwl.ch\/?p=44756\">Dienstag, 12.07.2022<\/a><\/h2>\n\n\t\t\t\t<div class=\"su-post-meta\">\n\t\t\t\t\tVer\u00f6ffentlicht: 12. Juli 2022\t\t\t\t<\/div>\n\n\t\t\t\t<div class=\"su-post-excerpt\">\n\t\t\t\t\t<p>Da unser Dorf nun aufgebaut ist, arbeiten wir nun an unserer Verteidigungstechnik gegen die R\u00f6mer. Am Morgen ging es darum, die Zutaten f\u00fcr einen Wildschweinbraten zu erk\u00e4mpfen. Am Nachmittag standen &#8230; <a title=\"Dienstag, 12.07.2022\" class=\"read-more\" href=\"https:\/\/www.jwl.ch\/?p=44756\" aria-label=\"Mehr Informationen \u00fcber Dienstag, 12.07.2022\">Weiterlesen<\/a><\/p>\n\t\t\t\t<\/div>\n\n\t\t\t\t\n\t\t\t<\/div>\n\n\t\t\t\t\t\n\t\t\t\n\t\t\t<div id=\"su-post-44911\" class=\"su-post \">\n\n\t\t\t\t\n\t\t\t\t<h2 class=\"su-post-title\"><a href=\"https:\/\/www.jwl.ch\/?p=44911\">Mittwoch, 13.07.2022<\/a><\/h2>\n\n\t\t\t\t<div class=\"su-post-meta\">\n\t\t\t\t\tVer\u00f6ffentlicht: 13. Juli 2022\t\t\t\t<\/div>\n\n\t\t\t\t<div class=\"su-post-excerpt\">\n\t\t\t\t\t<p>Nachdem wir gestern den Angriff der R\u00f6mer erfolgreich abgewehrt haben, wurde unser Dorf heute von den Griechen besucht. Den Tag starteten wir, indem wir durch das grosse Wissen der Griechen &#8230; <a title=\"Mittwoch, 13.07.2022\" class=\"read-more\" href=\"https:\/\/www.jwl.ch\/?p=44911\" aria-label=\"Mehr Informationen \u00fcber Mittwoch, 13.07.2022\">Weiterlesen<\/a><\/p>\n\t\t\t\t<\/div>\n\n\t\t\t\t\n\t\t\t<\/div>\n\n\t\t\t\t\t\n\t\t\t\n\t\t\t<div id=\"su-post-45180\" class=\"su-post \">\n\n\t\t\t\t\n\t\t\t\t<h2 class=\"su-post-title\"><a href=\"https:\/\/www.jwl.ch\/?p=45180\">Donnerstag, 14.07.2022<\/a><\/h2>\n\n\t\t\t\t<div class=\"su-post-meta\">\n\t\t\t\t\tVer\u00f6ffentlicht: 14. Juli 2022\t\t\t\t<\/div>\n\n\t\t\t\t<div class=\"su-post-excerpt\">\n\t\t\t\t\t<p>Miraculix, unser Druide, wurde heute Morgen von den R\u00f6mern \u00fcberfallen und ausgeraubt. Nach einem lauten Knall wurde die Schar darauf aufmerksam und rannte zu Miraculix. Die R\u00f6mer \u00fcberrumpelten den alten &#8230; <a title=\"Donnerstag, 14.07.2022\" class=\"read-more\" href=\"https:\/\/www.jwl.ch\/?p=45180\" aria-label=\"Mehr Informationen \u00fcber Donnerstag, 14.07.2022\">Weiterlesen<\/a><\/p>\n\t\t\t\t<\/div>\n\n\t\t\t\t\n\t\t\t<\/div>\n\n\t\t\t\t\t\n\t\t\t\n\t\t\t<div id=\"su-post-45372\" class=\"su-post \">\n\n\t\t\t\t\n\t\t\t\t<h2 class=\"su-post-title\"><a href=\"https:\/\/www.jwl.ch\/?p=45372\">Freitag, 15.07.2022<\/a><\/h2>\n\n\t\t\t\t<div class=\"su-post-meta\">\n\t\t\t\t\tVer\u00f6ffentlicht: 15. Juli 2022\t\t\t\t<\/div>\n\n\t\t\t\t<div class=\"su-post-excerpt\">\n\t\t\t\t\t<p>Heute gingen es weiter mit den dreit\u00e4gigen Wanderungen. Einige Kr\u00e4uter f\u00fcr den Zaubertrank wurden schon gefunden, doch es braucht noch mehr. Eine Gruppe fand ihr Ziel beim Marmorera See, eine &#8230; <a title=\"Freitag, 15.07.2022\" class=\"read-more\" href=\"https:\/\/www.jwl.ch\/?p=45372\" aria-label=\"Mehr Informationen \u00fcber Freitag, 15.07.2022\">Weiterlesen<\/a><\/p>\n\t\t\t\t<\/div>\n\n\t\t\t\t\n\t\t\t<\/div>\n\n\t\t\t\t\t\n\t\t\t\n\t\t\t<div id=\"su-post-45602\" class=\"su-post \">\n\n\t\t\t\t\n\t\t\t\t<h2 class=\"su-post-title\"><a href=\"https:\/\/www.jwl.ch\/?p=45602\">Samstag, 16.07.2022<\/a><\/h2>\n\n\t\t\t\t<div class=\"su-post-meta\">\n\t\t\t\t\tVer\u00f6ffentlicht: 16. Juli 2022\t\t\t\t<\/div>\n\n\t\t\t\t<div class=\"su-post-excerpt\">\n\t\t\t\t\t<p>Nach zweieinhalb Tagen haben wir endlich alle Kr\u00e4uter gefunden und sind zum Lagerplatz zur\u00fcck gekehrt. Als wir da ankamen merkten wir, dass die R\u00f6mer in unserer Abwesenheit unser Geld gestohlen &#8230; <a title=\"Samstag, 16.07.2022\" class=\"read-more\" href=\"https:\/\/www.jwl.ch\/?p=45602\" aria-label=\"Mehr Informationen \u00fcber Samstag, 16.07.2022\">Weiterlesen<\/a><\/p>\n\t\t\t\t<\/div>\n\n\t\t\t\t\n\t\t\t<\/div>\n\n\t\t\t\t\t\n\t\t\t\n\t\t\t<div id=\"su-post-46491\" class=\"su-post \">\n\n\t\t\t\t\n\t\t\t\t<h2 class=\"su-post-title\"><a href=\"https:\/\/www.jwl.ch\/?p=46491\">Mittwoch, 20.07.2022<\/a><\/h2>\n\n\t\t\t\t<div class=\"su-post-meta\">\n\t\t\t\t\tVer\u00f6ffentlicht: 20. Juli 2022\t\t\t\t<\/div>\n\n\t\t\t\t<div class=\"su-post-excerpt\">\n\t\t\t\t\t<p>Den heutigen Tag starteten wir mit einem Fightgame, bei dem die jungen Gallier Material erspielten und damit den Lagerplatz rekonstruieren konnten. Am Mittag wurden wir noch kurz von den Schotten &#8230; <a title=\"Mittwoch, 20.07.2022\" class=\"read-more\" href=\"https:\/\/www.jwl.ch\/?p=46491\" aria-label=\"Mehr Informationen \u00fcber Mittwoch, 20.07.2022\">Weiterlesen<\/a><\/p>\n\t\t\t\t<\/div>\n\n\t\t\t\t\n\t\t\t<\/div>\n\n\t\t\t\t\t\n\t\t\t\n\t\t\t<div id=\"su-post-46687\" class=\"su-post \">\n\n\t\t\t\t\n\t\t\t\t<h2 class=\"su-post-title\"><a href=\"https:\/\/www.jwl.ch\/?p=46687\">Donnerstag, 21.07.2022<\/a><\/h2>\n\n\t\t\t\t<div class=\"su-post-meta\">\n\t\t\t\t\tVer\u00f6ffentlicht: 21. Juli 2022\t\t\t\t<\/div>\n\n\t\t\t\t<div class=\"su-post-excerpt\">\n\t\t\t\t\t<p>Die jungen Gallier konnten sich heute Morgen kreativ ausleben beim Specksteinschleifen, Zinngiessen und \u00e4hnlichem. Auch heute bet\u00e4tigten wir uns sportlich. Die Kinder spielten Brennball und Fussball. Ebenfalls wurde unser Dorf &#8230; <a title=\"Donnerstag, 21.07.2022\" class=\"read-more\" href=\"https:\/\/www.jwl.ch\/?p=46687\" aria-label=\"Mehr Informationen \u00fcber Donnerstag, 21.07.2022\">Weiterlesen<\/a><\/p>\n\t\t\t\t<\/div>\n\n\t\t\t\t\n\t\t\t<\/div>\n\n\t\t\t\t\t\n\t\t\t\n\t\t\t<div id=\"su-post-46993\" class=\"su-post \">\n\n\t\t\t\t\n\t\t\t\t<h2 class=\"su-post-title\"><a href=\"https:\/\/www.jwl.ch\/?p=46993\">Freitag, 22.07.2022<\/a><\/h2>\n\n\t\t\t\t<div class=\"su-post-meta\">\n\t\t\t\t\tVer\u00f6ffentlicht: 22. Juli 2022\t\t\t\t<\/div>\n\n\t\t\t\t<div class=\"su-post-excerpt\">\n\t\t\t\t\t<p>Heute war es auch schon Zeit einen Grossteil unseres Dorfes wieder abzubauen. W\u00e4hrend die \u00e4lteren Kinder zusammen mit den Leiter den Abbau starteten, gingen die j\u00fcngeren Kinder der Spur der &#8230; <a title=\"Freitag, 22.07.2022\" class=\"read-more\" href=\"https:\/\/www.jwl.ch\/?p=46993\" aria-label=\"Mehr Informationen \u00fcber Freitag, 22.07.2022\">Weiterlesen<\/a><\/p>\n\t\t\t\t<\/div>\n\n\t\t\t\t\n\t\t\t<\/div>\n\n\t\t\n\t\n<\/div>\n\n<p>&nbsp;<\/p>\n<div class=\"su-tabs su-tabs-style-default su-tabs-mobile-stack su-tabs-vertical\" data-active=\"1\" data-scroll-offset=\"0\" data-anchor-in-url=\"no\"><div class=\"su-tabs-nav\"><span class=\"\" data-url=\"\" data-target=\"blank\" tabindex=\"0\" role=\"button\">Anmelden<\/span><span class=\"\" data-url=\"\" data-target=\"blank\" tabindex=\"0\" role=\"button\">Eckdaten<\/span><span class=\"\" data-url=\"\" data-target=\"blank\" tabindex=\"0\" role=\"button\">Lagerplatz<\/span><span class=\"\" data-url=\"\" data-target=\"blank\" tabindex=\"0\" role=\"button\">Mitmachen<\/span><span class=\"\" data-url=\"\" data-target=\"blank\" tabindex=\"0\" role=\"button\">Elternabend<\/span><span class=\"\" data-url=\"\" data-target=\"blank\" tabindex=\"0\" role=\"button\">Sommerlager - was ist das?<\/span><span class=\"\" data-url=\"\" data-target=\"blank\" tabindex=\"0\" role=\"button\">Kosten<\/span><span class=\"\" data-url=\"\" data-target=\"blank\" tabindex=\"0\" role=\"button\">Motto<\/span><span class=\"\" data-url=\"\" data-target=\"blank\" tabindex=\"0\" role=\"button\">Fragen<\/span><\/div><div class=\"su-tabs-panes\"><div class=\"su-tabs-pane su-u-clearfix su-u-trim\" data-title=\"Anmelden\">Die Anmeldung findest du <a href=\"https:\/\/www.jwl.ch\/wp-content\/uploads\/2022\/05\/Sola2022_info_1.pdf\">hier im Info 1. <\/a><\/p>\n<p>Werfe sie bis am 1. Juni 2022 in unseren Briefkasten (Jungwacht Littau, Gasshofstr. 2, 6014 Luzern).<\/div>\n<div class=\"su-tabs-pane su-u-clearfix su-u-trim\" data-title=\"Eckdaten\">Unser Sommerlager findet vom Montag <strong>11.<\/strong> bis Samstag <strong>23.07.2022 <\/strong>in der N\u00e4he von Savognin in Graub\u00fcnden statt.<\/div>\n<div class=\"su-tabs-pane su-u-clearfix su-u-trim\" data-title=\"Lagerplatz\"><a href=\"https:\/\/www.google.ch\/maps\/place\/Parnoz,+7460+Surses\/@46.58764,9.5745794,3443m\/data=!3m2!1e3!4b1!4m5!3m4!1s0x478491dcc7762de7:0x28eb7550ea116462!8m2!3d46.5876409!4d9.5833556\">Google Maps<\/a><\/div>\n<div class=\"su-tabs-pane su-u-clearfix su-u-trim\" data-title=\"Mitmachen\"><strong>Jeder Knabe ab der 2. Klasse.<\/strong> Man muss nicht in der Jungwacht sein, um mit ins Lager zu kommen.<\/div>\n<div class=\"su-tabs-pane su-u-clearfix su-u-trim\" data-title=\"Elternabend\">Am 8. Juni wird ein Informationsabend f\u00fcr die Eltern im Pfarrsaal stattfinden. Dieser Abend wird besonders empfohlen, wenn das Kind zum ersten Mal ein Sommerlager bei uns besucht. Seid ihr noch unentschlossen? Kommt vorbei . Wir helfen gerne weiter.<\/div>\n<div class=\"su-tabs-pane su-u-clearfix su-u-trim\" data-title=\"Sommerlager - was ist das?\">Die Jungwacht Littau verbringt jedes Jahr zwei unvergessliche Wochen zu Beginn der Sommerferien. Auf einem Lagerplatz mit gro\u00dfartigen Bauten werden wir zelten und diverse Aktivit\u00e4ten wie Spielturniere, Gel\u00e4ndespiele und Ateliers machen.<\/p>\n<p>Meistens gibt es am Morgen, Nachmittag und am Abend ein obligatorisches Programm \u00e0 2 \u2013 3 Stunden. Wir legen Wert auf ein abwechslungsreiches Programm und machen verschiedene Sportarten, so dass f\u00fcr jeden was dabei ist. Manchmal sitzen wir am Abend zusammen am w\u00e4rmenden Lagerfeuer und singen Lieder. Auch w\u00e4hrend der Freizeit k\u00f6nnen die Kinder zusammen mit Leitungspersonen spielen, werken und eigene Projekte umsetzen (z.B. Bauten versch\u00f6nern, eigenes Schuhregal bauen\u2026).<\/p>\n<p>F\u00fcr drei Tage verlassen wir in kleineren Gruppen den Lagerplatz und gehen z.B. wandern. Dabei gibt es jeweils ein Highlight wie z.B. ein Badesee.<\/p>\n<p>\u00dcber das ganze Lager hinweg gibt es eine Geschichte (Motto), welche jedes Lager einzigartig macht. Das Motto wird ins Lagerprogramm integriert und es gibt jeweils einen speziellen Mottobau (z.B. Leuchtturm bei Fisherman\u2019s Friend).<\/p>\n<p>Neben einem Fr\u00fchst\u00fcck, Mittag- und Abendessen (meist zwei warme Mahlzeiten pro Tag) gibt es auch leckere Zwischenverpflegungen wie z.B. Wassermelonen an einem warmen Nachmittag.<\/p>\n<p>Unter der Leitung von jungen Erwachsenen und Jugendlichen so wie unserem Pr\u00e4ses ist f\u00fcr viel Spass, Freude und unvergessliche Momente gesorgt!<br \/>\nUnterst\u00fctzt werden wir dabei unteranderem durch Jugend+Sport (J+S). Ein Coach von J+S kontrolliert unser Lagerprogramm und die Leitungspersonen absolvieren spezielle Ausbildungskurse, so dass jederzeit f\u00fcr eine angemessene Sicherheit gesorgt ist.<\/div>\n<div class=\"su-tabs-pane su-u-clearfix su-u-trim\" data-title=\"Kosten\">Der Lagerbeitrag betr\u00e4gt <strong>220 Franken<\/strong>. Falls mehrere Kinder derselben Familie das Sommerlager besuchen (auch beim Blauring), reduziert sich der Beitrag auf je 200 Franken.<\/p>\n<p>Dabei sein auch mit wenig Geld: Wir sind Partner der <strong>KulturLegi<\/strong>, somit erhalten Kinder und Jugendlichen, die im Besitz der KulturLegi sind, <strong>70% Rabatt<\/strong> =&gt; <a href=\"http:\/\/www.jubla.ch\/kulturlegi\">weitere Infos<\/a><\/p>\n<p>Solltet ihr trotzdem die Lagerkosten nicht aufbringen k\u00f6nnen, meldet euch bitte beim <strong>Pr\u00e4ses Res Wyler<\/strong> (079\u2018530\u201813\u201995).<\/div>\n<div class=\"su-tabs-pane su-u-clearfix su-u-trim\" data-title=\"Motto\">Unser diesj\u00e4hriges Motto ist Asterix &amp; Obelix &#8211; Beim Teutates! Die R\u00f6mer kommen!<\/p>\n<p>Hilf Asterix und Obelix, Gallien gegen die R\u00f6mer zu verteidigen.<\/p>\n<div class=\"su-youtube su-u-responsive-media-yes\"><iframe loading=\"lazy\" width=\"800\" height=\"400\" src=\"https:\/\/www.youtube.com\/embed\/lrejO5SYMfM?\" frameborder=\"0\" allowfullscreen allow=\"autoplay; encrypted-media; picture-in-picture\" title=\"\"><\/iframe><\/div><\/div>\n<div class=\"su-tabs-pane su-u-clearfix su-u-trim\" data-title=\"Fragen\">Wenn ihr noch Fragen habt, so k\u00f6nnt ihr diese am Infoabend stellen oder gerne auch direkt bei der Scharleitung:<\/p>\n<p><a href=\"mailto:amreinleon@gmail.com\">Leon Amrein<\/a> 076 446 04 73<\/p>\n<p><a href=\"mailto:hefti.cyrill@gmail.com\">Cyrill Hefti<\/a> 079 348 46 65<\/div><\/div><\/div>\n<p>&nbsp;<\/p>\n<p>Neugierig? Hier haben wir einen kurzen Zusammenschnitt aus einem Sommerlager, so kannst du dir ein Bild davon machen:<\/p>\n<div class=\"su-youtube su-u-responsive-media-yes\"><iframe loading=\"lazy\" width=\"800\" height=\"400\" src=\"https:\/\/www.youtube.com\/embed\/r5O5oLXEoRM?\" frameborder=\"0\" allowfullscreen allow=\"autoplay; encrypted-media; picture-in-picture\" title=\"\"><\/iframe><\/div>\n<p>&nbsp;<\/p>\n","protected":false},"excerpt":{"rendered":"<p>News aus dem Lager &nbsp; &nbsp; Neugierig? Hier haben wir einen kurzen Zusammenschnitt aus einem Sommerlager, so kannst du dir ein Bild davon machen: &nbsp;<\/p>\n","protected":false},"author":3,"featured_media":2401,"parent":594,"menu_order":0,"comment_status":"closed","ping_status":"closed","template":"","meta":{"footnotes":""},"class_list":["post-19484","page","type-page","status-publish","has-post-thumbnail","hentry"],"aioseo_notices":[],"_links":{"self":[{"href":"https:\/\/www.jwl.ch\/index.php?rest_route=\/wp\/v2\/pages\/19484","targetHints":{"allow":["GET"]}}],"collection":[{"href":"https:\/\/www.jwl.ch\/index.php?rest_route=\/wp\/v2\/pages"}],"about":[{"href":"https:\/\/www.jwl.ch\/index.php?rest_route=\/wp\/v2\/types\/page"}],"author":[{"embeddable":true,"href":"https:\/\/www.jwl.ch\/index.php?rest_route=\/wp\/v2\/users\/3"}],"replies":[{"embeddable":true,"href":"https:\/\/www.jwl.ch\/index.php?rest_route=%2Fwp%2Fv2%2Fcomments&post=19484"}],"version-history":[{"count":21,"href":"https:\/\/www.jwl.ch\/index.php?rest_route=\/wp\/v2\/pages\/19484\/revisions"}],"predecessor-version":[{"id":120417,"href":"https:\/\/www.jwl.ch\/index.php?rest_route=\/wp\/v2\/pages\/19484\/revisions\/120417"}],"up":[{"embeddable":true,"href":"https:\/\/www.jwl.ch\/index.php?rest_route=\/wp\/v2\/pages\/594"}],"wp:featuredmedia":[{"embeddable":true,"href":"https:\/\/www.jwl.ch\/index.php?rest_route=\/wp\/v2\/media\/2401"}],"wp:attachment":[{"href":"https:\/\/www.jwl.ch\/index.php?rest_route=%2Fwp%2Fv2%2Fmedia&parent=19484"}],"curies":[{"name":"wp","href":"https:\/\/api.w.org\/{rel}","templated":true}]}}