{"id":1654,"date":"2001-08-31T13:20:14","date_gmt":"2001-08-31T11:20:14","guid":{"rendered":"https:\/\/jwl.raphael-schaerli.ch\/?page_id=1654"},"modified":"2019-01-30T20:13:00","modified_gmt":"2019-01-30T19:13:00","slug":"sola-2001","status":"publish","type":"page","link":"https:\/\/www.jwl.ch\/?page_id=1654","title":{"rendered":"Sola 2001"},"content":{"rendered":"<h4>Lagerbericht<\/h4>\n<p><span class=\"text\">Man schrieb den 9. Juli 2001 als sich um 09.30 Uhr in der Fr\u00fch die schwersten Verbrecher aus ganz Littau am Bahnhof versammelten. Es sollte dies der Treffpunkt zum Start des zweiw\u00f6chigen Suppercoup werden. Doch leider machten die Herren des ber\u00fchmt ber\u00fcchtigten JW-Clan die Rechnung nicht ohne die Staatsgewalt. Es kam wie es kommen musste und alle 55 Schwerverbrecher wurden festgenommen und ins Gef\u00e4ngnis bei Giswil verschoben.<\/span><\/p>\n<p>Mottogetreu begann das Sommerlager der Jungwacht Littau mit der lebenslangen Haft der Kinder auf dem Zeltplatz in Giswil. Kaum im Gef\u00e4ngnis angekommen, wurden allen H\u00e4ftlingen von den W\u00e4rtern (Leiter) s\u00e4mtliche Verpflegung und Wertgegenst\u00e4nde konfisziert. Leider gelang nach wenigen Tagen schon die erste Flucht aus dem Kerker. Mit schier unglaublichem Willen schaffte eine Gruppe ohne Geld sich ins Ausland abzusetzen, was aber schlussendlich keine Rolle spielte, denn meine W\u00e4rter waren immer verdeckt an vorderster Front dabei.<\/p>\n<p>Am Sonntag erwarteten wir dann sehnlichst die Ankunft der Eltern, die einen Einblick ins wahre Gef\u00e4ngnisleben erhielten. Herzlichen Dank an alle Kuchenlieferantinnen. Als gegen Ende der zweiten Woche ein weiterer grosser Ganove mit Hilfe aller Inhaftierten gefangen wurde, versprach ich allen H\u00e4ftlingen einen Bew\u00e4hrungstag. Diesen Tag erf\u00fcllten s\u00e4mtliche Gefangenen mit grosser \u00dcberzeugung. Als sie schliesslich noch alle korrupten Gef\u00e4ngnisw\u00e4rter auffliegen und einfangen konnten, war der Tag zur fr\u00fchzeitigen Entlassung da.<br \/>\nSo beendeten alle Jungw\u00e4chter das SoLa am Bahnhof Littau als freie Menschen.<br \/>\nDoch wer weiss, in einem knappen Jahr heisst es vielleicht wieder: &#8222;W\u00e4rter, festnehmen!!!&#8220;<\/p>\n<p>Dankesch\u00f6n!!!<br \/>\nEs w\u00e4re dies niemals m\u00f6glich gewesen ohne ein 15 k\u00f6pfiges Leitungsteam, das ein perfektes Programm auf die Beine stellte und den 5 K\u00f6chen, die uns immer wieder \u00fcberraschten, ein solch gutes Gelingen des Sommerlagers zu garantieren<br \/>\nIm Hintergrund helfen jedes Jahr unz\u00e4hlige ehemalige JW Leiter beim Aufbau der grossen Zeltstadt mit.<br \/>\nIhnen allen ist ein grosses Lob und Dankesch\u00f6n auszusprechen.<\/p>\n<p>Philip Baruffa<br \/>\nLagerleiter<\/p>\n","protected":false},"excerpt":{"rendered":"<p>Ort: Giswil OW<br \/>\nLagerleiter: Philip Baruffa<br \/>\nMotto: Lebensl\u00e4nglich<\/p>\n","protected":false},"author":1,"featured_media":2401,"parent":594,"menu_order":0,"comment_status":"closed","ping_status":"closed","template":"","meta":{"footnotes":""},"class_list":["post-1654","page","type-page","status-publish","has-post-thumbnail"],"aioseo_notices":[],"_links":{"self":[{"href":"https:\/\/www.jwl.ch\/index.php?rest_route=\/wp\/v2\/pages\/1654","targetHints":{"allow":["GET"]}}],"collection":[{"href":"https:\/\/www.jwl.ch\/index.php?rest_route=\/wp\/v2\/pages"}],"about":[{"href":"https:\/\/www.jwl.ch\/index.php?rest_route=\/wp\/v2\/types\/page"}],"author":[{"embeddable":true,"href":"https:\/\/www.jwl.ch\/index.php?rest_route=\/wp\/v2\/users\/1"}],"replies":[{"embeddable":true,"href":"https:\/\/www.jwl.ch\/index.php?rest_route=%2Fwp%2Fv2%2Fcomments&post=1654"}],"version-history":[{"count":3,"href":"https:\/\/www.jwl.ch\/index.php?rest_route=\/wp\/v2\/pages\/1654\/revisions"}],"predecessor-version":[{"id":1776,"href":"https:\/\/www.jwl.ch\/index.php?rest_route=\/wp\/v2\/pages\/1654\/revisions\/1776"}],"up":[{"embeddable":true,"href":"https:\/\/www.jwl.ch\/index.php?rest_route=\/wp\/v2\/pages\/594"}],"wp:featuredmedia":[{"embeddable":true,"href":"https:\/\/www.jwl.ch\/index.php?rest_route=\/wp\/v2\/media\/2401"}],"wp:attachment":[{"href":"https:\/\/www.jwl.ch\/index.php?rest_route=%2Fwp%2Fv2%2Fmedia&parent=1654"}],"curies":[{"name":"wp","href":"https:\/\/api.w.org\/{rel}","templated":true}]}}