{"id":1652,"date":"2002-08-31T13:20:05","date_gmt":"2002-08-31T11:20:05","guid":{"rendered":"https:\/\/jwl.raphael-schaerli.ch\/?page_id=1652"},"modified":"2019-01-30T20:13:23","modified_gmt":"2019-01-30T19:13:23","slug":"sola-2002","status":"publish","type":"page","link":"https:\/\/www.jwl.ch\/?page_id=1652","title":{"rendered":"Sola 2002"},"content":{"rendered":"<h4>Lagerberich<\/h4>\n<p>Am 8. Juli trafen sich 53 auserw\u00e4hlte Gallier um am diesj\u00e4hrigen Galliertreffen ihren Stamm m\u00f6glichst glorreich zu vertreten.<\/p>\n<p align=\"left\">Die zweit\u00e4lteste Gruppe hatte die Strecke nach Schaffhausen schon am Vortag mit dem Fahrrad hinter sich gebracht, als am Montag die restlichen Teilnehmer die Anreise starteten.<br \/>\nAuf dem Lagerplatz angekommen, fanden sie nebst den \u00fcblichen Lagerbauten auch je einen ca. 1.5m hohen Hochbau f\u00fcr alle acht Gruppenzelte vor.<br \/>\nIn den zahlreichen Wettk\u00e4mpfen konnten die einzelnen Gallierst\u00e4mme beweisen, was sie drauf hatten: Eine Gruppe schaffte es, in drei Tagen so viel Geld zu verdienen, dass es bis<br \/>\nnach Pf\u00e4ffikon und f\u00fcr einen Eintritt ins Alpamare reichte, w\u00e4hrend andere in drei Tagen bis an den Rheinfall wanderten. Meistens hatten wir Gl\u00fcck und die Wolken machten einen Umweg um unseren Zeltplatz &#8211; wenn es doch regnete, dann nur kurz.<br \/>\nNach zwei erlebnisreichen Wochen war dieses Lager zu ende gegangen, doch f\u00fcr die, die noch nicht genug davon haben, gibt es ja noch das Herbst- und das Winterlager&#8230;.<\/p>\n","protected":false},"excerpt":{"rendered":"<p>Ort: Schleitheim SH<br \/>\nLagerleiter: Cedric Brunner<br \/>\nMotto: Beim Teutates, die Gallier!!<\/p>\n","protected":false},"author":1,"featured_media":2401,"parent":594,"menu_order":0,"comment_status":"closed","ping_status":"closed","template":"","meta":{"footnotes":""},"class_list":["post-1652","page","type-page","status-publish","has-post-thumbnail"],"aioseo_notices":[],"_links":{"self":[{"href":"https:\/\/www.jwl.ch\/index.php?rest_route=\/wp\/v2\/pages\/1652","targetHints":{"allow":["GET"]}}],"collection":[{"href":"https:\/\/www.jwl.ch\/index.php?rest_route=\/wp\/v2\/pages"}],"about":[{"href":"https:\/\/www.jwl.ch\/index.php?rest_route=\/wp\/v2\/types\/page"}],"author":[{"embeddable":true,"href":"https:\/\/www.jwl.ch\/index.php?rest_route=\/wp\/v2\/users\/1"}],"replies":[{"embeddable":true,"href":"https:\/\/www.jwl.ch\/index.php?rest_route=%2Fwp%2Fv2%2Fcomments&post=1652"}],"version-history":[{"count":3,"href":"https:\/\/www.jwl.ch\/index.php?rest_route=\/wp\/v2\/pages\/1652\/revisions"}],"predecessor-version":[{"id":1778,"href":"https:\/\/www.jwl.ch\/index.php?rest_route=\/wp\/v2\/pages\/1652\/revisions\/1778"}],"up":[{"embeddable":true,"href":"https:\/\/www.jwl.ch\/index.php?rest_route=\/wp\/v2\/pages\/594"}],"wp:featuredmedia":[{"embeddable":true,"href":"https:\/\/www.jwl.ch\/index.php?rest_route=\/wp\/v2\/media\/2401"}],"wp:attachment":[{"href":"https:\/\/www.jwl.ch\/index.php?rest_route=%2Fwp%2Fv2%2Fmedia&parent=1652"}],"curies":[{"name":"wp","href":"https:\/\/api.w.org\/{rel}","templated":true}]}}