{"id":1644,"date":"2018-08-31T13:17:40","date_gmt":"2018-08-31T11:17:40","guid":{"rendered":"https:\/\/jwl.raphael-schaerli.ch\/?page_id=1644"},"modified":"2024-06-30T22:45:46","modified_gmt":"2024-06-30T20:45:46","slug":"sommerlager","status":"publish","type":"page","link":"https:\/\/www.jwl.ch\/?page_id=1644","title":{"rendered":"Sommerlager"},"content":{"rendered":"<h2>Natur, Abenteuer und grenzenloser Spass!<\/h2>\n<p>Das Sommerlager findet immer in den ersten beiden Wochen der Sommerferien statt und wird von Leitern der Jungwacht Littau durchgef\u00fchrt. Teilnehmen k\u00f6nnen aber nicht nur Jungw\u00e4chter, sondern alle Knaben ab der 2. Klasse, die Lust auf zwei Wochen Zelten in der freien Natur haben. Dank Beitr\u00e4gen von der katholischen Kirchengemeinde und von &#8222;Jungend und Sport&#8220; k\u00f6nnen wir das Sommerlager zu einem Preis von 260 Franken anbieten (alles inklusive). F\u00fcr Geschwister gibt es einen Rabatt. Eltern, welche das Geld nicht aufbringen k\u00f6nnen, k\u00f6nnen sich mit dem Pfarramt in Verbindung setzen. F\u00fcr jedes Lager denkt sich das Leitungsteam ein Lagermotto aus, welches das Programm und den Lagerverlauf pr\u00e4gt. So wirst du einmal in die mythische Welt der Sagen und Legenden versetzt, w\u00e4hrend du im n\u00e4chsten Jahr als Str\u00e4fling versuchst aus dem Hochsicherheitstrakt zu entkommen (und uns Leiter zu \u00fcberlisten). F\u00fcr Eltern, welche Ihre Kinder zum ersten Mal in das Sommerlager schicken, veranstalten wir jeweils einen Elternabend, wo wir \u00fcber die erforderliche Ausr\u00fcstung und Sonstiges informieren.<\/p>\n<h2>Zum Lagerprogramm<\/h2>\n<p>Viel Zeit wirst du in deiner Gruppe mit gleichaltrigen Kameraden verbringen, die zu Beginn des Lagers gebildet und von einem bis zwei Leitern geleitet wird. In dieser wirst du beispielsweise Gruppenstunden haben (bei der ihr innerhalb eurer Gruppe etwas unternehmt). Daneben gibt es aber auch sogenannte Scharanl\u00e4sse, bei denen die Gruppen durchmischt werden und du in einer neuen Gruppe eine zum Lagermotto passende Aufgabe bestehen musst. Doch neben den Scharanl\u00e4ssen und den Gruppenstunden gibt es auch noch die Ateliers, in welchen von den Leitern verschiedene T\u00e4tigkeiten angeboten werden und du aus diesen ausw\u00e4hlen kannst.<\/p>\n<p>All diese T\u00e4tigkeiten finden auf dem Lagerplatz oder dessen n\u00e4heren Umgebung statt. Die sogenannten Drei-Tages-Projekte hingegen f\u00fchren dich vom Lagerplatz weg und bilden den H\u00f6hepunkt des Lagers. Bei diesen Projekten, welche wiederum mottogetreu gestaltet werden, kannst du jeweils aus etwa f\u00fcnf Angeboten ausw\u00e4hlen.<\/p>\n<p>Neben all diesen &#8218;organisierten&#8216; Aktivit\u00e4ten gibt es noch zahlreiche andere Dinge, die diese zwei Wochen so eindr\u00fccklich und unvergesslich machen wie z.B. die Erlebnisse in der Natur und innerhalb der Gruppe.<\/p>\n<p>Die Anmeldungen werden in den Schulen der Gemeinde Littau verteilt. Wenn Sie jedoch keine solche Anmeldung bekommen haben oder diese verlegt haben, k\u00f6nnen Sie diese per e-mail bei jedem aktiven Leiter der Jungwacht bestellen. Wir freuen uns auf m\u00f6glichst viele Teilnehmer!<\/p>\n","protected":false},"excerpt":{"rendered":"<p>Natur, Abenteuer und grenzenloser Spass! Das Sommerlager findet immer in den ersten beiden Wochen der Sommerferien statt und wird von Leitern der Jungwacht Littau durchgef\u00fchrt. Teilnehmen k\u00f6nnen aber nicht nur &#8230; <a title=\"Sommerlager\" class=\"read-more\" href=\"https:\/\/www.jwl.ch\/?page_id=1644\" aria-label=\"Mehr Informationen \u00fcber Sommerlager\">Weiterlesen<\/a><\/p>\n","protected":false},"author":1,"featured_media":0,"parent":0,"menu_order":0,"comment_status":"closed","ping_status":"closed","template":"","meta":{"footnotes":""},"class_list":["post-1644","page","type-page","status-publish"],"aioseo_notices":[],"_links":{"self":[{"href":"https:\/\/www.jwl.ch\/index.php?rest_route=\/wp\/v2\/pages\/1644","targetHints":{"allow":["GET"]}}],"collection":[{"href":"https:\/\/www.jwl.ch\/index.php?rest_route=\/wp\/v2\/pages"}],"about":[{"href":"https:\/\/www.jwl.ch\/index.php?rest_route=\/wp\/v2\/types\/page"}],"author":[{"embeddable":true,"href":"https:\/\/www.jwl.ch\/index.php?rest_route=\/wp\/v2\/users\/1"}],"replies":[{"embeddable":true,"href":"https:\/\/www.jwl.ch\/index.php?rest_route=%2Fwp%2Fv2%2Fcomments&post=1644"}],"version-history":[{"count":10,"href":"https:\/\/www.jwl.ch\/index.php?rest_route=\/wp\/v2\/pages\/1644\/revisions"}],"predecessor-version":[{"id":120686,"href":"https:\/\/www.jwl.ch\/index.php?rest_route=\/wp\/v2\/pages\/1644\/revisions\/120686"}],"wp:attachment":[{"href":"https:\/\/www.jwl.ch\/index.php?rest_route=%2Fwp%2Fv2%2Fmedia&parent=1644"}],"curies":[{"name":"wp","href":"https:\/\/api.w.org\/{rel}","templated":true}]}}