{"id":1642,"date":"2004-08-31T13:17:22","date_gmt":"2004-08-31T11:17:22","guid":{"rendered":"https:\/\/jwl.raphael-schaerli.ch\/?page_id=1642"},"modified":"2019-01-30T20:14:18","modified_gmt":"2019-01-30T19:14:18","slug":"sola-2004","status":"publish","type":"page","link":"https:\/\/www.jwl.ch\/?page_id=1642","title":{"rendered":"Sola 2004"},"content":{"rendered":"<h4>Lagerbericht<\/h4>\n<p>Das Sommerlager startete am Montagmorgen des 12.07.2004 am Bahnhof Littau. Das nasse und kalte Wetter war f\u00fcr die G\u00f6tter des Olymps ungewohnt und so waren alle froh, bald nach der Gruppeneinteilung in den Car einsteigen zu k\u00f6nnen.<\/p>\n<p>Die Carfahrt f\u00fchrte uns bei leichtem Schneeregen \u00fcber den Klausenpass auf den Urnerboden, wo wir unsere Zelte aufgeschlagen hatten. Gleich neben dem Lagerplatz floss der F\u00e4tschbach vorbei, in der Platzmitte befand sich das Argseeli und die Umgebung bestach durch eine imposante Berglandschaft.<\/p>\n<p>Trotz des schlechten Wetters in den ersten beiden Tagen liessen sich weder Kinder noch Leiter die gute Stimmung verderben. Der Dienstag handelte von der \u201egrossen Schlacht von Troja\u201c, der Mittwoch vom \u201eMarktplatz Athens\u201c. Danach starteten schon die 3-Tagesprojekte, welche die Schar in vier Gruppen f\u00fcr drei Tage weg vom Lagerplatz f\u00fchrten. Eine Gruppe wanderte via Klausen \u2013 Aesch \u2013 Untersch\u00e4chen \u2013 Urigen zur\u00fcck auf den Lagerplatz, eine Gruppe wanderte via Braunwald zum Oberblegisee und zur\u00fcck, eine Gruppe stellte in R\u00fcti GL ein Camp auf und die Gruppe \u201eWenig Geld\u201c erarbeitete sich mit Gelegenheitsarbeiten genug Geld f\u00fcr die Verpflegung, die Reise nach Rapperswil und Baden im Alpamare f\u00fcr die ganze Gruppe!<\/p>\n<p>Nach der Besinnungswanderung am Sonntag starteten wir mit der Suche nach dem Sohn von Herkules am Montag in die zweite Woche, gefolgt vom Bubentag wo die \u00c4lteste Gruppe die Leitung \u00fcbernehmen durfte. Die 2-t\u00e4gige Suche nach Atlantis \u2013 bestehend aus einer Wanderung nach Linthal, einem Postenlauf in Schwanden und Baden in der Badi Schwanden \u2013 bildete den Abschluss. Bevor am Freitag die Abbauarbeiten begonnen wurden, hatten wir in der Nacht vorher ein heftiges Gewitter erlebt. Das Lager endete wie es begonnen hatte: kalt und nass \u2013 die 10 anderen Tage waren daf\u00fcr sonnig und warm!<\/p>\n<p>Wir blicken auf ein erlebnisreiches Sommerlager zur\u00fcck, das wieder einmal viel zu schnell vorbei ist.<\/p>\n<h4>Lagerlied<\/h4>\n<div align=\"center\">\n<p>mer send<br \/>\nalles g\u00f6ttlechi grieche<br \/>\nalles sebe sieche<br \/>\nond au de rocky esch am start<br \/>\nehr gs\u00e4nd<br \/>\nau de zeus d\u00e4 esch be eus<br \/>\nnor verzellt er leider n\u00fct neus<br \/>\nmer hend alles schomol gh\u00f6rt<\/p>\n<p><span class=\"text\"><strong>Refrain:<\/strong><\/span><br \/>\nes esch g\u00f6ttlech gsi<br \/>\nsola 04<br \/>\nim urnerland semmer gsi<br \/>\nde schlofsack debi<br \/>\nweisch wer esch au debi<br \/>\ndini mueter<br \/>\nim sola 04<br \/>\ns esch g\u00f6ttlech gsi<\/p>\n<p>de sohn<br \/>\nvom zeus d\u00e4 hemmer gfonde<br \/>\ngsuecht hemmer nor wenigi stonde<br \/>\ndoch gh\u00e4 hets m\u00e4ngi wonde<br \/>\ns argseeli<br \/>\nesch wondersch\u00f6n zom bade<br \/>\nrondome leggid chueflade<br \/>\ndoch das esch eus egal<\/p>\n<p><span class=\"text\"><strong>Refrain:<\/strong><\/span><br \/>\nes esch g\u00f6ttlech gsi<br \/>\nsola 04<br \/>\nim urnerland semmer gsi<br \/>\nde schlofsack debi<br \/>\nweisch wer esch au debi<br \/>\ndini mueter<br \/>\nim sola 04<br \/>\ns esch g\u00f6ttlech gsi<\/p>\n<p>mer g\u00f6nd hei<br \/>\nalli ganz elei<br \/>\nes schisst \u00fcs alli ah<br \/>\ndas mer m\u00f6nd hei gah<br \/>\nimene johr<br \/>\nsemmer alli weder do<br \/>\nsemmer alli weder in gfohr<br \/>\nwel de h\u00e4bu d\u00e4 chond au<\/p>\n<p><span class=\"text\"><strong>Refrain:<\/strong><\/span><br \/>\nes esch g\u00f6ttlech gsi<br \/>\nsola 04<br \/>\nim urnerland semmer gsi<br \/>\nde schlofsack debi<br \/>\nweisch wer esch au debi<br \/>\ndini mueter<br \/>\nim sola 04<br \/>\ns esch g\u00f6ttlech gsi<\/p>\n<p><span class=\"text\"><strong>Refrain:<\/strong><\/span><br \/>\nes esch g\u00f6ttlech gsi<br \/>\nsola 04<br \/>\nim urnerland semmer gsi<br \/>\nde schlofsack debi<br \/>\nweisch wer esch au debi<br \/>\ndini mueter<br \/>\nim sola 04<br \/>\ns esch g\u00f6ttlech gsi<\/p>\n<p><span class=\"text\"><br \/>\n<\/span><span class=\"linkklein\">Melodie: Deep Blue Something- Breakfast at Tiffany&#8217;s<\/span><\/p>\n<\/div>\n","protected":false},"excerpt":{"rendered":"<p>Ort: Urnerboden UR<br \/>\nLagerleiter: Christian B\u00e4chinger<br \/>\nMotto: G\u00f6ttlich &#8211; Zeus, Titanen und wer sie alle waren<\/p>\n","protected":false},"author":1,"featured_media":2401,"parent":594,"menu_order":0,"comment_status":"closed","ping_status":"closed","template":"","meta":{"footnotes":""},"class_list":["post-1642","page","type-page","status-publish","has-post-thumbnail"],"aioseo_notices":[],"_links":{"self":[{"href":"https:\/\/www.jwl.ch\/index.php?rest_route=\/wp\/v2\/pages\/1642","targetHints":{"allow":["GET"]}}],"collection":[{"href":"https:\/\/www.jwl.ch\/index.php?rest_route=\/wp\/v2\/pages"}],"about":[{"href":"https:\/\/www.jwl.ch\/index.php?rest_route=\/wp\/v2\/types\/page"}],"author":[{"embeddable":true,"href":"https:\/\/www.jwl.ch\/index.php?rest_route=\/wp\/v2\/users\/1"}],"replies":[{"embeddable":true,"href":"https:\/\/www.jwl.ch\/index.php?rest_route=%2Fwp%2Fv2%2Fcomments&post=1642"}],"version-history":[{"count":3,"href":"https:\/\/www.jwl.ch\/index.php?rest_route=\/wp\/v2\/pages\/1642\/revisions"}],"predecessor-version":[{"id":1782,"href":"https:\/\/www.jwl.ch\/index.php?rest_route=\/wp\/v2\/pages\/1642\/revisions\/1782"}],"up":[{"embeddable":true,"href":"https:\/\/www.jwl.ch\/index.php?rest_route=\/wp\/v2\/pages\/594"}],"wp:featuredmedia":[{"embeddable":true,"href":"https:\/\/www.jwl.ch\/index.php?rest_route=\/wp\/v2\/media\/2401"}],"wp:attachment":[{"href":"https:\/\/www.jwl.ch\/index.php?rest_route=%2Fwp%2Fv2%2Fmedia&parent=1642"}],"curies":[{"name":"wp","href":"https:\/\/api.w.org\/{rel}","templated":true}]}}