{"id":1638,"date":"2006-08-31T13:16:55","date_gmt":"2006-08-31T11:16:55","guid":{"rendered":"https:\/\/jwl.raphael-schaerli.ch\/?page_id=1638"},"modified":"2019-01-30T20:15:05","modified_gmt":"2019-01-30T19:15:05","slug":"sola-2006","status":"publish","type":"page","link":"https:\/\/www.jwl.ch\/?page_id=1638","title":{"rendered":"Sola 2006"},"content":{"rendered":"<h4>Lagerbericht<\/h4>\n<p>Mit Revolver und Lasso trafen sich die jungen Cowboys am Bahnhof. Nach dem Eintreffen der Sheriffs mit Pferd und Eisenbahn konnte es dann endlich losgehen.<br \/>\nIn Hersiwil City angekommen, mussten als erstes die imposanten Hochbauten cowboyw\u00fcrdig umgebaut werden, sodass schon am ersten Tag eine richtige Wild West Stadt mit Waffengesch\u00e4ft, Totengr\u00e4bern, Post, Bank, einem Lasso Gesch\u00e4ft und nat\u00fcrlich einem Gef\u00e4ngnis entstand.<\/p>\n<p>Unsere Aufgabe bestand ja darin, den gef\u00fcrchteten Banditen Cactus Joe zu fangen, also starteten wir gleich mit dem Training. Die jungen Cowboys wurden zu richtigen Revolverhelden ausgebildet. Duellieren, Lassowerfen und gekonntes anschleichen beherrschten sie schon nach wenigen Tagen.<br \/>\nAm Donnerstag starteten wir eine dreit\u00e4gige \u00dcberlebens\u00fcbung. Die einen robbten sich durch eine H\u00f6hle w\u00e4hrend dem die j\u00fcngeren Cowboys das reiten erlernten. Respekt gilt auch den Wanderlustigen sowie den \u00e4rmeren Cowboys welche sich ohne Geld bis ins Baselbiet durchk\u00e4mpften.<br \/>\nAm Sonntag bekamen wir Besuch von einem komischen Indianerstamm aus \u201cElternvalley\u201c. Wir verbrachten gemeinsam einen lustigen Nachmittag, wobei die Indianer nach dem verlorenen Postenlauf leider wieder abreisen mussten.<\/p>\n<p>Nach diesen aufregenden Tagen, vergassen wir beinahe warum wir eigentlich in den Westen gezogen waren. Prompt kreuzte Cactus Joe am Abend auf und steckte unsere Kirche in Brand. Wir gaben uns nat\u00fcrlich nicht geschlagen, bauten unsere Kirche wieder auf und waren jetzt richtig heiss darauf den Schurken endlich hinter Gitter zu bringen.<br \/>\nDie Fliegen wurden Mitte zweiter Woche dann doch zu nervig und wir beschlossen uns waschen zu gehen. Die Badi in Solothurn war daf\u00fcr der perfekte Ort. Nicht nur die kleinen Cowboys hatten ihren Spass im k\u00fchlen Nass, auch die Sheriffs genossen den Tag, jedoch eher im Gespr\u00e4ch mit den einheimischen Cowgirls.<\/p>\n<p>Als alle schon langsam ans Heimkehren dachten, geschah das Unvorhergesehene. Dunkle Gestalten waren in der Ferne zu sehen. Sie hatten Schaufeln und waren dabei etwas zu vergraben. Als wir die Stelle erreichten, stand es da, das Grab von Cactus Joe. Sollten wir uns freuen? Oder waren wir entt\u00e4uscht? Eigentlich war es ja unser Ziel, den B\u00f6sewicht zu schnappen. Unsere Gef\u00fchle waren gemischt!<br \/>\nDie Heimreise konnten wir dann aber mit ruhigem Gewissen angehen. Cactus Joe war keine Gefahr mehr f\u00fcr den Westen, also war das Ziel eigentlich erreicht\u2026dachten alle!<\/p>\n<p>Zur\u00fcck in Littau erwartete uns eine b\u00f6se \u00dcberraschung.<br \/>\nDa stand er, lebend, Cactus Joe h\u00f6chstpers\u00f6nlich! \u2026Es bildete sich ein Gang, der Wind blies einen Strauch durch die Menge und in der Ferne war eine Mundharmonika zu h\u00f6ren. Das Duell der Duelle!<br \/>\nAls ich meinen Revolver zog wusste ich, ich werde siegen. Peng, dann Totenstille, ich l\u00e4chelte, er fiel! Wir hatten es geschafft.<br \/>\nDas Ende von Cactus Joe!<\/p>\n<p>Liebe Kinder, ich danke euch f\u00fcr eure Teilnahme, denn ihr habt das Lager zu dem gemacht was es war\u2026fantastisch!<br \/>\nAllen, die in irgendeiner Form zu diesem unvergesslichen Lager beigetragen haben, ein dickes Dankesch\u00f6n.<\/p>\n<p>Ganz besonders danke ich dem ganzen Leitungsteam f\u00fcr die geniale Arbeit. Ihr wart super!<\/p>\n<p>Hi-di-how<br \/>\neuer Sam<\/p>\n<p>&nbsp;<\/p>\n<h4>Lagerlied<\/h4>\n<p><span class=\"text\"><strong>Strophe 1:<\/strong><\/span><\/p>\n<p>Nach Hersiwil City semer gange<br \/>\nDe Cactus Joe wemer fange,<br \/>\nusgr\u00f6schtet met Zeckezange<br \/>\nroti Bohne i de Pfanne<br \/>\nIs Gf\u00e4ngnis wemer ehn brenge<br \/>\n\u00c4r s\u00f6ll \u00fcs det es Liedli senge.<br \/>\nIm Duell d\u00fcemmer met em renge<br \/>\nNoch em Kampf i See goh schwemme.<\/p>\n<p><span class=\"text\"><strong>Refrain:<\/strong><\/span><\/p>\n<p>Ond wenn mer ehn \u00e4ntlech hend<br \/>\nOnd alli Chend gl\u00fccklich send.<br \/>\nDenn gets es riese F\u00e4scht<br \/>\nMer g\u00f6nd denn spot is N\u00e4scht.<\/p>\n<p><span class=\"text\"><strong>Strophe 2:<\/strong><\/span><\/p>\n<p>L\u00f6cher im Sa \u2013 ra \u2013 sani<br \/>\n\u00dcse Pr\u00e4ses isch de Daani.<br \/>\nD\u2019Hetz esch mega deftig gsi.<br \/>\nSonnecr\u00e9me emmer debie<br \/>\nLoschtigi Lagerdr\u00f6ht gschrebe<br \/>\nWo allne i de Ch\u00f6pf send blebe<br \/>\nD\u2019NLZ chond au zom Cactus Joe<br \/>\n\u00c4r d\u00e4nkt nor no no no\u2026..!<\/p>\n<p><span class=\"text\"><strong>Refrain:<\/strong><\/span><\/p>\n<p>Ond wenn mer ehn \u00e4ntlech hend<br \/>\nOnd alli Chend gl\u00fccklich send.<br \/>\nDenn gets es riese F\u00e4scht<br \/>\nMer g\u00f6nd denn spot is N\u00e4scht.<\/p>\n<p><span class=\"text\"><strong>Strophe 3:<\/strong><\/span><\/p>\n<p>Mer hend en Bank, en Poscht ond es Gf\u00e4ngnis<br \/>\nDas werd em Cactus Joe zom Verh\u00e4ngnis<br \/>\nD\u2019 Waffeh\u00e4ndler h\u00e4nd au es Gsch\u00e4ft<br \/>\nTotegr\u00e4ber g\u00e4nd em denn de R\u00e4scht.<\/p>\n","protected":false},"excerpt":{"rendered":"<p>Ort: Heriswil SO<br \/>\nLagerleiter: Sam Chamolaud<br \/>\nMotto: Cactus Joe &#8211; Dein Ende naht!<\/p>\n","protected":false},"author":1,"featured_media":2401,"parent":594,"menu_order":0,"comment_status":"closed","ping_status":"closed","template":"","meta":{"footnotes":""},"class_list":["post-1638","page","type-page","status-publish","has-post-thumbnail"],"aioseo_notices":[],"_links":{"self":[{"href":"https:\/\/www.jwl.ch\/index.php?rest_route=\/wp\/v2\/pages\/1638","targetHints":{"allow":["GET"]}}],"collection":[{"href":"https:\/\/www.jwl.ch\/index.php?rest_route=\/wp\/v2\/pages"}],"about":[{"href":"https:\/\/www.jwl.ch\/index.php?rest_route=\/wp\/v2\/types\/page"}],"author":[{"embeddable":true,"href":"https:\/\/www.jwl.ch\/index.php?rest_route=\/wp\/v2\/users\/1"}],"replies":[{"embeddable":true,"href":"https:\/\/www.jwl.ch\/index.php?rest_route=%2Fwp%2Fv2%2Fcomments&post=1638"}],"version-history":[{"count":2,"href":"https:\/\/www.jwl.ch\/index.php?rest_route=\/wp\/v2\/pages\/1638\/revisions"}],"predecessor-version":[{"id":1784,"href":"https:\/\/www.jwl.ch\/index.php?rest_route=\/wp\/v2\/pages\/1638\/revisions\/1784"}],"up":[{"embeddable":true,"href":"https:\/\/www.jwl.ch\/index.php?rest_route=\/wp\/v2\/pages\/594"}],"wp:featuredmedia":[{"embeddable":true,"href":"https:\/\/www.jwl.ch\/index.php?rest_route=\/wp\/v2\/media\/2401"}],"wp:attachment":[{"href":"https:\/\/www.jwl.ch\/index.php?rest_route=%2Fwp%2Fv2%2Fmedia&parent=1638"}],"curies":[{"name":"wp","href":"https:\/\/api.w.org\/{rel}","templated":true}]}}