{"id":1636,"date":"2007-08-31T13:16:41","date_gmt":"2007-08-31T11:16:41","guid":{"rendered":"https:\/\/jwl.raphael-schaerli.ch\/?page_id=1636"},"modified":"2019-01-30T20:17:30","modified_gmt":"2019-01-30T19:17:30","slug":"sola-2007","status":"publish","type":"page","link":"https:\/\/www.jwl.ch\/?page_id=1636","title":{"rendered":"Sola 2007"},"content":{"rendered":"<h4>Lagerbericht<\/h4>\n<p>Trommelwirbel an einem verregneten Sommermorgen. Totenstille tritt am Bahnhof ein, als der Henker Robin Wood an einer Schlinge hinter sich her zieht. Ist die Hoffnung verloren? Nein, pl\u00f6tzlich erhallt ein helles R\u00f6hren aus einem Rufhorn und 12 tollk\u00fchne Helden st\u00fcrmen herbei und retten Robin. Auf ihn warten 34 mutige Jungw\u00e4chter, die nur darauf warten, dass das SoLa endlich anf\u00e4ngt. Nach einer ca. 4 st\u00fcndigen Carfahrt erreichen wir sicher unseren Lagerplatz, der mitten im Bodmerwald in Visperterminen liegt. Nach den Aufbauarbeiten im Heldendorf wurden die Jungs zu Helden ausgebildet. Ob Nahkampf, Seilkunde, Bogenschiessen, Tarnen oder einem Fightgame, unsere Leiter wussten wie sie die Jungs aufs Heldenleben vorzubereiten haben. Doch wir wurden von den b\u00f6sen Adeligen entdeckt. Nun mussten auch wir allabendlich Steuern abgeben in Form von Mehl. Die Adeligen drohten uns, das Dorf zu zerst\u00f6ren, wenn wir nicht die geforderten Steuern zahlen, was ihnen teilweise auch gelang.<br \/>\nP\u00fcnktlich aufs 3 TP war auch der Wettergott gn\u00e4dig zu uns und schenkte uns wieder Sonne und vor allem w\u00e4rmere N\u00e4chte. Zuvor war es sehr kalt in der Nacht, so kalt, dass Deckennachschub angebracht war. Auch Helden k\u00f6nnen kalte F\u00fcsse bekommen\u2026<br \/>\nNun kam der grosse Belastungstest, ob unsere kleinen Helden wirklich auch schon Helden der W\u00e4lder waren oder eben nicht\u2026 so campierten ein Teil der Schar w\u00e4hrend dem 3 Tagesprojekt in einer luxuri\u00f6sen Turnhalle, ein Paar wagten sich auf die anstrengende Wanderung und wiederum Wenige gingen den wahren Weg Robin Woods und gingen auf ehrliche Arbeitssuche um im Projekt \u201eWenig Geld\u201c m\u00f6glichst weit weg vom Lagerplatz zu kommen. Respekt geh\u00f6rt auch dem Projekt Nachtwanderung.<br \/>\nNach dem sonnt\u00e4glichen Brunch ging es auf eine kurze, aber sehr intensive Gottesdienstwanderung. Bruder Tuck, Dani, bl\u00fchte in seinem Element f\u00f6rmlich auf. Um den b\u00f6sen Adeligen nicht immer Mehl zu \u00fcberreichen, probierten wir M\u00fcnzen zu f\u00e4lschen, was uns auch wirklich gut gelang. Doch unsere Leiter wollten sich nicht l\u00e4nger unterdr\u00fccken lassen und wollten die Adeligen ausspionieren. Also lag es an den \u00c4ltesten, das Programm w\u00e4hrend einem Tag weiterzuf\u00fchren. Doch pl\u00f6tzlich, ein Angriff aus dem Nichts. Nein, es waren doch nur die Leiter, die zur\u00fcckkehrten und testen wollten, ob die Jungs einem Angriff Stand halten w\u00fcrden. Doch, oh Schreck, am n\u00e4chsten Morgen waren die Leiter nicht mehr hier, was war los? Pl\u00f6tzlich Geschrei ums Sarasani, eine Meute wilde Adeligen haben unser Dorf in Beschlag genommen. Nach anf\u00e4nglichen nassen Streitereien zwischen den Jungs und den weiblichen Adeligen legte sich dieser, und man war sogar geneigt, die Leiter nicht mehr auf den Lagerplatz zu lassen und die Blauring Leiterinnen zu behalten. Doch es wurde mit der Zeit doch zu weiblich und war dann doch froh, als am n\u00e4chsten Morgen die Leiter wieder da waren. Als dann der Geruch im Zelt langsam zu stark wurde, gingen wir los, Richtung Brigerbad. Dort wurden wir im Riesenstrudel und unter der Riesenfont\u00e4ne so sauber, dass wir lieber nicht mehr auf den dreckigen Lagerplatz wollten. Doch alles hat ein Ende, sogar ein Hammersola, und so mussten wir unsere Zeltstadt niederreissen und uns schweren Herzens vom sch\u00f6nen Wallis verabschieden.<br \/>\nZur\u00fcckbleibt nur die Erinnerung an ein Hammersola mit sch\u00f6nem Wetter, einem sensationellen Lagerplatz, einem aufregenden Programm, feinem Essen, super Leitern und einem weiteren Jungwachtsommer, von dem man noch in zig Jahren an einem warmen Feuer erz\u00e4hlen wird und mit den Worten beginnt: \u201eWeisch no,\u2026\u201c.<\/p>\n<p>Ich m\u00f6chte allen Kindern danken, die an diesem Sommerlager teilgenommen haben und immer wieder dazu beitragen, dass wir solche Lager machen k\u00f6nnen. Auch den Eltern m\u00f6chte ich f\u00fcr ihr Vertrauen danken und hoffe, dass sie ihr Kind auch weiterhin an Jungwachtlagern anmelden, um ihnen solche Erlebnisse zu bieten. Besonders danken m\u00f6chte ich meinem Leitungsteam und der K\u00fcche, die auch dieses Jahr wieder sensationelle Leistungen vollbracht haben. Es gibt heutzutage wenige wie euch, die ihre Freizeit und Ferien opfern, f\u00fcr eine gute Sache wie die Jungwacht und bin darum auch stolz euch in meinem Team zu haben. Ein dickes Dankesch\u00f6n!!!<\/p>\n<p>Zu guter Letzt bleibt mir nichts anders zu sagen als<\/p>\n<p>TREU JONGWACHT<\/p>\n<p>Claudio<\/p>\n<p>&nbsp;<\/p>\n<h4>Lagerlied<\/h4>\n<p><span class=\"text\"><strong>Strophe 1:<\/strong><\/span><\/p>\n<p>De Robin esch en geile Siech,<br \/>\nmacht Sache wo ned jede miech,<br \/>\nWell er esch en Held,<br \/>\nnor das z\u00e4hlt.<\/p>\n<p>Mer send do em Wallis obe,<br \/>\nDo ch\u00f6nd \u00fcsi chend ustobe,<br \/>\nWell mer send em Wald,<br \/>\ndo eschs chalt.<\/p>\n<p><span class=\"text\"><strong>Refrain:<\/strong><\/span><\/p>\n<p>Robin Wood, \u00fcse Held, mer hend k\u00e4mpft ond mer hend gspelt<br \/>\nSoLa 2007(zwoinollsebe), s\u2019esch \u00fcs blebe.<\/p>\n<p><span class=\"text\"><strong>Strophe 2:<\/strong><\/span><\/p>\n<p>Duschi die schw\u00e4bt ganz wiit obe,<br \/>\nDr\u00e4ckig send mer glich no blobe,<br \/>\nMamis ch\u00f6nd jetz w\u00e4sche,<br \/>\nSamt de T\u00e4sche.<\/p>\n<p>Die erste T\u00e4g hend mer no gfrore,<br \/>\nD\u2019Hoffnig hend mer nie verlore,<br \/>\nWell mer send doch Helde,<br \/>\nIde W\u00e4lder.<span class=\"text\"><strong>Refrain:<\/strong><\/span><\/p>\n<p>Robin Wood, \u00fcse Held, mer hend k\u00e4mpft ond mer hend gspelt<br \/>\nSoLa 2007(zwoinollsebe), s\u2019esch \u00fcs blebe.<\/p>\n<p><span class=\"text\"><strong>Spezial:<\/strong><\/span><\/p>\n<p>Mein bester Freund, dass ist nicht irgendwer,<br \/>\nMein bester Freund, dass bist nicht etwa du,<br \/>\nMein bester Freund, dass ist nicht irgendwer,<br \/>\nMein bester Freund heisst Robin Wood.<\/p>\n<p>Denn er k\u00e4mpft immer gegen das Unrecht dieser Welt,<br \/>\nDenn er k\u00e4mpft immer gegen das Unrecht dieser Welt,<br \/>\nDenn er k\u00e4mpft immer gegen das Unrecht dieser Welt,<br \/>\ngegen das Unrecht dieser Welt.<\/p>\n<p>(Melodie Let it be\/ Beatles und Mein bester Freund\/Die Prinzen)<\/p>\n","protected":false},"excerpt":{"rendered":"<p>Ort: Visperterminen VS<br \/>\nLagerleiter: Claudio Lussi<br \/>\nMotto: Robin Hood &#8211; Helden im Wald<\/p>\n","protected":false},"author":1,"featured_media":2401,"parent":594,"menu_order":0,"comment_status":"closed","ping_status":"closed","template":"","meta":{"footnotes":""},"class_list":["post-1636","page","type-page","status-publish","has-post-thumbnail"],"aioseo_notices":[],"_links":{"self":[{"href":"https:\/\/www.jwl.ch\/index.php?rest_route=\/wp\/v2\/pages\/1636","targetHints":{"allow":["GET"]}}],"collection":[{"href":"https:\/\/www.jwl.ch\/index.php?rest_route=\/wp\/v2\/pages"}],"about":[{"href":"https:\/\/www.jwl.ch\/index.php?rest_route=\/wp\/v2\/types\/page"}],"author":[{"embeddable":true,"href":"https:\/\/www.jwl.ch\/index.php?rest_route=\/wp\/v2\/users\/1"}],"replies":[{"embeddable":true,"href":"https:\/\/www.jwl.ch\/index.php?rest_route=%2Fwp%2Fv2%2Fcomments&post=1636"}],"version-history":[{"count":2,"href":"https:\/\/www.jwl.ch\/index.php?rest_route=\/wp\/v2\/pages\/1636\/revisions"}],"predecessor-version":[{"id":1785,"href":"https:\/\/www.jwl.ch\/index.php?rest_route=\/wp\/v2\/pages\/1636\/revisions\/1785"}],"up":[{"embeddable":true,"href":"https:\/\/www.jwl.ch\/index.php?rest_route=\/wp\/v2\/pages\/594"}],"wp:featuredmedia":[{"embeddable":true,"href":"https:\/\/www.jwl.ch\/index.php?rest_route=\/wp\/v2\/media\/2401"}],"wp:attachment":[{"href":"https:\/\/www.jwl.ch\/index.php?rest_route=%2Fwp%2Fv2%2Fmedia&parent=1636"}],"curies":[{"name":"wp","href":"https:\/\/api.w.org\/{rel}","templated":true}]}}