{"id":1630,"date":"2010-08-31T13:15:43","date_gmt":"2010-08-31T11:15:43","guid":{"rendered":"https:\/\/jwl.raphael-schaerli.ch\/?page_id=1630"},"modified":"2024-01-11T10:37:40","modified_gmt":"2024-01-11T09:37:40","slug":"sola-2010","status":"publish","type":"page","link":"https:\/\/www.jwl.ch\/?page_id=1630","title":{"rendered":"Sola 2010 &#8211; Kantonslager"},"content":{"rendered":"<h4>Lagerbericht<\/h4>\n<p>ch darf Dir mit Freuden den Bericht des Centurios Carnevalus pr\u00e4sentieren, in welchem er die Ereignisse, die auf seinem Feldzug gegen Hannibal stattgefunden haben, schildert. Dies ist der Bericht, wie ihn der Schreiber Grammaticus nach einem Diktat des erw\u00e4hnten Centurios angefertigt hat:<\/p>\n<p>Wie ich zufrieden bemerken konnte, hatten sich bei sch\u00f6nstem Wetter am 12. Juli zu fr\u00fcher Stunde 24 tapfere Rekruten versammelt, um mich in meinem Kampf gegen den karthagischen Feldherrn Hannibal zu unterst\u00fctzen. Den ersten Zwischenhalt auf dem Weg zum Kastell in Oberwil i.S. legten wir bereits in Luzern ein, wo wir Vertreter verschiedenster V\u00f6lker trafen. Mir schien es angemessen, es den anderen gleichzutun und an einem doch sehr sonderbar anmutenden Ritual teilzunehmen.<\/p>\n<p>Um das Kastell doch noch vor Anbruch der Dunkelheit zu erreichen, nahmen wir das Risiko auf uns und f\u00fchrten unsere Reise in einer neuartigen und v\u00f6llig unbekannten Stahlkonstruktion fort.<\/p>\n<p>Nach einem kurzen Fussmarsch wuchs anschliessend urpl\u00f6tzlich ein riesiger Wachturm in den Himmel empor. Das Kastell war erreicht. Die Rekruten bezogen ihre Zelte und waren voller Tatendrang, doch es schien, als ob Jupiter erz\u00fcrnt war. Er schleuderte Blitze und b\u00f6ige Winde zerst\u00f6rten das Sarasani.<\/p>\n<p>Da ich nicht wusste, wie ich die Situation verbessern konnte, blieb mir nichts anderes \u00fcbrig, als die Legion\u00e4re und Rekruten dazu zu motivieren, sich f\u00fcr den finalen Kampf gegen Hannibal zu r\u00fcsten.<\/p>\n<p>Da ich aus gut unterrichteten Quellen zu h\u00f6ren bekam, dass auch andere V\u00f6lker mit der Missgunst ihrer G\u00f6tter zu k\u00e4mpfen hatten, entschloss ich, mit meinen Untergebenen an einem geheimen Konvent in St. Stephan teilzunehmen.<\/p>\n<p>Dort erfuhren wir, dass das Gleichgewicht zwischen Gut und B\u00f6se gest\u00f6rt wurde und dies die G\u00f6tter erz\u00fcrnte. Also beschafften wir gemeinsam mit den anderen V\u00f6lkern die Schl\u00fcssel, um die Truhen, in welchen das Gute und das B\u00f6se eingeschlossen waren, zu \u00f6ffnen.<\/p>\n<p>Da ich erfuhr, dass mein Kastell von Hannibal ausspioniert wurde, teilte ich meine Truppen in vier Gruppen auf und liess sie mit dem Auftrag, sich in drei Tagen wieder im Kastell einzufinden, im Simmental umherwandern.<\/p>\n<p>Als alle zur\u00fcckkehrten, war ich mir sicher, dass die Gefahr f\u00fcrs Erste gebannt war, doch ich irrte. Hannibal war weitaus gerissener. Er hatte in unserer Abwesenheit nicht nur unser Kastell ausspioniert, er klaute auch noch unsere hart erk\u00e4mpften Flaggen und schleuste zu guter Letzt einen seiner gef\u00e4hrlichsten Agenten, den allseits gef\u00fcrchteten Noro-Virus, ein.<\/p>\n<p>Aus R\u00fccksicht auf meine geschw\u00e4chten Rekruten beschr\u00e4nkte ich die Ausbildung auf ein Minimum und schickte daf\u00fcr meine f\u00e4higsten Legion\u00e4re auf eine Spionagemission. Doch Hannibal lauerte ihnen in Spiez auf und verwickelte sie in ein Gefecht. Mit knapper Not konnten sich meine Krieger ins Kastell zur\u00fcckziehen, doch sie waren dermassen geschw\u00e4cht, dass sie von den Rekruten aufgep\u00e4ppelt werden mussten.<\/p>\n<p>Um die Moral trotzdem weiter hochhalten zu k\u00f6nnen, entschied ich mich mit den Rekruten und Legion\u00e4ren, auch am zweiten Konvent in St. Stephan teilzunehmen. Das Gleichgewicht zwischen Gut und B\u00f6se war wieder hergestellt, es konnte ausgelassen gefeiert werden und wir liessen uns mit den V\u00f6lkern der Welt zu einem Tanzspiel hinreissen.<\/p>\n<p>Weil Agent Noro immer noch in unseren Reihen herumgeisterte, musste ich von meinen urspr\u00fcnglichen Pl\u00e4nen abweichen und eine alternative Strategie auskl\u00fcgeln, um Hannibals Siegeszug dennoch zu stoppen.<\/p>\n<p>Ich liess das Kastell abbrechen und machte mich mit meinen Truppen auf den Weg zur\u00fcck nach Luzern. Hannibal sah in diesem R\u00fcckzug wohl eine M\u00f6glichkeit, uns zu besiegen. So lauerte er uns in Luzern auf. Doch er hatte nicht mit meinem aussergew\u00f6hnlichen Verst\u00e4ndnis f\u00fcr Strategie und meiner Listigkeit gerechnet, und meine Legion konnte sich todesmutig auf ihn st\u00fcrzen und ihn t\u00f6ten. Zufrieden, da ich meine Mission erf\u00fcllt hatte, konnte ich die Rekruten nach Hause entlassen und mich wieder dem sch\u00f6nen Leben fernab jeder Gefahr widmen.<\/p>\n<p>An dieser Stelle scheint es mir besonders n\u00fctzlich, allen Eltern f\u00fcr ihr Vertrauen, allen Legion\u00e4ren f\u00fcr ihr Engagement und der K\u00fcche f\u00fcr ihren unerm\u00fcdlichen Einsatz zu danken.<\/p>\n<p>Euer Lagerleiter<br \/>\nDominik Fasnacht (Schmudo)<\/p>\n<p>&nbsp;<\/p>\n<h4>Lagerlied<\/h4>\n<p><span class=\"text\"><strong>Strophe 1:<\/strong><\/span><\/p>\n<p>Mer send R\u00f6mer<br \/>\nGoldigi Helme<br \/>\nClairon garde<br \/>\nRoti Omh\u00e4ng<\/p>\n<p>Carnevalus<br \/>\nAve Centurio<br \/>\nSarasani<br \/>\nHeds vom Wend gno<\/p>\n<p>De Haniball grifft eus ah<br \/>\nDoch mer send stets parad<br \/>\n\u00dcse torm d\u00e4 hed br\u00e4nt do semmer em noche grent<\/p>\n<p><span class=\"text\"><strong>Refrain:<\/strong><\/span><\/p>\n<p>Mer send im Kala 2010<br \/>\nS&#8216; r\u00f6mische Rich wird&#8217;s emmer g\u00e4<br \/>\nEch ha es Gheimnis nomer f\u00f6r dech<br \/>\nAve Centurio mer st\u00f6nd hender Der<br \/>\nHende der<br \/>\nHende der<br \/>\nHende der<\/p>\n<p><span class=\"text\"><strong>Strophe 2:<\/strong><\/span><\/p>\n<p>Doch de Pres<br \/>\nesch etz do<br \/>\nErsti ufgab<br \/>\nChotzi ifooh<\/p>\n<p>Ad Big points semmer gange<br \/>\nDoch f\u00f6r s WC st\u00f6mmer schlange<br \/>\nFr\u00f6ndi Fahne hemmer klaut<br \/>\nGanz egal \u00f6b der das gfaut.<\/p>\n<p><span class=\"text\"><strong>Refrain:<\/strong><\/span><\/p>\n<p>Mer send im Kala 2010<br \/>\nS&#8216; r\u00f6mische Rich wird&#8217;s emmer g\u00e4<br \/>\nEch ha es Gheimnis nomer f\u00f6r dech<br \/>\nAve Centurio mer st\u00f6nd hender Der<br \/>\nHende der<br \/>\nHende der<br \/>\nHende der<\/p>\n<p>(Waving Flag \/ K&#8217;Naan)<\/p>\n","protected":false},"excerpt":{"rendered":"<p>Ort: Oberwil im Simmental BE<br \/>\nLagerleiter: Dominik &#8222;Schmudo&#8220; Fasnacht<br \/>\nMotto: Ave Centurio<\/p>\n","protected":false},"author":1,"featured_media":2401,"parent":594,"menu_order":0,"comment_status":"closed","ping_status":"closed","template":"","meta":{"footnotes":""},"class_list":["post-1630","page","type-page","status-publish","has-post-thumbnail"],"aioseo_notices":[],"_links":{"self":[{"href":"https:\/\/www.jwl.ch\/index.php?rest_route=\/wp\/v2\/pages\/1630","targetHints":{"allow":["GET"]}}],"collection":[{"href":"https:\/\/www.jwl.ch\/index.php?rest_route=\/wp\/v2\/pages"}],"about":[{"href":"https:\/\/www.jwl.ch\/index.php?rest_route=\/wp\/v2\/types\/page"}],"author":[{"embeddable":true,"href":"https:\/\/www.jwl.ch\/index.php?rest_route=\/wp\/v2\/users\/1"}],"replies":[{"embeddable":true,"href":"https:\/\/www.jwl.ch\/index.php?rest_route=%2Fwp%2Fv2%2Fcomments&post=1630"}],"version-history":[{"count":3,"href":"https:\/\/www.jwl.ch\/index.php?rest_route=\/wp\/v2\/pages\/1630\/revisions"}],"predecessor-version":[{"id":120419,"href":"https:\/\/www.jwl.ch\/index.php?rest_route=\/wp\/v2\/pages\/1630\/revisions\/120419"}],"up":[{"embeddable":true,"href":"https:\/\/www.jwl.ch\/index.php?rest_route=\/wp\/v2\/pages\/594"}],"wp:featuredmedia":[{"embeddable":true,"href":"https:\/\/www.jwl.ch\/index.php?rest_route=\/wp\/v2\/media\/2401"}],"wp:attachment":[{"href":"https:\/\/www.jwl.ch\/index.php?rest_route=%2Fwp%2Fv2%2Fmedia&parent=1630"}],"curies":[{"name":"wp","href":"https:\/\/api.w.org\/{rel}","templated":true}]}}