{"id":1626,"date":"2012-08-31T13:15:15","date_gmt":"2012-08-31T11:15:15","guid":{"rendered":"https:\/\/jwl.raphael-schaerli.ch\/?page_id=1626"},"modified":"2020-04-21T16:21:35","modified_gmt":"2020-04-21T14:21:35","slug":"sola-2012","status":"publish","type":"page","link":"https:\/\/www.jwl.ch\/?page_id=1626","title":{"rendered":"Sola 2012"},"content":{"rendered":"<h4>Lagerbericht<\/h4>\n<p>Mein Name ist\u00a0<em>Don Vito della Jubla<\/em>\u00a0und bin der edle Sohn des m\u00e4chtigen\u00a0<em>Don Grande Defunto della Jubla<\/em>. Der Fr\u00fchling 2012 war die schlimmste Zeit meines Lebens. Mir ging es nicht gut. Ich brauchte Hilfe! Denn mein Vater &#8211; der gr\u00f6sste der Grossen &#8211; wurde von einer Geheimen Organisation f\u00fcr immer in Jenseits bef\u00f6rdert.<\/p>\n<p>Das ganze begann so: Unsere Mafiafamilie musste aus finanziellen Gr\u00fcnden die Spaghettil-Lieferungen ins Emmental f\u00fcr eine kurze Zeit unterbrechen, doch die Geheimorganisation des Emmentals fand das gar nicht in Ordnung und schrieb uns einen b\u00f6sen Drohbrief, worin sie uns ausdr\u00fccklich zu verstehen gab, dass die Leute dieser Geheimorganisation meinem Vater &#8211; das geachtete Oberhaupt unserer Mafia &#8211; B\u00f6ses antun wollen. Zudem wollte uns das Emmental ab sofort keinen K\u00e4se mehr liefern&#8230; Ich machte mich in meiner Heimatstadt sofort auf die Suche nach Freiwilligen, die helfen w\u00fcrden meinen Vater zu sch\u00fctzen. Doch es war zu sp\u00e4t.<\/p>\n<p>Ich brach die Aktion aber deshalb nicht ab und wollte mich f\u00fcr diese schreckliche Tat r\u00e4chen und des weiteren hab ich durch den Tod meines Vaters seine enormen Mengen an Geld geerbt, welche ich nun den st\u00e4rksten Mafiafamilien des Landes verteilen wollte. Ich suchte also die tapfersten des Landes zusammen und so begaben wir uns im Juli 2012 ins Emmental mit dem Ziel den Tod zu r\u00e4chen und gleichzeitig mein Geld den tapfersten Familien zu verteilen. Folgende Ausz\u00fcge aus dem Tagebuch der Aktion Emmental zeigen unsere Erlebnisse und Erfolge:<\/p>\n<div class=\"rl-gallery-container rl-loading\" id=\"rl-gallery-container-1\" data-gallery_id=\"1967\"> <div class=\"rl-gallery rl-basicgrid-gallery \" id=\"rl-gallery-1\" data-gallery_no=\"1\"> <div class=\"rl-gallery-item\"><a href=\"https:\/\/www.jwl.ch\/wp-content\/uploads\/2018\/09\/sola_2012_1.jpg\" title=\"\" data-rl_title=\"\" class=\"rl-gallery-link\" data-rl_caption=\"\" data-rel=\"norl\"><img loading=\"lazy\" decoding=\"async\" src=\"https:\/\/www.jwl.ch\/wp-content\/uploads\/2018\/09\/sola_2012_1-300x199.jpg\" width=\"300\" height=\"199\" alt=\"\"\/><\/a><\/div><div class=\"rl-gallery-item\"><a href=\"https:\/\/www.jwl.ch\/wp-content\/uploads\/2018\/09\/sola_2012_2.jpg\" title=\"\" data-rl_title=\"\" class=\"rl-gallery-link\" data-rl_caption=\"\" data-rel=\"norl\"><img loading=\"lazy\" decoding=\"async\" src=\"https:\/\/www.jwl.ch\/wp-content\/uploads\/2018\/09\/sola_2012_2-300x199.jpg\" width=\"300\" height=\"199\" alt=\"\"\/><\/a><\/div><div class=\"rl-gallery-item\"><a href=\"https:\/\/www.jwl.ch\/wp-content\/uploads\/2018\/09\/sola_2012_3.jpg\" title=\"\" data-rl_title=\"\" class=\"rl-gallery-link\" data-rl_caption=\"\" data-rel=\"norl\"><img loading=\"lazy\" decoding=\"async\" src=\"https:\/\/www.jwl.ch\/wp-content\/uploads\/2018\/09\/sola_2012_3-300x199.jpg\" width=\"300\" height=\"199\" alt=\"\"\/><\/a><\/div><div class=\"rl-gallery-item\"><a href=\"https:\/\/www.jwl.ch\/wp-content\/uploads\/2018\/09\/sola_2012_4.jpg\" title=\"\" data-rl_title=\"\" class=\"rl-gallery-link\" data-rl_caption=\"\" data-rel=\"norl\"><img loading=\"lazy\" decoding=\"async\" src=\"https:\/\/www.jwl.ch\/wp-content\/uploads\/2018\/09\/sola_2012_4-300x199.jpg\" width=\"300\" height=\"199\" alt=\"\"\/><\/a><\/div><div class=\"rl-gallery-item\"><a href=\"https:\/\/www.jwl.ch\/wp-content\/uploads\/2018\/09\/sola_2012_5.jpg\" title=\"\" data-rl_title=\"\" class=\"rl-gallery-link\" data-rl_caption=\"\" data-rel=\"norl\"><img loading=\"lazy\" decoding=\"async\" src=\"https:\/\/www.jwl.ch\/wp-content\/uploads\/2018\/09\/sola_2012_5-300x199.jpg\" width=\"300\" height=\"199\" alt=\"\"\/><\/a><\/div><div class=\"rl-gallery-item\"><a href=\"https:\/\/www.jwl.ch\/wp-content\/uploads\/2018\/09\/sola_2012_6.jpg\" title=\"\" data-rl_title=\"\" class=\"rl-gallery-link\" data-rl_caption=\"\" data-rel=\"norl\"><img loading=\"lazy\" decoding=\"async\" src=\"https:\/\/www.jwl.ch\/wp-content\/uploads\/2018\/09\/sola_2012_6-300x199.jpg\" width=\"300\" height=\"199\" alt=\"\"\/><\/a><\/div> <\/div> <\/div>\n<p><em>Schon zwei Monate ist es her, als sich das Sommerlager-Leitungsteam begleitet von \u00fcber 20 starken braungekleideten Helfern den noch leeren Lagerplatz betraten. Und da es ja kein schlechtes Wetter, sondern nur schlechte Kleider gibt, war der Regen w\u00e4hrend dem Vortrupp (Aufbau-Weekend) auch ziemlich egal \u2013 auch, wenn der Platz schon nach dem ersten Arbeitstag eher braun als gr\u00fcn war. <\/em><\/p>\n<p><em>Aber solange die Kinder noch nicht auf dem Platz waren, war dies ja auch nicht so schlimm, denn die Braungekleideten waren ja auch braun. Und dank ihnen, war es auch in diesem Lager m\u00f6glich, zahlreiche imposante Bauten zu errichten auf die unsere Schar nat\u00fcrlich besonders stolz war. Deshalb im Namen des Sommerlagerteams: \u201eHerzlichen Dank an alle Ehemaligen, welche am Vortrupp teilgenommen haben (oder gerne teilgenommen h\u00e4tten und nicht konnten)!\u201c<\/em><\/p>\n<p><em>\u00a0<\/em><\/p>\n<p><em>Als das Lager begonnen hatte, besserte sich auch das Wetter und die Wiese war bald wieder gr\u00fcn und entwickelte sich zur furchteinfl\u00f6ssenden Mafiahochburg. Mehr zur Geschichte, wie die Mafia \u00fcberhaupt ins Emmental kam und welchen Geheimauftrag sie dort auszuf\u00fchren hatte, sind in unserem Lagerarchiv ersichtlich: <\/em><\/p>\n<p><em>\u00a0<\/em><\/p>\n<p><em>Doch nun sind die 2 Wochen schon l\u00e4ngst vorbei und zur\u00fcck bleiben tausende angenehme Erinnerungen. Erinnerungen ans Lagerleben, Erinnerungen an den tollen Lagerplatz und nat\u00fcrlich Erinnerungen an die super Zeit mit den Kinder und Leiter. Daf\u00fcr m\u00f6chte ich allen Eltern herzlichst f\u00fcr ihr Vertrauen danken und hoffe, viele Kinder &#8211; insbesondere jene, welche gerade ihr erstes Lager hinter sich haben &#8211; f\u00fcr unsere Sommerlager zu begeistern vermocht habe und m\u00f6glichst viele davon im n\u00e4chsten Jahr wieder antreffen werde. Wenn ich mich auch heute noch zur\u00fccklehnen kann und die gl\u00fcckliche Kinderschar vor Augen habe und mir folgende oder \u00e4hnliche Worte durch den Kopf gehen wie beispielsweise &#8222;Die 2 Wochen im Sommerlager, das war eine tolle, unvergessliche Zeit&#8220; ja dann darf man wirklich der Meinung sein, dass sich der grosse Aufwand und die investierte Zeit f\u00fcr das Leitungsteam wirklich gelohnt hat. Das unfallfreie Lager mit der gl\u00fccklichen Kinderschar und der super Stimmung im Emmental wird mir und ich denke auch den Leitern in bester Erinnerung bleiben!<\/em><\/p>\n\n\n<div class=\"su-posts su-posts-default-loop \">\n\n\t\n\t\t\t\t\t\n\t\t\t\n\t\t\t<div id=\"su-post-1808\" class=\"su-post \">\n\n\t\t\t\t\n\t\t\t\t<h2 class=\"su-post-title\"><a href=\"https:\/\/www.jwl.ch\/?p=1808\">Mi, 11.07.2012<\/a><\/h2>\n\n\t\t\t\t<div class=\"su-post-meta\">\n\t\t\t\t\tVer\u00f6ffentlicht: 11. Juni 2012\t\t\t\t<\/div>\n\n\t\t\t\t<div class=\"su-post-excerpt\">\n\t\t\t\t\t<p>Nacht Ersch\u00fctternde Dunkelheit, ein be\u00e4ngstigend fl\u00fcsternder Wind und im schwach leuchtenden Schein einer brennenden Fackel kaum erkennbare furchteinfl\u00f6ssende Konturen einer dunklen Gestalt. Der Mafiaboss, begleitet von den Familienoberh\u00e4uptern, wandte sich &#8230; <a title=\"Mi, 11.07.2012\" class=\"read-more\" href=\"https:\/\/www.jwl.ch\/?p=1808\" aria-label=\"Mehr Informationen \u00fcber Mi, 11.07.2012\">Weiterlesen<\/a><\/p>\n\t\t\t\t<\/div>\n\n\t\t\t\t\n\t\t\t<\/div>\n\n\t\t\t\t\t\n\t\t\t\n\t\t\t<div id=\"su-post-1796\" class=\"su-post \">\n\n\t\t\t\t\n\t\t\t\t<h2 class=\"su-post-title\"><a href=\"https:\/\/www.jwl.ch\/?p=1796\">So, 08.07.2012<\/a><\/h2>\n\n\t\t\t\t<div class=\"su-post-meta\">\n\t\t\t\t\tVer\u00f6ffentlicht: 8. Juli 2012\t\t\t\t<\/div>\n\n\t\t\t\t<div class=\"su-post-excerpt\">\n\t\t\t\t\t<p>Es ist soweit! Das \u00e4usserst geheime &#8222;Mafia-Quartier f\u00fcr besondere Ausseneins\u00e4tze&#8220; wurde in den letzten 4 Tagen bei strahlendem Regenschein errichtet und steht nun f\u00fcr die kommenden zwei Wochen bereit f\u00fcr &#8230; <a title=\"So, 08.07.2012\" class=\"read-more\" href=\"https:\/\/www.jwl.ch\/?p=1796\" aria-label=\"Mehr Informationen \u00fcber So, 08.07.2012\">Weiterlesen<\/a><\/p>\n\t\t\t\t<\/div>\n\n\t\t\t\t\n\t\t\t<\/div>\n\n\t\t\t\t\t\n\t\t\t\n\t\t\t<div id=\"su-post-1799\" class=\"su-post \">\n\n\t\t\t\t\n\t\t\t\t<h2 class=\"su-post-title\"><a href=\"https:\/\/www.jwl.ch\/?p=1799\">Mo, 09.07.2012<\/a><\/h2>\n\n\t\t\t\t<div class=\"su-post-meta\">\n\t\t\t\t\tVer\u00f6ffentlicht: 9. Juli 2012\t\t\t\t<\/div>\n\n\t\t\t\t<div class=\"su-post-excerpt\">\n\t\t\t\t\t<p>Der Montagmorgen brachte ersch\u00fctternde Nachrichten ans Tageslicht: Die frohe Mafia-Schar traf sich p\u00fcnktlich auf dem Schulhausplatz, wo Don Vito della Jubla von einem grossen Schicksalsschlag berichtete. Sein Vater, der Grosse &#8230; <a title=\"Mo, 09.07.2012\" class=\"read-more\" href=\"https:\/\/www.jwl.ch\/?p=1799\" aria-label=\"Mehr Informationen \u00fcber Mo, 09.07.2012\">Weiterlesen<\/a><\/p>\n\t\t\t\t<\/div>\n\n\t\t\t\t\n\t\t\t<\/div>\n\n\t\t\t\t\t\n\t\t\t\n\t\t\t<div id=\"su-post-1806\" class=\"su-post \">\n\n\t\t\t\t\n\t\t\t\t<h2 class=\"su-post-title\"><a href=\"https:\/\/www.jwl.ch\/?p=1806\">Di, 10.07.2012<\/a><\/h2>\n\n\t\t\t\t<div class=\"su-post-meta\">\n\t\t\t\t\tVer\u00f6ffentlicht: 10. Juli 2012\t\t\t\t<\/div>\n\n\t\t\t\t<div class=\"su-post-excerpt\">\n\t\t\t\t\t<p>Kaum war das Mafiacamp am Montag eingerichtet, machte ein unsch\u00f6nes Ger\u00fccht die Runde: Plastiks\u00e4ckchen mit einer undefinierbaren, w\u00e4ssrigen L\u00f6sung waren pl\u00f6tzlich im Umlauf. Doch der neue an die Macht gekommene &#8230; <a title=\"Di, 10.07.2012\" class=\"read-more\" href=\"https:\/\/www.jwl.ch\/?p=1806\" aria-label=\"Mehr Informationen \u00fcber Di, 10.07.2012\">Weiterlesen<\/a><\/p>\n\t\t\t\t<\/div>\n\n\t\t\t\t\n\t\t\t<\/div>\n\n\t\t\t\t\t\n\t\t\t\n\t\t\t<div id=\"su-post-1813\" class=\"su-post \">\n\n\t\t\t\t\n\t\t\t\t<h2 class=\"su-post-title\"><a href=\"https:\/\/www.jwl.ch\/?p=1813\">Fr, 13.07.2012<\/a><\/h2>\n\n\t\t\t\t<div class=\"su-post-meta\">\n\t\t\t\t\tVer\u00f6ffentlicht: 13. Juli 2012\t\t\t\t<\/div>\n\n\t\t\t\t<div class=\"su-post-excerpt\">\n\t\t\t\t\t<p>Allein die Tatsachen, dass der Lagerplatz durch die vergangenen Angriffe zu unsicher wurde und unser hart erarbeitetes Geld aus der Bank entwendet ist, liess uns keine andere Wahl, als die &#8230; <a title=\"Fr, 13.07.2012\" class=\"read-more\" href=\"https:\/\/www.jwl.ch\/?p=1813\" aria-label=\"Mehr Informationen \u00fcber Fr, 13.07.2012\">Weiterlesen<\/a><\/p>\n\t\t\t\t<\/div>\n\n\t\t\t\t\n\t\t\t<\/div>\n\n\t\t\t\t\t\n\t\t\t\n\t\t\t<div id=\"su-post-1815\" class=\"su-post \">\n\n\t\t\t\t\n\t\t\t\t<h2 class=\"su-post-title\"><a href=\"https:\/\/www.jwl.ch\/?p=1815\">Sa, 14.07.2012<\/a><\/h2>\n\n\t\t\t\t<div class=\"su-post-meta\">\n\t\t\t\t\tVer\u00f6ffentlicht: 14. Juli 2012\t\t\t\t<\/div>\n\n\t\t\t\t<div class=\"su-post-excerpt\">\n\t\t\t\t\t<p>Die Mafiafamilien sind zur\u00fcck! Don Vito della Jubla konnte die Spezialeinheit Wanderung nach 60 anstrengenden Leistungskilometern erfreut im Mafiaquartier begr\u00fcssen und war stolz, dass diese das uns vor 3 Tagen &#8230; <a title=\"Sa, 14.07.2012\" class=\"read-more\" href=\"https:\/\/www.jwl.ch\/?p=1815\" aria-label=\"Mehr Informationen \u00fcber Sa, 14.07.2012\">Weiterlesen<\/a><\/p>\n\t\t\t\t<\/div>\n\n\t\t\t\t\n\t\t\t<\/div>\n\n\t\t\t\t\t\n\t\t\t\n\t\t\t<div id=\"su-post-1817\" class=\"su-post \">\n\n\t\t\t\t\n\t\t\t\t<h2 class=\"su-post-title\"><a href=\"https:\/\/www.jwl.ch\/?p=1817\">So, 15.07.2012<\/a><\/h2>\n\n\t\t\t\t<div class=\"su-post-meta\">\n\t\t\t\t\tVer\u00f6ffentlicht: 15. Juli 2012\t\t\t\t<\/div>\n\n\t\t\t\t<div class=\"su-post-excerpt\">\n\t\t\t\t\t<p>Anstrengend war es, zweieinhalb Tage vom Lagerplatz weg auf Erkundungstour zu sein. Don Vito della Jubla befahl deshalb den Familienoberh\u00e4uptern am gestrigen Abend besonders entspannende Aktivit\u00e4ten anzubieten um die Mafiosi &#8230; <a title=\"So, 15.07.2012\" class=\"read-more\" href=\"https:\/\/www.jwl.ch\/?p=1817\" aria-label=\"Mehr Informationen \u00fcber So, 15.07.2012\">Weiterlesen<\/a><\/p>\n\t\t\t\t<\/div>\n\n\t\t\t\t\n\t\t\t<\/div>\n\n\t\t\t\t\t\n\t\t\t\n\t\t\t<div id=\"su-post-1819\" class=\"su-post \">\n\n\t\t\t\t\n\t\t\t\t<h2 class=\"su-post-title\"><a href=\"https:\/\/www.jwl.ch\/?p=1819\">Mo, 16.07.2012<\/a><\/h2>\n\n\t\t\t\t<div class=\"su-post-meta\">\n\t\t\t\t\tVer\u00f6ffentlicht: 16. Juli 2012\t\t\t\t<\/div>\n\n\t\t\t\t<div class=\"su-post-excerpt\">\n\t\t\t\t\t<p>Wir sind die \u00c4ltesten der Mafiafamilien und wollen euch folgende Infos verk\u00fcnden: Am gestrigen Abend tauchte bei k\u00fchler Dunkelheit pl\u00f6tzlich eine geheimnisvolle, brennende Karte auf. Was hat diese zu bedeuten? &#8230; <a title=\"Mo, 16.07.2012\" class=\"read-more\" href=\"https:\/\/www.jwl.ch\/?p=1819\" aria-label=\"Mehr Informationen \u00fcber Mo, 16.07.2012\">Weiterlesen<\/a><\/p>\n\t\t\t\t<\/div>\n\n\t\t\t\t\n\t\t\t<\/div>\n\n\t\t\t\t\t\n\t\t\t\n\t\t\t<div id=\"su-post-1821\" class=\"su-post \">\n\n\t\t\t\t\n\t\t\t\t<h2 class=\"su-post-title\"><a href=\"https:\/\/www.jwl.ch\/?p=1821\">Di, 17.07.2012<\/a><\/h2>\n\n\t\t\t\t<div class=\"su-post-meta\">\n\t\t\t\t\tVer\u00f6ffentlicht: 17. Juli 2012\t\t\t\t<\/div>\n\n\t\t\t\t<div class=\"su-post-excerpt\">\n\t\t\t\t\t<p>\u201eWir fordern 40 Goldst\u00fccke L\u00f6segeld! Wenn ihr eure Familienoberh\u00e4upter wieder sehen wollt kommt um 11:45 Uhr zum verabredeten Platz!\u201c So lautete der blutverschmierte Brief, welchen die Mafiafamilien gestern Abend am &#8230; <a title=\"Di, 17.07.2012\" class=\"read-more\" href=\"https:\/\/www.jwl.ch\/?p=1821\" aria-label=\"Mehr Informationen \u00fcber Di, 17.07.2012\">Weiterlesen<\/a><\/p>\n\t\t\t\t<\/div>\n\n\t\t\t\t\n\t\t\t<\/div>\n\n\t\t\t\t\t\n\t\t\t\n\t\t\t<div id=\"su-post-1823\" class=\"su-post \">\n\n\t\t\t\t\n\t\t\t\t<h2 class=\"su-post-title\"><a href=\"https:\/\/www.jwl.ch\/?p=1823\">Mi, 18.07.2012<\/a><\/h2>\n\n\t\t\t\t<div class=\"su-post-meta\">\n\t\t\t\t\tVer\u00f6ffentlicht: 18. Juli 2012\t\t\t\t<\/div>\n\n\t\t\t\t<div class=\"su-post-excerpt\">\n\t\t\t\t\t<p>Kaum haben wir die entf\u00fchrten Familienoberh\u00e4upter v\u00f6llig verst\u00f6rt im tiefen Wald gefunden, wartete am gestrigen sp\u00e4ten Abend das n\u00e4chste Drama: Die Emmentaler hatten es pl\u00f6tzlich auf j\u00fcngere, insbesondere mit dem &#8230; <a title=\"Mi, 18.07.2012\" class=\"read-more\" href=\"https:\/\/www.jwl.ch\/?p=1823\" aria-label=\"Mehr Informationen \u00fcber Mi, 18.07.2012\">Weiterlesen<\/a><\/p>\n\t\t\t\t<\/div>\n\n\t\t\t\t\n\t\t\t<\/div>\n\n\t\t\t\t\t\n\t\t\t\n\t\t\t<div id=\"su-post-1825\" class=\"su-post \">\n\n\t\t\t\t\n\t\t\t\t<h2 class=\"su-post-title\"><a href=\"https:\/\/www.jwl.ch\/?p=1825\">Do, 19.07.2012<\/a><\/h2>\n\n\t\t\t\t<div class=\"su-post-meta\">\n\t\t\t\t\tVer\u00f6ffentlicht: 19. Juli 2012\t\t\t\t<\/div>\n\n\t\t\t\t<div class=\"su-post-excerpt\">\n\t\t\t\t\t<p>Ach, das gem\u00fctliche Mafialeben! Nach zahlreichen \u00a0furchterregenden Angriffen auf unser Mafiaquartier kehrte f\u00fcr den gestrigen Tag etwas Ruhe und Gelassenheit in unseren Alltag. Beginnend mit einem mafiosen Aufenthalt im Schwimmbad &#8230; <a title=\"Do, 19.07.2012\" class=\"read-more\" href=\"https:\/\/www.jwl.ch\/?p=1825\" aria-label=\"Mehr Informationen \u00fcber Do, 19.07.2012\">Weiterlesen<\/a><\/p>\n\t\t\t\t<\/div>\n\n\t\t\t\t\n\t\t\t<\/div>\n\n\t\t\t\t\t\n\t\t\t\n\t\t\t<div id=\"su-post-1827\" class=\"su-post \">\n\n\t\t\t\t\n\t\t\t\t<h2 class=\"su-post-title\"><a href=\"https:\/\/www.jwl.ch\/?p=1827\">Fr, 20.07.2012<\/a><\/h2>\n\n\t\t\t\t<div class=\"su-post-meta\">\n\t\t\t\t\tVer\u00f6ffentlicht: 20. Juli 2012\t\t\t\t<\/div>\n\n\t\t\t\t<div class=\"su-post-excerpt\">\n\t\t\t\t\t<p>Es ist entschieden! Don Vito della Jubla ist stolz, die vier Familienclans die letzten 2 Wochen durch die \u201eGeheimaktion Emmental\u201c geleitet haben zu k\u00f6nnen und kann nun versichern, dass sein &#8230; <a title=\"Fr, 20.07.2012\" class=\"read-more\" href=\"https:\/\/www.jwl.ch\/?p=1827\" aria-label=\"Mehr Informationen \u00fcber Fr, 20.07.2012\">Weiterlesen<\/a><\/p>\n\t\t\t\t<\/div>\n\n\t\t\t\t\n\t\t\t<\/div>\n\n\t\t\t\t\t\n\t\t\t\n\t\t\t<div id=\"su-post-1829\" class=\"su-post \">\n\n\t\t\t\t\n\t\t\t\t<h2 class=\"su-post-title\"><a href=\"https:\/\/www.jwl.ch\/?p=1829\">21.07.2012, Samstag<\/a><\/h2>\n\n\t\t\t\t<div class=\"su-post-meta\">\n\t\t\t\t\tVer\u00f6ffentlicht: 21. Juli 2012\t\t\t\t<\/div>\n\n\t\t\t\t<div class=\"su-post-excerpt\">\n\t\t\t\t\t<p>Der letzte Tag ist angebrochen und die Mafiosi arbeiten weiterhin daran, das Einsatzquartier abzubrechen. Diverse Stimmen geben Hinweis darauf, dass sich die Emmentaler Geheimorganisation im Moment weiterhin vom Einsatzquartier der &#8230; <a title=\"21.07.2012, Samstag\" class=\"read-more\" href=\"https:\/\/www.jwl.ch\/?p=1829\" aria-label=\"Mehr Informationen \u00fcber 21.07.2012, Samstag\">Weiterlesen<\/a><\/p>\n\t\t\t\t<\/div>\n\n\t\t\t\t\n\t\t\t<\/div>\n\n\t\t\t\t\t\n\t\t\t\n\t\t\t<div id=\"su-post-1831\" class=\"su-post \">\n\n\t\t\t\t\n\t\t\t\t<h2 class=\"su-post-title\"><a href=\"https:\/\/www.jwl.ch\/?p=1831\">So, 22.07.2012<\/a><\/h2>\n\n\t\t\t\t<div class=\"su-post-meta\">\n\t\t\t\t\tVer\u00f6ffentlicht: 22. Juli 2012\t\t\t\t<\/div>\n\n\t\t\t\t<div class=\"su-post-excerpt\">\n\t\t\t\t\t<p>Abend, 22:45 Uhr Don Vito della Jubla ist endlich in seinem Zuhause eingekehrt und hat sich nach 2 Wochen Action und Mafiagehabe in seinem ledernen edlen Sessel niedergesetzt. Er schreibt &#8230; <a title=\"So, 22.07.2012\" class=\"read-more\" href=\"https:\/\/www.jwl.ch\/?p=1831\" aria-label=\"Mehr Informationen \u00fcber So, 22.07.2012\">Weiterlesen<\/a><\/p>\n\t\t\t\t<\/div>\n\n\t\t\t\t\n\t\t\t<\/div>\n\n\t\t\n\t\n<\/div>\n\n<p>&nbsp;<\/p>\n<h4>Lagerlied<\/h4>\n<div><strong>Strophe 1<\/strong><br \/>\nDo in Wase &#8211; esch d\u2019Mafia<br \/>\n27 jongi Borste, alles ganz starchi Maa<br \/>\nD Jungwacht Littau &#8211; wird kriminell<br \/>\nMer n\u00e4nd dis G\u00e4ld und das m\u00f6chemer ganz ganz schnell<br \/>\n\u00dcse Don Vito &#8211; er esch de Boss<br \/>\n\u00fcses verdiente Geld &#8211; isch ned sicher metm\u2018ne Schloss<br \/>\nD Mafiaa esch f\u00f6r jede do<br \/>\nBesch du mol debii, wetsch du si n\u00f6mm verlo.<\/div>\n<div><strong>\u00a0<\/strong><\/div>\n<div><strong>Bridge<\/strong><br \/>\nMafia fies wie Geier und wie W\u00f6lf, Sommerlager Zw\u00f6ituusigzw\u00f6\u00f6lf<\/div>\n<p><strong>Refrain<\/strong><br \/>\nRaub\u00fcberfall im Emmental<br \/>\nd Mafia luured \u00fcberall<br \/>\nJedi Familie k\u00e4mpft um ehres G\u00e4ld<br \/>\nIm Sola Zw\u00f6lf das esch klar bruche\u00a0 mer kei fremdi H\u00f6uf<br \/>\nDas esch s l\u00e4be vo de Mafiaa<br \/>\nmer hend fr\u00f6id draa<\/p>\n<p><strong>Strophe 2<\/strong><br \/>\n\u00dcses G\u00e4ld &#8211; das hends \u00fc\u00fcs klaut<br \/>\ndrum jage mer d\u2019Emmentaler jetz d\u00f6re Wald<br \/>\nDe B\u00f6se &#8211; g\u00e4mmer liebi Gr\u00fcess<br \/>\nSie landet im Hornbach met Beton-F\u00fcess<br \/>\nMer send do, im\u2018ne Lager<br \/>\nDe Platz esch um-rengt vo hunderttuusig\u00a0 Pfader<br \/>\nJo s\u2019Jasse &#8211; moss de H\u00fcgi lehre<br \/>\nIm Wald send mer ned deheime, denn dette l\u00e4bed B\u00e4\u00e4re<\/p>\n<p><em>Bridge, Refrain (2x)<\/em><\/p>\n<p>(77 Bombay Street, Up in The Sky)<\/p>\n","protected":false},"excerpt":{"rendered":"<p>Ort: Wasen im Emmental<br \/>\nLagerleiter: Flurin H\u00fcgi<br \/>\nMotto: Mafia: Operation Vendetta<\/p>\n","protected":false},"author":1,"featured_media":1794,"parent":594,"menu_order":0,"comment_status":"closed","ping_status":"closed","template":"","meta":{"footnotes":""},"class_list":["post-1626","page","type-page","status-publish","has-post-thumbnail","hentry"],"aioseo_notices":[],"_links":{"self":[{"href":"https:\/\/www.jwl.ch\/index.php?rest_route=\/wp\/v2\/pages\/1626","targetHints":{"allow":["GET"]}}],"collection":[{"href":"https:\/\/www.jwl.ch\/index.php?rest_route=\/wp\/v2\/pages"}],"about":[{"href":"https:\/\/www.jwl.ch\/index.php?rest_route=\/wp\/v2\/types\/page"}],"author":[{"embeddable":true,"href":"https:\/\/www.jwl.ch\/index.php?rest_route=\/wp\/v2\/users\/1"}],"replies":[{"embeddable":true,"href":"https:\/\/www.jwl.ch\/index.php?rest_route=%2Fwp%2Fv2%2Fcomments&post=1626"}],"version-history":[{"count":14,"href":"https:\/\/www.jwl.ch\/index.php?rest_route=\/wp\/v2\/pages\/1626\/revisions"}],"predecessor-version":[{"id":4228,"href":"https:\/\/www.jwl.ch\/index.php?rest_route=\/wp\/v2\/pages\/1626\/revisions\/4228"}],"up":[{"embeddable":true,"href":"https:\/\/www.jwl.ch\/index.php?rest_route=\/wp\/v2\/pages\/594"}],"wp:featuredmedia":[{"embeddable":true,"href":"https:\/\/www.jwl.ch\/index.php?rest_route=\/wp\/v2\/media\/1794"}],"wp:attachment":[{"href":"https:\/\/www.jwl.ch\/index.php?rest_route=%2Fwp%2Fv2%2Fmedia&parent=1626"}],"curies":[{"name":"wp","href":"https:\/\/api.w.org\/{rel}","templated":true}]}}