{"id":1624,"date":"2013-08-31T13:15:02","date_gmt":"2013-08-31T11:15:02","guid":{"rendered":"https:\/\/jwl.raphael-schaerli.ch\/?page_id=1624"},"modified":"2020-04-21T15:47:49","modified_gmt":"2020-04-21T13:47:49","slug":"sola-2013","status":"publish","type":"page","link":"https:\/\/www.jwl.ch\/?page_id=1624","title":{"rendered":"Sola 2013"},"content":{"rendered":"<h2>Lagerbericht<\/h2>\n<p>Am Montagmorgen traf sich die junge Elite der Littauer Bev\u00f6lkerung um eine neue Siedlung zu gr\u00fcnden.\u00a0Man entschloss sich, der Pest zu entkommen, welche Littau heimsuchte. So zog die fr\u00f6hliche Truppe los und wanderte dem Vierwaldst\u00e4ttersee nach bis auf Merlischachen. Zu unserer \u00dcberraschung fanden wir eine bereits aufgebaute Siedlung! Zwei gutaussehende, sportliche und zudem auch noch intelligente Adelige begr\u00fcssten uns bei unserer Ankunft. Sie liessen verlauten, dass sie bereit w\u00e4ren uns Unterschlupf zu bieten, sofern wir ihnen helfen ihre Siedlung an die Weltspitze zu bringen. \u201eNichts leichter als das!\u201c, dachten wir uns und bezogen unsere Zelte. Sogleich fingen wir an, die Siedlung auszubauen. Kirche, Garten, Gef\u00e4ngnis und eine Bank waren im nu errichtet. Doch nach anf\u00e4nglichem Elan, geriet der Aufbau langsam aber sicher ins Stocken. Es wurde gemunkelt, dass die beiden Adeligen nichtmehr f\u00e4hig w\u00e4ren, uns weiter Richtung Weltmacht zu bringen. So wurden neue Wahlen ins Leben gerufen. Nach einem erbitterten Wahlkampf gewannen schliesslich Flavio und Simon und wurden somit zu den neuen Oberh\u00e4uptern unserer Siedlung.<\/p>\n<p>Von dann an, ging es steil bergauf! Schon bald wurden die umliegenden Siedlungen auf uns aufmerksam und luden uns zur Weltkonferenz ein. An dieser wurden die Geschicke der Welt geregelt und wir stiegen, wenig \u00fcberraschend, zur Weltmacht auf. Als Anerkennung unserer M\u00e4chtigkeit wurden wir von den anderen Siedlungen in den weltber\u00fchmten Wasserpark in K\u00fcssnacht eingeladen.<\/p>\n<p>Schon bald bekamen wir die Nachricht, dass sich die Pest in Littau wieder gelegt hat. So packten wir unserer sieben Sachen wieder zusammen und machten uns auf den Weg. Wir wollen den, von der Pest gebeutelten, Littauern helfen, ihr Dorf wieder zum Leben zu erwecken!<\/p>\n<p><em>Wir danken allen Eltern f\u00fcr das uns und dem Leitungsteam geschenkte Vertrauen und freuen uns auf die n\u00e4chste Lager der Jungwacht Littau.<\/em><\/p>\n<p><em>Liebe Gr\u00fcsse<\/em><\/p>\n<p><em>Simon Fluder und Flavio Huber<\/em><\/p>\n<div class=\"rl-gallery-container rl-loading\" id=\"rl-gallery-container-1\" data-gallery_id=\"4202\"> <div class=\"rl-gallery rl-basicmasonry-gallery \" id=\"rl-gallery-1\" data-gallery_no=\"1\"> <div class=\"rl-gutter-sizer\"><\/div><div class=\"rl-grid-sizer\"><\/div> <div class=\"rl-gallery-item rl-gallery-item-width-4\" > <div class=\"rl-gallery-item-content\"> <a href=\"https:\/\/www.jwl.ch\/wp-content\/uploads\/2020\/04\/sola_2013_1.jpg\" title=\"\" data-rl_title=\"\" class=\"rl-gallery-link\" data-rl_caption=\"\" data-rel=\"lightbox-gallery-1\"><img loading=\"lazy\" decoding=\"async\" src=\"https:\/\/www.jwl.ch\/wp-content\/uploads\/2020\/04\/sola_2013_1.jpg\" width=\"519\" height=\"345\" alt=\"\"\/><\/a> <\/div> <\/div> <div class=\"rl-gallery-item\" > <div class=\"rl-gallery-item-content\"> <a href=\"https:\/\/www.jwl.ch\/wp-content\/uploads\/2020\/04\/sola_2013_2.jpg\" title=\"\" data-rl_title=\"\" class=\"rl-gallery-link\" data-rl_caption=\"\" data-rel=\"lightbox-gallery-1\"><img loading=\"lazy\" decoding=\"async\" src=\"https:\/\/www.jwl.ch\/wp-content\/uploads\/2020\/04\/sola_2013_2.jpg\" width=\"519\" height=\"347\" alt=\"\"\/><\/a> <\/div> <\/div> <\/div> <\/div>\n<p>&nbsp;<\/p>\n<h2>Lagerlied<\/h2>\n<div>Sola 2013 in Merlischache<br \/>\nChender am obe F\u00fc\u00fcr lo entfache<br \/>\nSola 2013 in Merlischache<br \/>\nEskaliert v\u00f6llig mer l\u00f6nds lo krache<\/div>\n<p>Mer send do v\u00f6llig froh<br \/>\nVo Littau w\u00e4g de Pest entcho<br \/>\nHend en eigni Sedlig jetz<br \/>\nMet Rothustorm ond Chelespet<\/p>\n<p>Er hed Jodi gseid wueeeeeh<\/p>\n<p>Ond das esch eusi W\u00e4lt<br \/>\nOnd mer bliibed do au wenn niemert de Bruno fendt<br \/>\nOnd mer legged Z\u00e4lt<br \/>\nSo sch\u00fcch ond onuff\u00e4llig wie mer alli send<br \/>\nJo das esch eusi W\u00e4lt<\/p>\n<p>Sola 13 in Merlischache<br \/>\nChender am tobe F\u00fc\u00fcr lo entfache<br \/>\nSola 2013 in Merlischache<br \/>\nEskaliert v\u00f6llig mer l\u00f6nds lo krache<\/p>\n<p>Au die B\u00f6se ch\u00f6med dra<br \/>\nZmetzt ide Nacht bi Tarantula<br \/>\nWemmer weder Bsuech wend ha<br \/>\nN\u00e4mmer ned Thun sondern Claudia<\/p>\n<p>Er hed Res gseid wueeeeeeeh<\/p>\n<p>Ond das esch eusi W\u00e4lt<br \/>\nOnd mer bliibed do au wenn niemert de Bruno fendt<br \/>\nOnd mer legged Z\u00e4lt<br \/>\nSo sch\u00fcch ond onuff\u00e4llig wie mer alli send<br \/>\nJo das esch eusi W\u00e4lt<\/p>\n<p>Sola 13 in Merlischache<br \/>\nChender am tobe F\u00fc\u00fcr lo entfache<br \/>\nSola 2013 in Merlischache eskaliert v\u00f6llig mer l\u00f6nds lo krache<br \/>\nJo das esch eusi W\u00e4lt<\/p>\n<p>&nbsp;<\/p>\n<p>(Bastille, Pompeii)<\/p>\n","protected":false},"excerpt":{"rendered":"<p>Ort: Merlischachen SZ<br \/>\nLagerleiter: Simon Fluder, Flavio Huber<br \/>\nMotto: Die Siedler &#8211; Aufstieg eines K\u00f6nigreichs<\/p>\n","protected":false},"author":1,"featured_media":2401,"parent":594,"menu_order":0,"comment_status":"closed","ping_status":"closed","template":"","meta":{"footnotes":""},"class_list":["post-1624","page","type-page","status-publish","has-post-thumbnail"],"aioseo_notices":[],"_links":{"self":[{"href":"https:\/\/www.jwl.ch\/index.php?rest_route=\/wp\/v2\/pages\/1624","targetHints":{"allow":["GET"]}}],"collection":[{"href":"https:\/\/www.jwl.ch\/index.php?rest_route=\/wp\/v2\/pages"}],"about":[{"href":"https:\/\/www.jwl.ch\/index.php?rest_route=\/wp\/v2\/types\/page"}],"author":[{"embeddable":true,"href":"https:\/\/www.jwl.ch\/index.php?rest_route=\/wp\/v2\/users\/1"}],"replies":[{"embeddable":true,"href":"https:\/\/www.jwl.ch\/index.php?rest_route=%2Fwp%2Fv2%2Fcomments&post=1624"}],"version-history":[{"count":5,"href":"https:\/\/www.jwl.ch\/index.php?rest_route=\/wp\/v2\/pages\/1624\/revisions"}],"predecessor-version":[{"id":4207,"href":"https:\/\/www.jwl.ch\/index.php?rest_route=\/wp\/v2\/pages\/1624\/revisions\/4207"}],"up":[{"embeddable":true,"href":"https:\/\/www.jwl.ch\/index.php?rest_route=\/wp\/v2\/pages\/594"}],"wp:featuredmedia":[{"embeddable":true,"href":"https:\/\/www.jwl.ch\/index.php?rest_route=\/wp\/v2\/media\/2401"}],"wp:attachment":[{"href":"https:\/\/www.jwl.ch\/index.php?rest_route=%2Fwp%2Fv2%2Fmedia&parent=1624"}],"curies":[{"name":"wp","href":"https:\/\/api.w.org\/{rel}","templated":true}]}}