{"id":1618,"date":"2018-08-31T13:13:13","date_gmt":"2018-08-31T11:13:13","guid":{"rendered":"https:\/\/jwl.raphael-schaerli.ch\/?page_id=1618"},"modified":"2020-04-18T21:45:23","modified_gmt":"2020-04-18T19:45:23","slug":"sola-2017","status":"publish","type":"page","link":"https:\/\/www.jwl.ch\/?page_id=1618","title":{"rendered":"Sola 2017"},"content":{"rendered":"<h2>R\u00fcckblick der Lagerleitung<\/h2>\n<p>Unser Ziel ist erreicht. Der B\u00f6sewicht Professor Moriarty wurde weggesperrt. Also Sherlock Holmes. Irgendwie doch Beide. Oder wie war das jetzt schon wieder?<\/p>\n<p>Das gr\u00f6sste R\u00e4tsel der Welt wird seinem Namen definitiv gerecht. Etwas Verwirrung geh\u00f6rt da schon dazu. Doch trotz Mord, gespaltener Pers\u00f6nlichkeit und brennenden Bauten, konnten wir beweisen, dass wir die besten Detektive sind, die man sich nur vorstellen kann. Und das scheinbar perfekte Verbrechen ist somit endg\u00fcltig gel\u00f6st!<\/p>\n<p>W\u00e4hrend zwei Wochen mit etwas wechselhaftem Wetter durften 36 Buben und 12 Leiter auf dem wundersch\u00f6nen Lagerplatz in Hopflauenen nahe Meiringen Lagerstimmung vom feinsten geniessen. Die Atmosph\u00e4re war so \u00fcberragend, dass uns nicht einmal eine Grippewelle die Laune verderben konnte.<\/p>\n<p>&nbsp;<\/p>\n<p>Hier ein Paar wenige Beispiele aus unserem Abenteuer Sommerlager 2017. Highlights waren dieses Jahr sicher die mottogetreuen 3-Tagesprojekte. W\u00e4hrend sich eine Gruppe auf die Spuren von Sherlock Holmes zu den Reichenbachf\u00e4llen begab, machte eine Andere mit den Monster-Trotti die Gegend unsicher. Der Elternbesuchstag mit Rund 70 Eltern, Verwandten und Bekannten, sowie die Wanderung durch die Aareschlucht d\u00fcrfen ebenfalls auf keinen Fall vergessen werden. Klar ist, dass einmal mehr Erinnerungen f\u00fcr die Ewigkeit geschaffen wurden, die es so nur im Sommerlager der Jungwacht Littau gibt. Daher bleibt mir nur noch einen Dank auszusprechen.<\/p>\n<p>Ich m\u00f6chte mich gerne bei allen bedanken, die uns, in welcher erdenklichen Form auch immer, unterst\u00fctzt haben. Ohne euch Sponsoren und Helfer w\u00e4re ein Sommerlager einfach nicht machbar. Ein spezieller Dank geh\u00f6rt dem Leitungsteam. Es ist unglaublich, was diese Truppe alles zusammen erreichen kann und wie jeder Einzelne alles gibt, um zum gelingen des Lagers beizutragen. So viel Einsatz wie dieses Jahr habe ich noch selten gesehen. Und man kann sich als Lagerleiter keine sch\u00f6nere Aufgabe vorstellen, als die Leiter im Vortrupp um 22:00 Uhr von der Arbeit abzuhalten, weil sie so motiviert bauen. Danke f\u00fcr euren unerm\u00fcdlichen Einsatz!<\/p>\n<p>Zudem danke ich allen Eltern f\u00fcr das geschenkte Vertrauen und hoffe, dass wir n\u00e4chstes Jahr noch mehr Buben f\u00fcr unser Lager begeistern k\u00f6nnen.<\/p>\n<p>&nbsp;<\/p>\n<p>Herzlichen Dank und Treu Jungwacht!<\/p>\n<div class=\"rl-gallery-container rl-loading\" id=\"rl-gallery-container-1\" data-gallery_id=\"3961\"> <div class=\"rl-gallery rl-basicmasonry-gallery \" id=\"rl-gallery-1\" data-gallery_no=\"1\"> <div class=\"rl-gutter-sizer\"><\/div><div class=\"rl-grid-sizer\"><\/div> <div class=\"rl-gallery-item rl-gallery-item-width-4\" > <div class=\"rl-gallery-item-content\"> <a href=\"https:\/\/www.jwl.ch\/wp-content\/uploads\/2020\/04\/sola_2017_1.jpg\" title=\"\" data-rl_title=\"\" class=\"rl-gallery-link\" data-rl_caption=\"\" data-rel=\"lightbox-gallery-1\"><img loading=\"lazy\" decoding=\"async\" src=\"https:\/\/www.jwl.ch\/wp-content\/uploads\/2020\/04\/sola_2017_1.jpg\" width=\"728\" height=\"443\" alt=\"\"\/><\/a> <\/div> <\/div> <div class=\"rl-gallery-item\" > <div class=\"rl-gallery-item-content\"> <a href=\"https:\/\/www.jwl.ch\/wp-content\/uploads\/2020\/04\/sola_2017_2.jpg\" title=\"\" data-rl_title=\"\" class=\"rl-gallery-link\" data-rl_caption=\"\" data-rel=\"lightbox-gallery-1\"><img loading=\"lazy\" decoding=\"async\" src=\"https:\/\/www.jwl.ch\/wp-content\/uploads\/2020\/04\/sola_2017_2.jpg\" width=\"676\" height=\"441\" alt=\"\"\/><\/a> <\/div> <\/div> <div class=\"rl-gallery-item\" > <div class=\"rl-gallery-item-content\"> <a href=\"https:\/\/www.jwl.ch\/wp-content\/uploads\/2020\/04\/sola_2017_3.jpg\" title=\"\" data-rl_title=\"\" class=\"rl-gallery-link\" data-rl_caption=\"\" data-rel=\"lightbox-gallery-1\"><img loading=\"lazy\" decoding=\"async\" src=\"https:\/\/www.jwl.ch\/wp-content\/uploads\/2020\/04\/sola_2017_3.jpg\" width=\"676\" height=\"450\" alt=\"\"\/><\/a> <\/div> <\/div> <div class=\"rl-gallery-item\" > <div class=\"rl-gallery-item-content\"> <a href=\"https:\/\/www.jwl.ch\/wp-content\/uploads\/2020\/04\/sola_2017_4.jpg\" title=\"\" data-rl_title=\"\" class=\"rl-gallery-link\" data-rl_caption=\"\" data-rel=\"lightbox-gallery-1\"><img loading=\"lazy\" decoding=\"async\" src=\"https:\/\/www.jwl.ch\/wp-content\/uploads\/2020\/04\/sola_2017_4-1200x801.jpg\" width=\"1200\" height=\"801\" alt=\"\"\/><\/a> <\/div> <\/div> <\/div> <\/div>\n<h2>Tagesr\u00fcckblick<\/h2>\n\n\n<div class=\"su-posts su-posts-default-loop \">\n\n\t\n\t\t\t\t\t\n\t\t\t\n\t\t\t<div id=\"su-post-273\" class=\"su-post \">\n\n\t\t\t\t\n\t\t\t\t<h2 class=\"su-post-title\"><a href=\"https:\/\/www.jwl.ch\/?p=273\">10. Juli 2017, Montag<\/a><\/h2>\n\n\t\t\t\t<div class=\"su-post-meta\">\n\t\t\t\t\tVer\u00f6ffentlicht: 10. Juli 2017\t\t\t\t<\/div>\n\n\t\t\t\t<div class=\"su-post-excerpt\">\n\t\t\t\t\t<p>Endlich geht es los! Mit den Kinder d\u00fcrfen wir f\u00fcr zwei Wochen nach Hopflauenen verreisen. Kaum auf dem Lagerplatz angekommen, finden wir bereits Watson an einen Sarasanipfosten gefesselt. Doch dies &#8230; <a title=\"10. Juli 2017, Montag\" class=\"read-more\" href=\"https:\/\/www.jwl.ch\/?p=273\" aria-label=\"Mehr Informationen \u00fcber 10. Juli 2017, Montag\">Weiterlesen<\/a><\/p>\n\t\t\t\t<\/div>\n\n\t\t\t\t\n\t\t\t<\/div>\n\n\t\t\t\t\t\n\t\t\t\n\t\t\t<div id=\"su-post-274\" class=\"su-post \">\n\n\t\t\t\t\n\t\t\t\t<h2 class=\"su-post-title\"><a href=\"https:\/\/www.jwl.ch\/?p=274\">11. Juli 2017, Dienstag<\/a><\/h2>\n\n\t\t\t\t<div class=\"su-post-meta\">\n\t\t\t\t\tVer\u00f6ffentlicht: 11. Juli 2017\t\t\t\t<\/div>\n\n\t\t\t\t<div class=\"su-post-excerpt\">\n\t\t\t\t\t<p>Am Morgen wurde der Lagerplatz fleissig erweitert und versch\u00f6nert. Auch die Slackline, der Boxsack und der Zahnputztrog sind jetzt dank unseren kleinen &#8222;Erfindo&#8220; komplett funktionsf\u00e4hig. Am Nachmittag sind wir dann &#8230; <a title=\"11. Juli 2017, Dienstag\" class=\"read-more\" href=\"https:\/\/www.jwl.ch\/?p=274\" aria-label=\"Mehr Informationen \u00fcber 11. Juli 2017, Dienstag\">Weiterlesen<\/a><\/p>\n\t\t\t\t<\/div>\n\n\t\t\t\t\n\t\t\t<\/div>\n\n\t\t\t\t\t\n\t\t\t\n\t\t\t<div id=\"su-post-276\" class=\"su-post \">\n\n\t\t\t\t\n\t\t\t\t<h2 class=\"su-post-title\"><a href=\"https:\/\/www.jwl.ch\/?p=276\">12. Juli 2017, Mittwoch<\/a><\/h2>\n\n\t\t\t\t<div class=\"su-post-meta\">\n\t\t\t\t\tVer\u00f6ffentlicht: 12. Juli 2017\t\t\t\t<\/div>\n\n\t\t\t\t<div class=\"su-post-excerpt\">\n\t\t\t\t\t<p>Gerade erst auf dem Lagerplatz eingerichtet und doch m\u00fcssen wir uns auch den wichtigen Aufgaben als Detektive widmen. Damit wir den verschiedensten Hinweisen nachgehen k\u00f6nnen, teilen wir die Schar in &#8230; <a title=\"12. Juli 2017, Mittwoch\" class=\"read-more\" href=\"https:\/\/www.jwl.ch\/?p=276\" aria-label=\"Mehr Informationen \u00fcber 12. Juli 2017, Mittwoch\">Weiterlesen<\/a><\/p>\n\t\t\t\t<\/div>\n\n\t\t\t\t\n\t\t\t<\/div>\n\n\t\t\t\t\t\n\t\t\t\n\t\t\t<div id=\"su-post-277\" class=\"su-post \">\n\n\t\t\t\t\n\t\t\t\t<h2 class=\"su-post-title\"><a href=\"https:\/\/www.jwl.ch\/?p=277\">13. Juli 2017, Donnerstag<\/a><\/h2>\n\n\t\t\t\t<div class=\"su-post-meta\">\n\t\t\t\t\tVer\u00f6ffentlicht: 13. Juli 2017\t\t\t\t<\/div>\n\n\t\t\t\t<div class=\"su-post-excerpt\">\n\t\t\t\t\t<p>#f\u00f6rsMotto Auf dem 3-Tagesprojekt nutzen die Kinder die ideale Umgebung von Meiringen und begeben sich auf die Spuren von Sherlock Holmes. Auf dem Lagerplatz wird derzeit gegen den starken Wind &#8230; <a title=\"13. Juli 2017, Donnerstag\" class=\"read-more\" href=\"https:\/\/www.jwl.ch\/?p=277\" aria-label=\"Mehr Informationen \u00fcber 13. Juli 2017, Donnerstag\">Weiterlesen<\/a><\/p>\n\t\t\t\t<\/div>\n\n\t\t\t\t\n\t\t\t<\/div>\n\n\t\t\t\t\t\n\t\t\t\n\t\t\t<div id=\"su-post-278\" class=\"su-post \">\n\n\t\t\t\t\n\t\t\t\t<h2 class=\"su-post-title\"><a href=\"https:\/\/www.jwl.ch\/?p=278\">14. Juli 2017, Freitag<\/a><\/h2>\n\n\t\t\t\t<div class=\"su-post-meta\">\n\t\t\t\t\tVer\u00f6ffentlicht: 14. Juli 2017\t\t\t\t<\/div>\n\n\t\t\t\t<div class=\"su-post-excerpt\">\n\t\t\t\t\t<p>Alle Gruppen sind vom 3-Tagesprojekt zur\u00fcck! Nach den strengen Wanderungen g\u00f6nnen sich die Kinder eine verdiente Dusche und erholen sich beim gem\u00fctlichen Programm. Theater von den vergangenen Erlebnissen geh\u00f6ren nat\u00fcrlich &#8230; <a title=\"14. Juli 2017, Freitag\" class=\"read-more\" href=\"https:\/\/www.jwl.ch\/?p=278\" aria-label=\"Mehr Informationen \u00fcber 14. Juli 2017, Freitag\">Weiterlesen<\/a><\/p>\n\t\t\t\t<\/div>\n\n\t\t\t\t\n\t\t\t<\/div>\n\n\t\t\t\t\t\n\t\t\t\n\t\t\t<div id=\"su-post-279\" class=\"su-post \">\n\n\t\t\t\t\n\t\t\t\t<h2 class=\"su-post-title\"><a href=\"https:\/\/www.jwl.ch\/?p=279\">15. Juli 2017, Samstag<\/a><\/h2>\n\n\t\t\t\t<div class=\"su-post-meta\">\n\t\t\t\t\tVer\u00f6ffentlicht: 15. Juli 2017\t\t\t\t<\/div>\n\n\t\t\t\t<div class=\"su-post-excerpt\">\n\t\t\t\t\t<p>Heute ist Besuchstag. Zu Beginn gibt es f\u00fcr die Eltern einen kleinen Rundgang auf dem Lagerplatz mit anschliessendem Apero. Danach wird zusammen gegessen. Die K\u00fcche gibt alles und bekocht die &#8230; <a title=\"15. Juli 2017, Samstag\" class=\"read-more\" href=\"https:\/\/www.jwl.ch\/?p=279\" aria-label=\"Mehr Informationen \u00fcber 15. Juli 2017, Samstag\">Weiterlesen<\/a><\/p>\n\t\t\t\t<\/div>\n\n\t\t\t\t\n\t\t\t<\/div>\n\n\t\t\t\t\t\n\t\t\t\n\t\t\t<div id=\"su-post-280\" class=\"su-post \">\n\n\t\t\t\t\n\t\t\t\t<h2 class=\"su-post-title\"><a href=\"https:\/\/www.jwl.ch\/?p=280\">16. Juli 2017, Sonntag<\/a><\/h2>\n\n\t\t\t\t<div class=\"su-post-meta\">\n\t\t\t\t\tVer\u00f6ffentlicht: 16. Juli 2017\t\t\t\t<\/div>\n\n\t\t\t\t<div class=\"su-post-excerpt\">\n\t\t\t\t\t<p>Der Tag beginnt mit einem ausgiebigen Brunch mit Spiegelei, Speck und allem was das Herz sonst noch so begehrt. Anschliessend steht der Tag aber nicht unter dem Motto &#8222;Essen&#8220;, sondern &#8230; <a title=\"16. Juli 2017, Sonntag\" class=\"read-more\" href=\"https:\/\/www.jwl.ch\/?p=280\" aria-label=\"Mehr Informationen \u00fcber 16. Juli 2017, Sonntag\">Weiterlesen<\/a><\/p>\n\t\t\t\t<\/div>\n\n\t\t\t\t\n\t\t\t<\/div>\n\n\t\t\t\t\t\n\t\t\t\n\t\t\t<div id=\"su-post-281\" class=\"su-post \">\n\n\t\t\t\t\n\t\t\t\t<h2 class=\"su-post-title\"><a href=\"https:\/\/www.jwl.ch\/?p=281\">17. Juli 2017, Montag<\/a><\/h2>\n\n\t\t\t\t<div class=\"su-post-meta\">\n\t\t\t\t\tVer\u00f6ffentlicht: 17. Juli 2017\t\t\t\t<\/div>\n\n\t\t\t\t<div class=\"su-post-excerpt\">\n\t\t\t\t\t<p>J\u00f6rg macht bei uns die Runde und wird immer beliebter. Abgesehen davon geht es uns super und wir geniessen das sonnige Wetter. Mit einem lauten Knall und einer Drohne mit &#8230; <a title=\"17. Juli 2017, Montag\" class=\"read-more\" href=\"https:\/\/www.jwl.ch\/?p=281\" aria-label=\"Mehr Informationen \u00fcber 17. Juli 2017, Montag\">Weiterlesen<\/a><\/p>\n\t\t\t\t<\/div>\n\n\t\t\t\t\n\t\t\t<\/div>\n\n\t\t\t\t\t\n\t\t\t\n\t\t\t<div id=\"su-post-282\" class=\"su-post \">\n\n\t\t\t\t\n\t\t\t\t<h2 class=\"su-post-title\"><a href=\"https:\/\/www.jwl.ch\/?p=282\">18. Juli 2017, Dienstag<\/a><\/h2>\n\n\t\t\t\t<div class=\"su-post-meta\">\n\t\t\t\t\tVer\u00f6ffentlicht: 18. Juli 2017\t\t\t\t<\/div>\n\n\t\t\t\t<div class=\"su-post-excerpt\">\n\t\t\t\t\t<p>Die \u00c4ltesten m\u00fcssen l\u00e4nger als erwartet ihre F\u00fchrungsqualit\u00e4ten beweisen. Denn beim Treffen mit Moriarty werden die Leiter Opfer eines Gasangriffs und sind daher f\u00fcr eine ganze Nacht verschollen. Nur mit &#8230; <a title=\"18. Juli 2017, Dienstag\" class=\"read-more\" href=\"https:\/\/www.jwl.ch\/?p=282\" aria-label=\"Mehr Informationen \u00fcber 18. Juli 2017, Dienstag\">Weiterlesen<\/a><\/p>\n\t\t\t\t<\/div>\n\n\t\t\t\t\n\t\t\t<\/div>\n\n\t\t\t\t\t\n\t\t\t\n\t\t\t<div id=\"su-post-283\" class=\"su-post \">\n\n\t\t\t\t\n\t\t\t\t<h2 class=\"su-post-title\"><a href=\"https:\/\/www.jwl.ch\/?p=283\">19. Juli 2017, Mittwoch<\/a><\/h2>\n\n\t\t\t\t<div class=\"su-post-meta\">\n\t\t\t\t\tVer\u00f6ffentlicht: 19. Juli 2017\t\t\t\t<\/div>\n\n\t\t\t\t<div class=\"su-post-excerpt\">\n\t\t\t\t\t<p>Nachdem unser Informant Gestern tot aufgefunden worden ist, haben sich Heute die \u00c4ltesten auf den Weg gemacht die Leiche zu beseitigen. Der Rest der Schar erholt sich bei Gruppenstunden und &#8230; <a title=\"19. Juli 2017, Mittwoch\" class=\"read-more\" href=\"https:\/\/www.jwl.ch\/?p=283\" aria-label=\"Mehr Informationen \u00fcber 19. Juli 2017, Mittwoch\">Weiterlesen<\/a><\/p>\n\t\t\t\t<\/div>\n\n\t\t\t\t\n\t\t\t<\/div>\n\n\t\t\t\t\t\n\t\t\t\n\t\t\t<div id=\"su-post-284\" class=\"su-post \">\n\n\t\t\t\t\n\t\t\t\t<h2 class=\"su-post-title\"><a href=\"https:\/\/www.jwl.ch\/?p=284\">20. Juli 2017, Donnerstag<\/a><\/h2>\n\n\t\t\t\t<div class=\"su-post-meta\">\n\t\t\t\t\tVer\u00f6ffentlicht: 20. Juli 2017\t\t\t\t<\/div>\n\n\t\t\t\t<div class=\"su-post-excerpt\">\n\t\t\t\t\t<p>Achtung Plot-Twist! Das R\u00e4tsel um Professor Moriarty ist fast gel\u00fcftet. Sherlock Holmes hat eine gespaltene Pers\u00f6nlichkeit und ist gleichzeitig der perfekte Detektiv, sowie auch sein krimineller Erzfeind. Der Schock sitzt &#8230; <a title=\"20. Juli 2017, Donnerstag\" class=\"read-more\" href=\"https:\/\/www.jwl.ch\/?p=284\" aria-label=\"Mehr Informationen \u00fcber 20. Juli 2017, Donnerstag\">Weiterlesen<\/a><\/p>\n\t\t\t\t<\/div>\n\n\t\t\t\t\n\t\t\t<\/div>\n\n\t\t\n\t\n<\/div>\n\n<h2>Lagerlied<\/h2>\n<h3><em>Refrain<\/em><\/h3>\n<p>Egal wie schw\u00e4r de Fall au esch<br \/>\nim Stausee schwemmt en Haifesch<br \/>\nSola 17 de Sh\u00f6rli seids<br \/>\ndu stohsch emmer nor im Abseits<br \/>\nHopflauene werde zu Baker Street<br \/>\nmer gh\u00f6rt vo witem wo de Res liid<br \/>\nSola 17 de Sh\u00f6rli seids<br \/>\nD&#8217;Jongwacht blibt \u00fcsi Nr.1<br \/>\n\u00dcsi Nr. 1<\/p>\n<h3><em>1. Strophe<\/em><\/h3>\n<p>De Moriarty<br \/>\nhed S\u00e4nf am Fenger<br \/>\n\u00dcse Hochbau<br \/>\nesch e Fidget-Spenner<br \/>\nGfl\u00e4nnt wie Fraue<br \/>\nDe Hamster hed mi ghaue<br \/>\nmer g\u00e4nd ned uf<br \/>\nl\u00f6nd \u00fcs n\u00fct versaue<br \/>\nStondelang am Lagerf\u00fc\u00fcr Lieder senge<br \/>\nSola 17, das blibt \u00fcs f\u00f6r emmer<\/p>\n<h3><em>Refrain<\/em><\/h3>\n<h3><em>2. Strophe<\/em><\/h3>\n<p>De L\u00fcmmel J\u00f6rg<br \/>\nmacht sini Ronde<br \/>\nhend en Liiche<br \/>\nbide Chochi gfonde<br \/>\n\u00dcsi gompi Geissli<br \/>\nsend de reinschti Horror<br \/>\nm\u00f6ched wie mer<br \/>\nde ganz Tag Terror<br \/>\nStondelang am Lagerf\u00fc\u00fcr Lieder senge<br \/>\nSola 17, das blibt \u00fcs f\u00f6r emmer<\/p>\n<h3><em>Refrain<\/em><\/h3>\n<p><span style=\"font-size: xx-small\">(Adrian Stern, Nr. 1)<\/span><\/p>\n","protected":false},"excerpt":{"rendered":"<p>Ort: Hopflauenen, Bern BE<br \/>\nLagerleiter: David Haag<br \/>\nMotto: Sherlock Holmes<\/p>\n","protected":false},"author":1,"featured_media":2401,"parent":594,"menu_order":0,"comment_status":"closed","ping_status":"closed","template":"","meta":{"footnotes":""},"class_list":["post-1618","page","type-page","status-publish","has-post-thumbnail","hentry"],"aioseo_notices":[],"_links":{"self":[{"href":"https:\/\/www.jwl.ch\/index.php?rest_route=\/wp\/v2\/pages\/1618","targetHints":{"allow":["GET"]}}],"collection":[{"href":"https:\/\/www.jwl.ch\/index.php?rest_route=\/wp\/v2\/pages"}],"about":[{"href":"https:\/\/www.jwl.ch\/index.php?rest_route=\/wp\/v2\/types\/page"}],"author":[{"embeddable":true,"href":"https:\/\/www.jwl.ch\/index.php?rest_route=\/wp\/v2\/users\/1"}],"replies":[{"embeddable":true,"href":"https:\/\/www.jwl.ch\/index.php?rest_route=%2Fwp%2Fv2%2Fcomments&post=1618"}],"version-history":[{"count":12,"href":"https:\/\/www.jwl.ch\/index.php?rest_route=\/wp\/v2\/pages\/1618\/revisions"}],"predecessor-version":[{"id":3966,"href":"https:\/\/www.jwl.ch\/index.php?rest_route=\/wp\/v2\/pages\/1618\/revisions\/3966"}],"up":[{"embeddable":true,"href":"https:\/\/www.jwl.ch\/index.php?rest_route=\/wp\/v2\/pages\/594"}],"wp:featuredmedia":[{"embeddable":true,"href":"https:\/\/www.jwl.ch\/index.php?rest_route=\/wp\/v2\/media\/2401"}],"wp:attachment":[{"href":"https:\/\/www.jwl.ch\/index.php?rest_route=%2Fwp%2Fv2%2Fmedia&parent=1618"}],"curies":[{"name":"wp","href":"https:\/\/api.w.org\/{rel}","templated":true}]}}