{"id":1420,"date":"2018-08-06T20:06:34","date_gmt":"2018-08-06T18:06:34","guid":{"rendered":"https:\/\/jwl.raphael-schaerli.ch\/?page_id=1420"},"modified":"2020-04-20T14:31:49","modified_gmt":"2020-04-20T12:31:49","slug":"sola-2016","status":"publish","type":"page","link":"https:\/\/www.jwl.ch\/?page_id=1420","title":{"rendered":"Sola 2016"},"content":{"rendered":"<h2>R\u00fcckblick der Lagerleitung<\/h2>\n<p class=\"TextJWL\">Zur\u00fcckgelehnt in zwei unbequemen Regisseurst\u00fchlen schauen wir zur\u00fcck auf die 13 unvergesslichen Tage in Hollywood bei Glarus. Spannende Erlebnisse an den diversen Filmsets, sch\u00f6ne und lustige Momente in der Gemeinschaft und die supergute Stimmung bleibt uns sowie den Leitern, Kindern und Jugendlichen in pr\u00e4gendster Erinnerung.<\/p>\n<p class=\"TextJWL\">Die 34 Filmpraktikanten, begleitet von 15 richtigen Stars und Regisseuren machten sich am 11. Juli 2016 auf die Reise in die Stadt der Filmindustrie. Nach den von Regen durchn\u00e4ssten ersten Tagen \u2013\u00a0 und den ersten Filmversuchen die in etwa der Stimmung des Wetters entsprachen \u2013 standen die grossen Ausseneins\u00e4tze an. &#8222;JWL bi de L\u00fct&#8220; ging in die weite Welt hinaus, sammelte Filmerfahrung und liess die Buben in die verschiedensten Rollen schl\u00fcpfen. Die angehenden Filmstars stiegen die Karriereleiter von Tag zu Tag weiter nach oben, die Filme wurden besser, die Verkleidungen kreativer und nach und nach wurden die ersten Kinder zu offiziellen Stars ernannt. Die Wall-of-Fame f\u00fcllte sich mit den pers\u00f6nlichen Sternen und war bis Ende Lager l\u00fcckenlos gef\u00fcllt. Jeder wurde zum Star!<\/p>\n<p class=\"TextJWL\">Nun ist die Zeit am Filmset vorbei und uns bleiben die unz\u00e4hlbar vielen tollen Erinnerungen. Wir wissen: Wir hatten den Plausch, die Leiter erst recht und die Kinder und Jugendlichen sowieso! Was uns auch noch bleibt: 200 Gigabyte Foto- und Filmmaterial\u2026 Schon gespannt auf den Fotoabend?<\/p>\n<p class=\"TextJWL\">Hollywoodschriftzug am Dorfeingang von Littau, mit Limousine am Sola-Werbetag auf dem Schulhausplatz und ein hollywoodtauglicher Lagertrailer mit \u00fcber 1500 Klicks auf Youtube (wir haben mehr Views als jeder andere Jubla-Lagertrailer in der Schweiz!) &#8211; vieles haben wir uns f\u00fcr das &#8222;beste Sola aller Zeiten&#8220; vorgenommen und umgesetzt. Auch das an zahlreichen Sitzungen erarbeitete Konzept zur Lagerplatzgestaltung, Freizeitbesch\u00e4ftigungen f\u00fcr die Kinder und F\u00f6rderung einer friedlichen und freundschaftlichen Lagerathmosph\u00e4re hat perfekt funktioniert: Keine ernsthaften Streitigkeiten, keine grossen Unf\u00e4lle, kein Mobbing \u2013 Eine perfekte Stimmung war&#8217;s!<\/p>\n<p class=\"TextJWL\">An dieser Stelle m\u00f6chten wir herzlichst all jenen danken, die das Sola 2016 erm\u00f6glicht haben. Den Eltern f\u00fcr das uns geschenkte Vertrauen, den zahlreichen Geldgebern, Sponsoren und Helfern f\u00fcr die grossz\u00fcgige Unterst\u00fctzung, den Ehemaligen f\u00fcr den Aufbau und nat\u00fcrlich den unschlagbaren Sternek\u00f6chen f\u00fcr die leckeren Lagermen\u00fcs.<\/p>\n<p class=\"TextJWL\">Letztlich ein gr\u00f6sstm\u00f6gliches Dankesch\u00f6n an unseren Pr\u00e4ses und an das legend\u00e4re Leitungsteam: Die intensive Lagervorbereitung an zahlreichen abendlichen und sonnt\u00e4glichen Sitzungen, eure Programmplanung von \u00fcber 130 Seiten und die super gelungene Umsetzung im Lager ist nicht nur eine &#8222;Nebenbei-Arbeit&#8220;. Im Lager t\u00e4glich 15 Stunden f\u00fcr die Kinder da zu sein, zus\u00e4tzlich noch 1 Stunde Sitzung und Planungszeit, eure eigene Freizeit am Abend irgendwie noch geniessen und auch irgendwann gen\u00fcgend Schlaf zu bekommen ist eine Meisterleistung! Ihr habt grosses geleistet, wir und vor allem die Lagerteilnehmer danken euch daf\u00fcr von Herzen! Ihr wart super!<\/p>\n<p>Im Sola 2016 wurde jeder zum Star! Und das gilt f\u00fcr die Jungwacht Littau ganz allgemein: Jeder Jungw\u00e4chter ob Kind oder Leiter kann in unserer Schar auf seine Art zum Star werden, sich selbstverwirklichen, mitbestimmen und die JWL mit- und weitertragen! Ja, wir alle sind Stars und pr\u00e4gen unsere Welt!<\/p>\n<p>Wir sagen tsch\u00fcss, e sch\u00f6ne und nat\u00fcrlich &#8222;Treu Jungwacht&#8220;!<\/p>\n<p><em>Chregi &amp; H\u00fcgi<\/em><br \/>\n<em>Lagerleitung 2016<\/em><\/p>\n<div class=\"rl-gallery-container rl-loading\" id=\"rl-gallery-container-1\" data-gallery_id=\"3999\"> <div class=\"rl-gallery rl-basicmasonry-gallery \" id=\"rl-gallery-1\" data-gallery_no=\"1\"> <div class=\"rl-gutter-sizer\"><\/div><div class=\"rl-grid-sizer\"><\/div> <div class=\"rl-gallery-item rl-gallery-item-width-4\" > <div class=\"rl-gallery-item-content\"> <a href=\"https:\/\/www.jwl.ch\/wp-content\/uploads\/2020\/04\/sola_2016_1.jpg\" title=\"\" data-rl_title=\"\" class=\"rl-gallery-link\" data-rl_caption=\"\" data-rel=\"lightbox-gallery-1\"><img loading=\"lazy\" decoding=\"async\" src=\"https:\/\/www.jwl.ch\/wp-content\/uploads\/2020\/04\/sola_2016_1.jpg\" width=\"473\" height=\"340\" alt=\"\"\/><\/a> <\/div> <\/div> <div class=\"rl-gallery-item\" > <div class=\"rl-gallery-item-content\"> <a href=\"https:\/\/www.jwl.ch\/wp-content\/uploads\/2020\/04\/sola_2016_2.jpg\" title=\"\" data-rl_title=\"\" class=\"rl-gallery-link\" data-rl_caption=\"\" data-rel=\"lightbox-gallery-1\"><img loading=\"lazy\" decoding=\"async\" src=\"https:\/\/www.jwl.ch\/wp-content\/uploads\/2020\/04\/sola_2016_2.jpg\" width=\"473\" height=\"315\" alt=\"\"\/><\/a> <\/div> <\/div> <div class=\"rl-gallery-item\" > <div class=\"rl-gallery-item-content\"> <a href=\"https:\/\/www.jwl.ch\/wp-content\/uploads\/2020\/04\/sola_2016_3.jpg\" title=\"\" data-rl_title=\"\" class=\"rl-gallery-link\" data-rl_caption=\"\" data-rel=\"lightbox-gallery-1\"><img loading=\"lazy\" decoding=\"async\" src=\"https:\/\/www.jwl.ch\/wp-content\/uploads\/2020\/04\/sola_2016_3.jpg\" width=\"473\" height=\"315\" alt=\"\"\/><\/a> <\/div> <\/div> <\/div> <\/div>\n<h2>Tagesr\u00fcckblick<\/h2>\n\n\n<div class=\"su-posts su-posts-default-loop \">\n\n\t\n\t\t\t\t\t\n\t\t\t\n\t\t\t<div id=\"su-post-2098\" class=\"su-post \">\n\n\t\t\t\t\n\t\t\t\t<h2 class=\"su-post-title\"><a href=\"https:\/\/www.jwl.ch\/?p=2098\">11.07.2016, Montag<\/a><\/h2>\n\n\t\t\t\t<div class=\"su-post-meta\">\n\t\t\t\t\tVer\u00f6ffentlicht: 11. Juli 2016\t\t\t\t<\/div>\n\n\t\t\t\t<div class=\"su-post-excerpt\">\n\t\t\t\t\t<p>10:00 Uhr Die angehenden Stars aus Littau sind unterwegs zum Lagerplatz in Hollywood im sch\u00f6nen Glarnerland. Roter Teppich, TV-B\u00fchne, VIP-Dusche, Filmturm und luxuri\u00f6se Promi-Schlafzelte warten auf die 49 Teilnehmer und &#8230; <a title=\"11.07.2016, Montag\" class=\"read-more\" href=\"https:\/\/www.jwl.ch\/?p=2098\" aria-label=\"Mehr Informationen \u00fcber 11.07.2016, Montag\">Weiterlesen<\/a><\/p>\n\t\t\t\t<\/div>\n\n\t\t\t\t\n\t\t\t<\/div>\n\n\t\t\t\t\t\n\t\t\t\n\t\t\t<div id=\"su-post-2155\" class=\"su-post \">\n\n\t\t\t\t\n\t\t\t\t<h2 class=\"su-post-title\"><a href=\"https:\/\/www.jwl.ch\/?p=2155\">12.07.2016, Dienstag<\/a><\/h2>\n\n\t\t\t\t<div class=\"su-post-meta\">\n\t\t\t\t\tVer\u00f6ffentlicht: 12. Juli 2016\t\t\t\t<\/div>\n\n\t\t\t\t<div class=\"su-post-excerpt\">\n\t\t\t\t\t<p>Gestern Abend wurde unser Regisseur von Luke Skywalker entf\u00fchrt. Unsere Schar gab sich aber die gr\u00f6sste M\u00fche und suchte sich den besten K\u00e4mpfer, welcher dann gegen Luke antrat und hochaus &#8230; <a title=\"12.07.2016, Dienstag\" class=\"read-more\" href=\"https:\/\/www.jwl.ch\/?p=2155\" aria-label=\"Mehr Informationen \u00fcber 12.07.2016, Dienstag\">Weiterlesen<\/a><\/p>\n\t\t\t\t<\/div>\n\n\t\t\t\t\n\t\t\t<\/div>\n\n\t\t\t\t\t\n\t\t\t\n\t\t\t<div id=\"su-post-2157\" class=\"su-post \">\n\n\t\t\t\t\n\t\t\t\t<h2 class=\"su-post-title\"><a href=\"https:\/\/www.jwl.ch\/?p=2157\">13.07.2016, Mittwoch<\/a><\/h2>\n\n\t\t\t\t<div class=\"su-post-meta\">\n\t\t\t\t\tVer\u00f6ffentlicht: 13. Juli 2016\t\t\t\t<\/div>\n\n\t\t\t\t<div class=\"su-post-excerpt\">\n\t\t\t\t\t<p>Nachdem die ersten Filme gedreht wurden sind sie auch schon geschnitten und zur Publikation bereit. Die ersten Historykampfszenen wurden trotz Schlammschlacht ge\u00fcbt. Obwohl die Filmpraktikanten ihr Bestes gegeben haben, besteht &#8230; <a title=\"13.07.2016, Mittwoch\" class=\"read-more\" href=\"https:\/\/www.jwl.ch\/?p=2157\" aria-label=\"Mehr Informationen \u00fcber 13.07.2016, Mittwoch\">Weiterlesen<\/a><\/p>\n\t\t\t\t<\/div>\n\n\t\t\t\t\n\t\t\t<\/div>\n\n\t\t\t\t\t\n\t\t\t\n\t\t\t<div id=\"su-post-2159\" class=\"su-post \">\n\n\t\t\t\t\n\t\t\t\t<h2 class=\"su-post-title\"><a href=\"https:\/\/www.jwl.ch\/?p=2159\">14.07.2016, Dienstag<\/a><\/h2>\n\n\t\t\t\t<div class=\"su-post-meta\">\n\t\t\t\t\tVer\u00f6ffentlicht: 14. Juli 2016\t\t\t\t<\/div>\n\n\t\t\t\t<div class=\"su-post-excerpt\">\n\t\t\t\t\t<p>Mission Einschaltquote hat begonnen. Heute Morgen wurden die Gruppen gebildet, gepackt und die Kameras fertig gemacht. Danach ging es los. Die verschiedenen Ausseneinsatzteams verliessen das Filmcamp und suchten sich die &#8230; <a title=\"14.07.2016, Dienstag\" class=\"read-more\" href=\"https:\/\/www.jwl.ch\/?p=2159\" aria-label=\"Mehr Informationen \u00fcber 14.07.2016, Dienstag\">Weiterlesen<\/a><\/p>\n\t\t\t\t<\/div>\n\n\t\t\t\t\n\t\t\t<\/div>\n\n\t\t\t\t\t\n\t\t\t\n\t\t\t<div id=\"su-post-2161\" class=\"su-post \">\n\n\t\t\t\t\n\t\t\t\t<h2 class=\"su-post-title\"><a href=\"https:\/\/www.jwl.ch\/?p=2161\">15.07.2016, Freitag<\/a><\/h2>\n\n\t\t\t\t<div class=\"su-post-meta\">\n\t\t\t\t\tVer\u00f6ffentlicht: 15. Juli 2016\t\t\t\t<\/div>\n\n\t\t\t\t<div class=\"su-post-excerpt\">\n\t\t\t\t\t<p>Mission Einschaltquote hat den zweiten Tag erreicht. Die angehenden Stars haben momentan Basel, Rapperswil und Schwyz erreicht und g\u00f6nnen sich ein wenig Wellness und Entspannung von der Filmwelt. Nat\u00fcrlich werden &#8230; <a title=\"15.07.2016, Freitag\" class=\"read-more\" href=\"https:\/\/www.jwl.ch\/?p=2161\" aria-label=\"Mehr Informationen \u00fcber 15.07.2016, Freitag\">Weiterlesen<\/a><\/p>\n\t\t\t\t<\/div>\n\n\t\t\t\t\n\t\t\t<\/div>\n\n\t\t\t\t\t\n\t\t\t\n\t\t\t<div id=\"su-post-2163\" class=\"su-post \">\n\n\t\t\t\t\n\t\t\t\t<h2 class=\"su-post-title\"><a href=\"https:\/\/www.jwl.ch\/?p=2163\">16.07.2016, Samstag<\/a><\/h2>\n\n\t\t\t\t<div class=\"su-post-meta\">\n\t\t\t\t\tVer\u00f6ffentlicht: 16. Juli 2016\t\t\t\t<\/div>\n\n\t\t\t\t<div class=\"su-post-excerpt\">\n\t\t\t\t\t<p>Nach dem Wellnesserlebnis im Alpamare und im Aquabasilea geht\u2019s wieder auf den Lagerplatz zur\u00fcck. Dort wartet auch schon die langersehnte Sonne. Warum die Einschaltquoten ausbleiben wird noch zusammengefasst und pr\u00e4sentiert. &#8230; <a title=\"16.07.2016, Samstag\" class=\"read-more\" href=\"https:\/\/www.jwl.ch\/?p=2163\" aria-label=\"Mehr Informationen \u00fcber 16.07.2016, Samstag\">Weiterlesen<\/a><\/p>\n\t\t\t\t<\/div>\n\n\t\t\t\t\n\t\t\t<\/div>\n\n\t\t\t\t\t\n\t\t\t\n\t\t\t<div id=\"su-post-2169\" class=\"su-post \">\n\n\t\t\t\t\n\t\t\t\t<h2 class=\"su-post-title\"><a href=\"https:\/\/www.jwl.ch\/?p=2169\">19.07.2016, Dienstag<\/a><\/h2>\n\n\t\t\t\t<div class=\"su-post-meta\">\n\t\t\t\t\tVer\u00f6ffentlicht: 16. Juli 2016\t\t\t\t<\/div>\n\n\t\t\t\t<div class=\"su-post-excerpt\">\n\t\t\t\t\t<p>04:00 Uhr Die ersten Sendereifen Filme sind geschnitten und bereit ausgestrahlt zu werden. Doch mitten in der Nacht wurden wir mit Knall und Geschrei gnadenlos \u00fcberfallen und unsere \u00dcbermittlungscodes waren &#8230; <a title=\"19.07.2016, Dienstag\" class=\"read-more\" href=\"https:\/\/www.jwl.ch\/?p=2169\" aria-label=\"Mehr Informationen \u00fcber 19.07.2016, Dienstag\">Weiterlesen<\/a><\/p>\n\t\t\t\t<\/div>\n\n\t\t\t\t\n\t\t\t<\/div>\n\n\t\t\t\t\t\n\t\t\t\n\t\t\t<div id=\"su-post-2165\" class=\"su-post \">\n\n\t\t\t\t\n\t\t\t\t<h2 class=\"su-post-title\"><a href=\"https:\/\/www.jwl.ch\/?p=2165\">17.07.2016, Sonntag<\/a><\/h2>\n\n\t\t\t\t<div class=\"su-post-meta\">\n\t\t\t\t\tVer\u00f6ffentlicht: 17. Juli 2016\t\t\t\t<\/div>\n\n\t\t\t\t<div class=\"su-post-excerpt\">\n\t\t\t\t\t<p>Parfum, Kerzchen und kurze R\u00f6cke \u2013 Auch Liebesfilme geh\u00f6ren ins Repertoire eines angehenden Schauspielers. Die h\u00fcbschen \u2013 etwas m\u00e4nnlich angehauchten und seltsam verkleideten \u2013 Schauspielerinnen mussten heute m\u00fchsam f\u00fcr diverse &#8230; <a title=\"17.07.2016, Sonntag\" class=\"read-more\" href=\"https:\/\/www.jwl.ch\/?p=2165\" aria-label=\"Mehr Informationen \u00fcber 17.07.2016, Sonntag\">Weiterlesen<\/a><\/p>\n\t\t\t\t<\/div>\n\n\t\t\t\t\n\t\t\t<\/div>\n\n\t\t\t\t\t\n\t\t\t\n\t\t\t<div id=\"su-post-2167\" class=\"su-post \">\n\n\t\t\t\t\n\t\t\t\t<h2 class=\"su-post-title\"><a href=\"https:\/\/www.jwl.ch\/?p=2167\">18.07.2016, Montag<\/a><\/h2>\n\n\t\t\t\t<div class=\"su-post-meta\">\n\t\t\t\t\tVer\u00f6ffentlicht: 18. Juli 2016\t\t\t\t<\/div>\n\n\t\t\t\t<div class=\"su-post-excerpt\">\n\t\t\t\t\t<p>Die abendliche Tagesschau war im vollem Gange als pl\u00f6tzlich ein ohrenbet\u00e4ubendes Rauschen die Sendung \u00fcbert\u00f6nte und die Leitungen lahmlegte. Wer sabotiert uns? Eine andere Filmcrew? Als w\u00e4re dies nicht genug, &#8230; <a title=\"18.07.2016, Montag\" class=\"read-more\" href=\"https:\/\/www.jwl.ch\/?p=2167\" aria-label=\"Mehr Informationen \u00fcber 18.07.2016, Montag\">Weiterlesen<\/a><\/p>\n\t\t\t\t<\/div>\n\n\t\t\t\t\n\t\t\t<\/div>\n\n\t\t\t\t\t\n\t\t\t\n\t\t\t<div id=\"su-post-2171\" class=\"su-post \">\n\n\t\t\t\t\n\t\t\t\t<h2 class=\"su-post-title\"><a href=\"https:\/\/www.jwl.ch\/?p=2171\">20.07.2016, Mittwoch<\/a><\/h2>\n\n\t\t\t\t<div class=\"su-post-meta\">\n\t\t\t\t\tVer\u00f6ffentlicht: 20. Juli 2016\t\t\t\t<\/div>\n\n\t\t\t\t<div class=\"su-post-excerpt\">\n\t\t\t\t\t<p>Dank unserem Rettungsteam wurde der verschwundene Leiter zur\u00fcckgebracht. Auch das verschollene Filmmaterial wurde aus der gegnerischen Zentrale zur\u00fcckerk\u00e4mpft. Die \u00e4lteste Gruppe hat ein sehr gutes Programm auf die Beine gestellt. &#8230; <a title=\"20.07.2016, Mittwoch\" class=\"read-more\" href=\"https:\/\/www.jwl.ch\/?p=2171\" aria-label=\"Mehr Informationen \u00fcber 20.07.2016, Mittwoch\">Weiterlesen<\/a><\/p>\n\t\t\t\t<\/div>\n\n\t\t\t\t\n\t\t\t<\/div>\n\n\t\t\t\t\t\n\t\t\t\n\t\t\t<div id=\"su-post-2173\" class=\"su-post \">\n\n\t\t\t\t\n\t\t\t\t<h2 class=\"su-post-title\"><a href=\"https:\/\/www.jwl.ch\/?p=2173\">21.07.2016, Donnerstag<\/a><\/h2>\n\n\t\t\t\t<div class=\"su-post-meta\">\n\t\t\t\t\tVer\u00f6ffentlicht: 21. Juli 2016\t\t\t\t<\/div>\n\n\t\t\t\t<div class=\"su-post-excerpt\">\n\t\t\t\t\t<p>Auf den letzten Stufen der Filmstar-Karriereleiter sind weitere atemberaubende Filmprojekte im Gange. Nach einem verdienten Aufenthalt in den Wellnessb\u00e4dern Hollywoods steht dem Fantasy-Tag nichts mehr im Wege: Ritter und Drachen, &#8230; <a title=\"21.07.2016, Donnerstag\" class=\"read-more\" href=\"https:\/\/www.jwl.ch\/?p=2173\" aria-label=\"Mehr Informationen \u00fcber 21.07.2016, Donnerstag\">Weiterlesen<\/a><\/p>\n\t\t\t\t<\/div>\n\n\t\t\t\t\n\t\t\t<\/div>\n\n\t\t\t\t\t\n\t\t\t\n\t\t\t<div id=\"su-post-2175\" class=\"su-post \">\n\n\t\t\t\t\n\t\t\t\t<h2 class=\"su-post-title\"><a href=\"https:\/\/www.jwl.ch\/?p=2175\">22.07.2016, Freitag<\/a><\/h2>\n\n\t\t\t\t<div class=\"su-post-meta\">\n\t\t\t\t\tVer\u00f6ffentlicht: 22. Juli 2016\t\t\t\t<\/div>\n\n\t\t\t\t<div class=\"su-post-excerpt\">\n\t\t\t\t\t<p>Abbauzeit in Hollywood. Unter in nassen Str\u00f6men scheinendem Sonnenschein bauten wir heute unsere Filmstadt ab. Das Lager geht dem Ende zu, die Kinder wurden inzwischen alle zu echten Hollywoodstars ausgezeichnet &#8230; <a title=\"22.07.2016, Freitag\" class=\"read-more\" href=\"https:\/\/www.jwl.ch\/?p=2175\" aria-label=\"Mehr Informationen \u00fcber 22.07.2016, Freitag\">Weiterlesen<\/a><\/p>\n\t\t\t\t<\/div>\n\n\t\t\t\t\n\t\t\t<\/div>\n\n\t\t\t\t\t\n\t\t\t\n\t\t\t<div id=\"su-post-2177\" class=\"su-post \">\n\n\t\t\t\t\n\t\t\t\t<h2 class=\"su-post-title\"><a href=\"https:\/\/www.jwl.ch\/?p=2177\">23.07.2016, Samstag<\/a><\/h2>\n\n\t\t\t\t<div class=\"su-post-meta\">\n\t\t\t\t\tVer\u00f6ffentlicht: 23. Juli 2016\t\t\t\t<\/div>\n\n\t\t\t\t<div class=\"su-post-excerpt\">\n\t\t\t\t\t<p>Zur\u00fcck in Littau. Vierunddreissig frisch erkorene Weltstars haben die Filmschule in Hollywood erfolgreich abgeschlossen und treffen erhobenen Hauptes auf dem Schulhausplatz ein. Jeder wurde zum Weltstar &#8211; und das ist &#8230; <a title=\"23.07.2016, Samstag\" class=\"read-more\" href=\"https:\/\/www.jwl.ch\/?p=2177\" aria-label=\"Mehr Informationen \u00fcber 23.07.2016, Samstag\">Weiterlesen<\/a><\/p>\n\t\t\t\t<\/div>\n\n\t\t\t\t\n\t\t\t<\/div>\n\n\t\t\n\t\n<\/div>\n\n<h2>Lagerlied<\/h2>\n<h3><em>Refrain<\/em><\/h3>\n<div>Vom Tellerw\u00e4scher zom Felmstar<br \/>\nLeg\u00e4ndene w\u00e4rdemer ganz klar<br \/>\nIm Sola zw\u00f6i-null-s\u00e4chz\u00e4h<br \/>\nS esch hammer gseh, musch mer R\u00e4cht g\u00e4<\/div>\n<h3><em>1. Strophe<\/em><\/h3>\n<p>De R\u00e4ge macht \u00fcs n\u00fcd u-us<br \/>\nMer bliibed dooo ond fl\u00f6chted ned is Huus<br \/>\nOnd wemmer weder troche se-end<br \/>\nDe eschs de Flaaave, wo ganz secher spennt<br \/>\nDe Wissi Hai &#8211; ond de Arrow l\u00f6mmer ned ellei<\/p>\n<h3><\/h3>\n<h3><em>Refrain<\/em><\/h3>\n<h3><em>Bridge<\/em><\/h3>\n<p>De W\u00e4g god steil deruf mer g\u00e4nd ned uf<\/p>\n<p>Vom Tellerw\u00e4scher zom Felmstar<br \/>\nLeg\u00e4ndene w\u00e4rdemer ganz klar<\/p>\n<h3><em>2. Strophe<\/em><\/h3>\n<p>Vell F\u00fcflieber ufem Pla-atz<br \/>\nLes sii uuf, s esch secher ned f\u00f6r d Chatz<br \/>\nOnd wenn d\u2019Tagesschau esch verbii<br \/>\nDe los lo sii, med dim St\u00e4rn besch debii<br \/>\nTough Life, geb \u00fcs es High-Five<\/p>\n<h3><em>Refrain\u00a0<\/em><em>(2x)<\/em><\/h3>\n<p>(The Strumbellas, Spirits)<\/p>\n","protected":false},"excerpt":{"rendered":"<p>Lagerplatz Ort:<br \/>\nMotto: &#8222;Vom T\u00e4llerw\u00e4scher zom Milion\u00e4r!&#8220;<br \/>\nLagerleitung:<\/p>\n","protected":false},"author":1,"featured_media":557,"parent":594,"menu_order":0,"comment_status":"closed","ping_status":"closed","template":"","meta":{"footnotes":""},"class_list":["post-1420","page","type-page","status-publish","has-post-thumbnail","hentry"],"aioseo_notices":[],"_links":{"self":[{"href":"https:\/\/www.jwl.ch\/index.php?rest_route=\/wp\/v2\/pages\/1420","targetHints":{"allow":["GET"]}}],"collection":[{"href":"https:\/\/www.jwl.ch\/index.php?rest_route=\/wp\/v2\/pages"}],"about":[{"href":"https:\/\/www.jwl.ch\/index.php?rest_route=\/wp\/v2\/types\/page"}],"author":[{"embeddable":true,"href":"https:\/\/www.jwl.ch\/index.php?rest_route=\/wp\/v2\/users\/1"}],"replies":[{"embeddable":true,"href":"https:\/\/www.jwl.ch\/index.php?rest_route=%2Fwp%2Fv2%2Fcomments&post=1420"}],"version-history":[{"count":11,"href":"https:\/\/www.jwl.ch\/index.php?rest_route=\/wp\/v2\/pages\/1420\/revisions"}],"predecessor-version":[{"id":4003,"href":"https:\/\/www.jwl.ch\/index.php?rest_route=\/wp\/v2\/pages\/1420\/revisions\/4003"}],"up":[{"embeddable":true,"href":"https:\/\/www.jwl.ch\/index.php?rest_route=\/wp\/v2\/pages\/594"}],"wp:featuredmedia":[{"embeddable":true,"href":"https:\/\/www.jwl.ch\/index.php?rest_route=\/wp\/v2\/media\/557"}],"wp:attachment":[{"href":"https:\/\/www.jwl.ch\/index.php?rest_route=%2Fwp%2Fv2%2Fmedia&parent=1420"}],"curies":[{"name":"wp","href":"https:\/\/api.w.org\/{rel}","templated":true}]}}