{"id":121110,"date":"2026-05-07T23:32:14","date_gmt":"2026-05-07T21:32:14","guid":{"rendered":"https:\/\/www.jwl.ch\/?page_id=121110"},"modified":"2026-05-07T23:32:59","modified_gmt":"2026-05-07T21:32:59","slug":"sola-2025","status":"publish","type":"page","link":"https:\/\/www.jwl.ch\/?page_id=121110","title":{"rendered":"SOLA 2026"},"content":{"rendered":"<p><span class=\"fontstyle0\">Dieses Jahr reisen wir gemeinsam nach Oberrickenbach, mitten in eine Welt voller Berge, Wiesen und Abenteuer! Umgeben von der beeindruckenden Natur rund um den Brisen erwartet dich ein Sommerlager voller Spiel, Spass und unvergesslicher Momente. Freu dich auf actionreiche Gel\u00e4ndespiele, spannende Herausforderungen in der Natur und kreative Lagerbauten, bei denen wir gemeinsam anpacken. Am Abend lassen wir den Tag gem\u00fctlich am knisternden Lagerfeuer ausklingen und geniessen die besondere Lagerstimmung.<\/span><\/p>\n<p><span class=\"fontstyle0\">Wenn du noch Fragen hast, helfen dir die Lagerleitung gerne weiter. Weitere Infos sind auch auf der Homepage der beiden Vereinen ersichtlich: <\/span><span class=\"fontstyle2\">jwl.ch &amp; brlittau.ch <\/span><span class=\"fontstyle0\">Am <\/span><span class=\"fontstyle2\">01.05.2026 <\/span><span class=\"fontstyle0\">findet zudem ein Elternabend im Pfarrsaal statt. Dort steht die Lagerleitung f\u00fcr Fragen zur Verf\u00fcgung und informiert \u00fcber weitere Details zum Lager.<\/span><\/p>\n<p><span class=\"fontstyle0\">Das gesamte Leitungsteam freut sich, auch dich im diesj\u00e4hrigen Sommerlager begr\u00fcssen zu d\u00fcrfen und dabei unendlich viel Freude und Spass zu erleben. Wir freuen uns besonders, wenn du auch deine Kollegen und Kolleginnen mitnimmst (m\u00fcssen nicht in der Jungwacht oder im Blauring sein).<\/span><\/p>\n<p><span class=\"fontstyle0\">Der Lagerbeitrag betr\u00e4gt 260 Franken. Falls mehrere Kinder derselben Familie das Sommerlager besuchen, reduziert sich der Betrag auf je 240 Franken. Erziehungsberechtigte, die die Lagerkosten nicht aufbringen k\u00f6nnen, sollen sich bitte mit den Pr\u00e4ses Res Wyler (079 530 13 95) oder Gloria Carraro (077 464 06 18) in Verbindung setzen.<\/span><\/p>\n<p><span class=\"fontstyle0\">Das Lager findet vom <\/span><span class=\"fontstyle2\">Montag 06.07.-18.07.2026 <\/span><span class=\"fontstyle0\">statt. Der Anmeldeschluss ist am <\/span><span class=\"fontstyle2\">11.06.2026. <\/span><span class=\"fontstyle0\">Der Anmeldetalon wirfst du in den Briefkasten der Jungwacht Littau (Gasshofstr. 2, 6014 Luzern).<\/span><\/p>\n<h4><\/h4>\n<h4><strong><span class=\"fontstyle0\">Sommerlager, was ist das?<\/span><\/strong><\/h4>\n<p><span class=\"fontstyle2\">Jeden Sommer verbringen wir zwei unvergessliche Wochen voller Abenteuer, Spiel und Gemeinschaft. Auf unserem liebevoll aufgebauten Lagerplatz mit coolen Bauten, schlafen in Zelten, kochen \u00fcber dem Feuer und erleben jeden Tag neue Highlights.<\/span><\/p>\n<p><a href=\"https:\/\/www.jwl.ch\/wp-content\/uploads\/2026\/05\/Info1_Sola2026.pdf\">Info 1 Sola 2026<\/a><\/p>\n<p><a href=\"https:\/\/www.jwl.ch\/wp-content\/uploads\/2026\/05\/Lageranmeldung-Sommerlager-2026.pdf\">Anmeldung f\u00fcr Sola 2026<\/a><\/p>\n","protected":false},"excerpt":{"rendered":"<p>Dieses Jahr reisen wir gemeinsam nach Oberrickenbach, mitten in eine Welt voller Berge, Wiesen und Abenteuer! Umgeben von der beeindruckenden Natur rund um den Brisen erwartet dich ein Sommerlager voller &#8230; <a title=\"SOLA 2026\" class=\"read-more\" href=\"https:\/\/www.jwl.ch\/?page_id=121110\" aria-label=\"Mehr Informationen \u00fcber SOLA 2026\">Weiterlesen<\/a><\/p>\n","protected":false},"author":12,"featured_media":0,"parent":0,"menu_order":0,"comment_status":"closed","ping_status":"closed","template":"","meta":{"footnotes":""},"class_list":["post-121110","page","type-page","status-publish"],"aioseo_notices":[],"_links":{"self":[{"href":"https:\/\/www.jwl.ch\/index.php?rest_route=\/wp\/v2\/pages\/121110","targetHints":{"allow":["GET"]}}],"collection":[{"href":"https:\/\/www.jwl.ch\/index.php?rest_route=\/wp\/v2\/pages"}],"about":[{"href":"https:\/\/www.jwl.ch\/index.php?rest_route=\/wp\/v2\/types\/page"}],"author":[{"embeddable":true,"href":"https:\/\/www.jwl.ch\/index.php?rest_route=\/wp\/v2\/users\/12"}],"replies":[{"embeddable":true,"href":"https:\/\/www.jwl.ch\/index.php?rest_route=%2Fwp%2Fv2%2Fcomments&post=121110"}],"version-history":[{"count":2,"href":"https:\/\/www.jwl.ch\/index.php?rest_route=\/wp\/v2\/pages\/121110\/revisions"}],"predecessor-version":[{"id":121112,"href":"https:\/\/www.jwl.ch\/index.php?rest_route=\/wp\/v2\/pages\/121110\/revisions\/121112"}],"wp:attachment":[{"href":"https:\/\/www.jwl.ch\/index.php?rest_route=%2Fwp%2Fv2%2Fmedia&parent=121110"}],"curies":[{"name":"wp","href":"https:\/\/api.w.org\/{rel}","templated":true}]}}