{"id":120932,"date":"2025-04-24T10:55:56","date_gmt":"2025-04-24T08:55:56","guid":{"rendered":"https:\/\/www.jwl.ch\/?page_id=120932"},"modified":"2025-07-11T17:09:37","modified_gmt":"2025-07-11T15:09:37","slug":"sola-2025","status":"publish","type":"page","link":"https:\/\/www.jwl.ch\/?page_id=120932","title":{"rendered":"Sola 2025"},"content":{"rendered":"<h2>News aus dem Lager<\/h2>\n\n\n<div class=\"su-posts su-posts-default-loop \">\n\n\t\n\t\t\t\t\t\n\t\t\t\n\t\t\t<div id=\"su-post-121033\" class=\"su-post \">\n\n\t\t\t\t\n\t\t\t\t<h2 class=\"su-post-title\"><a href=\"https:\/\/www.jwl.ch\/?p=121033\">Mittwoch, 16.07.25<\/a><\/h2>\n\n\t\t\t\t<div class=\"su-post-meta\">\n\t\t\t\t\tVer\u00f6ffentlicht: 16. Juli 2025\t\t\t\t<\/div>\n\n\t\t\t\t<div class=\"su-post-excerpt\">\n\t\t\t\t\t<p>Ein Tag voller Wettkampf Spannung und wohlverdienter Ruhe Heute ging es bei uns im Lager um Macht Mut und die Frage wer bei uns das Sagen hat Dabei wurde nicht &#8230; <a title=\"Mittwoch, 16.07.25\" class=\"read-more\" href=\"https:\/\/www.jwl.ch\/?p=121033\" aria-label=\"Mehr Informationen \u00fcber Mittwoch, 16.07.25\">Weiterlesen<\/a><\/p>\n\t\t\t\t<\/div>\n\n\t\t\t\t\n\t\t\t<\/div>\n\n\t\t\t\t\t\n\t\t\t\n\t\t\t<div id=\"su-post-121024\" class=\"su-post \">\n\n\t\t\t\t\n\t\t\t\t<h2 class=\"su-post-title\"><a href=\"https:\/\/www.jwl.ch\/?p=121024\">Dienstag, 15.07.25<\/a><\/h2>\n\n\t\t\t\t<div class=\"su-post-meta\">\n\t\t\t\t\tVer\u00f6ffentlicht: 15. Juli 2025\t\t\t\t<\/div>\n\n\t\t\t\t<div class=\"su-post-excerpt\">\n\t\t\t\t\t<p>Ein Schatz ein Abenteuer und ein wohlverdienter freier Abend Nach dem Mittagessen machten wir uns heute bereit um einer besonderen Spur zu folgen Schatzmeister Manuel hatte den Teilnehmenden Hinweise hinterlassen &#8230; <a title=\"Dienstag, 15.07.25\" class=\"read-more\" href=\"https:\/\/www.jwl.ch\/?p=121024\" aria-label=\"Mehr Informationen \u00fcber Dienstag, 15.07.25\">Weiterlesen<\/a><\/p>\n\t\t\t\t<\/div>\n\n\t\t\t\t\n\t\t\t<\/div>\n\n\t\t\t\t\t\n\t\t\t\n\t\t\t<div id=\"su-post-121017\" class=\"su-post \">\n\n\t\t\t\t\n\t\t\t\t<h2 class=\"su-post-title\"><a href=\"https:\/\/www.jwl.ch\/?p=121017\">Montag, 14.07.25<\/a><\/h2>\n\n\t\t\t\t<div class=\"su-post-meta\">\n\t\t\t\t\tVer\u00f6ffentlicht: 15. Juli 2025\t\t\t\t<\/div>\n\n\t\t\t\t<div class=\"su-post-excerpt\">\n\t\t\t\t\t<p>Ein Tag zwischen Spiel Spass und mutigen Heldentaten Heute war im Lager wieder einiges los mit viel Bewegung Kreativit\u00e4t und einem kleinen Schreckmoment der uns viel beigebracht hat Am Vormittag &#8230; <a title=\"Montag, 14.07.25\" class=\"read-more\" href=\"https:\/\/www.jwl.ch\/?p=121017\" aria-label=\"Mehr Informationen \u00fcber Montag, 14.07.25\">Weiterlesen<\/a><\/p>\n\t\t\t\t<\/div>\n\n\t\t\t\t\n\t\t\t<\/div>\n\n\t\t\t\t\t\n\t\t\t\n\t\t\t<div id=\"su-post-120998\" class=\"su-post \">\n\n\t\t\t\t\n\t\t\t\t<h2 class=\"su-post-title\"><a href=\"https:\/\/www.jwl.ch\/?p=120998\">Sonntag, 13.07.25<\/a><\/h2>\n\n\t\t\t\t<div class=\"su-post-meta\">\n\t\t\t\t\tVer\u00f6ffentlicht: 13. Juli 2025\t\t\t\t<\/div>\n\n\t\t\t\t<div class=\"su-post-excerpt\">\n\t\t\t\t\t<p>Das Ende einer Herrschaft ein Tag voller Gerechtigkeit Freude und Lagerfeuer Heute ging im Lager eine grosse Geschichte zu Ende und eine neue begann. Am Mittag kehrten die Leiter triumphierend &#8230; <a title=\"Sonntag, 13.07.25\" class=\"read-more\" href=\"https:\/\/www.jwl.ch\/?p=120998\" aria-label=\"Mehr Informationen \u00fcber Sonntag, 13.07.25\">Weiterlesen<\/a><\/p>\n\t\t\t\t<\/div>\n\n\t\t\t\t\n\t\t\t<\/div>\n\n\t\t\t\t\t\n\t\t\t\n\t\t\t<div id=\"su-post-120996\" class=\"su-post \">\n\n\t\t\t\t\n\t\t\t\t<h2 class=\"su-post-title\"><a href=\"https:\/\/www.jwl.ch\/?p=120996\">Samstag, 12.07.25<\/a><\/h2>\n\n\t\t\t\t<div class=\"su-post-meta\">\n\t\t\t\t\tVer\u00f6ffentlicht: 12. Juli 2025\t\t\t\t<\/div>\n\n\t\t\t\t<div class=\"su-post-excerpt\">\n\t\t\t\t\t<p>&nbsp; Drama im K\u00f6nigreich, ein ereignisreicher Tag im Lager Was f\u00fcr ein Tag im Lager! Heute wurde es dramatisch, aufregend und mutig zugleich, ein echtes Abenteuer f\u00fcr Gross und Klein. &#8230; <a title=\"Samstag, 12.07.25\" class=\"read-more\" href=\"https:\/\/www.jwl.ch\/?p=120996\" aria-label=\"Mehr Informationen \u00fcber Samstag, 12.07.25\">Weiterlesen<\/a><\/p>\n\t\t\t\t<\/div>\n\n\t\t\t\t\n\t\t\t<\/div>\n\n\t\t\t\t\t\n\t\t\t\n\t\t\t<div id=\"su-post-120964\" class=\"su-post \">\n\n\t\t\t\t\n\t\t\t\t<h2 class=\"su-post-title\"><a href=\"https:\/\/www.jwl.ch\/?p=120964\">Freitag, 11.07.25<\/a><\/h2>\n\n\t\t\t\t<div class=\"su-post-meta\">\n\t\t\t\t\tVer\u00f6ffentlicht: 12. Juli 2025\t\t\t\t<\/div>\n\n\t\t\t\t<div class=\"su-post-excerpt\">\n\t\t\t\t\t<p>Kreative K\u00f6pfe, mutige Ritter und ein k\u00f6nigliches Spielturnier, ein Tag voller Erlebnisse im Lager. Auch heute war bei uns im Lager wieder einiges los voller Abenteuer und guter Laune. LP &#8230; <a title=\"Freitag, 11.07.25\" class=\"read-more\" href=\"https:\/\/www.jwl.ch\/?p=120964\" aria-label=\"Mehr Informationen \u00fcber Freitag, 11.07.25\">Weiterlesen<\/a><\/p>\n\t\t\t\t<\/div>\n\n\t\t\t\t\n\t\t\t<\/div>\n\n\t\t\t\t\t\n\t\t\t\n\t\t\t<div id=\"su-post-120955\" class=\"su-post \">\n\n\t\t\t\t\n\t\t\t\t<h2 class=\"su-post-title\"><a href=\"https:\/\/www.jwl.ch\/?p=120955\">Donnerstag, 10.07.25<\/a><\/h2>\n\n\t\t\t\t<div class=\"su-post-meta\">\n\t\t\t\t\tVer\u00f6ffentlicht: 10. Juli 2025\t\t\t\t<\/div>\n\n\t\t\t\t<div class=\"su-post-excerpt\">\n\t\t\t\t\t<p>Abenteuerlicher Nachmittag bei den Lagergruppen Am heutigen Nachmittag erlebten unsere Gruppen spannende und abwechslungsreiche Abenteuer. V\u00f6lki: Hat ein Preisgeld erhalten, um ein eigenes Reich aufzubauen. Mit viel Kreativit\u00e4t und Begeisterung &#8230; <a title=\"Donnerstag, 10.07.25\" class=\"read-more\" href=\"https:\/\/www.jwl.ch\/?p=120955\" aria-label=\"Mehr Informationen \u00fcber Donnerstag, 10.07.25\">Weiterlesen<\/a><\/p>\n\t\t\t\t<\/div>\n\n\t\t\t\t\n\t\t\t<\/div>\n\n\t\t\t\t\t\n\t\t\t\n\t\t\t<div id=\"su-post-120950\" class=\"su-post \">\n\n\t\t\t\t\n\t\t\t\t<h2 class=\"su-post-title\"><a href=\"https:\/\/www.jwl.ch\/?p=120950\">Mittwoch, 09.07.2025<\/a><\/h2>\n\n\t\t\t\t<div class=\"su-post-meta\">\n\t\t\t\t\tVer\u00f6ffentlicht: 9. Juli 2025\t\t\t\t<\/div>\n\n\t\t\t\t<div class=\"su-post-excerpt\">\n\t\t\t\t\t<p>\ud83c\udff0 Von Gru\u00df, Gerechtigkeit und gro\u00dfen Wegen \u2013 Unser Weg mit Tell Am Montag begann alles ganz harmlos \u2013 mit einem simplen Gru\u00df, der nicht gemacht wurde.Wilhelm Tell weigerte sich, &#8230; <a title=\"Mittwoch, 09.07.2025\" class=\"read-more\" href=\"https:\/\/www.jwl.ch\/?p=120950\" aria-label=\"Mehr Informationen \u00fcber Mittwoch, 09.07.2025\">Weiterlesen<\/a><\/p>\n\t\t\t\t<\/div>\n\n\t\t\t\t\n\t\t\t<\/div>\n\n\t\t\n\t\n<\/div>\n\n<h2>Alles wichtige zum Sommerlager<\/h2>\n<div class=\"su-tabs su-tabs-style-default su-tabs-mobile-stack su-tabs-vertical\" data-active=\"1\" data-scroll-offset=\"0\" data-anchor-in-url=\"no\"><div class=\"su-tabs-nav\"><span class=\"\" data-url=\"\" data-target=\"blank\" tabindex=\"0\" role=\"button\">Anmelden<\/span><span class=\"\" data-url=\"\" data-target=\"blank\" tabindex=\"0\" role=\"button\">Eckdaten<\/span><span class=\"\" data-url=\"\" data-target=\"blank\" tabindex=\"0\" role=\"button\">Mitmachen<\/span><span class=\"\" data-url=\"\" data-target=\"blank\" tabindex=\"0\" role=\"button\">Elternabend<\/span><span class=\"\" data-url=\"\" data-target=\"blank\" tabindex=\"0\" role=\"button\">Sommerlager - was ist das?<\/span><span class=\"\" data-url=\"\" data-target=\"blank\" tabindex=\"0\" role=\"button\">Kosten<\/span><span class=\"\" data-url=\"\" data-target=\"blank\" tabindex=\"0\" role=\"button\">Motto<\/span><span class=\"\" data-url=\"\" data-target=\"blank\" tabindex=\"0\" role=\"button\">Fragen<\/span><span class=\"\" data-url=\"\" data-target=\"blank\" tabindex=\"0\" role=\"button\">Vortrupp - f\u00fcr Ehemalige<\/span><\/div><div class=\"su-tabs-panes\"><div class=\"su-tabs-pane su-u-clearfix su-u-trim\" data-title=\"Anmelden\">Die Anmeldung findest du <a href=\"https:\/\/www.jwl.ch\/wp-content\/uploads\/2025\/04\/Info-1-Sola-2025_v4.pdf\">hier im Info 1.<\/a><\/p>\n<p>Werfe sie bis am 7. Juni 2025 in unseren Briefkasten (Jungwacht Littau, Gasshofstr. 2, 6014 Luzern).<\/div>\n<div class=\"su-tabs-pane su-u-clearfix su-u-trim\" data-title=\"Eckdaten\">Unser Sommerlager findet vom <strong>Montag 7. bis Samstag 19.07.2025 <\/strong>in K\u00fcssnacht am Rigi statt.<\/div>\n<div class=\"su-tabs-pane su-u-clearfix su-u-trim\" data-title=\"Mitmachen\"><strong>Jeder Knabe ab der 2. Klasse darf mitkommen.<\/strong> Man muss nicht in der Jungwacht sein, um mit ins Lager zu kommen.<\/div>\n<div class=\"su-tabs-pane su-u-clearfix su-u-trim\" data-title=\"Elternabend\">Am 4. Juni um 19.00 Uhr wird ein Informationsabend f\u00fcr die Eltern im Pfarrsaal stattfinden. Dieser Abend wird besonders empfohlen, wenn das Kind zum ersten Mal ein Sommerlager bei uns besucht. Seid ihr noch unentschlossen? Kommt vorbei . Wir helfen gerne weiter.<\/div>\n<div class=\"su-tabs-pane su-u-clearfix su-u-trim\" data-title=\"Sommerlager - was ist das?\">Die Jungwacht Littau verbringt jedes Jahr zwei unvergessliche Wochen zu Beginn der Sommerferien. Auf einem Lagerplatz mit gro\u00dfartigen Bauten werden wir zelten und diverse Aktivit\u00e4ten wie Spielturniere, Gel\u00e4ndespiele und Ateliers machen.<\/p>\n<p>Meistens gibt es am Morgen, Nachmittag und am Abend ein obligatorisches Programm \u00e0 2 \u2013 3 Stunden. Wir legen Wert auf ein abwechslungsreiches Programm und machen verschiedene Sportarten, so dass f\u00fcr jeden was dabei ist. Manchmal sitzen wir am Abend zusammen am w\u00e4rmenden Lagerfeuer und singen Lieder. Auch w\u00e4hrend der Freizeit k\u00f6nnen die Kinder zusammen mit Leitungspersonen spielen, werken und eigene Projekte umsetzen (z.B. Bauten versch\u00f6nern, eigenes Schuhregal bauen\u2026).<\/p>\n<p>F\u00fcr drei Tage verlassen wir in kleineren Gruppen den Lagerplatz und gehen z.B. wandern. Dabei gibt es jeweils ein Highlight wie z.B. eine Badi oder ein Seilpark.<\/p>\n<p>\u00dcber das ganze Lager hinweg gibt es eine Geschichte (Motto), welche jedes Lager einzigartig macht. Das Motto wird ins Lagerprogramm integriert und es gibt jeweils einen speziellen Mottobau (z.B. Leuchtturm bei Fisherman\u2019s Friend).<\/p>\n<p>Neben einem Fr\u00fchst\u00fcck, Mittag- und Abendessen (meist zwei warme Mahlzeiten pro Tag) gibt es auch leckere Zwischenverpflegungen wie z.B. Wassermelonen an einem warmen Nachmittag.<\/p>\n<p>Unter der Leitung von jungen Erwachsenen und Jugendlichen so wie unserem Pr\u00e4ses ist f\u00fcr viel Spass, Freude und unvergessliche Momente gesorgt!<\/p>\n<p>Unterst\u00fctzt werden wir dabei unteranderem durch Jugend+Sport (J+S). Ein Coach von J+S kontrolliert unser Lagerprogramm und die Leitungspersonen absolvieren spezielle Ausbildungskurse, so dass jederzeit f\u00fcr eine angemessene Sicherheit gesorgt ist.<\/div>\n<div class=\"su-tabs-pane su-u-clearfix su-u-trim\" data-title=\"Kosten\">Der Lagerbeitrag betr\u00e4gt <strong>260 Franken<\/strong>. Falls mehrere Kinder derselben Familie das Sommerlager besuchen (auch beim Blauring), reduziert sich der Beitrag auf je 240 Franken.<\/p>\n<p>Dabei sein auch mit wenig Geld: Wir sind Partner der <strong>KulturLegi<\/strong>, somit erhalten Kinder und Jugendlichen, die im Besitz der KulturLegi sind, <strong>70% Rabatt.<\/strong> Dabei zahlt ihr bei uns den vollen Lagerbeitrag und erhaltet dann von der Stiftung pro jungwacht blauring unter Angabe der KulturLegi und einer Anmeldebest\u00e4tigung 70% der Lagerkosten zur\u00fcck. Entsprechend erfahren wir selber nicht, wer ein begrenztes Budget hat (wird vertraulich behandelt).\u00a0 <a href=\"http:\/\/www.jubla.ch\/kulturlegi\">Weitere Infos<\/a> und bei Fragen steht die Lagerleitung gerne zur Verf\u00fcgung.<\/p>\n<p>Solltet ihr trotzdem die Lagerkosten nicht aufbringen k\u00f6nnen, meldet euch bitte beim <strong>Pr\u00e4ses Res Wyler<\/strong> (079\u2018530\u201813\u201995). Dann kann auch die Kirche einen Teil der Kosten \u00fcbernehmen.<\/p>\n<p>Solltet ihr nicht geeignete Ausr\u00fcstung wie Schlafsack und Isomatte besitzen und k\u00f6nnte euch aus finanziellen Gr\u00fcnden diese nicht anschaffen, so meldet euch ebenfalls bei unserem <strong>Pr\u00e4ses Res Wyler<\/strong> (079\u2018530\u201813\u201995), meist kann dies von anderen ausgelehnt werden.<\/div>\n<div class=\"su-tabs-pane su-u-clearfix su-u-trim\" data-title=\"Motto\">Unser diesj\u00e4hriges Motto ist &#8222;Auf den Spuren von Wilhelm Tell &#8211; die Jungwacht Littau erhebt sich.&#8220;<\/p>\n<p>Weitere Informationen dazu findest du im <a href=\"https:\/\/www.jwl.ch\/wp-content\/uploads\/2025\/04\/Info-1-Sola-2025_v4.pdf\">Info 1<\/a>.<\/div>\n<div class=\"su-tabs-pane su-u-clearfix su-u-trim\" data-title=\"Fragen\">Wenn ihr noch Fragen habt, so k\u00f6nnt ihr diese am Infoabend stellen oder gerne auch direkt bei der Lagerleitung:<\/p>\n<p><a href=\"mailto:bryanrenggli@gmail.com\">Bryan Renggli<\/a> 078 965 77 00<\/p>\n<p><a href=\"mailto:andresmartinellijwl@gmail.com\">Andres Martinelli<\/a> 078 212 21 72<\/div>\n<div class=\"su-tabs-pane su-u-clearfix su-u-trim\" data-title=\"Vortrupp - f\u00fcr Ehemalige\">Jedes Jahr werden wir beim Lageraufbau durch ehemalige Leitungspersonen unterst\u00fctzt. Entsprechend sind wir f\u00fcr jede Hilfe dankbar:<\/p>\n<p>Im Eiltempo geht es auch dieses Jahr auf das n\u00e4chste Sommerlager zu. Deshalb m\u00f6chten wir euch wieder um eure tatkr\u00e4ftige Unterst\u00fctzung w\u00e4hrend dem Vortrupp bitten. Dieses Jahr findet der Vortrupp vom 3. Juli bis 6. Juli statt. Daf\u00fcr findet ihr durch folgenden Link die Anmeldung \u00fcber Google Forms (Teilnahme?, Auto?, Baustelle?) und k\u00f6nnt dort auch das braune Fleece\/Shirt f\u00fcr den Vortrupp bestellen. Dieses Jahr findet das Lager etwas n\u00e4hren, genauer gesagt in K\u00fcssnacht am Rigi statt. Gerne d\u00fcrft ihr diese Infos auch an weitere Ehemaligen senden. Wir freuen uns \u00fcber jede Hilfe!<\/div><\/div><\/div>\n<p>&nbsp;<\/p>\n<p>Neugierig? Hier haben wir einen kurzen Zusammenschnitt aus einem Sommerlager, so kannst du dir ein Bild davon machen:<\/p>\n<div class=\"su-youtube su-u-responsive-media-yes\"><iframe loading=\"lazy\" width=\"800\" height=\"400\" src=\"https:\/\/www.youtube.com\/embed\/r5O5oLXEoRM?\" frameborder=\"0\" allowfullscreen allow=\"autoplay; encrypted-media; picture-in-picture\" title=\"\"><\/iframe><\/div>\n","protected":false},"excerpt":{"rendered":"<p>News aus dem Lager Alles wichtige zum Sommerlager &nbsp; Neugierig? Hier haben wir einen kurzen Zusammenschnitt aus einem Sommerlager, so kannst du dir ein Bild davon machen:<\/p>\n","protected":false},"author":3,"featured_media":0,"parent":1644,"menu_order":0,"comment_status":"closed","ping_status":"closed","template":"","meta":{"footnotes":""},"class_list":["post-120932","page","type-page","status-publish","hentry"],"aioseo_notices":[],"_links":{"self":[{"href":"https:\/\/www.jwl.ch\/index.php?rest_route=\/wp\/v2\/pages\/120932","targetHints":{"allow":["GET"]}}],"collection":[{"href":"https:\/\/www.jwl.ch\/index.php?rest_route=\/wp\/v2\/pages"}],"about":[{"href":"https:\/\/www.jwl.ch\/index.php?rest_route=\/wp\/v2\/types\/page"}],"author":[{"embeddable":true,"href":"https:\/\/www.jwl.ch\/index.php?rest_route=\/wp\/v2\/users\/3"}],"replies":[{"embeddable":true,"href":"https:\/\/www.jwl.ch\/index.php?rest_route=%2Fwp%2Fv2%2Fcomments&post=120932"}],"version-history":[{"count":5,"href":"https:\/\/www.jwl.ch\/index.php?rest_route=\/wp\/v2\/pages\/120932\/revisions"}],"predecessor-version":[{"id":120962,"href":"https:\/\/www.jwl.ch\/index.php?rest_route=\/wp\/v2\/pages\/120932\/revisions\/120962"}],"up":[{"embeddable":true,"href":"https:\/\/www.jwl.ch\/index.php?rest_route=\/wp\/v2\/pages\/1644"}],"wp:attachment":[{"href":"https:\/\/www.jwl.ch\/index.php?rest_route=%2Fwp%2Fv2%2Fmedia&parent=120932"}],"curies":[{"name":"wp","href":"https:\/\/api.w.org\/{rel}","templated":true}]}}