{"id":120602,"date":"2024-04-25T09:51:59","date_gmt":"2024-04-25T07:51:59","guid":{"rendered":"https:\/\/www.jwl.ch\/?page_id=120602"},"modified":"2024-07-21T20:22:40","modified_gmt":"2024-07-21T18:22:40","slug":"sommerlager-2024","status":"publish","type":"page","link":"https:\/\/www.jwl.ch\/?page_id=120602","title":{"rendered":"Sola 2024"},"content":{"rendered":"<h2>News aus dem Lager<\/h2>\n\n\n<div class=\"su-posts su-posts-default-loop \">\n\n\t\n\t\t\t\t\t\n\t\t\t\n\t\t\t<div id=\"su-post-120715\" class=\"su-post \">\n\n\t\t\t\t\n\t\t\t\t<h2 class=\"su-post-title\"><a href=\"https:\/\/www.jwl.ch\/?p=120715\">Dienstag, 16.07.2024<\/a><\/h2>\n\n\t\t\t\t<div class=\"su-post-meta\">\n\t\t\t\t\tVer\u00f6ffentlicht: 16. Juli 2024\t\t\t\t<\/div>\n\n\t\t\t\t<div class=\"su-post-excerpt\">\n\t\t\t\t\t<p>Da der Ingenieur von uns eine immense Summe f\u00fcr das Reparieren unserer Zeitmaschine verlangte, mussten wir aus dem Jahr 2034 fliehen und sind im Mafia-Lager 2012 gelandet. Empfangen wurden wir &#8230; <a title=\"Dienstag, 16.07.2024\" class=\"read-more\" href=\"https:\/\/www.jwl.ch\/?p=120715\" aria-label=\"Mehr Informationen \u00fcber Dienstag, 16.07.2024\">Weiterlesen<\/a><\/p>\n\t\t\t\t<\/div>\n\n\t\t\t\t\n\t\t\t<\/div>\n\n\t\t\t\t\t\n\t\t\t\n\t\t\t<div id=\"su-post-120714\" class=\"su-post \">\n\n\t\t\t\t\n\t\t\t\t<h2 class=\"su-post-title\"><a href=\"https:\/\/www.jwl.ch\/?p=120714\">Montag, 15.07.2024<\/a><\/h2>\n\n\t\t\t\t<div class=\"su-post-meta\">\n\t\t\t\t\tVer\u00f6ffentlicht: 15. Juli 2024\t\t\t\t<\/div>\n\n\t\t\t\t<div class=\"su-post-excerpt\">\n\t\t\t\t\t<p>Nach einem lehrreichen Pioniertechnikblock stiegen wir wieder in unsere Zeitmaschine, um das n\u00e4chste Abenteuer anzutreten. Doch dieses Mal funktionierte nicht alles wie gewohnt. Der Bildschirm der Zeitmaschine zeigte einen Error &#8230; <a title=\"Montag, 15.07.2024\" class=\"read-more\" href=\"https:\/\/www.jwl.ch\/?p=120714\" aria-label=\"Mehr Informationen \u00fcber Montag, 15.07.2024\">Weiterlesen<\/a><\/p>\n\t\t\t\t<\/div>\n\n\t\t\t\t\n\t\t\t<\/div>\n\n\t\t\t\t\t\n\t\t\t\n\t\t\t<div id=\"su-post-120713\" class=\"su-post \">\n\n\t\t\t\t\n\t\t\t\t<h2 class=\"su-post-title\"><a href=\"https:\/\/www.jwl.ch\/?p=120713\">Sonntag, 14.07.2024<\/a><\/h2>\n\n\t\t\t\t<div class=\"su-post-meta\">\n\t\t\t\t\tVer\u00f6ffentlicht: 14. Juli 2024\t\t\t\t<\/div>\n\n\t\t\t\t<div class=\"su-post-excerpt\">\n\t\t\t\t\t<p>Noch gestern sp\u00e4t am Abend stiegen wir in unsere Zeitmaschine und reisten zur\u00fcck ins Sommerlager 2014 \u2013 Herr der Ringe. Gandalf, die Elben und die Hobbits haben uns freudig begr\u00fcsst, &#8230; <a title=\"Sonntag, 14.07.2024\" class=\"read-more\" href=\"https:\/\/www.jwl.ch\/?p=120713\" aria-label=\"Mehr Informationen \u00fcber Sonntag, 14.07.2024\">Weiterlesen<\/a><\/p>\n\t\t\t\t<\/div>\n\n\t\t\t\t\n\t\t\t<\/div>\n\n\t\t\t\t\t\n\t\t\t\n\t\t\t<div id=\"su-post-120709\" class=\"su-post \">\n\n\t\t\t\t\n\t\t\t\t<h2 class=\"su-post-title\"><a href=\"https:\/\/www.jwl.ch\/?p=120709\">Samstag, 13.07.2024<\/a><\/h2>\n\n\t\t\t\t<div class=\"su-post-meta\">\n\t\t\t\t\tVer\u00f6ffentlicht: 13. Juli 2024\t\t\t\t<\/div>\n\n\t\t\t\t<div class=\"su-post-excerpt\">\n\t\t\t\t\t<p>Heute Morgen reisten wir zu den Piraten ins Sola 2015. Da wir damals den Totenkopf aus der Schatzkiste stibitzten, wurde Blackbeards Fluch freigesetzt. Zum Gl\u00fcck konnten wir ihn wieder an &#8230; <a title=\"Samstag, 13.07.2024\" class=\"read-more\" href=\"https:\/\/www.jwl.ch\/?p=120709\" aria-label=\"Mehr Informationen \u00fcber Samstag, 13.07.2024\">Weiterlesen<\/a><\/p>\n\t\t\t\t<\/div>\n\n\t\t\t\t\n\t\t\t<\/div>\n\n\t\t\t\t\t\n\t\t\t\n\t\t\t<div id=\"su-post-120706\" class=\"su-post \">\n\n\t\t\t\t\n\t\t\t\t<h2 class=\"su-post-title\"><a href=\"https:\/\/www.jwl.ch\/?p=120706\">Freitag, 12.07.2024<\/a><\/h2>\n\n\t\t\t\t<div class=\"su-post-meta\">\n\t\t\t\t\tVer\u00f6ffentlicht: 12. Juli 2024\t\t\t\t<\/div>\n\n\t\t\t\t<div class=\"su-post-excerpt\">\n\t\t\t\t\t<p>Nach dem ersten Tag kehrten die beiden j\u00fcngeren Gruppe von der Suche nach Hannibals Heer zur\u00fcck, da nur die \u00c4ltesten eine F\u00e4hrte entdeckt haben. Werden auch diese Spuren ins nichts &#8230; <a title=\"Freitag, 12.07.2024\" class=\"read-more\" href=\"https:\/\/www.jwl.ch\/?p=120706\" aria-label=\"Mehr Informationen \u00fcber Freitag, 12.07.2024\">Weiterlesen<\/a><\/p>\n\t\t\t\t<\/div>\n\n\t\t\t\t\n\t\t\t<\/div>\n\n\t\t\t\t\t\n\t\t\t\n\t\t\t<div id=\"su-post-120703\" class=\"su-post \">\n\n\t\t\t\t\n\t\t\t\t<h2 class=\"su-post-title\"><a href=\"https:\/\/www.jwl.ch\/?p=120703\">Donnerstag, 11.07.2024<\/a><\/h2>\n\n\t\t\t\t<div class=\"su-post-meta\">\n\t\t\t\t\tVer\u00f6ffentlicht: 11. Juli 2024\t\t\t\t<\/div>\n\n\t\t\t\t<div class=\"su-post-excerpt\">\n\t\t\t\t\t<p>Gestern Abend reisten wir mit unserer Zeitmaschine zur\u00fcck zu de R\u00f6mern im KaLa 2010. Dort trafen wir nur zwei verwirrte R\u00f6mer an, die uns berichteten, dass Hannibal schon lange mit &#8230; <a title=\"Donnerstag, 11.07.2024\" class=\"read-more\" href=\"https:\/\/www.jwl.ch\/?p=120703\" aria-label=\"Mehr Informationen \u00fcber Donnerstag, 11.07.2024\">Weiterlesen<\/a><\/p>\n\t\t\t\t<\/div>\n\n\t\t\t\t\n\t\t\t<\/div>\n\n\t\t\t\t\t\n\t\t\t\n\t\t\t<div id=\"su-post-120701\" class=\"su-post \">\n\n\t\t\t\t\n\t\t\t\t<h2 class=\"su-post-title\"><a href=\"https:\/\/www.jwl.ch\/?p=120701\">Mittwoch, 10.07.2024<\/a><\/h2>\n\n\t\t\t\t<div class=\"su-post-meta\">\n\t\t\t\t\tVer\u00f6ffentlicht: 11. Juli 2024\t\t\t\t<\/div>\n\n\t\t\t\t<div class=\"su-post-excerpt\">\n\t\t\t\t\t<p>Fr\u00fch am Morgen mussten wir in unsere Zeitmaschine steigen und reisten zur\u00fcck in die Vergangenheit ins Jahr 2017 zu Sherlock Holmes. Ohne seine Luppe die wir in unserer Zeitkapsel \u00fcber &#8230; <a title=\"Mittwoch, 10.07.2024\" class=\"read-more\" href=\"https:\/\/www.jwl.ch\/?p=120701\" aria-label=\"Mehr Informationen \u00fcber Mittwoch, 10.07.2024\">Weiterlesen<\/a><\/p>\n\t\t\t\t<\/div>\n\n\t\t\t\t\n\t\t\t<\/div>\n\n\t\t\t\t\t\n\t\t\t\n\t\t\t<div id=\"su-post-120695\" class=\"su-post \">\n\n\t\t\t\t\n\t\t\t\t<h2 class=\"su-post-title\"><a href=\"https:\/\/www.jwl.ch\/?p=120695\">SOLA 24, Dienstag 09.07.2024<\/a><\/h2>\n\n\t\t\t\t<div class=\"su-post-meta\">\n\t\t\t\t\tVer\u00f6ffentlicht: 9. Juli 2024\t\t\t\t<\/div>\n\n\t\t\t\t<div class=\"su-post-excerpt\">\n\t\t\t\t\t<p>Zum zweiten Mal reisten wir heute mit unserer Zeitmaschine durch die Zeit. Wir verabschiedeten uns von den Galliern und reisten zur\u00fcck ins Jahr 2019 in das Lager der roten Bruderschaft. &#8230; <a title=\"SOLA 24, Dienstag 09.07.2024\" class=\"read-more\" href=\"https:\/\/www.jwl.ch\/?p=120695\" aria-label=\"Mehr Informationen \u00fcber SOLA 24, Dienstag 09.07.2024\">Weiterlesen<\/a><\/p>\n\t\t\t\t<\/div>\n\n\t\t\t\t\n\t\t\t<\/div>\n\n\t\t\t\t\t\n\t\t\t\n\t\t\t<div id=\"su-post-120692\" class=\"su-post \">\n\n\t\t\t\t\n\t\t\t\t<h2 class=\"su-post-title\"><a href=\"https:\/\/www.jwl.ch\/?p=120692\">SOLA 24, Montag 08.07.2024<\/a><\/h2>\n\n\t\t\t\t<div class=\"su-post-meta\">\n\t\t\t\t\tVer\u00f6ffentlicht: 9. Juli 2024\t\t\t\t<\/div>\n\n\t\t\t\t<div class=\"su-post-excerpt\">\n\t\t\t\t\t<p>Unser Jubil\u00e4umslager startete mit einer Zeitreise im Car. Als wir auf dem Lagerplatz ankamen, befanden wir uns im Jahr 2022. Da wir ihr Zaubertrankkessel in unserer Zeitkapsel hatten, konnten sie &#8230; <a title=\"SOLA 24, Montag 08.07.2024\" class=\"read-more\" href=\"https:\/\/www.jwl.ch\/?p=120692\" aria-label=\"Mehr Informationen \u00fcber SOLA 24, Montag 08.07.2024\">Weiterlesen<\/a><\/p>\n\t\t\t\t<\/div>\n\n\t\t\t\t\n\t\t\t<\/div>\n\n\t\t\n\t\n<\/div>\n\n<h2>Lageradresse<\/h2>\n<p>Die Kinder freuen sich meist \u00fcber einen Brief von den Eltern, Verwandten und Freunden. Unsere Lageradresse lautet wie folgt:<\/p>\n<p>Stefan Weber<br \/>\nz.H. Jungwacht Littau<br \/>\nVorname Name <em>(vom Kind)<\/em><br \/>\nBittwilstrasse 10<br \/>\n3365 Grasswil<\/p>\n<h2>Alles wichtige zum Sommerlager<\/h2>\n<div class=\"su-tabs su-tabs-style-default su-tabs-mobile-stack su-tabs-vertical\" data-active=\"1\" data-scroll-offset=\"0\" data-anchor-in-url=\"no\"><div class=\"su-tabs-nav\"><span class=\"\" data-url=\"\" data-target=\"blank\" tabindex=\"0\" role=\"button\">Anmelden<\/span><span class=\"\" data-url=\"\" data-target=\"blank\" tabindex=\"0\" role=\"button\">Eckdaten<\/span><span class=\"\" data-url=\"\" data-target=\"blank\" tabindex=\"0\" role=\"button\">Mitmachen<\/span><span class=\"\" data-url=\"\" data-target=\"blank\" tabindex=\"0\" role=\"button\">Elternabend<\/span><span class=\"\" data-url=\"\" data-target=\"blank\" tabindex=\"0\" role=\"button\">Sommerlager - was ist das?<\/span><span class=\"\" data-url=\"\" data-target=\"blank\" tabindex=\"0\" role=\"button\">Kosten<\/span><span class=\"\" data-url=\"\" data-target=\"blank\" tabindex=\"0\" role=\"button\">Motto<\/span><span class=\"\" data-url=\"\" data-target=\"blank\" tabindex=\"0\" role=\"button\">Fragen<\/span><span class=\"\" data-url=\"\" data-target=\"blank\" tabindex=\"0\" role=\"button\">Vortrupp - f\u00fcr Ehemalige<\/span><\/div><div class=\"su-tabs-panes\"><div class=\"su-tabs-pane su-u-clearfix su-u-trim\" data-title=\"Anmelden\">Die Anmeldung findest du <a href=\"https:\/\/www.jwl.ch\/wp-content\/uploads\/2024\/04\/Info-1-Sola-2024.pdf\">hier im Info 1.<\/a><\/p>\n<p>Werfe sie bis am 23. Juni 2024 in unseren Briefkasten (Jungwacht Littau, Gasshofstr. 2, 6014 Luzern).<\/div>\n<div class=\"su-tabs-pane su-u-clearfix su-u-trim\" data-title=\"Eckdaten\">Unser Sommerlager findet vom Montag <strong>8.<\/strong> bis Samstag <strong>20.07.2024 <\/strong>in der Gemeinde Seeberg im Verwaltungskreis Oberaargau des Kanton Bern statt.<\/div>\n<div class=\"su-tabs-pane su-u-clearfix su-u-trim\" data-title=\"Mitmachen\"><strong>Jeder Knabe ab der 2. Klasse darf mitkommen.<\/strong> Man muss nicht in der Jungwacht sein, um mit ins Lager zu kommen.<\/div>\n<div class=\"su-tabs-pane su-u-clearfix su-u-trim\" data-title=\"Elternabend\">Am 5. Juni um 19.30 Uhr wird ein Informationsabend f\u00fcr die Eltern im Jungwachtheim stattfinden. Dieser Abend wird besonders empfohlen, wenn das Kind zum ersten Mal ein Sommerlager bei uns besucht. Seid ihr noch unentschlossen? Kommt vorbei . Wir helfen gerne weiter.<\/div>\n<div class=\"su-tabs-pane su-u-clearfix su-u-trim\" data-title=\"Sommerlager - was ist das?\">Die Jungwacht Littau verbringt jedes Jahr zwei unvergessliche Wochen zu Beginn der Sommerferien. Auf einem Lagerplatz mit gro\u00dfartigen Bauten werden wir zelten und diverse Aktivit\u00e4ten wie Spielturniere, Gel\u00e4ndespiele und Ateliers machen.<\/p>\n<p>Meistens gibt es am Morgen, Nachmittag und am Abend ein obligatorisches Programm \u00e0 2 \u2013 3 Stunden. Wir legen Wert auf ein abwechslungsreiches Programm und machen verschiedene Sportarten, so dass f\u00fcr jeden was dabei ist. Manchmal sitzen wir am Abend zusammen am w\u00e4rmenden Lagerfeuer und singen Lieder. Auch w\u00e4hrend der Freizeit k\u00f6nnen die Kinder zusammen mit Leitungspersonen spielen, werken und eigene Projekte umsetzen (z.B. Bauten versch\u00f6nern, eigenes Schuhregal bauen\u2026).<\/p>\n<p>F\u00fcr drei Tage verlassen wir in kleineren Gruppen den Lagerplatz und gehen z.B. wandern. Dabei gibt es jeweils ein Highlight wie z.B. eine Badi oder ein Seilpark.<\/p>\n<p>\u00dcber das ganze Lager hinweg gibt es eine Geschichte (Motto), welche jedes Lager einzigartig macht. Das Motto wird ins Lagerprogramm integriert und es gibt jeweils einen speziellen Mottobau (z.B. Leuchtturm bei Fisherman\u2019s Friend).<\/p>\n<p>Neben einem Fr\u00fchst\u00fcck, Mittag- und Abendessen (meist zwei warme Mahlzeiten pro Tag) gibt es auch leckere Zwischenverpflegungen wie z.B. Wassermelonen an einem warmen Nachmittag.<\/p>\n<p>Unter der Leitung von jungen Erwachsenen und Jugendlichen so wie unserem Pr\u00e4ses ist f\u00fcr viel Spass, Freude und unvergessliche Momente gesorgt!<\/p>\n<p>Unterst\u00fctzt werden wir dabei unteranderem durch Jugend+Sport (J+S). Ein Coach von J+S kontrolliert unser Lagerprogramm und die Leitungspersonen absolvieren spezielle Ausbildungskurse, so dass jederzeit f\u00fcr eine angemessene Sicherheit gesorgt ist.<\/div>\n<div class=\"su-tabs-pane su-u-clearfix su-u-trim\" data-title=\"Kosten\">Der Lagerbeitrag betr\u00e4gt <strong>260 Franken<\/strong>. Falls mehrere Kinder derselben Familie das Sommerlager besuchen (auch beim Blauring), reduziert sich der Beitrag auf je 240 Franken.<\/p>\n<p>Dabei sein auch mit wenig Geld: Wir sind Partner der <strong>KulturLegi<\/strong>, somit erhalten Kinder und Jugendlichen, die im Besitz der KulturLegi sind, <strong>70% Rabatt. <\/strong>=&gt; <a href=\"http:\/\/www.jubla.ch\/kulturlegi\">weitere Infos<\/a> und bei Fragen steht die Lagerleitung gerne zur Verf\u00fcgung.<\/p>\n<p>Solltet ihr trotzdem die Lagerkosten nicht aufbringen k\u00f6nnen, meldet euch bitte beim <strong>Pr\u00e4ses Res Wyler<\/strong> (079\u2018530\u201813\u201995).<\/div>\n<div class=\"su-tabs-pane su-u-clearfix su-u-trim\" data-title=\"Motto\">Unser diesj\u00e4hriges Motto ist Zur\u00fcck in die Zukunft, gemeinsam tauchen wir in die verschiedenen Sommerlager der letzten Jahre ein.<\/p>\n<p>Weitere Informationen dazu findest du im <a href=\"https:\/\/www.jwl.ch\/wp-content\/uploads\/2024\/04\/Info-1-Sola-2024.pdf\">Info 1<\/a>.<\/div>\n<div class=\"su-tabs-pane su-u-clearfix su-u-trim\" data-title=\"Fragen\">Wenn ihr noch Fragen habt, so k\u00f6nnt ihr diese am Infoabend stellen oder gerne auch direkt bei der Lagerleitung:<\/p>\n<p><a href=\"mailto:amreinleon@gmail.com\">Leon Amrein<\/a> 076 446 04 73<\/p>\n<p><a href=\"mailto:christof.meyer@bluewin.ch\">Elia Colpi<\/a> 079 711 96 83<\/div>\n<div class=\"su-tabs-pane su-u-clearfix su-u-trim\" data-title=\"Vortrupp - f\u00fcr Ehemalige\">Jedes Jahr werden wir beim Lageraufbau durch ehemalige Leitungspersonen unterst\u00fctzt. Entsprechend sind wir f\u00fcr jede Hilfe dankbar:<\/p>\n<p>Im Eiltempo geht es auch dieses Jahr auf das n\u00e4chste Sommerlager zu. Deshalb m\u00f6chten wir euch wieder um eure tatkr\u00e4ftige Unterst\u00fctzung w\u00e4hrend dem Vortrupp bitten. Dieses Jahr findet der Vortrupp vom 4. Juli bis 7. Juli statt. Daf\u00fcr findet ihr durch <a href=\"https:\/\/forms.gle\/dnLEzWi91H8hykfZ9\">folgenden Link die Anmeldung \u00fcber Google Forms<\/a> (Teilnahme?, Auto?, Baustelle?) und k\u00f6nnt dort auch das braune Fleece\/Shirt f\u00fcr den Vortrupp bestellen. Dieses Jahr findet das Lager auf einem etwas anderen, im Flachland liegenden Lagerplatz in Neuhaus, Gemeinde Seeberg im Verwaltungskreis Oberaargau des Kantons Bern statt. Gerne d\u00fcrft ihr dieses Mail auch in weitere Verteiler der Ehemaligenvereine schicken, falls hier ein paar Adressen vergessen gingen. Wir freuen uns \u00fcber jede Hilfe!<\/div><\/div><\/div>\n<p>&nbsp;<\/p>\n<p>Neugierig? Hier haben wir einen kurzen Zusammenschnitt aus einem Sommerlager, so kannst du dir ein Bild davon machen:<\/p>\n<div class=\"su-youtube su-u-responsive-media-yes\"><iframe loading=\"lazy\" width=\"800\" height=\"400\" src=\"https:\/\/www.youtube.com\/embed\/r5O5oLXEoRM?\" frameborder=\"0\" allowfullscreen allow=\"autoplay; encrypted-media; picture-in-picture\" title=\"\"><\/iframe><\/div>\n","protected":false},"excerpt":{"rendered":"<p>News aus dem Lager Lageradresse Die Kinder freuen sich meist \u00fcber einen Brief von den Eltern, Verwandten und Freunden. Unsere Lageradresse lautet wie folgt: Stefan Weber z.H. Jungwacht Littau Vorname &#8230; <a title=\"SOLA 24, Montag 08.07.2024\" class=\"read-more\" href=\"https:\/\/www.jwl.ch\/?p=120692\" aria-label=\"Mehr Informationen \u00fcber SOLA 24, Montag 08.07.2024\">Weiterlesen<\/a><\/p>\n","protected":false},"author":3,"featured_media":0,"parent":594,"menu_order":0,"comment_status":"closed","ping_status":"closed","template":"","meta":{"footnotes":""},"class_list":["post-120602","page","type-page","status-publish","hentry"],"aioseo_notices":[],"_links":{"self":[{"href":"https:\/\/www.jwl.ch\/index.php?rest_route=\/wp\/v2\/pages\/120602","targetHints":{"allow":["GET"]}}],"collection":[{"href":"https:\/\/www.jwl.ch\/index.php?rest_route=\/wp\/v2\/pages"}],"about":[{"href":"https:\/\/www.jwl.ch\/index.php?rest_route=\/wp\/v2\/types\/page"}],"author":[{"embeddable":true,"href":"https:\/\/www.jwl.ch\/index.php?rest_route=\/wp\/v2\/users\/3"}],"replies":[{"embeddable":true,"href":"https:\/\/www.jwl.ch\/index.php?rest_route=%2Fwp%2Fv2%2Fcomments&post=120602"}],"version-history":[{"count":13,"href":"https:\/\/www.jwl.ch\/index.php?rest_route=\/wp\/v2\/pages\/120602\/revisions"}],"predecessor-version":[{"id":120634,"href":"https:\/\/www.jwl.ch\/index.php?rest_route=\/wp\/v2\/pages\/120602\/revisions\/120634"}],"up":[{"embeddable":true,"href":"https:\/\/www.jwl.ch\/index.php?rest_route=\/wp\/v2\/pages\/594"}],"wp:attachment":[{"href":"https:\/\/www.jwl.ch\/index.php?rest_route=%2Fwp%2Fv2%2Fmedia&parent=120602"}],"curies":[{"name":"wp","href":"https:\/\/api.w.org\/{rel}","templated":true}]}}