{"id":120507,"date":"2024-02-16T12:38:05","date_gmt":"2024-02-16T11:38:05","guid":{"rendered":"https:\/\/www.jwl.ch\/?page_id=120507"},"modified":"2024-05-06T11:39:47","modified_gmt":"2024-05-06T09:39:47","slug":"auffahrtslager-2024","status":"publish","type":"page","link":"https:\/\/www.jwl.ch\/?page_id=120507","title":{"rendered":"Auffahrtslager 2024"},"content":{"rendered":"<h2>News aus dem Lager<\/h2>\n\n\n<div class=\"su-posts su-posts-default-loop \">\n\n\t\n\t\t\t\t\t\n\t\t\t\n\t\t\t<div id=\"su-post-120645\" class=\"su-post \">\n\n\t\t\t\t\n\t\t\t\t<h2 class=\"su-post-title\"><a href=\"https:\/\/www.jwl.ch\/?p=120645\">Ufla 24, Donnerstag 09.05.2024<\/a><\/h2>\n\n\t\t\t\t<div class=\"su-post-meta\">\n\t\t\t\t\tVer\u00f6ffentlicht: 12. Mai 2024\t\t\t\t<\/div>\n\n\t\t\t\t<div class=\"su-post-excerpt\">\n\t\t\t\t\t<p>Der erste Tag war ein voller Erfolg. Die Carfahrt verlief dank unserem super Chauffeur reibungslos und ohne Zwischenf\u00e4lle. Nachdem wir unseren mitgebrachten Lunch genossen haben, konnten wir unsere Zimmer beziehen. &#8230; <a title=\"Ufla 24, Donnerstag 09.05.2024\" class=\"read-more\" href=\"https:\/\/www.jwl.ch\/?p=120645\" aria-label=\"Mehr Informationen \u00fcber Ufla 24, Donnerstag 09.05.2024\">Weiterlesen<\/a><\/p>\n\t\t\t\t<\/div>\n\n\t\t\t\t\n\t\t\t<\/div>\n\n\t\t\t\t\t\n\t\t\t\n\t\t\t<div id=\"su-post-120647\" class=\"su-post \">\n\n\t\t\t\t\n\t\t\t\t<h2 class=\"su-post-title\"><a href=\"https:\/\/www.jwl.ch\/?p=120647\">Ufla 24, Samstag 11.05.2024<\/a><\/h2>\n\n\t\t\t\t<div class=\"su-post-meta\">\n\t\t\t\t\tVer\u00f6ffentlicht: 12. Mai 2024\t\t\t\t<\/div>\n\n\t\t\t\t<div class=\"su-post-excerpt\">\n\t\t\t\t\t<p>Das Lager neigt sich nun langsam dem Ende zu. Wir durften bei warmem Wetter auf der M\u00f6rlialp eine sch\u00f6ne Zeit geniessen. \u2600\ufe0f Gestern Nachmittag bauten die j\u00fcngeren Gruppen Moosh\u00fctten im &#8230; <a title=\"Ufla 24, Samstag 11.05.2024\" class=\"read-more\" href=\"https:\/\/www.jwl.ch\/?p=120647\" aria-label=\"Mehr Informationen \u00fcber Ufla 24, Samstag 11.05.2024\">Weiterlesen<\/a><\/p>\n\t\t\t\t<\/div>\n\n\t\t\t\t\n\t\t\t<\/div>\n\n\t\t\n\t\n<\/div>\n\n<h2>Alles wichtige zum Auffahrtslager<\/h2>\n<p><strong>Alle Betten im Lagerhaus sind gef\u00fcllt, somit gibt es keine freien Pl\u00e4tze mehr!<\/strong><\/p>\n<div class=\"su-tabs su-tabs-style-default su-tabs-mobile-stack su-tabs-vertical\" data-active=\"1\" data-scroll-offset=\"0\" data-anchor-in-url=\"no\"><div class=\"su-tabs-nav\"><span class=\"\" data-url=\"\" data-target=\"blank\" tabindex=\"0\" role=\"button\">Anmelden<\/span><span class=\"\" data-url=\"\" data-target=\"blank\" tabindex=\"0\" role=\"button\">Eckdaten<\/span><span class=\"\" data-url=\"\" data-target=\"blank\" tabindex=\"0\" role=\"button\">Auffahrtslager - Was ist das?<\/span><span class=\"\" data-url=\"\" data-target=\"blank\" tabindex=\"0\" role=\"button\">Kontakt<\/span><span class=\"\" data-url=\"\" data-target=\"blank\" tabindex=\"0\" role=\"button\">Mitmachen<\/span><span class=\"\" data-url=\"\" data-target=\"blank\" tabindex=\"0\" role=\"button\">Kosten<\/span><\/div><div class=\"su-tabs-panes\"><div class=\"su-tabs-pane su-u-clearfix su-u-trim\" data-title=\"Anmelden\">Alle Betten im Lagerhaus sind gef\u00fcllt, somit gibt es keine freien Pl\u00e4tze mehr!<\/div>\n<div class=\"su-tabs-pane su-u-clearfix su-u-trim\" data-title=\"Eckdaten\">Unser Auffahrtslager findet vom Donnerstag <strong>9.<\/strong> bis Sonntag <strong>12. Mai 2024 <\/strong>auf der M\u00f6rlialp OW statt.<\/div>\n<div class=\"su-tabs-pane su-u-clearfix su-u-trim\" data-title=\"Auffahrtslager - Was ist das?\">Gemeinsam mit dem Blauring Littau verbringen wir das verl\u00e4ngerte Auffahrts-Wochenende in einem grossen Lagerhaus auf der M\u00f6rlialp. Dabei gibt es jeweils am Morgen, Nachmittag und Abend ein unterhaltsames und spannendes Programm \u00e0 jeweils 2-3h. Dies kann ein Spielturnier, Orientierungslauf, Basteln, Gel\u00e4ndespiel, Gruppenstunde, Spieleabend und vieles mehr sein.<\/p>\n<p>Min. 2 Stunden, oft auch 4 Stunden pro Tag sind sportliche Aktivit\u00e4ten, da es sich um ein Jugend+Sport (Kurz J+S) Lager handelt. Dies hat der Vorteil, dass wir finanziell und materiell vom BASPO unterst\u00fctzt werden. Zudem besuchen die Leitenden Ausbildungskurse von J+S und ein Coach kontrolliert unsere Aktivit\u00e4ten mit besonderem Fokus auf die Sicherheit.<\/p>\n<p>Dazwischen gibt es jede Menge Freizeit, in welcher die Kinder auch verschiedenste Aktivit\u00e4ten im und ums Lagerhaus machen d\u00fcrfen. Die Kinder schlafen jeweils mit gleichaltrigen in einem grossen Raum zusammen.<\/p>\n<p>W\u00e4hrend dem Lager gibt es eine K\u00fcchenteam, welches jeweils f\u00fcr ein Fr\u00fchst\u00fcck und zwei warme Mahlzeiten (Mittag- und Abendessen) sowie f\u00fcr Zwischenverpflegungen und ein Dessert am Abend sorgt.<\/p>\n<p>Hierbei handelt es sich um ein Teil von unserem 90 Jahre Jubil\u00e4um, entsprechend ist es eine einmalige Sache. Umso mehr lohnt es sich, diese Chance zu packen. Die Aktivit\u00e4ten werden \u00e4hnlich wie die von unserem Winter- und Sommerlager sein. Gerne kannst du dir unter R\u00fcckblicke oder Lager Fotos und Texte zu vergangenen Lager anschauen, um dir ein besseres Bild zu machen.<\/p>\n<p>Da es nur vier Tage dauert, lohnt es sich v.a. f\u00fcr Kinder, welche noch nicht eine\/zwei Wochen in ein Lager gehen m\u00f6chten. Es ist somit ein guter Einstieg in die Lagerwelt.<\/p>\n<\/div>\n<div class=\"su-tabs-pane su-u-clearfix su-u-trim\" data-title=\"Kontakt\">Bei Fragen steht die Lagerleitung gerne zur Verf\u00fcgung:<\/p>\n<p>Ella Amrein<br \/>\n076 244 36 32<br \/>\nella.amrein.07@gmail.com<\/p>\n<p>Jonas Hofstetter<br \/>\n079 173 87 97<br \/>\nJonas_Hofstetter@sluz.ch<\/p>\n<p>Cyrill Hefti<br \/>\n079 348 46 65<br \/>\nhefti.cyrill@gmail.com<\/p>\n<\/div>\n<div class=\"su-tabs-pane su-u-clearfix su-u-trim\" data-title=\"Mitmachen\"><strong>Jede*r ab der 1. Klasse darf mitkommen.<\/strong> Man muss nicht in der Jungwacht\/im Blauring sein, um mit ins Lager zu kommen.<\/div>\n<div class=\"su-tabs-pane su-u-clearfix su-u-trim\" data-title=\"Kosten\">Der Lagerbeitrag betr\u00e4gt <strong>100 Franken<\/strong>.<\/p>\n<p>Dabei sein auch mit wenig Geld: Wir sind Partner der <strong>KulturLegi<\/strong>, somit erhalten Kinder und Jugendlichen, die im Besitz der KulturLegi sind, <strong>70% Rabatt<\/strong> =&gt; <a href=\"http:\/\/www.jubla.ch\/kulturlegi\">weitere Infos<\/a><\/p>\n<p>Solltet ihr trotzdem die Lagerkosten nicht aufbringen k\u00f6nnen, meldet euch bitte beim <strong>Pr\u00e4ses Res Wyler<\/strong> (079\u2018530\u201813\u201995).<\/div><\/div><\/div>\n","protected":false},"excerpt":{"rendered":"<p>News aus dem Lager Alles wichtige zum Auffahrtslager Alle Betten im Lagerhaus sind gef\u00fcllt, somit gibt es keine freien Pl\u00e4tze mehr!<\/p>\n","protected":false},"author":3,"featured_media":0,"parent":0,"menu_order":0,"comment_status":"closed","ping_status":"closed","template":"","meta":{"footnotes":""},"class_list":["post-120507","page","type-page","status-publish","hentry"],"aioseo_notices":[],"_links":{"self":[{"href":"https:\/\/www.jwl.ch\/index.php?rest_route=\/wp\/v2\/pages\/120507","targetHints":{"allow":["GET"]}}],"collection":[{"href":"https:\/\/www.jwl.ch\/index.php?rest_route=\/wp\/v2\/pages"}],"about":[{"href":"https:\/\/www.jwl.ch\/index.php?rest_route=\/wp\/v2\/types\/page"}],"author":[{"embeddable":true,"href":"https:\/\/www.jwl.ch\/index.php?rest_route=\/wp\/v2\/users\/3"}],"replies":[{"embeddable":true,"href":"https:\/\/www.jwl.ch\/index.php?rest_route=%2Fwp%2Fv2%2Fcomments&post=120507"}],"version-history":[{"count":7,"href":"https:\/\/www.jwl.ch\/index.php?rest_route=\/wp\/v2\/pages\/120507\/revisions"}],"predecessor-version":[{"id":120644,"href":"https:\/\/www.jwl.ch\/index.php?rest_route=\/wp\/v2\/pages\/120507\/revisions\/120644"}],"wp:attachment":[{"href":"https:\/\/www.jwl.ch\/index.php?rest_route=%2Fwp%2Fv2%2Fmedia&parent=120507"}],"curies":[{"name":"wp","href":"https:\/\/api.w.org\/{rel}","templated":true}]}}