{"id":120496,"date":"2024-02-15T22:00:02","date_gmt":"2024-02-15T21:00:02","guid":{"rendered":"https:\/\/www.jwl.ch\/?page_id=120496"},"modified":"2025-03-10T15:26:55","modified_gmt":"2025-03-10T14:26:55","slug":"rueckblicke-2024","status":"publish","type":"page","link":"https:\/\/www.jwl.ch\/?page_id=120496","title":{"rendered":"R\u00fcckblicke 2024"},"content":{"rendered":"<h2><span style=\"color: #999999;\"><a style=\"color: #999999;\" href=\"https:\/\/www.jwl.ch\/?page_id=120401\">Winterlager 2024<\/a><\/span><\/h2>\n<h2><span style=\"color: #999999;\"><a style=\"color: #999999;\" href=\"https:\/\/www.jwl.ch\/?page_id=120507\">Auffahrtslager 2024<\/a><\/span><\/h2>\n<h2><a href=\"https:\/\/www.jwl.ch\/?page_id=120602\">Sommerlager 2024<\/a><\/h2>\n<h2><a href=\"https:\/\/www.jwl.ch\/?page_id=120763\">Jublachilbi 2024<\/a><\/h2>\n<h2><a href=\"https:\/\/www.jwl.ch\/?page_id=120422\">Jubil\u00e4um 90 Jahre JWL<\/a><\/h2>\n\n\n<div class=\"su-posts su-posts-default-loop \">\n\n\t\n\t\t\t\t\t\n\t\t\t\n\t\t\t<div id=\"su-post-120484\" class=\"su-post \">\n\n\t\t\t\t\n\t\t\t\t<h2 class=\"su-post-title\"><a href=\"https:\/\/www.jwl.ch\/?p=120484\">R\u00fcckblick Fasnachtsanlass 2024<\/a><\/h2>\n\n\t\t\t\t<div class=\"su-post-meta\">\n\t\t\t\t\tVer\u00f6ffentlicht: 15. Februar 2024\t\t\t\t<\/div>\n\n\t\t\t\t<div class=\"su-post-excerpt\">\n\t\t\t\t\t<p>Am Samstag, dem 13. Januar ist es uns dank eurer Mithilfe gelungen gen\u00fcgend Geld zu sammeln, um unsere Fastnachtskost\u00fcme von den R\u00e4ubern zur\u00fcckzukaufen. Am anschliessenden Fasnachtsball gab es leckere Pizza &#8230; <a title=\"R\u00fcckblick Fasnachtsanlass 2024\" class=\"read-more\" href=\"https:\/\/www.jwl.ch\/?p=120484\" aria-label=\"Mehr Informationen \u00fcber R\u00fcckblick Fasnachtsanlass 2024\">Weiterlesen<\/a><\/p>\n\t\t\t\t<\/div>\n\n\t\t\t\t\n\t\t\t<\/div>\n\n\t\t\t\t\t\n\t\t\t\n\t\t\t<div id=\"su-post-120619\" class=\"su-post \">\n\n\t\t\t\t\n\t\t\t\t<h2 class=\"su-post-title\"><a href=\"https:\/\/www.jwl.ch\/?p=120619\">R\u00fcckblick Funsportnight 2024<\/a><\/h2>\n\n\t\t\t\t<div class=\"su-post-meta\">\n\t\t\t\t\tVer\u00f6ffentlicht: 18. April 2024\t\t\t\t<\/div>\n\n\t\t\t\t<div class=\"su-post-excerpt\">\n\t\t\t\t\t<p>Unsere diesj\u00e4hrige Funsportnight\u00a0hat am 16. M\u00e4rz statt gefunden. Mit ganz viel neuen und bekannten Kinder hatten wir einen sportlichen und lustigen Abend zusammen in der Turnhalle Littau Dorf. Alle haben &#8230; <a title=\"R\u00fcckblick Funsportnight 2024\" class=\"read-more\" href=\"https:\/\/www.jwl.ch\/?p=120619\" aria-label=\"Mehr Informationen \u00fcber R\u00fcckblick Funsportnight 2024\">Weiterlesen<\/a><\/p>\n\t\t\t\t<\/div>\n\n\t\t\t\t\n\t\t\t<\/div>\n\n\t\t\t\t\t\n\t\t\t\n\t\t\t<div id=\"su-post-120919\" class=\"su-post \">\n\n\t\t\t\t\n\t\t\t\t<h2 class=\"su-post-title\"><a href=\"https:\/\/www.jwl.ch\/?p=120919\">R\u00fcckblick Kerzenziehen 2024<\/a><\/h2>\n\n\t\t\t\t<div class=\"su-post-meta\">\n\t\t\t\t\tVer\u00f6ffentlicht: 20. Dezember 2024\t\t\t\t<\/div>\n\n\t\t\t\t<div class=\"su-post-excerpt\">\n\t\t\t\t\t<p>Auch dieses Jahr war das Kerzenziehen der Jungwacht Littau ein voller Erfolg! W\u00e4hrend mehreren Tagen konnten Kinder, Familien und kreative K\u00f6pfe ihre eigenen, einzigartigen Kerzen gestalten. In gem\u00fctlicher Atmosph\u00e4re wurde &#8230; <a title=\"R\u00fcckblick Kerzenziehen 2024\" class=\"read-more\" href=\"https:\/\/www.jwl.ch\/?p=120919\" aria-label=\"Mehr Informationen \u00fcber R\u00fcckblick Kerzenziehen 2024\">Weiterlesen<\/a><\/p>\n\t\t\t\t<\/div>\n\n\t\t\t\t\n\t\t\t<\/div>\n\n\t\t\n\t\n<\/div>\n\n","protected":false},"excerpt":{"rendered":"<p>Winterlager 2024 Auffahrtslager 2024 Sommerlager 2024 Jublachilbi 2024 Jubil\u00e4um 90 Jahre JWL<\/p>\n","protected":false},"author":3,"featured_media":0,"parent":3786,"menu_order":0,"comment_status":"closed","ping_status":"closed","template":"","meta":{"footnotes":""},"class_list":["post-120496","page","type-page","status-publish","hentry"],"aioseo_notices":[],"_links":{"self":[{"href":"https:\/\/www.jwl.ch\/index.php?rest_route=\/wp\/v2\/pages\/120496","targetHints":{"allow":["GET"]}}],"collection":[{"href":"https:\/\/www.jwl.ch\/index.php?rest_route=\/wp\/v2\/pages"}],"about":[{"href":"https:\/\/www.jwl.ch\/index.php?rest_route=\/wp\/v2\/types\/page"}],"author":[{"embeddable":true,"href":"https:\/\/www.jwl.ch\/index.php?rest_route=\/wp\/v2\/users\/3"}],"replies":[{"embeddable":true,"href":"https:\/\/www.jwl.ch\/index.php?rest_route=%2Fwp%2Fv2%2Fcomments&post=120496"}],"version-history":[{"count":7,"href":"https:\/\/www.jwl.ch\/index.php?rest_route=\/wp\/v2\/pages\/120496\/revisions"}],"predecessor-version":[{"id":120913,"href":"https:\/\/www.jwl.ch\/index.php?rest_route=\/wp\/v2\/pages\/120496\/revisions\/120913"}],"up":[{"embeddable":true,"href":"https:\/\/www.jwl.ch\/index.php?rest_route=\/wp\/v2\/pages\/3786"}],"wp:attachment":[{"href":"https:\/\/www.jwl.ch\/index.php?rest_route=%2Fwp%2Fv2%2Fmedia&parent=120496"}],"curies":[{"name":"wp","href":"https:\/\/api.w.org\/{rel}","templated":true}]}}