{"id":120219,"date":"2023-05-04T07:46:47","date_gmt":"2023-05-04T05:46:47","guid":{"rendered":"https:\/\/www.jwl.ch\/?page_id=120219"},"modified":"2024-03-16T08:48:24","modified_gmt":"2024-03-16T07:48:24","slug":"sommerlager-2023","status":"publish","type":"page","link":"https:\/\/www.jwl.ch\/?page_id=120219","title":{"rendered":"Sola 2023"},"content":{"rendered":"<h2>News aus dem Lager<\/h2>\n\n\n<div class=\"su-posts su-posts-default-loop \">\n\n\t\n\t\t\t\t\t\n\t\t\t\n\t\t\t<div id=\"su-post-120242\" class=\"su-post \">\n\n\t\t\t\t\n\t\t\t\t<h2 class=\"su-post-title\"><a href=\"https:\/\/www.jwl.ch\/?p=120242\">Montag, 10.07.2023<\/a><\/h2>\n\n\t\t\t\t<div class=\"su-post-meta\">\n\t\t\t\t\tVer\u00f6ffentlicht: 10. Juli 2023\t\t\t\t<\/div>\n\n\t\t\t\t<div class=\"su-post-excerpt\">\n\t\t\t\t\t<p>Am Gleis 9 \u00be wartete der Hogwarts-Express, welcher uns Zauberlehrlinge und Professoren zu unserem Lagerplatz brachte. Vor Ort wurde es schon einmal spannend f\u00fcr die angehenden Zauberer: In welches Haus &#8230; <a title=\"Montag, 10.07.2023\" class=\"read-more\" href=\"https:\/\/www.jwl.ch\/?p=120242\" aria-label=\"Mehr Informationen \u00fcber Montag, 10.07.2023\">Weiterlesen<\/a><\/p>\n\t\t\t\t<\/div>\n\n\t\t\t\t\n\t\t\t<\/div>\n\n\t\t\t\t\t\n\t\t\t\n\t\t\t<div id=\"su-post-120251\" class=\"su-post \">\n\n\t\t\t\t\n\t\t\t\t<h2 class=\"su-post-title\"><a href=\"https:\/\/www.jwl.ch\/?p=120251\">Dienstag, 11.07.2023<\/a><\/h2>\n\n\t\t\t\t<div class=\"su-post-meta\">\n\t\t\t\t\tVer\u00f6ffentlicht: 11. Juli 2023\t\t\t\t<\/div>\n\n\t\t\t\t<div class=\"su-post-excerpt\">\n\t\t\t\t\t<p>Nach der ersten Nacht in Hogwarts ist bereits Unterricht angesagt. Mittels Zinngiessen, Schnitzen und Specksteinschleifen konnte jeder seinen eigenen Patronus oder Zauberstab erschaffen. Nat\u00fcrlich geh\u00f6rt auch das Erlernen des passenden &#8230; <a title=\"Dienstag, 11.07.2023\" class=\"read-more\" href=\"https:\/\/www.jwl.ch\/?p=120251\" aria-label=\"Mehr Informationen \u00fcber Dienstag, 11.07.2023\">Weiterlesen<\/a><\/p>\n\t\t\t\t<\/div>\n\n\t\t\t\t\n\t\t\t<\/div>\n\n\t\t\t\t\t\n\t\t\t\n\t\t\t<div id=\"su-post-120254\" class=\"su-post \">\n\n\t\t\t\t\n\t\t\t\t<h2 class=\"su-post-title\"><a href=\"https:\/\/www.jwl.ch\/?p=120254\">Mittwoch, 12.07.<\/a><\/h2>\n\n\t\t\t\t<div class=\"su-post-meta\">\n\t\t\t\t\tVer\u00f6ffentlicht: 12. Juli 2023\t\t\t\t<\/div>\n\n\t\t\t\t<div class=\"su-post-excerpt\">\n\t\t\t\t\t<p>Als w\u00e4re der Sturm nicht schon ein genug grosses Problem, so wachte Harry mit starken Schmerzen bei seiner Narbe auf. Zus\u00e4tzlich hatte er eine Vision von dem, dessen Namen man &#8230; <a title=\"Mittwoch, 12.07.\" class=\"read-more\" href=\"https:\/\/www.jwl.ch\/?p=120254\" aria-label=\"Mehr Informationen \u00fcber Mittwoch, 12.07.\">Weiterlesen<\/a><\/p>\n\t\t\t\t<\/div>\n\n\t\t\t\t\n\t\t\t<\/div>\n\n\t\t\t\t\t\n\t\t\t\n\t\t\t<div id=\"su-post-120262\" class=\"su-post \">\n\n\t\t\t\t\n\t\t\t\t<h2 class=\"su-post-title\"><a href=\"https:\/\/www.jwl.ch\/?p=120262\">Donnerstag, 13.07.<\/a><\/h2>\n\n\t\t\t\t<div class=\"su-post-meta\">\n\t\t\t\t\tVer\u00f6ffentlicht: 13. Juli 2023\t\t\t\t<\/div>\n\n\t\t\t\t<div class=\"su-post-excerpt\">\n\t\t\t\t\t<p>Hermine hat in der Bibliothek ein seltsames Buch gefunden. Wir bef\u00fcrchten, dass Voldemort den Horkruxse Zauber angewandt hat, um sich unbesiegbar zu machen. Jetzt machen sich die Zauberlehrlinge und die &#8230; <a title=\"Donnerstag, 13.07.\" class=\"read-more\" href=\"https:\/\/www.jwl.ch\/?p=120262\" aria-label=\"Mehr Informationen \u00fcber Donnerstag, 13.07.\">Weiterlesen<\/a><\/p>\n\t\t\t\t<\/div>\n\n\t\t\t\t\n\t\t\t<\/div>\n\n\t\t\t\t\t\n\t\t\t\n\t\t\t<div id=\"su-post-120270\" class=\"su-post \">\n\n\t\t\t\t\n\t\t\t\t<h2 class=\"su-post-title\"><a href=\"https:\/\/www.jwl.ch\/?p=120270\">Freitag, 14.07.2023<\/a><\/h2>\n\n\t\t\t\t<div class=\"su-post-meta\">\n\t\t\t\t\tVer\u00f6ffentlicht: 15. Juli 2023\t\t\t\t<\/div>\n\n\t\t\t\t<div class=\"su-post-excerpt\">\n\t\t\t\t\t<p>Uns ist es gelungen, drei Horkruxe zu finden, nun fehlen uns nur noch vier. Bei diesen m\u00fcssen wir aber noch herausfinden, wo sie von Voldemort versteckt wurden. Als kleine Belohnung &#8230; <a title=\"Freitag, 14.07.2023\" class=\"read-more\" href=\"https:\/\/www.jwl.ch\/?p=120270\" aria-label=\"Mehr Informationen \u00fcber Freitag, 14.07.2023\">Weiterlesen<\/a><\/p>\n\t\t\t\t<\/div>\n\n\t\t\t\t\n\t\t\t<\/div>\n\n\t\t\t\t\t\n\t\t\t\n\t\t\t<div id=\"su-post-120272\" class=\"su-post \">\n\n\t\t\t\t\n\t\t\t\t<h2 class=\"su-post-title\"><a href=\"https:\/\/www.jwl.ch\/?p=120272\">Samstag, 15.07.2023<\/a><\/h2>\n\n\t\t\t\t<div class=\"su-post-meta\">\n\t\t\t\t\tVer\u00f6ffentlicht: 15. Juli 2023\t\t\t\t<\/div>\n\n\t\t\t\t<div class=\"su-post-excerpt\">\n\t\t\t\t\t<p>Die Zauberlehrlinge und die Professoren sind heute alle wieder auf dem Lagerplatz eingetroffen und alle hatten nat\u00fcrlich den Horkruxs dabei, den sie gefunden haben. Nun stellt sich die Frage wie &#8230; <a title=\"Samstag, 15.07.2023\" class=\"read-more\" href=\"https:\/\/www.jwl.ch\/?p=120272\" aria-label=\"Mehr Informationen \u00fcber Samstag, 15.07.2023\">Weiterlesen<\/a><\/p>\n\t\t\t\t<\/div>\n\n\t\t\t\t\n\t\t\t<\/div>\n\n\t\t\t\t\t\n\t\t\t\n\t\t\t<div id=\"su-post-120279\" class=\"su-post \">\n\n\t\t\t\t\n\t\t\t\t<h2 class=\"su-post-title\"><a href=\"https:\/\/www.jwl.ch\/?p=120279\">Sonntag, 16.07.2023<\/a><\/h2>\n\n\t\t\t\t<div class=\"su-post-meta\">\n\t\t\t\t\tVer\u00f6ffentlicht: 16. Juli 2023\t\t\t\t<\/div>\n\n\t\t\t\t<div class=\"su-post-excerpt\">\n\t\t\t\t\t<p>Eine Lagerh\u00e4lfte ist bereits um. In den Sonntag starten wir etwas ausgeschlafen mit einem ausgiebigen Brunch. Anschliessend pflegen wir unter Anleitung von Hagrid die magischen Gesch\u00f6pfe, namentlich Hypogreif, Aragog, Growp &#8230; <a title=\"Sonntag, 16.07.2023\" class=\"read-more\" href=\"https:\/\/www.jwl.ch\/?p=120279\" aria-label=\"Mehr Informationen \u00fcber Sonntag, 16.07.2023\">Weiterlesen<\/a><\/p>\n\t\t\t\t<\/div>\n\n\t\t\t\t\n\t\t\t<\/div>\n\n\t\t\t\t\t\n\t\t\t\n\t\t\t<div id=\"su-post-120297\" class=\"su-post \">\n\n\t\t\t\t\n\t\t\t\t<h2 class=\"su-post-title\"><a href=\"https:\/\/www.jwl.ch\/?p=120297\">Montag, 17.07.2023<\/a><\/h2>\n\n\t\t\t\t<div class=\"su-post-meta\">\n\t\t\t\t\tVer\u00f6ffentlicht: 17. Juli 2023\t\t\t\t<\/div>\n\n\t\t\t\t<div class=\"su-post-excerpt\">\n\t\t\t\t\t<p>Heute morgen haben die Sch\u00fcler die Karte des Rumtreibers gefunden. Um die Karte zu entschl\u00fcsseln, haben die Professoren eine Lektion vorbereitet, um den Sch\u00fclern das Entziffern von Karten beizubringen. Als &#8230; <a title=\"Montag, 17.07.2023\" class=\"read-more\" href=\"https:\/\/www.jwl.ch\/?p=120297\" aria-label=\"Mehr Informationen \u00fcber Montag, 17.07.2023\">Weiterlesen<\/a><\/p>\n\t\t\t\t<\/div>\n\n\t\t\t\t\n\t\t\t<\/div>\n\n\t\t\t\t\t\n\t\t\t\n\t\t\t<div id=\"su-post-120306\" class=\"su-post \">\n\n\t\t\t\t\n\t\t\t\t<h2 class=\"su-post-title\"><a href=\"https:\/\/www.jwl.ch\/?p=120306\">Dienstag, 18.07.2023<\/a><\/h2>\n\n\t\t\t\t<div class=\"su-post-meta\">\n\t\t\t\t\tVer\u00f6ffentlicht: 18. Juli 2023\t\t\t\t<\/div>\n\n\t\t\t\t<div class=\"su-post-excerpt\">\n\t\t\t\t\t<p>Heute starteten wir mit einem gem\u00fctlichen Spielturnier. Ob bei Fussball, Volleyball, Chuckball oder Mutz, jeder hatte seinen Spass. Zum Mittag kamen die Professoren mit einem weiteren Horkrux zur\u00fcck. Um sie &#8230; <a title=\"Dienstag, 18.07.2023\" class=\"read-more\" href=\"https:\/\/www.jwl.ch\/?p=120306\" aria-label=\"Mehr Informationen \u00fcber Dienstag, 18.07.2023\">Weiterlesen<\/a><\/p>\n\t\t\t\t<\/div>\n\n\t\t\t\t\n\t\t\t<\/div>\n\n\t\t\t\t\t\n\t\t\t\n\t\t\t<div id=\"su-post-120308\" class=\"su-post \">\n\n\t\t\t\t\n\t\t\t\t<h2 class=\"su-post-title\"><a href=\"https:\/\/www.jwl.ch\/?p=120308\">Mittwoch, 19.07.2023<\/a><\/h2>\n\n\t\t\t\t<div class=\"su-post-meta\">\n\t\t\t\t\tVer\u00f6ffentlicht: 19. Juli 2023\t\t\t\t<\/div>\n\n\t\t\t\t<div class=\"su-post-excerpt\">\n\t\t\t\t\t<p>Als wir aufwachten und das von den Todessern zerst\u00f6rte Sarasani sahen, merkten wir, dass der Kampf von Gestern nur ein Traum gewesen war. Den Tag durch widmen wir uns ganz &#8230; <a title=\"Mittwoch, 19.07.2023\" class=\"read-more\" href=\"https:\/\/www.jwl.ch\/?p=120308\" aria-label=\"Mehr Informationen \u00fcber Mittwoch, 19.07.2023\">Weiterlesen<\/a><\/p>\n\t\t\t\t<\/div>\n\n\t\t\t\t\n\t\t\t<\/div>\n\n\t\t\t\t\t\n\t\t\t\n\t\t\t<div id=\"su-post-120310\" class=\"su-post \">\n\n\t\t\t\t\n\t\t\t\t<h2 class=\"su-post-title\"><a href=\"https:\/\/www.jwl.ch\/?p=120310\">Donnerstag, 20.07.2023<\/a><\/h2>\n\n\t\t\t\t<div class=\"su-post-meta\">\n\t\t\t\t\tVer\u00f6ffentlicht: 20. Juli 2023\t\t\t\t<\/div>\n\n\t\t\t\t<div class=\"su-post-excerpt\">\n\t\t\t\t\t<p>Da in der Nacht eine dunkle Gestalt, Voldemord, auftauchte, machten wir eine Fackelwanderung, um mit dem Protego-Zauber Hogwarts zu besch\u00fctzen. In den Tag starteten wir tanzend, um am Nachmittag mit &#8230; <a title=\"Donnerstag, 20.07.2023\" class=\"read-more\" href=\"https:\/\/www.jwl.ch\/?p=120310\" aria-label=\"Mehr Informationen \u00fcber Donnerstag, 20.07.2023\">Weiterlesen<\/a><\/p>\n\t\t\t\t<\/div>\n\n\t\t\t\t\n\t\t\t<\/div>\n\n\t\t\n\t\n<\/div>\n\n<p>&nbsp;<\/p>\n<p>&nbsp;<\/p>\n","protected":false},"excerpt":{"rendered":"<p>News aus dem Lager &nbsp; &nbsp;<\/p>\n","protected":false},"author":3,"featured_media":2401,"parent":594,"menu_order":0,"comment_status":"closed","ping_status":"closed","template":"","meta":{"footnotes":""},"class_list":["post-120219","page","type-page","status-publish","has-post-thumbnail","hentry"],"aioseo_notices":[],"_links":{"self":[{"href":"https:\/\/www.jwl.ch\/index.php?rest_route=\/wp\/v2\/pages\/120219","targetHints":{"allow":["GET"]}}],"collection":[{"href":"https:\/\/www.jwl.ch\/index.php?rest_route=\/wp\/v2\/pages"}],"about":[{"href":"https:\/\/www.jwl.ch\/index.php?rest_route=\/wp\/v2\/types\/page"}],"author":[{"embeddable":true,"href":"https:\/\/www.jwl.ch\/index.php?rest_route=\/wp\/v2\/users\/3"}],"replies":[{"embeddable":true,"href":"https:\/\/www.jwl.ch\/index.php?rest_route=%2Fwp%2Fv2%2Fcomments&post=120219"}],"version-history":[{"count":9,"href":"https:\/\/www.jwl.ch\/index.php?rest_route=\/wp\/v2\/pages\/120219\/revisions"}],"predecessor-version":[{"id":120605,"href":"https:\/\/www.jwl.ch\/index.php?rest_route=\/wp\/v2\/pages\/120219\/revisions\/120605"}],"up":[{"embeddable":true,"href":"https:\/\/www.jwl.ch\/index.php?rest_route=\/wp\/v2\/pages\/594"}],"wp:featuredmedia":[{"embeddable":true,"href":"https:\/\/www.jwl.ch\/index.php?rest_route=\/wp\/v2\/media\/2401"}],"wp:attachment":[{"href":"https:\/\/www.jwl.ch\/index.php?rest_route=%2Fwp%2Fv2%2Fmedia&parent=120219"}],"curies":[{"name":"wp","href":"https:\/\/api.w.org\/{rel}","templated":true}]}}