{"id":120188,"date":"2023-03-24T12:23:47","date_gmt":"2023-03-24T11:23:47","guid":{"rendered":"https:\/\/www.jwl.ch\/?page_id=120188"},"modified":"2023-03-24T12:31:10","modified_gmt":"2023-03-24T11:31:10","slug":"wila-2023","status":"publish","type":"page","link":"https:\/\/www.jwl.ch\/?page_id=120188","title":{"rendered":"Wila 2023"},"content":{"rendered":"<p>Liebe Erben<\/p>\n<p>Mit gepackter Koffer und vollem Rucksack sind wir am Samstag, 11. Februar zusammengekommen, um mir und den Disney Charakteren zu beweisen, dass ihr w\u00fcrdig f\u00fcr mein Erbe seid. In dieser Woche habt ihr viel von meinen Disney Charakteren dazu gelernt. Unteranderem haben wir gelernt, wie man mit Seil und Blachen ein Zelt bauen kann und wie man sich auf einer Karte mit einem Kompass orientieren kann. Wir haben viele Spiele, wie Volley oder V\u00f6lki draussen im Schnee gespielt und gegeneinander gek\u00e4mpft in einem unserer traditionellen Fight-game. Am Ende habt ihr euch nochmal bewiesen vor mir, meiner Frau und Mickey Maus, um endg\u00fcltig herauszufinden wer oder ob jemand w\u00fcrdig f\u00fcr mein Erbe ist. Durch den Einsatz in den Challenges haben wir uns dazu entschieden, dass Ihr alle w\u00fcrdig f\u00fcr mein Erbe seid, und somit habe ich dieses auch so weitergegeben. Wir konnten alle zusammen nach einer tollen und spassigen Reise gl\u00fccklich nach Hause reisen und hatten ein wunderbares Lager.<\/p>\n<p>Euer Walt Disney<\/p>\n<p><img loading=\"lazy\" decoding=\"async\" class=\"alignnone wp-image-120190\" src=\"https:\/\/www.jwl.ch\/wp-content\/uploads\/2023\/03\/IMG_1838-1200x800.jpg\" alt=\"\" width=\"498\" height=\"332\" srcset=\"https:\/\/www.jwl.ch\/wp-content\/uploads\/2023\/03\/IMG_1838-1200x800.jpg 1200w, https:\/\/www.jwl.ch\/wp-content\/uploads\/2023\/03\/IMG_1838-1000x667.jpg 1000w, https:\/\/www.jwl.ch\/wp-content\/uploads\/2023\/03\/IMG_1838-768x512.jpg 768w, https:\/\/www.jwl.ch\/wp-content\/uploads\/2023\/03\/IMG_1838-1536x1024.jpg 1536w, https:\/\/www.jwl.ch\/wp-content\/uploads\/2023\/03\/IMG_1838-400x267.jpg 400w, https:\/\/www.jwl.ch\/wp-content\/uploads\/2023\/03\/IMG_1838.jpg 1920w\" sizes=\"auto, (max-width: 498px) 100vw, 498px\" \/> <img loading=\"lazy\" decoding=\"async\" class=\"alignnone wp-image-120191\" src=\"https:\/\/www.jwl.ch\/wp-content\/uploads\/2023\/03\/IMG_1895-1200x800.jpg\" alt=\"\" width=\"497\" height=\"331\" srcset=\"https:\/\/www.jwl.ch\/wp-content\/uploads\/2023\/03\/IMG_1895-1200x800.jpg 1200w, https:\/\/www.jwl.ch\/wp-content\/uploads\/2023\/03\/IMG_1895-1000x667.jpg 1000w, https:\/\/www.jwl.ch\/wp-content\/uploads\/2023\/03\/IMG_1895-768x512.jpg 768w, https:\/\/www.jwl.ch\/wp-content\/uploads\/2023\/03\/IMG_1895-1536x1024.jpg 1536w, https:\/\/www.jwl.ch\/wp-content\/uploads\/2023\/03\/IMG_1895-400x267.jpg 400w, https:\/\/www.jwl.ch\/wp-content\/uploads\/2023\/03\/IMG_1895.jpg 1920w\" sizes=\"auto, (max-width: 497px) 100vw, 497px\" \/> <img loading=\"lazy\" decoding=\"async\" class=\"alignnone wp-image-120192\" src=\"https:\/\/www.jwl.ch\/wp-content\/uploads\/2023\/03\/IMG_1911-1200x800.jpg\" alt=\"\" width=\"500\" height=\"333\" srcset=\"https:\/\/www.jwl.ch\/wp-content\/uploads\/2023\/03\/IMG_1911-1200x800.jpg 1200w, https:\/\/www.jwl.ch\/wp-content\/uploads\/2023\/03\/IMG_1911-1000x667.jpg 1000w, https:\/\/www.jwl.ch\/wp-content\/uploads\/2023\/03\/IMG_1911-768x512.jpg 768w, https:\/\/www.jwl.ch\/wp-content\/uploads\/2023\/03\/IMG_1911-1536x1024.jpg 1536w, https:\/\/www.jwl.ch\/wp-content\/uploads\/2023\/03\/IMG_1911-400x267.jpg 400w, https:\/\/www.jwl.ch\/wp-content\/uploads\/2023\/03\/IMG_1911.jpg 1920w\" sizes=\"auto, (max-width: 500px) 100vw, 500px\" \/> <img loading=\"lazy\" decoding=\"async\" class=\"alignnone wp-image-120193\" src=\"https:\/\/www.jwl.ch\/wp-content\/uploads\/2023\/03\/IMG_1820-1200x800.jpg\" alt=\"\" width=\"492\" height=\"328\" srcset=\"https:\/\/www.jwl.ch\/wp-content\/uploads\/2023\/03\/IMG_1820-1200x800.jpg 1200w, https:\/\/www.jwl.ch\/wp-content\/uploads\/2023\/03\/IMG_1820-1000x667.jpg 1000w, https:\/\/www.jwl.ch\/wp-content\/uploads\/2023\/03\/IMG_1820-768x512.jpg 768w, https:\/\/www.jwl.ch\/wp-content\/uploads\/2023\/03\/IMG_1820-1536x1024.jpg 1536w, https:\/\/www.jwl.ch\/wp-content\/uploads\/2023\/03\/IMG_1820-400x267.jpg 400w, https:\/\/www.jwl.ch\/wp-content\/uploads\/2023\/03\/IMG_1820.jpg 1920w\" sizes=\"auto, (max-width: 492px) 100vw, 492px\" \/><\/p>\n","protected":false},"excerpt":{"rendered":"<p>Liebe Erben Mit gepackter Koffer und vollem Rucksack sind wir am Samstag, 11. Februar zusammengekommen, um mir und den Disney Charakteren zu beweisen, dass ihr w\u00fcrdig f\u00fcr mein Erbe seid. &#8230; <a title=\"Wila 2023\" class=\"read-more\" href=\"https:\/\/www.jwl.ch\/?page_id=120188\" aria-label=\"Mehr Informationen \u00fcber Wila 2023\">Weiterlesen<\/a><\/p>\n","protected":false},"author":8,"featured_media":0,"parent":1648,"menu_order":0,"comment_status":"closed","ping_status":"closed","template":"","meta":{"footnotes":""},"class_list":["post-120188","page","type-page","status-publish"],"aioseo_notices":[],"_links":{"self":[{"href":"https:\/\/www.jwl.ch\/index.php?rest_route=\/wp\/v2\/pages\/120188","targetHints":{"allow":["GET"]}}],"collection":[{"href":"https:\/\/www.jwl.ch\/index.php?rest_route=\/wp\/v2\/pages"}],"about":[{"href":"https:\/\/www.jwl.ch\/index.php?rest_route=\/wp\/v2\/types\/page"}],"author":[{"embeddable":true,"href":"https:\/\/www.jwl.ch\/index.php?rest_route=\/wp\/v2\/users\/8"}],"replies":[{"embeddable":true,"href":"https:\/\/www.jwl.ch\/index.php?rest_route=%2Fwp%2Fv2%2Fcomments&post=120188"}],"version-history":[{"count":4,"href":"https:\/\/www.jwl.ch\/index.php?rest_route=\/wp\/v2\/pages\/120188\/revisions"}],"predecessor-version":[{"id":120196,"href":"https:\/\/www.jwl.ch\/index.php?rest_route=\/wp\/v2\/pages\/120188\/revisions\/120196"}],"up":[{"embeddable":true,"href":"https:\/\/www.jwl.ch\/index.php?rest_route=\/wp\/v2\/pages\/1648"}],"wp:attachment":[{"href":"https:\/\/www.jwl.ch\/index.php?rest_route=%2Fwp%2Fv2%2Fmedia&parent=120188"}],"curies":[{"name":"wp","href":"https:\/\/api.w.org\/{rel}","templated":true}]}}